{"id":5138,"date":"2025-12-08T17:38:17","date_gmt":"2025-12-08T09:38:17","guid":{"rendered":"https:\/\/www.purecook.com\/?post_type=product&#038;p=5138"},"modified":"2025-12-08T18:00:55","modified_gmt":"2025-12-08T10:00:55","slug":"bulk-stainless-steel-colander-wholesale","status":"publish","type":"product","link":"https:\/\/www.purecook.com\/de\/product\/bulk-stainless-steel-colander-wholesale\/","title":{"rendered":"Bulk Edelstahlsiebe, Obst- und Gem\u00fcsewaschschalen\u00a0"},"content":{"rendered":"<div class=\"wp-block-columns is-layout-flex wp-container-core-columns-is-layout-9d6595d7 wp-block-columns-is-layout-flex\">\n<div class=\"wp-block-column is-layout-flow wp-block-column-is-layout-flow\">\n<h3 class=\"wp-block-heading\">Parameter des Edelstahlsiebs<\/h3>\n\n\n\n<p><strong>Material:<\/strong> 304 Edelstahl<br><strong>Normale Dicke:<\/strong> 0,4\/0,6 mm<br><strong>Logo:<\/strong> Siebdruck\/Lasergravur<br><strong>Gr\u00f6\u00dfe: <\/strong>23\/26cm<br><strong>Gewicht:<\/strong> weniger als 500g<\/p>\n<\/div>\n\n\n\n<div class=\"wp-block-column is-layout-flow wp-block-column-is-layout-flow\">\n<h3 class=\"wp-block-heading\">Individuelle Kochgeschirr-Optionen<\/h3>\n\n\n\n<p><strong>Logo:<\/strong> Anpassbar mit Ihrem Markenlogo<br><strong>Verpackung:<\/strong>\u00a0Farbige Schachtel\/Karton, etc<\/p>\n<\/div>\n<\/div>\n\n\n\n<div class=\"wp-block-columns is-layout-flex wp-container-core-columns-is-layout-9d6595d7 wp-block-columns-is-layout-flex\">\n<div class=\"wp-block-column is-layout-flow wp-block-column-is-layout-flow\">\n<figure class=\"wp-block-image size-full\"><img decoding=\"async\" width=\"800\" height=\"800\" src=\"https:\/\/www.purecook.com\/wp-content\/uploads\/2025\/12\/bulk-stainless-steel-colander-3.webp\" alt=\"Sieb aus rostfreiem Stahl, lose (3)\" class=\"wp-image-5141\" srcset=\"https:\/\/www.purecook.com\/wp-content\/uploads\/2025\/12\/bulk-stainless-steel-colander-3.webp 800w, https:\/\/www.purecook.com\/wp-content\/uploads\/2025\/12\/bulk-stainless-steel-colander-3-300x300.webp 300w, https:\/\/www.purecook.com\/wp-content\/uploads\/2025\/12\/bulk-stainless-steel-colander-3-150x150.webp 150w, https:\/\/www.purecook.com\/wp-content\/uploads\/2025\/12\/bulk-stainless-steel-colander-3-768x768.webp 768w, https:\/\/www.purecook.com\/wp-content\/uploads\/2025\/12\/bulk-stainless-steel-colander-3-12x12.webp 12w, https:\/\/www.purecook.com\/wp-content\/uploads\/2025\/12\/bulk-stainless-steel-colander-3-600x600.webp 600w, https:\/\/www.purecook.com\/wp-content\/uploads\/2025\/12\/bulk-stainless-steel-colander-3-100x100.webp 100w\" sizes=\"(max-width: 800px) 100vw, 800px\" \/><\/figure>\n<\/div>\n\n\n\n<div class=\"wp-block-column is-layout-flow wp-block-column-is-layout-flow\">\n<figure class=\"wp-block-image size-full\"><img decoding=\"async\" width=\"800\" height=\"800\" src=\"https:\/\/www.purecook.com\/wp-content\/uploads\/2025\/12\/bulk-stainless-steel-colander-4.webp\" alt=\"loses Edelstahlsieb (4)\" class=\"wp-image-5142\" srcset=\"https:\/\/www.purecook.com\/wp-content\/uploads\/2025\/12\/bulk-stainless-steel-colander-4.webp 800w, https:\/\/www.purecook.com\/wp-content\/uploads\/2025\/12\/bulk-stainless-steel-colander-4-300x300.webp 300w, https:\/\/www.purecook.com\/wp-content\/uploads\/2025\/12\/bulk-stainless-steel-colander-4-150x150.webp 150w, https:\/\/www.purecook.com\/wp-content\/uploads\/2025\/12\/bulk-stainless-steel-colander-4-768x768.webp 768w, https:\/\/www.purecook.com\/wp-content\/uploads\/2025\/12\/bulk-stainless-steel-colander-4-12x12.webp 12w, https:\/\/www.purecook.com\/wp-content\/uploads\/2025\/12\/bulk-stainless-steel-colander-4-600x600.webp 600w, https:\/\/www.purecook.com\/wp-content\/uploads\/2025\/12\/bulk-stainless-steel-colander-4-100x100.webp 100w\" sizes=\"(max-width: 800px) 100vw, 800px\" \/><\/figure>\n<\/div>\n<\/div>\n\n\n\n<div class=\"wp-block-columns is-layout-flex wp-container-core-columns-is-layout-9d6595d7 wp-block-columns-is-layout-flex\">\n<div class=\"wp-block-column is-layout-flow wp-block-column-is-layout-flow\"><\/div>\n\n\n\n<div class=\"wp-block-column is-layout-flow wp-block-column-is-layout-flow\"><\/div>\n<\/div>","protected":false},"excerpt":{"rendered":"<p>Gro\u00dfhandel 304 Edelstahlsiebe. Unsere Gro\u00dfhandelssiebe sind f\u00fcr effizientes Waschen, Sp\u00fclen und Abtropfen konzipiert. Der einteilige perforierte Boden erm\u00f6glicht eine schnelle und gleichm\u00e4\u00dfige Entw\u00e4sserung und ist somit ideal zum Waschen von Obst, Gem\u00fcse und anderen Lebensmitteln.<\/p>\n<p>Als Fachmann <a href=\"https:\/\/www.purecook.com\/de\/\"><strong>K\u00fcchenartikelhersteller<\/strong><\/a>, bieten wir eine Vielzahl von <strong><a href=\"https:\/\/www.purecook.com\/de\/produktkategorie\/kitchen-utensils\/kitchen-strainer-and-colander\/\" target=\"_blank\" rel=\"noopener\">Gro\u00dfhandels-Siebmaschine<\/a><\/strong> Stile und unterst\u00fctzen Gro\u00dfbestellungen, OEM-Anpassungen, Eigenmarkenproduktion und kundenspezifische Verpackungen.<\/p>\n<h2>Eigenschaften des Edelstahlsiebs<\/h2>\n<p><strong>Hocheffizientes Entw\u00e4sserungssystem:<\/strong> Unser Gro\u00dfhandels-Edelstahlsieb verf\u00fcgt \u00fcber gleichm\u00e4\u00dfig verteilte Perforationen, die einen schnellen Wasserfluss f\u00fcr schnelleres und gr\u00fcndlicheres Sp\u00fclen gew\u00e4hrleisten und gleichzeitig Wasseransammlungen verhindern.<\/p>\n<p><strong>Gro\u00dfe Kapazit\u00e4t:<\/strong> Das ger\u00e4umige Design bietet Platz f\u00fcr eine gro\u00dfe Menge an Obst und Gem\u00fcse, wie z. B. Erdbeeren, Blattgem\u00fcse, Brokkoli usw., und eignet sich sowohl f\u00fcr private als auch f\u00fcr Gro\u00dfk\u00fcchen.<\/p>\n<p><strong>Hochwertige Materialien:<\/strong> Unser Gro\u00dfhandels-Edelstahlsieb ist aus Edelstahl 304 gefertigt und bietet eine hervorragende Korrosionsbest\u00e4ndigkeit und Haltbarkeit. Es ist rostbest\u00e4ndig und beh\u00e4lt seinen Glanz und seine Festigkeit \u00fcber einen langen Zeitraum hinweg, wodurch die Sicherheit beim Kontakt mit Lebensmitteln gew\u00e4hrleistet wird.<\/p>\n<p><strong>Modernes, minimalistisches Aussehen:<\/strong> Das Edelstahlsieb ist aus geb\u00fcrstetem Edelstahl gefertigt und bietet einen stilvollen Look, der zu einer modernen K\u00fccheneinrichtung passt.<\/p>","protected":false},"featured_media":5139,"comment_status":"closed","ping_status":"closed","template":"","meta":{"_acf_changed":false},"product_brand":[],"product_cat":[52,65],"product_tag":[],"class_list":{"0":"post-5138","1":"product","2":"type-product","3":"status-publish","4":"has-post-thumbnail","6":"product_cat-kitchen-utensils","7":"product_cat-kitchen-strainer-and-colander","9":"first","10":"instock","11":"shipping-taxable","12":"product-type-simple"},"acf":[],"_links":{"self":[{"href":"https:\/\/www.purecook.com\/de\/wp-json\/wp\/v2\/product\/5138","targetHints":{"allow":["GET"]}}],"collection":[{"href":"https:\/\/www.purecook.com\/de\/wp-json\/wp\/v2\/product"}],"about":[{"href":"https:\/\/www.purecook.com\/de\/wp-json\/wp\/v2\/types\/product"}],"replies":[{"embeddable":true,"href":"https:\/\/www.purecook.com\/de\/wp-json\/wp\/v2\/comments?post=5138"}],"wp:featuredmedia":[{"embeddable":true,"href":"https:\/\/www.purecook.com\/de\/wp-json\/wp\/v2\/media\/5139"}],"wp:attachment":[{"href":"https:\/\/www.purecook.com\/de\/wp-json\/wp\/v2\/media?parent=5138"}],"wp:term":[{"taxonomy":"product_brand","embeddable":true,"href":"https:\/\/www.purecook.com\/de\/wp-json\/wp\/v2\/product_brand?post=5138"},{"taxonomy":"product_cat","embeddable":true,"href":"https:\/\/www.purecook.com\/de\/wp-json\/wp\/v2\/product_cat?post=5138"},{"taxonomy":"product_tag","embeddable":true,"href":"https:\/\/www.purecook.com\/de\/wp-json\/wp\/v2\/product_tag?post=5138"}],"curies":[{"name":"wp","href":"https:\/\/api.w.org\/{rel}","templated":true}]}}