{"id":5145,"date":"2025-12-08T18:02:49","date_gmt":"2025-12-08T10:02:49","guid":{"rendered":"https:\/\/www.purecook.com\/?post_type=product&#038;p=5145"},"modified":"2025-12-08T18:23:14","modified_gmt":"2025-12-08T10:23:14","slug":"wholesale-glass-food-containers","status":"publish","type":"product","link":"https:\/\/www.purecook.com\/de\/product\/wholesale-glass-food-containers\/","title":{"rendered":"Gro\u00dfhandel Glas Lebensmittel-Container, Lunch-Box mit luftdichten Snap-Deckel"},"content":{"rendered":"<div class=\"wp-block-columns is-layout-flex wp-container-core-columns-is-layout-9d6595d7 wp-block-columns-is-layout-flex\">\n<div class=\"wp-block-column is-layout-flow wp-block-column-is-layout-flow\">\n<h3 class=\"wp-block-heading\">Parameter von Lebensmittelbeh\u00e4ltern aus Glas<\/h3>\n\n\n\n<p><strong>Material:<\/strong> Glas, Silikon<br><strong>Normale Dicke:<\/strong> 0,5 mm<br><strong>Kapazit\u00e4t: <\/strong>380\/520\/630ml<\/p>\n<\/div>\n\n\n\n<div class=\"wp-block-column is-layout-flow wp-block-column-is-layout-flow\">\n<h3 class=\"wp-block-heading\">Individuelle Kochgeschirr-Optionen<\/h3>\n\n\n\n<p><strong>Logo:<\/strong> Anpassbar mit Ihrem Markenlogo<br><strong>Verpackung:<\/strong>&nbsp;Farbige Schachtel\/Karton, etc<br><strong>Handgriff: <\/strong>Griffe f\u00fcr Ihren Stil<\/p>\n<\/div>\n<\/div>\n\n\n\n<div class=\"wp-block-columns is-layout-flex wp-container-core-columns-is-layout-9d6595d7 wp-block-columns-is-layout-flex\">\n<div class=\"wp-block-column is-layout-flow wp-block-column-is-layout-flow\">\n<figure class=\"wp-block-image size-full\"><img decoding=\"async\" width=\"800\" height=\"800\" src=\"https:\/\/www.purecook.com\/wp-content\/uploads\/2025\/12\/wholesale-glass-food-container-4.webp\" alt=\"Gro\u00dfhandel Glas Lebensmittel Container (4)\" class=\"wp-image-5149\" srcset=\"https:\/\/www.purecook.com\/wp-content\/uploads\/2025\/12\/wholesale-glass-food-container-4.webp 800w, https:\/\/www.purecook.com\/wp-content\/uploads\/2025\/12\/wholesale-glass-food-container-4-300x300.webp 300w, https:\/\/www.purecook.com\/wp-content\/uploads\/2025\/12\/wholesale-glass-food-container-4-150x150.webp 150w, https:\/\/www.purecook.com\/wp-content\/uploads\/2025\/12\/wholesale-glass-food-container-4-768x768.webp 768w, https:\/\/www.purecook.com\/wp-content\/uploads\/2025\/12\/wholesale-glass-food-container-4-12x12.webp 12w, https:\/\/www.purecook.com\/wp-content\/uploads\/2025\/12\/wholesale-glass-food-container-4-600x600.webp 600w, https:\/\/www.purecook.com\/wp-content\/uploads\/2025\/12\/wholesale-glass-food-container-4-100x100.webp 100w\" sizes=\"(max-width: 800px) 100vw, 800px\" \/><\/figure>\n<\/div>\n\n\n\n<div class=\"wp-block-column is-layout-flow wp-block-column-is-layout-flow\">\n<figure class=\"wp-block-image size-full\"><img decoding=\"async\" width=\"800\" height=\"800\" src=\"https:\/\/www.purecook.com\/wp-content\/uploads\/2025\/12\/wholesale-glass-food-container-5.webp\" alt=\"Gro\u00dfhandel Glas Lebensmittel Container (5)\" class=\"wp-image-5150\" srcset=\"https:\/\/www.purecook.com\/wp-content\/uploads\/2025\/12\/wholesale-glass-food-container-5.webp 800w, https:\/\/www.purecook.com\/wp-content\/uploads\/2025\/12\/wholesale-glass-food-container-5-300x300.webp 300w, https:\/\/www.purecook.com\/wp-content\/uploads\/2025\/12\/wholesale-glass-food-container-5-150x150.webp 150w, https:\/\/www.purecook.com\/wp-content\/uploads\/2025\/12\/wholesale-glass-food-container-5-768x768.webp 768w, https:\/\/www.purecook.com\/wp-content\/uploads\/2025\/12\/wholesale-glass-food-container-5-12x12.webp 12w, https:\/\/www.purecook.com\/wp-content\/uploads\/2025\/12\/wholesale-glass-food-container-5-600x600.webp 600w, https:\/\/www.purecook.com\/wp-content\/uploads\/2025\/12\/wholesale-glass-food-container-5-100x100.webp 100w\" sizes=\"(max-width: 800px) 100vw, 800px\" \/><\/figure>\n<\/div>\n<\/div>","protected":false},"excerpt":{"rendered":"<p>Willkommen beim Gro\u00dfeinkauf unserer hochwertigen Lebensmittelbeh\u00e4lter aus Glas. Sie sind mit luftdichten Schnappdeckeln ausgestattet und in verschiedenen Gr\u00f6\u00dfen erh\u00e4ltlich. Sie sind mikrowellen-, k\u00fchlschrank- und gefriersicher und damit ideal f\u00fcr die Zubereitung von Lebensmitteln, die Lagerung und die K\u00fcchenorganisation. Perfekt f\u00fcr Einzelh\u00e4ndler, Restaurants und Gro\u00dfabnehmer. Kontaktieren Sie uns f\u00fcr ein Angebot.<\/p>\n<h2>Eigenschaften von Lebensmittelbeh\u00e4ltern aus Glas<\/h2>\n<p><strong>Lebensmittelsicherheit und Gesundheit:<\/strong> Glas nimmt keine Ger\u00fcche, Geschm\u00e4cker oder Flecken auf und ist daher leicht zu reinigen und hygienisch.<\/p>\n<p><strong>Die Frische von Lebensmitteln bewahren:<\/strong> Der hochgradig luftdichte Schnappdeckel verhindert das Eindringen von Luft und Feuchtigkeit, verlangsamt die Oxidation und reduziert den Verderb von Lebensmitteln. So bleiben die Lebensmittel l\u00e4nger frisch.<\/p>\n<p><strong>Vielseitigkeit:<\/strong> Unsere Lebensmittelbeh\u00e4lter aus Glas f\u00fcr den Gro\u00dfhandel sind mikrowellen-, k\u00fchlschrank- und gefriersicher.<\/p>\n<p><strong>Mehrere Gr\u00f6\u00dfen verf\u00fcgbar:<\/strong> Wir bieten eine Vielzahl von Kapazit\u00e4ten und Gr\u00f6\u00dfen an, um den unterschiedlichen Anforderungen an die Lagerung von Lebensmitteln gerecht zu werden.<\/p>","protected":false},"featured_media":5146,"comment_status":"closed","ping_status":"closed","template":"","meta":{"_acf_changed":false},"product_brand":[],"product_cat":[25,51],"product_tag":[],"class_list":{"0":"post-5145","1":"product","2":"type-product","3":"status-publish","4":"has-post-thumbnail","6":"product_cat-food-storage","7":"product_cat-dinnerware","9":"first","10":"instock","11":"shipping-taxable","12":"product-type-simple"},"acf":[],"_links":{"self":[{"href":"https:\/\/www.purecook.com\/de\/wp-json\/wp\/v2\/product\/5145","targetHints":{"allow":["GET"]}}],"collection":[{"href":"https:\/\/www.purecook.com\/de\/wp-json\/wp\/v2\/product"}],"about":[{"href":"https:\/\/www.purecook.com\/de\/wp-json\/wp\/v2\/types\/product"}],"replies":[{"embeddable":true,"href":"https:\/\/www.purecook.com\/de\/wp-json\/wp\/v2\/comments?post=5145"}],"wp:featuredmedia":[{"embeddable":true,"href":"https:\/\/www.purecook.com\/de\/wp-json\/wp\/v2\/media\/5146"}],"wp:attachment":[{"href":"https:\/\/www.purecook.com\/de\/wp-json\/wp\/v2\/media?parent=5145"}],"wp:term":[{"taxonomy":"product_brand","embeddable":true,"href":"https:\/\/www.purecook.com\/de\/wp-json\/wp\/v2\/product_brand?post=5145"},{"taxonomy":"product_cat","embeddable":true,"href":"https:\/\/www.purecook.com\/de\/wp-json\/wp\/v2\/product_cat?post=5145"},{"taxonomy":"product_tag","embeddable":true,"href":"https:\/\/www.purecook.com\/de\/wp-json\/wp\/v2\/product_tag?post=5145"}],"curies":[{"name":"wp","href":"https:\/\/api.w.org\/{rel}","templated":true}]}}