{"id":5184,"date":"2025-12-22T09:46:08","date_gmt":"2025-12-22T01:46:08","guid":{"rendered":"https:\/\/www.purecook.com\/?post_type=product&#038;p=5184"},"modified":"2025-12-22T10:05:35","modified_gmt":"2025-12-22T02:05:35","slug":"wholesale-stainless-steel-mesh-strainers","status":"publish","type":"product","link":"https:\/\/www.purecook.com\/de\/product\/wholesale-stainless-steel-mesh-strainers\/","title":{"rendered":"Gro\u00dfhandel Edelstahl-Siebe \u2013 in verschiedenen Gr\u00f6\u00dfen erh\u00e4ltlich"},"content":{"rendered":"<div class=\"wp-block-columns is-layout-flex wp-container-core-columns-is-layout-9d6595d7 wp-block-columns-is-layout-flex\">\n<div class=\"wp-block-column is-layout-flow wp-block-column-is-layout-flow\">\n<h3 class=\"wp-block-heading\">Parameter von Edelstahl-Sieben<\/h3>\n\n\n\n<p><strong>Material:<\/strong> 304 Edelstahl + Holz<br><strong>Gr\u00f6\u00dfe: <\/strong>14\/18\/22 cm<br><strong>Logo:<\/strong> Siebdruck\/Lasergravur\/gepr\u00e4gter Stempel<\/p>\n<\/div>\n\n\n\n<div class=\"wp-block-column is-layout-flow wp-block-column-is-layout-flow\">\n<h3 class=\"wp-block-heading\">Individuelle Kochgeschirr-Optionen<\/h3>\n\n\n\n<p><strong>Logo:<\/strong> Anpassbar mit Ihrem Markenlogo<br><strong>Verpackung:<\/strong>&nbsp;Farbige Schachtel\/Karton, etc<\/p>\n<\/div>\n<\/div>\n\n\n\n<div class=\"wp-block-columns is-layout-flex wp-container-core-columns-is-layout-9d6595d7 wp-block-columns-is-layout-flex\">\n<div class=\"wp-block-column is-layout-flow wp-block-column-is-layout-flow\">\n<figure class=\"wp-block-image size-full\"><img decoding=\"async\" width=\"800\" height=\"800\" src=\"https:\/\/www.purecook.com\/wp-content\/uploads\/2025\/12\/wholesale-stainless-steel-mesh-strainers-2.webp\" alt=\"Gro\u00dfhandel Edelstahl-Siebe (2)\" class=\"wp-image-5186\" srcset=\"https:\/\/www.purecook.com\/wp-content\/uploads\/2025\/12\/wholesale-stainless-steel-mesh-strainers-2.webp 800w, https:\/\/www.purecook.com\/wp-content\/uploads\/2025\/12\/wholesale-stainless-steel-mesh-strainers-2-300x300.webp 300w, https:\/\/www.purecook.com\/wp-content\/uploads\/2025\/12\/wholesale-stainless-steel-mesh-strainers-2-150x150.webp 150w, https:\/\/www.purecook.com\/wp-content\/uploads\/2025\/12\/wholesale-stainless-steel-mesh-strainers-2-768x768.webp 768w, https:\/\/www.purecook.com\/wp-content\/uploads\/2025\/12\/wholesale-stainless-steel-mesh-strainers-2-12x12.webp 12w, https:\/\/www.purecook.com\/wp-content\/uploads\/2025\/12\/wholesale-stainless-steel-mesh-strainers-2-600x600.webp 600w, https:\/\/www.purecook.com\/wp-content\/uploads\/2025\/12\/wholesale-stainless-steel-mesh-strainers-2-100x100.webp 100w\" sizes=\"(max-width: 800px) 100vw, 800px\" \/><\/figure>\n<\/div>\n\n\n\n<div class=\"wp-block-column is-layout-flow wp-block-column-is-layout-flow\">\n<figure class=\"wp-block-image size-full\"><img decoding=\"async\" width=\"800\" height=\"800\" src=\"https:\/\/www.purecook.com\/wp-content\/uploads\/2025\/12\/wholesale-stainless-steel-mesh-strainers-4.webp\" alt=\"Gro\u00dfhandel Edelstahl-Siebe (4)\" class=\"wp-image-5188\" srcset=\"https:\/\/www.purecook.com\/wp-content\/uploads\/2025\/12\/wholesale-stainless-steel-mesh-strainers-4.webp 800w, https:\/\/www.purecook.com\/wp-content\/uploads\/2025\/12\/wholesale-stainless-steel-mesh-strainers-4-300x300.webp 300w, https:\/\/www.purecook.com\/wp-content\/uploads\/2025\/12\/wholesale-stainless-steel-mesh-strainers-4-150x150.webp 150w, https:\/\/www.purecook.com\/wp-content\/uploads\/2025\/12\/wholesale-stainless-steel-mesh-strainers-4-768x768.webp 768w, https:\/\/www.purecook.com\/wp-content\/uploads\/2025\/12\/wholesale-stainless-steel-mesh-strainers-4-12x12.webp 12w, https:\/\/www.purecook.com\/wp-content\/uploads\/2025\/12\/wholesale-stainless-steel-mesh-strainers-4-600x600.webp 600w, https:\/\/www.purecook.com\/wp-content\/uploads\/2025\/12\/wholesale-stainless-steel-mesh-strainers-4-100x100.webp 100w\" sizes=\"(max-width: 800px) 100vw, 800px\" \/><\/figure>\n<\/div>\n<\/div>","protected":false},"excerpt":{"rendered":"<p>Unsere Edelstahl-Siebe f\u00fcr den Gro\u00dfhandel sind ideal f\u00fcr professionelle K\u00fcchen und Privathaushalte und vereinen St\u00e4rke, Sicherheit und Effizienz. Diese Siebe eignen sich perfekt zum Frittieren, Blanchieren, Kochen und Sp\u00fclen von Zutaten. Sie sind eine zuverl\u00e4ssige Wahl f\u00fcr Restaurants, Einzelh\u00e4ndler und K\u00fcchenzubeh\u00f6rmarken. Gro\u00dfbestellungen sind willkommen.<\/p>\n<h2>Eigenschaften von Edelstahl-Sieben<\/h2>\n<p><strong>Ausgezeichnete Langlebigkeit:<\/strong> Unsere Edelstahl-Siebe f\u00fcr den Gro\u00dfhandel sind aus hochwertigem Edelstahl gefertigt und eignen sich ideal f\u00fcr Hochtemperaturanwendungen wie Braten oder Kochen.<\/p>\n<p><strong>Ergonomisches Design:<\/strong> Verf\u00fcgt \u00fcber einen langen, stabilen Holzgriff f\u00fcr einen bequemen, rutschfesten Halt und sch\u00fctzt die H\u00e4nde vor Hitze\u00fcbertragung beim Umgang mit hei\u00dfem \u00d6l oder Dampf.<\/p>\n<p><strong>Vielseitigkeit:<\/strong> Die Gro\u00dfhandels-Siebe eignen sich perfekt f\u00fcr:<\/p>\n<ul>\n<li>Frittieren: Pommes frites, Zwiebelringe oder Tempura herausnehmen und dabei das \u00d6l schnell abtropfen lassen.<\/li>\n<li>Blanchieren &amp; Kochen: Gem\u00fcse oder Nudeln schnell aus kochendem Wasser nehmen.<\/li>\n<li>Waschen und Sp\u00fclen: Verwendung der Versionen mit Fu\u00df als Siebe f\u00fcr Obst und Gem\u00fcse.<\/li>\n<\/ul>\n<p><strong>Schneller Fluss:<\/strong> Das gleichm\u00e4\u00dfige Lochmuster sorgt daf\u00fcr, dass Fl\u00fcssigkeiten schnell und gleichm\u00e4\u00dfig abflie\u00dfen k\u00f6nnen, sodass die Lebensmittel nicht matschig werden.<\/p>\n<p><strong>Leicht zu reinigen:<\/strong> Im Gegensatz zu herk\u00f6mmlichen Drahtgittern, in deren Maschen sich h\u00e4ufig Lebensmittelreste verfangen, l\u00e4sst sich die glatte, ebene Oberfl\u00e4che von Lochblech viel leichter abwischen oder abspritzen.<\/p>","protected":false},"featured_media":5185,"comment_status":"closed","ping_status":"closed","template":"","meta":{"_acf_changed":false},"product_brand":[],"product_cat":[52,65],"product_tag":[],"class_list":{"0":"post-5184","1":"product","2":"type-product","3":"status-publish","4":"has-post-thumbnail","6":"product_cat-kitchen-utensils","7":"product_cat-kitchen-strainer-and-colander","9":"first","10":"instock","11":"shipping-taxable","12":"product-type-simple"},"acf":[],"_links":{"self":[{"href":"https:\/\/www.purecook.com\/de\/wp-json\/wp\/v2\/product\/5184","targetHints":{"allow":["GET"]}}],"collection":[{"href":"https:\/\/www.purecook.com\/de\/wp-json\/wp\/v2\/product"}],"about":[{"href":"https:\/\/www.purecook.com\/de\/wp-json\/wp\/v2\/types\/product"}],"replies":[{"embeddable":true,"href":"https:\/\/www.purecook.com\/de\/wp-json\/wp\/v2\/comments?post=5184"}],"wp:featuredmedia":[{"embeddable":true,"href":"https:\/\/www.purecook.com\/de\/wp-json\/wp\/v2\/media\/5185"}],"wp:attachment":[{"href":"https:\/\/www.purecook.com\/de\/wp-json\/wp\/v2\/media?parent=5184"}],"wp:term":[{"taxonomy":"product_brand","embeddable":true,"href":"https:\/\/www.purecook.com\/de\/wp-json\/wp\/v2\/product_brand?post=5184"},{"taxonomy":"product_cat","embeddable":true,"href":"https:\/\/www.purecook.com\/de\/wp-json\/wp\/v2\/product_cat?post=5184"},{"taxonomy":"product_tag","embeddable":true,"href":"https:\/\/www.purecook.com\/de\/wp-json\/wp\/v2\/product_tag?post=5184"}],"curies":[{"name":"wp","href":"https:\/\/api.w.org\/{rel}","templated":true}]}}