{"id":5192,"date":"2025-12-22T10:08:13","date_gmt":"2025-12-22T02:08:13","guid":{"rendered":"https:\/\/www.purecook.com\/?post_type=product&#038;p=5192"},"modified":"2025-12-22T11:29:45","modified_gmt":"2025-12-22T03:29:45","slug":"wholesale-10-piece-mixing-bowl-set","status":"publish","type":"product","link":"https:\/\/www.purecook.com\/de\/product\/wholesale-10-piece-mixing-bowl-set\/","title":{"rendered":"Gro\u00dfhandel 10-teiliges R\u00fchrsch\u00fcssel-Set"},"content":{"rendered":"<div class=\"wp-block-columns is-layout-flex wp-container-core-columns-is-layout-9d6595d7 wp-block-columns-is-layout-flex\">\n<div class=\"wp-block-column is-layout-flow wp-block-column-is-layout-flow\">\n<h3 class=\"wp-block-heading\">Parameter der Outdoor-Edelstahl-Bratpfanne<\/h3>\n\n\n\n<p><strong>Material: <\/strong>Rostfreier Stahl 304<br><strong>Gr\u00f6\u00dfe:<\/strong><br>26,5 cm R\u00fchrsch\u00fcssel aus Glas<br>21cm Einhandsieb<br>20cm Doppelohr-Sieb<br>24cm Runder tiefer Maschenkorb<br>21cm Flacher Teller<br>24cm 304 R\u00fchrsch\u00fcssel<br>12cm Reibe* 3<br><\/p>\n<\/div>\n\n\n\n<div class=\"wp-block-column is-layout-flow wp-block-column-is-layout-flow\">\n<h3 class=\"wp-block-heading\">Individuelle Kochgeschirr-Optionen<\/h3>\n\n\n\n<p><strong>Logo:<\/strong> Anpassbar mit Ihrem Markenlogo<br><strong>Verpackung:<\/strong>&nbsp;Farbige Schachtel\/Karton, etc<br><strong>Handgriff: <\/strong>Griffe f\u00fcr Ihren Stil<\/p>\n<\/div>\n<\/div>\n\n\n\n<div class=\"wp-block-columns is-layout-flex wp-container-core-columns-is-layout-9d6595d7 wp-block-columns-is-layout-flex\">\n<div class=\"wp-block-column is-layout-flow wp-block-column-is-layout-flow\">\n<figure class=\"wp-block-image size-full\"><img decoding=\"async\" width=\"800\" height=\"800\" src=\"https:\/\/www.purecook.com\/wp-content\/uploads\/2025\/12\/wholesale-mixing-bowl-set-2.webp\" alt=\"Gro\u00dfhandel R\u00fchrsch\u00fcssel Set (2)\" class=\"wp-image-5194\" srcset=\"https:\/\/www.purecook.com\/wp-content\/uploads\/2025\/12\/wholesale-mixing-bowl-set-2.webp 800w, https:\/\/www.purecook.com\/wp-content\/uploads\/2025\/12\/wholesale-mixing-bowl-set-2-300x300.webp 300w, https:\/\/www.purecook.com\/wp-content\/uploads\/2025\/12\/wholesale-mixing-bowl-set-2-150x150.webp 150w, https:\/\/www.purecook.com\/wp-content\/uploads\/2025\/12\/wholesale-mixing-bowl-set-2-768x768.webp 768w, https:\/\/www.purecook.com\/wp-content\/uploads\/2025\/12\/wholesale-mixing-bowl-set-2-12x12.webp 12w, https:\/\/www.purecook.com\/wp-content\/uploads\/2025\/12\/wholesale-mixing-bowl-set-2-600x600.webp 600w, https:\/\/www.purecook.com\/wp-content\/uploads\/2025\/12\/wholesale-mixing-bowl-set-2-100x100.webp 100w\" sizes=\"(max-width: 800px) 100vw, 800px\" \/><\/figure>\n<\/div>\n\n\n\n<div class=\"wp-block-column is-layout-flow wp-block-column-is-layout-flow\">\n<figure class=\"wp-block-image size-full\"><img decoding=\"async\" width=\"800\" height=\"800\" src=\"https:\/\/www.purecook.com\/wp-content\/uploads\/2025\/12\/wholesale-mixing-bowl-set-5.webp\" alt=\"Gro\u00dfhandel R\u00fchrsch\u00fcssel Set (5)\" class=\"wp-image-5197\" srcset=\"https:\/\/www.purecook.com\/wp-content\/uploads\/2025\/12\/wholesale-mixing-bowl-set-5.webp 800w, https:\/\/www.purecook.com\/wp-content\/uploads\/2025\/12\/wholesale-mixing-bowl-set-5-300x300.webp 300w, https:\/\/www.purecook.com\/wp-content\/uploads\/2025\/12\/wholesale-mixing-bowl-set-5-150x150.webp 150w, https:\/\/www.purecook.com\/wp-content\/uploads\/2025\/12\/wholesale-mixing-bowl-set-5-768x768.webp 768w, https:\/\/www.purecook.com\/wp-content\/uploads\/2025\/12\/wholesale-mixing-bowl-set-5-12x12.webp 12w, https:\/\/www.purecook.com\/wp-content\/uploads\/2025\/12\/wholesale-mixing-bowl-set-5-600x600.webp 600w, https:\/\/www.purecook.com\/wp-content\/uploads\/2025\/12\/wholesale-mixing-bowl-set-5-100x100.webp 100w\" sizes=\"(max-width: 800px) 100vw, 800px\" \/><\/figure>\n<\/div>\n<\/div>\n\n\n\n<div class=\"wp-block-columns is-layout-flex wp-container-core-columns-is-layout-9d6595d7 wp-block-columns-is-layout-flex\">\n<div class=\"wp-block-column is-layout-flow wp-block-column-is-layout-flow\"><\/div>\n\n\n\n<div class=\"wp-block-column is-layout-flow wp-block-column-is-layout-flow\"><\/div>\n<\/div>","protected":false},"excerpt":{"rendered":"<p>10-teiliges R\u00fchrsch\u00fcssel-Set f\u00fcr den Gro\u00dfhandel. Unser Set besteht aus einer hochwertigen R\u00fchrsch\u00fcssel aus Edelstahl mit eingravierten Ma\u00dfen und einer kristallklaren Glassch\u00fcssel, in der Sie die Teigg\u00e4rung beobachten oder Salate sch\u00f6n anrichten k\u00f6nnen. Kontaktieren Sie uns f\u00fcr ein Angebot.<\/p>\n<h2>Merkmale des 10-teiligen R\u00fchrsch\u00fcsselsets<\/h2>\n<p><strong>Platzsparend:<\/strong> Der Vorteil des 10-teiligen R\u00fchrsch\u00fcsselsets liegt in der Stapelbarkeit und Nestbarkeit.<\/p>\n<p><strong>Vielseitigkeit:<\/strong> Das 10-teilige R\u00fchrsch\u00fcsselset ist \u00e4u\u00dferst vielseitig und kann mehrere einzelne K\u00fcchenger\u00e4te ersetzen, darunter solche, die zum Mischen und Zubereiten, Abseihen und Absp\u00fclen sowie zur Aufbewahrung von Lebensmitteln verwendet werden.<\/p>\n<p><strong>Hochwertige Materialien:<\/strong> Das Set umfasst R\u00fchrsch\u00fcsseln aus Glas und Edelstahl, die sich sowohl zum K\u00fchlen von Teig als auch zum Hantieren mit warmem, blanchiertem Gem\u00fcse eignen.<\/p>\n<p><strong>Benutzerfreundliches Design:<\/strong> Die Edelstahlsch\u00fcsseln verf\u00fcgen \u00fcber Messmarkierungen (an der Seite einge\u00e4tzt), so dass keine separaten Messbecher mehr ben\u00f6tigt werden.<\/p>","protected":false},"featured_media":5193,"comment_status":"closed","ping_status":"closed","template":"","meta":{"_acf_changed":false},"product_brand":[],"product_cat":[52,90],"product_tag":[],"class_list":{"0":"post-5192","1":"product","2":"type-product","3":"status-publish","4":"has-post-thumbnail","6":"product_cat-kitchen-utensils","7":"product_cat-mixing-bowl","9":"first","10":"instock","11":"shipping-taxable","12":"product-type-simple"},"acf":[],"_links":{"self":[{"href":"https:\/\/www.purecook.com\/de\/wp-json\/wp\/v2\/product\/5192","targetHints":{"allow":["GET"]}}],"collection":[{"href":"https:\/\/www.purecook.com\/de\/wp-json\/wp\/v2\/product"}],"about":[{"href":"https:\/\/www.purecook.com\/de\/wp-json\/wp\/v2\/types\/product"}],"replies":[{"embeddable":true,"href":"https:\/\/www.purecook.com\/de\/wp-json\/wp\/v2\/comments?post=5192"}],"wp:featuredmedia":[{"embeddable":true,"href":"https:\/\/www.purecook.com\/de\/wp-json\/wp\/v2\/media\/5193"}],"wp:attachment":[{"href":"https:\/\/www.purecook.com\/de\/wp-json\/wp\/v2\/media?parent=5192"}],"wp:term":[{"taxonomy":"product_brand","embeddable":true,"href":"https:\/\/www.purecook.com\/de\/wp-json\/wp\/v2\/product_brand?post=5192"},{"taxonomy":"product_cat","embeddable":true,"href":"https:\/\/www.purecook.com\/de\/wp-json\/wp\/v2\/product_cat?post=5192"},{"taxonomy":"product_tag","embeddable":true,"href":"https:\/\/www.purecook.com\/de\/wp-json\/wp\/v2\/product_tag?post=5192"}],"curies":[{"name":"wp","href":"https:\/\/api.w.org\/{rel}","templated":true}]}}