{"id":5214,"date":"2025-12-22T12:03:59","date_gmt":"2025-12-22T04:03:59","guid":{"rendered":"https:\/\/www.purecook.com\/?post_type=product&#038;p=5214"},"modified":"2025-12-22T12:22:43","modified_gmt":"2025-12-22T04:22:43","slug":"wholesale-4-compartment-fried-egg-pans","status":"publish","type":"product","link":"https:\/\/www.purecook.com\/de\/product\/wholesale-4-compartment-fried-egg-pans\/","title":{"rendered":"Gro\u00dfhandel 4-fach-Spiegelei-Pfannen"},"content":{"rendered":"<div class=\"wp-block-columns is-layout-flex wp-container-core-columns-is-layout-9d6595d7 wp-block-columns-is-layout-flex\">\n<div class=\"wp-block-column is-layout-flow wp-block-column-is-layout-flow\">\n<h3 class=\"wp-block-heading\">Parameter der Vier-Tassen-Spiegelei-Pfanne<\/h3>\n\n\n\n<p><strong>Material: <\/strong>Alu<br><strong>Logo: <\/strong>Siebdruck\/Lasergravur\/gepr\u00e4gter Stempel<\/p>\n<\/div>\n\n\n\n<div class=\"wp-block-column is-layout-flow wp-block-column-is-layout-flow\">\n<h3 class=\"wp-block-heading\">Individuelle Kochgeschirr-Optionen<\/h3>\n\n\n\n<p><strong>Logo:<\/strong> Anpassbar mit Ihrem Markenlogo<br><strong>Verpackung:<\/strong>&nbsp;Farbige Schachtel\/Karton, etc<br><strong>Handgriff: <\/strong>Griffe f\u00fcr Ihren Stil<\/p>\n<\/div>\n<\/div>\n\n\n\n<div class=\"wp-block-columns is-layout-flex wp-container-core-columns-is-layout-9d6595d7 wp-block-columns-is-layout-flex\">\n<div class=\"wp-block-column is-layout-flow wp-block-column-is-layout-flow\">\n<figure class=\"wp-block-image size-full\"><img decoding=\"async\" width=\"800\" height=\"800\" src=\"https:\/\/www.purecook.com\/wp-content\/uploads\/2025\/12\/wholesale-4-compartment-fried-egg-pans-3.webp\" alt=\"Gro\u00dfhandel 4-fach-Spiegelei-Pfannen (3)\" class=\"wp-image-5217\" srcset=\"https:\/\/www.purecook.com\/wp-content\/uploads\/2025\/12\/wholesale-4-compartment-fried-egg-pans-3.webp 800w, https:\/\/www.purecook.com\/wp-content\/uploads\/2025\/12\/wholesale-4-compartment-fried-egg-pans-3-300x300.webp 300w, https:\/\/www.purecook.com\/wp-content\/uploads\/2025\/12\/wholesale-4-compartment-fried-egg-pans-3-150x150.webp 150w, https:\/\/www.purecook.com\/wp-content\/uploads\/2025\/12\/wholesale-4-compartment-fried-egg-pans-3-768x768.webp 768w, https:\/\/www.purecook.com\/wp-content\/uploads\/2025\/12\/wholesale-4-compartment-fried-egg-pans-3-12x12.webp 12w, https:\/\/www.purecook.com\/wp-content\/uploads\/2025\/12\/wholesale-4-compartment-fried-egg-pans-3-600x600.webp 600w, https:\/\/www.purecook.com\/wp-content\/uploads\/2025\/12\/wholesale-4-compartment-fried-egg-pans-3-100x100.webp 100w\" sizes=\"(max-width: 800px) 100vw, 800px\" \/><\/figure>\n<\/div>\n\n\n\n<div class=\"wp-block-column is-layout-flow wp-block-column-is-layout-flow\">\n<figure class=\"wp-block-image size-full\"><img decoding=\"async\" width=\"800\" height=\"800\" src=\"https:\/\/www.purecook.com\/wp-content\/uploads\/2025\/12\/wholesale-4-compartment-fried-egg-pans-4.webp\" alt=\"Gro\u00dfhandel 4-fach-Spiegelei-Pfannen (4)\" class=\"wp-image-5218\" srcset=\"https:\/\/www.purecook.com\/wp-content\/uploads\/2025\/12\/wholesale-4-compartment-fried-egg-pans-4.webp 800w, https:\/\/www.purecook.com\/wp-content\/uploads\/2025\/12\/wholesale-4-compartment-fried-egg-pans-4-300x300.webp 300w, https:\/\/www.purecook.com\/wp-content\/uploads\/2025\/12\/wholesale-4-compartment-fried-egg-pans-4-150x150.webp 150w, https:\/\/www.purecook.com\/wp-content\/uploads\/2025\/12\/wholesale-4-compartment-fried-egg-pans-4-768x768.webp 768w, https:\/\/www.purecook.com\/wp-content\/uploads\/2025\/12\/wholesale-4-compartment-fried-egg-pans-4-12x12.webp 12w, https:\/\/www.purecook.com\/wp-content\/uploads\/2025\/12\/wholesale-4-compartment-fried-egg-pans-4-600x600.webp 600w, https:\/\/www.purecook.com\/wp-content\/uploads\/2025\/12\/wholesale-4-compartment-fried-egg-pans-4-100x100.webp 100w\" sizes=\"(max-width: 800px) 100vw, 800px\" \/><\/figure>\n<\/div>\n<\/div>\n\n\n\n<div class=\"wp-block-columns is-layout-flex wp-container-core-columns-is-layout-9d6595d7 wp-block-columns-is-layout-flex\">\n<div class=\"wp-block-column is-layout-flow wp-block-column-is-layout-flow\"><\/div>\n\n\n\n<div class=\"wp-block-column is-layout-flow wp-block-column-is-layout-flow\"><\/div>\n<\/div>","protected":false},"excerpt":{"rendered":"<p>Gro\u00dfhandel mit 4-fach-Spiegelei-Pfannen. Dieses Kochgeschirr verf\u00fcgt \u00fcber vier separate F\u00e4cher, in denen Sie gleichzeitig Speck braten, Garnelen anbraten, Gem\u00fcse d\u00e4mpfen und ein perfektes rundes Ei braten k\u00f6nnen. Kochen Sie eine komplette Mahlzeit auf nur einer Herdplatte. Kontaktieren Sie uns f\u00fcr ein Angebot.<\/p>\n<h2>Merkmale von 4-fach-Spiegeleierpfannen<\/h2>\n<p data-start=\"60\" data-end=\"312\"><strong data-start=\"60\" data-end=\"93\">Vielseitiges All-in-One-Kochen:<\/strong> Mit dieser Bratpfanne k\u00f6nnen Sie ein komplettes Fr\u00fchst\u00fcck oder eine Mahlzeit auf einmal zubereiten. Wie abgebildet, k\u00f6nnen Sie gleichzeitig Eier braten, H\u00e4hnchenfl\u00fcgel braten, Garnelen anbraten und Gem\u00fcse d\u00e4mpfen, wodurch sich die Kochzeit erheblich verk\u00fcrzt.<\/p>\n<p data-start=\"314\" data-end=\"497\"><strong data-start=\"314\" data-end=\"343\">Optionen f\u00fcr dekorative Formen:<\/strong> Im Gegensatz zu herk\u00f6mmlichen runden Eierpfannen verf\u00fcgt dieses Modell \u00fcber drei einzigartige Formen \u2013 darunter Kreise, Sterne und Herzen \u2013, die Spa\u00df und Kreativit\u00e4t in Ihre K\u00fcche bringen.<\/p>\n<p data-start=\"499\" data-end=\"658\"><strong data-start=\"499\" data-end=\"530\">Fortschrittliche Antihaftbeschichtung:<\/strong> Mit nur einer kleinen Menge \u00d6l oder Butter gleitet das Essen leicht ab, und die Oberfl\u00e4che l\u00e4sst sich m\u00fchelos mit einem Schwamm reinigen.<\/p>\n<p data-start=\"660\" data-end=\"814\"><strong data-start=\"660\" data-end=\"686\">Hitzebest\u00e4ndiger Griff:<\/strong> Der Griff mit Holzmaserung ist ergonomisch geformt, liegt angenehm in der Hand und bleibt beim Kochen k\u00fchl.<\/p>","protected":false},"featured_media":5215,"comment_status":"closed","ping_status":"closed","template":"","meta":{"_acf_changed":false},"product_brand":[],"product_cat":[24,71],"product_tag":[],"class_list":{"0":"post-5214","1":"product","2":"type-product","3":"status-publish","4":"has-post-thumbnail","6":"product_cat-cookware","7":"product_cat-frying-pan","9":"first","10":"instock","11":"shipping-taxable","12":"product-type-simple"},"acf":[],"_links":{"self":[{"href":"https:\/\/www.purecook.com\/de\/wp-json\/wp\/v2\/product\/5214","targetHints":{"allow":["GET"]}}],"collection":[{"href":"https:\/\/www.purecook.com\/de\/wp-json\/wp\/v2\/product"}],"about":[{"href":"https:\/\/www.purecook.com\/de\/wp-json\/wp\/v2\/types\/product"}],"replies":[{"embeddable":true,"href":"https:\/\/www.purecook.com\/de\/wp-json\/wp\/v2\/comments?post=5214"}],"wp:featuredmedia":[{"embeddable":true,"href":"https:\/\/www.purecook.com\/de\/wp-json\/wp\/v2\/media\/5215"}],"wp:attachment":[{"href":"https:\/\/www.purecook.com\/de\/wp-json\/wp\/v2\/media?parent=5214"}],"wp:term":[{"taxonomy":"product_brand","embeddable":true,"href":"https:\/\/www.purecook.com\/de\/wp-json\/wp\/v2\/product_brand?post=5214"},{"taxonomy":"product_cat","embeddable":true,"href":"https:\/\/www.purecook.com\/de\/wp-json\/wp\/v2\/product_cat?post=5214"},{"taxonomy":"product_tag","embeddable":true,"href":"https:\/\/www.purecook.com\/de\/wp-json\/wp\/v2\/product_tag?post=5214"}],"curies":[{"name":"wp","href":"https:\/\/api.w.org\/{rel}","templated":true}]}}