{"id":5380,"date":"2026-01-24T17:04:11","date_gmt":"2026-01-24T09:04:11","guid":{"rendered":"https:\/\/www.purecook.com\/?post_type=product&#038;p=5380"},"modified":"2026-01-24T17:48:56","modified_gmt":"2026-01-24T09:48:56","slug":"wholesale-stainless-steel-deep-fryer-pots","status":"publish","type":"product","link":"https:\/\/www.purecook.com\/de\/product\/wholesale-stainless-steel-deep-fryer-pots\/","title":{"rendered":"Gro\u00dfhandel Edelstahl Friteuse Topf mit Filterkorb (2.8L)"},"content":{"rendered":"<div class=\"wp-block-columns is-layout-flex wp-container-core-columns-is-layout-9d6595d7 wp-block-columns-is-layout-flex\">\n<div class=\"wp-block-column is-layout-flow wp-block-column-is-layout-flow\">\n<h3 class=\"wp-block-heading\">Parameter der Outdoor-Edelstahl-Bratpfanne<\/h3>\n\n\n\n<p><strong>Material:<\/strong> Rostfreier Stahl<br><strong>Normale Dicke:<\/strong> 0,6 mm<br><strong>Deckel:<\/strong> Glas-Deckel<br><strong>Unten: <\/strong>Induktion Sandwichboden (SUS+1 mm Alu+SUS)<br><strong>Logo: <\/strong>Siebdruck\/Lasergravur\/gepr\u00e4gter Stempel<br><strong>Griff &amp; Deckelknopf:<\/strong> Rostfreier Stahl<br><strong>Kapazit\u00e4t:<\/strong> 2.8L<\/p>\n<\/div>\n\n\n\n<div class=\"wp-block-column is-layout-flow wp-block-column-is-layout-flow\">\n<h3 class=\"wp-block-heading\">Individuelle Kochgeschirr-Optionen<\/h3>\n\n\n\n<p><strong>Logo:<\/strong> Anpassbar mit Ihrem Markenlogo<br><strong>Verpackung:<\/strong>\u00a0Farbige Schachtel\/Karton, etc<br><strong>Handgriff: <\/strong>Griffe f\u00fcr Ihren Stil<br><strong>Material: <\/strong>Rostfreier Stahl SUS#201\/304\/410\/430<\/p>\n<\/div>\n<\/div>\n\n\n\n<div class=\"wp-block-columns is-layout-flex wp-container-core-columns-is-layout-9d6595d7 wp-block-columns-is-layout-flex\">\n<div class=\"wp-block-column is-layout-flow wp-block-column-is-layout-flow\">\n<figure class=\"wp-block-image size-full\"><img decoding=\"async\" width=\"800\" height=\"800\" src=\"https:\/\/www.purecook.com\/wp-content\/uploads\/2026\/01\/wholesale-stainless-steel-deep-fryer-pot-1.webp\" alt=\"Gro\u00dfhandel Edelstahl Friteuse Topf (1)\" class=\"wp-image-5382\" srcset=\"https:\/\/www.purecook.com\/wp-content\/uploads\/2026\/01\/wholesale-stainless-steel-deep-fryer-pot-1.webp 800w, https:\/\/www.purecook.com\/wp-content\/uploads\/2026\/01\/wholesale-stainless-steel-deep-fryer-pot-1-300x300.webp 300w, https:\/\/www.purecook.com\/wp-content\/uploads\/2026\/01\/wholesale-stainless-steel-deep-fryer-pot-1-150x150.webp 150w, https:\/\/www.purecook.com\/wp-content\/uploads\/2026\/01\/wholesale-stainless-steel-deep-fryer-pot-1-768x768.webp 768w, https:\/\/www.purecook.com\/wp-content\/uploads\/2026\/01\/wholesale-stainless-steel-deep-fryer-pot-1-12x12.webp 12w, https:\/\/www.purecook.com\/wp-content\/uploads\/2026\/01\/wholesale-stainless-steel-deep-fryer-pot-1-600x600.webp 600w, https:\/\/www.purecook.com\/wp-content\/uploads\/2026\/01\/wholesale-stainless-steel-deep-fryer-pot-1-100x100.webp 100w\" sizes=\"(max-width: 800px) 100vw, 800px\" \/><\/figure>\n<\/div>\n\n\n\n<div class=\"wp-block-column is-layout-flow wp-block-column-is-layout-flow\">\n<figure class=\"wp-block-image size-full\"><img decoding=\"async\" width=\"800\" height=\"800\" src=\"https:\/\/www.purecook.com\/wp-content\/uploads\/2026\/01\/wholesale-stainless-steel-deep-fryer-pot-2.webp\" alt=\"Gro\u00dfhandel Edelstahl Friteuse Topf (2)\" class=\"wp-image-5383\" srcset=\"https:\/\/www.purecook.com\/wp-content\/uploads\/2026\/01\/wholesale-stainless-steel-deep-fryer-pot-2.webp 800w, https:\/\/www.purecook.com\/wp-content\/uploads\/2026\/01\/wholesale-stainless-steel-deep-fryer-pot-2-300x300.webp 300w, https:\/\/www.purecook.com\/wp-content\/uploads\/2026\/01\/wholesale-stainless-steel-deep-fryer-pot-2-150x150.webp 150w, https:\/\/www.purecook.com\/wp-content\/uploads\/2026\/01\/wholesale-stainless-steel-deep-fryer-pot-2-768x768.webp 768w, https:\/\/www.purecook.com\/wp-content\/uploads\/2026\/01\/wholesale-stainless-steel-deep-fryer-pot-2-12x12.webp 12w, https:\/\/www.purecook.com\/wp-content\/uploads\/2026\/01\/wholesale-stainless-steel-deep-fryer-pot-2-600x600.webp 600w, https:\/\/www.purecook.com\/wp-content\/uploads\/2026\/01\/wholesale-stainless-steel-deep-fryer-pot-2-100x100.webp 100w\" sizes=\"(max-width: 800px) 100vw, 800px\" \/><\/figure>\n<\/div>\n<\/div>\n\n\n\n<div class=\"wp-block-columns is-layout-flex wp-container-core-columns-is-layout-9d6595d7 wp-block-columns-is-layout-flex\">\n<div class=\"wp-block-column is-layout-flow wp-block-column-is-layout-flow\"><\/div>\n\n\n\n<div class=\"wp-block-column is-layout-flow wp-block-column-is-layout-flow\"><\/div>\n<\/div>","protected":false},"excerpt":{"rendered":"<p>Unsere Gro\u00dfhandels-Edelstahlfritteusen sind f\u00fcr vielseitiges, leistungsstarkes Kochen sowohl in gewerblichen als auch in privaten K\u00fcchen konzipiert.<\/p>\n<p>Dieser Frittiertopf eignet sich sowohl zum Kochen von Gem\u00fcse und Nudeln als auch zum Frittieren von Lebensmitteln und ist damit ein echtes Mehrzweck-Kochgeschirr. Er ist mit einem herausnehmbaren Filterkorb aus Edelstahl ausgestattet, der ein schnelles Anheben und effizientes Ablassen von \u00d6l oder Wasser erm\u00f6glicht, um ein sicheres und sauberes Kochen zu gew\u00e4hrleisten. Kontaktieren Sie uns f\u00fcr ein Angebot.<\/p>\n<h2>Merkmale von Fritteusen aus Edelstahl<\/h2>\n<p data-pm-slice=\"0 0 []\"><strong>Integriertes Pasta-Sieb:<\/strong> Der integrierte perforierte Innenkorb erm\u00f6glicht das Kochen und Abgie\u00dfen von Nudeln in einem einzigen Topf. Heben Sie das Sieb einfach an, um Nudeln oder Gem\u00fcse zu entfernen, w\u00e4hrend das hei\u00dfe Wasser zur\u00fcckbleibt.<\/p>\n<p data-pm-slice=\"0 0 []\"><strong>Vielseitig einsetzbar:<\/strong> Dieser Topf eignet sich nicht nur zum Kochen von Nudeln, sondern auch zum Blanchieren von Gem\u00fcse, zum Kochen von Kn\u00f6deln, zum Zubereiten von Meeresfr\u00fcchten oder zum Braten von Speisen, die schnell abtropfen m\u00fcssen, so dass er f\u00fcr eine Vielzahl von Rezepten geeignet ist.<\/p>\n<p data-pm-slice=\"0 0 []\"><strong>Boden aus dreilagigem Edelstahl:<\/strong> Der Boden des Kochgeschirrs besteht aus einem dreilagigen Boden aus rostfreiem SUS-Stahl + 1 mm Aluminiumkern + rostfreiem SUS-Stahl, eine Struktur, die die W\u00e4rmeleitf\u00e4higkeit, die strukturelle Stabilit\u00e4t und die langfristige Zuverl\u00e4ssigkeit verbessert.<\/p>\n<p><b data-path-to-node=\"10,1,0\" data-index-in-node=\"0\">Glas-Sichtdeckel:<\/b> Der transparente Deckel erm\u00f6glicht es Ihnen, den Kochvorgang und den Zustand Ihrer Zutaten zu \u00fcberwachen, ohne dass Sie den Deckel anheben m\u00fcssen und Hitze verlieren.<\/p>\n<p data-pm-slice=\"0 0 []\"><b data-path-to-node=\"6,1,0\" data-index-in-node=\"0\">Vertikales Garen:<\/b> Er nutzt den vertikalen Raum und nicht die Breite, was sich hervorragend zum Kochen von langen Nudeln oder untergetauchten Zutaten wie Maiskolben eignet.<\/p>\n<p data-pm-slice=\"0 0 []\">\u00a0<\/p>\n<p>\n<script src=\"chrome-extension:\/\/fpelahbljekknahkcaegamhcndkfpfnc\/iFrame.js\" type=\"text\/javascript\"><\/script><\/p>","protected":false},"featured_media":5382,"comment_status":"closed","ping_status":"closed","template":"","meta":{"_acf_changed":false},"product_brand":[],"product_cat":[24,72],"product_tag":[],"class_list":{"0":"post-5380","1":"product","2":"type-product","3":"status-publish","4":"has-post-thumbnail","6":"product_cat-cookware","7":"product_cat-fryer-pots","9":"first","10":"instock","11":"shipping-taxable","12":"product-type-simple"},"acf":[],"_links":{"self":[{"href":"https:\/\/www.purecook.com\/de\/wp-json\/wp\/v2\/product\/5380","targetHints":{"allow":["GET"]}}],"collection":[{"href":"https:\/\/www.purecook.com\/de\/wp-json\/wp\/v2\/product"}],"about":[{"href":"https:\/\/www.purecook.com\/de\/wp-json\/wp\/v2\/types\/product"}],"replies":[{"embeddable":true,"href":"https:\/\/www.purecook.com\/de\/wp-json\/wp\/v2\/comments?post=5380"}],"wp:featuredmedia":[{"embeddable":true,"href":"https:\/\/www.purecook.com\/de\/wp-json\/wp\/v2\/media\/5382"}],"wp:attachment":[{"href":"https:\/\/www.purecook.com\/de\/wp-json\/wp\/v2\/media?parent=5380"}],"wp:term":[{"taxonomy":"product_brand","embeddable":true,"href":"https:\/\/www.purecook.com\/de\/wp-json\/wp\/v2\/product_brand?post=5380"},{"taxonomy":"product_cat","embeddable":true,"href":"https:\/\/www.purecook.com\/de\/wp-json\/wp\/v2\/product_cat?post=5380"},{"taxonomy":"product_tag","embeddable":true,"href":"https:\/\/www.purecook.com\/de\/wp-json\/wp\/v2\/product_tag?post=5380"}],"curies":[{"name":"wp","href":"https:\/\/api.w.org\/{rel}","templated":true}]}}