{"id":5386,"date":"2026-01-24T17:49:38","date_gmt":"2026-01-24T09:49:38","guid":{"rendered":"https:\/\/www.purecook.com\/?post_type=product&#038;p=5386"},"modified":"2026-01-24T18:10:53","modified_gmt":"2026-01-24T10:10:53","slug":"wholesale-stock-pots","status":"publish","type":"product","link":"https:\/\/www.purecook.com\/de\/product\/wholesale-stock-pots\/","title":{"rendered":"Gro\u00dfhandel Stock T\u00f6pfe - Gro\u00dfe Kapazit\u00e4t (9.2L \/ 11L \/ 14L)"},"content":{"rendered":"<div class=\"wp-block-columns is-layout-flex wp-container-core-columns-is-layout-9d6595d7 wp-block-columns-is-layout-flex\">\n<div class=\"wp-block-column is-layout-flow wp-block-column-is-layout-flow\">\n<h3 class=\"wp-block-heading\">Parameter der Vorratsbeh\u00e4lter<\/h3>\n\n\n\n<p><strong>Material:<\/strong> Rostfreier Stahl<br><strong>Normale Dicke:<\/strong> 0,5 mm<br><strong>Deckel:<\/strong> Glas-Deckel<br><strong>Unten: <\/strong>Induktion Sandwichboden (SUS+1 mm Alu.+SUS)<br><strong>Logo:<\/strong> Siebdruck\/Lasergravur\/gepr\u00e4gter Stempel<br><strong>Griff &amp; Deckelknopf:<\/strong> Rostfreier Stahl<br><strong>Kapazit\u00e4t: <\/strong>9,2L \/ 11L \/ 14L<br><\/p>\n<\/div>\n\n\n\n<div class=\"wp-block-column is-layout-flow wp-block-column-is-layout-flow\">\n<h3 class=\"wp-block-heading\">Individuelle Kochgeschirr-Optionen<\/h3>\n\n\n\n<p><strong>Material:<\/strong> Rostfreier Stahl SUS#201\/304\/410\/430<br><strong>Handgriff:<\/strong> Griffe f\u00fcr Ihren Stil<br><strong>Logo: <\/strong>Anpassbar mit Ihrem Markenlogo<br><strong>Verpackung:<\/strong> Farbkasten\/Karton, etc.<\/p>\n<\/div>\n<\/div>\n\n\n\n<div class=\"wp-block-columns is-layout-flex wp-container-core-columns-is-layout-9d6595d7 wp-block-columns-is-layout-flex\">\n<div class=\"wp-block-column is-layout-flow wp-block-column-is-layout-flow\">\n<figure class=\"wp-block-image size-full\"><img decoding=\"async\" width=\"750\" height=\"750\" src=\"https:\/\/www.purecook.com\/wp-content\/uploads\/2026\/01\/wholesale-stock-pots-1.webp\" alt=\"Gro\u00dfhandel mit Vorratst\u00f6pfen (1)\" class=\"wp-image-5387\" srcset=\"https:\/\/www.purecook.com\/wp-content\/uploads\/2026\/01\/wholesale-stock-pots-1.webp 750w, https:\/\/www.purecook.com\/wp-content\/uploads\/2026\/01\/wholesale-stock-pots-1-300x300.webp 300w, https:\/\/www.purecook.com\/wp-content\/uploads\/2026\/01\/wholesale-stock-pots-1-150x150.webp 150w, https:\/\/www.purecook.com\/wp-content\/uploads\/2026\/01\/wholesale-stock-pots-1-12x12.webp 12w, https:\/\/www.purecook.com\/wp-content\/uploads\/2026\/01\/wholesale-stock-pots-1-600x600.webp 600w, https:\/\/www.purecook.com\/wp-content\/uploads\/2026\/01\/wholesale-stock-pots-1-100x100.webp 100w\" sizes=\"(max-width: 750px) 100vw, 750px\" \/><\/figure>\n<\/div>\n\n\n\n<div class=\"wp-block-column is-layout-flow wp-block-column-is-layout-flow\">\n<figure class=\"wp-block-image size-full\"><img decoding=\"async\" width=\"800\" height=\"800\" src=\"https:\/\/www.purecook.com\/wp-content\/uploads\/2026\/01\/wholesale-stock-pots-2.webp\" alt=\"Gro\u00dfhandel mit Vorratst\u00f6pfen (2)\" class=\"wp-image-5388\" srcset=\"https:\/\/www.purecook.com\/wp-content\/uploads\/2026\/01\/wholesale-stock-pots-2.webp 800w, https:\/\/www.purecook.com\/wp-content\/uploads\/2026\/01\/wholesale-stock-pots-2-300x300.webp 300w, https:\/\/www.purecook.com\/wp-content\/uploads\/2026\/01\/wholesale-stock-pots-2-150x150.webp 150w, https:\/\/www.purecook.com\/wp-content\/uploads\/2026\/01\/wholesale-stock-pots-2-768x768.webp 768w, https:\/\/www.purecook.com\/wp-content\/uploads\/2026\/01\/wholesale-stock-pots-2-12x12.webp 12w, https:\/\/www.purecook.com\/wp-content\/uploads\/2026\/01\/wholesale-stock-pots-2-600x600.webp 600w, https:\/\/www.purecook.com\/wp-content\/uploads\/2026\/01\/wholesale-stock-pots-2-100x100.webp 100w\" sizes=\"(max-width: 800px) 100vw, 800px\" \/><\/figure>\n<\/div>\n<\/div>\n\n\n\n<div class=\"wp-block-columns is-layout-flex wp-container-core-columns-is-layout-9d6595d7 wp-block-columns-is-layout-flex\">\n<div class=\"wp-block-column is-layout-flow wp-block-column-is-layout-flow\"><\/div>\n\n\n\n<div class=\"wp-block-column is-layout-flow wp-block-column-is-layout-flow\"><\/div>\n<\/div>","protected":false},"excerpt":{"rendered":"<p>Vorratst\u00f6pfe f\u00fcr den Gro\u00dfhandel. Diese Suppent\u00f6pfe mit gro\u00dfem Fassungsverm\u00f6gen eignen sich perfekt f\u00fcr Restaurants, Cateringservices und Profik\u00fcchen und machen das Kochen in gro\u00dfen Mengen m\u00fchelos. Sie sind in den Gr\u00f6\u00dfen 9,2 l, 11 l und 14 l erh\u00e4ltlich und eignen sich hervorragend f\u00fcr Suppen, Br\u00fchen, So\u00dfen, Nudeln und vieles mehr.<\/p>\n<h2>Eigenschaften von Edelstahlt\u00f6pfen<\/h2>\n<p><strong>Kompatibilit\u00e4t mit mehreren W\u00e4rmequellen:<\/strong> Diese Br\u00fche-T\u00f6pfe sind f\u00fcr Gas-, Elektro- und Induktionsherde geeignet.<\/p>\n<p><strong>Optionen f\u00fcr gro\u00dfe Kapazit\u00e4t:<\/strong> Verf\u00fcgbar in <strong>9.2L, 11L und 14L<\/strong> Gr\u00f6\u00dfen sind sie ideal f\u00fcr das Kochen in gro\u00dfen Mengen, das Garen von Knochenbr\u00fchen, das Kochen von Nudeln oder die Zubereitung gro\u00dfer Familienmahlzeiten.<\/p>\n<p data-pm-slice=\"0 0 []\"><strong>Hohe Effizienz f\u00fcr den gewerblichen Einsatz:<\/strong> Entwickelt, um gro\u00dfe Mengen zu kochen, die Chargenh\u00e4ufigkeit zu reduzieren und Zeit, Energie und Arbeitskraft in Spitzenzeiten in der K\u00fcche zu sparen.<\/p>\n<p data-pm-slice=\"0 0 []\"><b data-path-to-node=\"6,0,0\" data-index-in-node=\"0\">Sp\u00fclmaschinenfest:<\/b> Diese gro\u00dfvolumigen Suppent\u00f6pfe sind komplett sp\u00fclmaschinenfest, was in Gro\u00dfk\u00fcchen, in denen Zeit eine wichtige Rolle spielt, Zeit spart und die Arbeitskosten reduziert.<\/p>\n<p data-pm-slice=\"0 0 []\"><strong>Ideal f\u00fcr Gro\u00dfhandel und Gro\u00dfabnehmer:<\/strong> Als einer der f\u00fchrenden Kochgeschirrhersteller Chinas sorgen wir mit standardisierten Gr\u00f6\u00dfen, gleichbleibender Qualit\u00e4t und effizienten Produktionslinien daf\u00fcr, dass auch gro\u00dfe Mengen schnell und zuverl\u00e4ssig geliefert werden k\u00f6nnen.<\/p>\n<p>\n<script src=\"chrome-extension:\/\/fpelahbljekknahkcaegamhcndkfpfnc\/iFrame.js\" type=\"text\/javascript\"><\/script><\/p>","protected":false},"featured_media":5387,"comment_status":"closed","ping_status":"closed","template":"","meta":{"_acf_changed":false},"product_brand":[],"product_cat":[24,70],"product_tag":[],"class_list":{"0":"post-5386","1":"product","2":"type-product","3":"status-publish","4":"has-post-thumbnail","6":"product_cat-cookware","7":"product_cat-soup-and-stock-pots","9":"first","10":"instock","11":"shipping-taxable","12":"product-type-simple"},"acf":[],"_links":{"self":[{"href":"https:\/\/www.purecook.com\/de\/wp-json\/wp\/v2\/product\/5386","targetHints":{"allow":["GET"]}}],"collection":[{"href":"https:\/\/www.purecook.com\/de\/wp-json\/wp\/v2\/product"}],"about":[{"href":"https:\/\/www.purecook.com\/de\/wp-json\/wp\/v2\/types\/product"}],"replies":[{"embeddable":true,"href":"https:\/\/www.purecook.com\/de\/wp-json\/wp\/v2\/comments?post=5386"}],"wp:featuredmedia":[{"embeddable":true,"href":"https:\/\/www.purecook.com\/de\/wp-json\/wp\/v2\/media\/5387"}],"wp:attachment":[{"href":"https:\/\/www.purecook.com\/de\/wp-json\/wp\/v2\/media?parent=5386"}],"wp:term":[{"taxonomy":"product_brand","embeddable":true,"href":"https:\/\/www.purecook.com\/de\/wp-json\/wp\/v2\/product_brand?post=5386"},{"taxonomy":"product_cat","embeddable":true,"href":"https:\/\/www.purecook.com\/de\/wp-json\/wp\/v2\/product_cat?post=5386"},{"taxonomy":"product_tag","embeddable":true,"href":"https:\/\/www.purecook.com\/de\/wp-json\/wp\/v2\/product_tag?post=5386"}],"curies":[{"name":"wp","href":"https:\/\/api.w.org\/{rel}","templated":true}]}}