{"id":5392,"date":"2026-01-26T15:07:42","date_gmt":"2026-01-26T07:07:42","guid":{"rendered":"https:\/\/www.purecook.com\/?post_type=product&#038;p=5392"},"modified":"2026-02-06T07:50:02","modified_gmt":"2026-02-05T23:50:02","slug":"wholesale-cook-serve-cookware-set","status":"publish","type":"product","link":"https:\/\/www.purecook.com\/de\/product\/wholesale-cook-serve-cookware-set\/","title":{"rendered":"Abriebfestes Edelstahl-Kochgeschirr-Set - Cook &amp; Serve Kochgeschirr-Set f\u00fcr Zuhause"},"content":{"rendered":"<div class=\"wp-block-columns is-layout-flex wp-container-core-columns-is-layout-9d6595d7 wp-block-columns-is-layout-flex\">\n<div class=\"wp-block-column is-layout-flow wp-block-column-is-layout-flow\">\n<h3 class=\"wp-block-heading\">Parameter von Kochgeschirr aus Edelstahl<\/h3>\n\n\n\n<p><strong>Material:<\/strong> Rostfreier Stahl<br><strong>Griff &amp; Deckelknopf:<\/strong> Rostfreier Stahl<br><strong>Logo: <\/strong>Siebdruck\/Lasergravur\/gepr\u00e4gter Stempel<br><strong>Gr\u00f6\u00dfe:<\/strong>16\/18\/20cm<\/p>\n<\/div>\n\n\n\n<div class=\"wp-block-column is-layout-flow wp-block-column-is-layout-flow\">\n<h3 class=\"wp-block-heading\">Individuelle Kochgeschirr-Optionen<\/h3>\n\n\n\n<p><strong>Logo:<\/strong> Anpassbar mit Ihrem Markenlogo<br><strong>Verpackung:<\/strong>&nbsp;Farbige Schachtel\/Karton, etc<br><strong>Handgriff: <\/strong>Griffe f\u00fcr Ihren Stil<\/p>\n<\/div>\n<\/div>\n\n\n\n<div class=\"wp-block-columns is-layout-flex wp-container-core-columns-is-layout-9d6595d7 wp-block-columns-is-layout-flex\">\n<div class=\"wp-block-column is-layout-flow wp-block-column-is-layout-flow\">\n<figure class=\"wp-block-image size-full\"><img decoding=\"async\" width=\"800\" height=\"800\" src=\"https:\/\/www.purecook.com\/wp-content\/uploads\/2026\/01\/non-abrasive-process-stainless-steel-cookware-set-2.webp\" alt=\"abriebfestes Edelstahl-Kochgeschirr-Set (2)\" class=\"wp-image-5394\" srcset=\"https:\/\/www.purecook.com\/wp-content\/uploads\/2026\/01\/non-abrasive-process-stainless-steel-cookware-set-2.webp 800w, https:\/\/www.purecook.com\/wp-content\/uploads\/2026\/01\/non-abrasive-process-stainless-steel-cookware-set-2-300x300.webp 300w, https:\/\/www.purecook.com\/wp-content\/uploads\/2026\/01\/non-abrasive-process-stainless-steel-cookware-set-2-150x150.webp 150w, https:\/\/www.purecook.com\/wp-content\/uploads\/2026\/01\/non-abrasive-process-stainless-steel-cookware-set-2-768x768.webp 768w, https:\/\/www.purecook.com\/wp-content\/uploads\/2026\/01\/non-abrasive-process-stainless-steel-cookware-set-2-12x12.webp 12w, https:\/\/www.purecook.com\/wp-content\/uploads\/2026\/01\/non-abrasive-process-stainless-steel-cookware-set-2-600x600.webp 600w, https:\/\/www.purecook.com\/wp-content\/uploads\/2026\/01\/non-abrasive-process-stainless-steel-cookware-set-2-100x100.webp 100w\" sizes=\"(max-width: 800px) 100vw, 800px\" \/><\/figure>\n<\/div>\n\n\n\n<div class=\"wp-block-column is-layout-flow wp-block-column-is-layout-flow\">\n<figure class=\"wp-block-image size-full\"><img decoding=\"async\" width=\"800\" height=\"800\" src=\"https:\/\/www.purecook.com\/wp-content\/uploads\/2026\/01\/non-abrasive-process-stainless-steel-cookware-set-6.webp\" alt=\"abriebfestes Edelstahl-Kochgeschirr-Set (6)\" class=\"wp-image-5398\" srcset=\"https:\/\/www.purecook.com\/wp-content\/uploads\/2026\/01\/non-abrasive-process-stainless-steel-cookware-set-6.webp 800w, https:\/\/www.purecook.com\/wp-content\/uploads\/2026\/01\/non-abrasive-process-stainless-steel-cookware-set-6-300x300.webp 300w, https:\/\/www.purecook.com\/wp-content\/uploads\/2026\/01\/non-abrasive-process-stainless-steel-cookware-set-6-150x150.webp 150w, https:\/\/www.purecook.com\/wp-content\/uploads\/2026\/01\/non-abrasive-process-stainless-steel-cookware-set-6-768x768.webp 768w, https:\/\/www.purecook.com\/wp-content\/uploads\/2026\/01\/non-abrasive-process-stainless-steel-cookware-set-6-12x12.webp 12w, https:\/\/www.purecook.com\/wp-content\/uploads\/2026\/01\/non-abrasive-process-stainless-steel-cookware-set-6-600x600.webp 600w, https:\/\/www.purecook.com\/wp-content\/uploads\/2026\/01\/non-abrasive-process-stainless-steel-cookware-set-6-100x100.webp 100w\" sizes=\"(max-width: 800px) 100vw, 800px\" \/><\/figure>\n<\/div>\n<\/div>","protected":false},"excerpt":{"rendered":"<p>Dieses Kochgeschirr aus Edelstahl wurde f\u00fcr moderne K\u00fcchen und zeitgem\u00e4\u00dfe Esskulturen entwickelt und geht nahtlos vom Kochen zum Servieren \u00fcber. Das Produkt nutzt ein nicht-abrasives Oberfl\u00e4chenbehandlungsverfahren, das eine glatte und gleichm\u00e4\u00dfige Oberfl\u00e4che erzielt und gleichzeitig die nat\u00fcrlichen Eigenschaften des Edelstahls bewahrt und seine Langlebigkeit und Pflegeleichtigkeit gew\u00e4hrleistet.<\/p>\n<h2>Merkmale des Edelstahl-Kochgeschirrsets Nonabrasive Process<\/h2>\n<p><strong>Nahtlos vom Herd auf den Tisch\u201c:<\/strong> Dieses Kochgeschirr kann sowohl als Kochgef\u00e4\u00df als auch als Servierplatte verwendet werden. Nachdem Sie Ihre Mahlzeit auf dem Gasherd zubereitet haben, k\u00f6nnen Sie sie einfach auf den Esstisch bringen.<\/p>\n<p data-pm-slice=\"0 0 []\"><strong>Stapelbar f\u00fcr effiziente Lagerung:<\/strong> Die einzelnen Teile sind so konstruiert, dass sie sauber ineinander passen und das gesamte Set vertikal gestapelt werden kann. Dadurch wird im Vergleich zu herk\u00f6mmlichem Kochgeschirr deutlich weniger Platz im Schrank und im Regal ben\u00f6tigt.<\/p>\n<p data-pm-slice=\"0 0 []\"><strong>Saubere, minimale \u00c4sthetik:<\/strong> Dieses Kochgeschirrset f\u00fcr den Gro\u00dfhandel ist so konzipiert, dass es perfekt zum Trend der minimalistischen K\u00fcche passt. Die glatte Edelstahloberfl\u00e4che sieht raffiniert aus und l\u00e4sst sich gut mit modernen, skandinavischen oder japanischen Tischen kombinieren.<\/p>\n<p data-pm-slice=\"0 0 []\"><strong>Glattere, verfeinerte Oberfl\u00e4che:<\/strong> Die nicht-abrasive Verarbeitung vermeidet aggressives mechanisches Schleifen oder Schmirgeln, was zu einer gleichm\u00e4\u00dfigeren, glatteren Oberfl\u00e4che f\u00fchrt. Diese verfeinerte Oberfl\u00e4che verbessert sowohl die Kochleistung als auch die optische Attraktivit\u00e4t.<\/p>\n<p data-pm-slice=\"0 0 []\"><strong>Vielseitige Kochm\u00f6glichkeiten:<\/strong> Geeignet zum Kochen, D\u00fcnsten, D\u00e4mpfen und Servieren einer Vielzahl von Gerichten, von Suppen und Reis bis hin zu Gem\u00fcse und gemeinsamen Mahlzeiten.<\/p>\n<p>\n<script src=\"chrome-extension:\/\/fpelahbljekknahkcaegamhcndkfpfnc\/iFrame.js\" type=\"text\/javascript\"><\/script><\/p>","protected":false},"featured_media":5393,"comment_status":"closed","ping_status":"closed","template":"","meta":{"_acf_changed":false},"product_brand":[],"product_cat":[24,69],"product_tag":[],"class_list":{"0":"post-5392","1":"product","2":"type-product","3":"status-publish","4":"has-post-thumbnail","6":"product_cat-cookware","7":"product_cat-cookware-sets","9":"first","10":"instock","11":"shipping-taxable","12":"product-type-simple"},"acf":[],"_links":{"self":[{"href":"https:\/\/www.purecook.com\/de\/wp-json\/wp\/v2\/product\/5392","targetHints":{"allow":["GET"]}}],"collection":[{"href":"https:\/\/www.purecook.com\/de\/wp-json\/wp\/v2\/product"}],"about":[{"href":"https:\/\/www.purecook.com\/de\/wp-json\/wp\/v2\/types\/product"}],"replies":[{"embeddable":true,"href":"https:\/\/www.purecook.com\/de\/wp-json\/wp\/v2\/comments?post=5392"}],"wp:featuredmedia":[{"embeddable":true,"href":"https:\/\/www.purecook.com\/de\/wp-json\/wp\/v2\/media\/5393"}],"wp:attachment":[{"href":"https:\/\/www.purecook.com\/de\/wp-json\/wp\/v2\/media?parent=5392"}],"wp:term":[{"taxonomy":"product_brand","embeddable":true,"href":"https:\/\/www.purecook.com\/de\/wp-json\/wp\/v2\/product_brand?post=5392"},{"taxonomy":"product_cat","embeddable":true,"href":"https:\/\/www.purecook.com\/de\/wp-json\/wp\/v2\/product_cat?post=5392"},{"taxonomy":"product_tag","embeddable":true,"href":"https:\/\/www.purecook.com\/de\/wp-json\/wp\/v2\/product_tag?post=5392"}],"curies":[{"name":"wp","href":"https:\/\/api.w.org\/{rel}","templated":true}]}}