{"id":5399,"date":"2026-01-26T16:05:13","date_gmt":"2026-01-26T07:53:59","guid":{"rendered":"https:\/\/www.purecook.com\/?post_type=product&#038;p=5399"},"modified":"2026-01-26T16:08:15","modified_gmt":"2026-01-26T08:08:15","slug":"wholesale-pp-plastic-dinnerware-sets","status":"publish","type":"product","link":"https:\/\/www.purecook.com\/de\/product\/wholesale-pp-plastic-dinnerware-sets\/","title":{"rendered":"Gro\u00dfhandel Lebensmittelsicherheit PP Kunststoffgeschirr Sets"},"content":{"rendered":"<div class=\"wp-block-columns is-layout-flex wp-container-core-columns-is-layout-9d6595d7 wp-block-columns-is-layout-flex\">\n<div class=\"wp-block-column is-layout-flow wp-block-column-is-layout-flow\">\n<h3 class=\"wp-block-heading\">Parameter von Plastikgeschirr-Sets<\/h3>\n\n\n\n<p><strong>Material:<\/strong> PP<br><strong>Farbe:<\/strong> beige<\/p>\n<\/div>\n\n\n\n<div class=\"wp-block-column is-layout-flow wp-block-column-is-layout-flow\">\n<h3 class=\"wp-block-heading\">Individuelle Kochgeschirr-Optionen<\/h3>\n\n\n\n<p><strong>Logo:<\/strong> Anpassbar mit Ihrem Markenlogo<br><strong>Verpackung:<\/strong>&nbsp;Farbige Schachtel\/Karton, etc<\/p>\n<\/div>\n<\/div>\n\n\n\n<div class=\"wp-block-columns is-layout-flex wp-container-core-columns-is-layout-9d6595d7 wp-block-columns-is-layout-flex\">\n<div class=\"wp-block-column is-layout-flow wp-block-column-is-layout-flow\">\n<figure class=\"wp-block-image size-full\"><img decoding=\"async\" width=\"800\" height=\"800\" src=\"https:\/\/www.purecook.com\/wp-content\/uploads\/2026\/01\/wholesale-pp-plastic-dinnerware-sets-4.webp\" alt=\"Gro\u00dfhandel pp plastikgeschirr sets (4)\" class=\"wp-image-5403\" srcset=\"https:\/\/www.purecook.com\/wp-content\/uploads\/2026\/01\/wholesale-pp-plastic-dinnerware-sets-4.webp 800w, https:\/\/www.purecook.com\/wp-content\/uploads\/2026\/01\/wholesale-pp-plastic-dinnerware-sets-4-300x300.webp 300w, https:\/\/www.purecook.com\/wp-content\/uploads\/2026\/01\/wholesale-pp-plastic-dinnerware-sets-4-150x150.webp 150w, https:\/\/www.purecook.com\/wp-content\/uploads\/2026\/01\/wholesale-pp-plastic-dinnerware-sets-4-768x768.webp 768w, https:\/\/www.purecook.com\/wp-content\/uploads\/2026\/01\/wholesale-pp-plastic-dinnerware-sets-4-12x12.webp 12w, https:\/\/www.purecook.com\/wp-content\/uploads\/2026\/01\/wholesale-pp-plastic-dinnerware-sets-4-600x600.webp 600w, https:\/\/www.purecook.com\/wp-content\/uploads\/2026\/01\/wholesale-pp-plastic-dinnerware-sets-4-100x100.webp 100w\" sizes=\"(max-width: 800px) 100vw, 800px\" \/><\/figure>\n<\/div>\n\n\n\n<div class=\"wp-block-column is-layout-flow wp-block-column-is-layout-flow\">\n<figure class=\"wp-block-image size-full\"><img decoding=\"async\" width=\"800\" height=\"800\" src=\"https:\/\/www.purecook.com\/wp-content\/uploads\/2026\/01\/wholesale-pp-plastic-dinnerware-sets-5.webp\" alt=\"Gro\u00dfhandel pp plastikgeschirr sets (5)\" class=\"wp-image-5404\" srcset=\"https:\/\/www.purecook.com\/wp-content\/uploads\/2026\/01\/wholesale-pp-plastic-dinnerware-sets-5.webp 800w, https:\/\/www.purecook.com\/wp-content\/uploads\/2026\/01\/wholesale-pp-plastic-dinnerware-sets-5-300x300.webp 300w, https:\/\/www.purecook.com\/wp-content\/uploads\/2026\/01\/wholesale-pp-plastic-dinnerware-sets-5-150x150.webp 150w, https:\/\/www.purecook.com\/wp-content\/uploads\/2026\/01\/wholesale-pp-plastic-dinnerware-sets-5-768x768.webp 768w, https:\/\/www.purecook.com\/wp-content\/uploads\/2026\/01\/wholesale-pp-plastic-dinnerware-sets-5-12x12.webp 12w, https:\/\/www.purecook.com\/wp-content\/uploads\/2026\/01\/wholesale-pp-plastic-dinnerware-sets-5-600x600.webp 600w, https:\/\/www.purecook.com\/wp-content\/uploads\/2026\/01\/wholesale-pp-plastic-dinnerware-sets-5-100x100.webp 100w\" sizes=\"(max-width: 800px) 100vw, 800px\" \/><\/figure>\n<\/div>\n<\/div>","protected":false},"excerpt":{"rendered":"<p>Die lebensmittelechten PP-Kunststoffgeschirrsets f\u00fcr den Gro\u00dfhandel sind so konzipiert, dass sie den Anforderungen der modernen Gastronomie und der Versorgung in gro\u00dfem Ma\u00dfstab gerecht werden. Aus lebensmittelechtem, BPA-freiem PP-Kunststoff hergestellt, sind diese Geschirrsets sicher f\u00fcr den t\u00e4glichen Gebrauch mit hei\u00dfen und kalten Speisen. Erh\u00e4ltlich in gro\u00dfen Mengen mit<strong data-start=\"675\" data-end=\"708\"> OEM\/ODM-Anpassungsoptionen <\/strong>f\u00fcr Farben, Gr\u00f6\u00dfen, Logos und Verpackungen, kontaktieren Sie uns f\u00fcr ein Angebot.<\/p>\n<h2>Merkmale von PP-Plastikgeschirr-Sets<\/h2>\n<p><strong>Unzerbrechlich und bruchsicher:<\/strong> Im Gegensatz zu Keramik oder Glas zerbrechen diese PP-Teller und -Schalen nicht, selbst wenn sie fallen gelassen werden, was sie ideal f\u00fcr Familien mit Kindern und \u00e4ltere Menschen macht.<\/p>\n<p><strong>Lebensmittelgeeignetes Material:<\/strong> Hergestellt aus lebensmittelechtem PP\u201c, d. h. BPA-frei und ungiftig, so dass keine sch\u00e4dlichen Chemikalien in hei\u00dfe oder kalte Speisen gelangen k\u00f6nnen.<\/p>\n<p><strong>F\u00fcr den Innen- und Au\u00dfenbereich geeignet:<\/strong> Durch ihr geringes Gewicht und ihre Langlebigkeit eignen sie sich perfekt f\u00fcr die Terrasse, das Wohnmobil, den Campingplatz und das Essen am Pool - Orte, an denen Glaswaren normalerweise verboten sind.<\/p>\n<p><strong>Leicht zu reinigen und zu pflegen:<\/strong> Die glatte Oberfl\u00e4che ist schmutzabweisend und leicht abwaschbar, was eine hygienische und problemlose Reinigung erm\u00f6glicht.<\/p>\n<p><strong>Gro\u00dfhandel &amp; anpassbar:<\/strong> Erh\u00e4ltlich in gro\u00dfen Mengen mit OEM\/ODM-Optionen, einschlie\u00dflich Farben, Gr\u00f6\u00dfen, Logos und Verpackungen.<\/p>\n<p>\n<script src=\"chrome-extension:\/\/fpelahbljekknahkcaegamhcndkfpfnc\/iFrame.js\" type=\"text\/javascript\"><\/script><\/p>","protected":false},"featured_media":5400,"comment_status":"closed","ping_status":"closed","template":"","meta":{"_acf_changed":false},"product_brand":[],"product_cat":[51],"product_tag":[],"class_list":{"0":"post-5399","1":"product","2":"type-product","3":"status-publish","4":"has-post-thumbnail","6":"product_cat-dinnerware","8":"first","9":"instock","10":"shipping-taxable","11":"product-type-simple"},"acf":[],"_links":{"self":[{"href":"https:\/\/www.purecook.com\/de\/wp-json\/wp\/v2\/product\/5399","targetHints":{"allow":["GET"]}}],"collection":[{"href":"https:\/\/www.purecook.com\/de\/wp-json\/wp\/v2\/product"}],"about":[{"href":"https:\/\/www.purecook.com\/de\/wp-json\/wp\/v2\/types\/product"}],"replies":[{"embeddable":true,"href":"https:\/\/www.purecook.com\/de\/wp-json\/wp\/v2\/comments?post=5399"}],"wp:featuredmedia":[{"embeddable":true,"href":"https:\/\/www.purecook.com\/de\/wp-json\/wp\/v2\/media\/5400"}],"wp:attachment":[{"href":"https:\/\/www.purecook.com\/de\/wp-json\/wp\/v2\/media?parent=5399"}],"wp:term":[{"taxonomy":"product_brand","embeddable":true,"href":"https:\/\/www.purecook.com\/de\/wp-json\/wp\/v2\/product_brand?post=5399"},{"taxonomy":"product_cat","embeddable":true,"href":"https:\/\/www.purecook.com\/de\/wp-json\/wp\/v2\/product_cat?post=5399"},{"taxonomy":"product_tag","embeddable":true,"href":"https:\/\/www.purecook.com\/de\/wp-json\/wp\/v2\/product_tag?post=5399"}],"curies":[{"name":"wp","href":"https:\/\/api.w.org\/{rel}","templated":true}]}}