{"id":5406,"date":"2026-01-26T16:16:49","date_gmt":"2026-01-26T08:16:49","guid":{"rendered":"https:\/\/www.purecook.com\/?post_type=product&#038;p=5406"},"modified":"2026-01-26T17:03:34","modified_gmt":"2026-01-26T09:03:34","slug":"wholesale-deep-frying-pots","status":"publish","type":"product","link":"https:\/\/www.purecook.com\/de\/product\/wholesale-deep-frying-pots\/","title":{"rendered":"Gro\u00dfhandel Frittiertopf mit Sieb Korb 4.3L"},"content":{"rendered":"<div class=\"wp-block-columns is-layout-flex wp-container-core-columns-is-layout-9d6595d7 wp-block-columns-is-layout-flex\">\n<div class=\"wp-block-column is-layout-flow wp-block-column-is-layout-flow\">\n<h3 class=\"wp-block-heading\">Parameter des Frittiertopfs<\/h3>\n\n\n\n<p><strong>Material:<\/strong> Rostfreier Stahl<br><strong>Normale Dicke:<\/strong> 0,65 mm<br><strong>Deckel:<\/strong> Glas-Deckel<br><strong>Logo: <\/strong>Siebdruck\/Lasergravur\/gepr\u00e4gter Stempel<br><strong>Griff &amp; Deckelknopf:<\/strong> Rostfreier Stahl<br><strong>Gr\u00f6\u00dfe:<\/strong> 4.3L(16\u00d722cm)<\/p>\n<\/div>\n\n\n\n<div class=\"wp-block-column is-layout-flow wp-block-column-is-layout-flow\">\n<h3 class=\"wp-block-heading\">Individuelle Kochgeschirr-Optionen<\/h3>\n\n\n\n<p><strong>Logo:<\/strong> Anpassbar mit Ihrem Markenlogo<br><strong>Verpackung:<\/strong>&nbsp;Farbige Schachtel\/Karton, etc<br><strong>Handgriff: <\/strong>Griffe f\u00fcr Ihren Stil<\/p>\n<\/div>\n<\/div>\n\n\n\n<div class=\"wp-block-columns is-layout-flex wp-container-core-columns-is-layout-9d6595d7 wp-block-columns-is-layout-flex\">\n<div class=\"wp-block-column is-layout-flow wp-block-column-is-layout-flow\">\n<figure class=\"wp-block-image size-full\"><img decoding=\"async\" width=\"800\" height=\"800\" src=\"https:\/\/www.purecook.com\/wp-content\/uploads\/2026\/01\/deep-frying-pot-dimension.webp\" alt=\"Frittiertopf Dimension\" class=\"wp-image-5407\" srcset=\"https:\/\/www.purecook.com\/wp-content\/uploads\/2026\/01\/deep-frying-pot-dimension.webp 800w, https:\/\/www.purecook.com\/wp-content\/uploads\/2026\/01\/deep-frying-pot-dimension-300x300.webp 300w, https:\/\/www.purecook.com\/wp-content\/uploads\/2026\/01\/deep-frying-pot-dimension-150x150.webp 150w, https:\/\/www.purecook.com\/wp-content\/uploads\/2026\/01\/deep-frying-pot-dimension-768x768.webp 768w, https:\/\/www.purecook.com\/wp-content\/uploads\/2026\/01\/deep-frying-pot-dimension-12x12.webp 12w, https:\/\/www.purecook.com\/wp-content\/uploads\/2026\/01\/deep-frying-pot-dimension-600x600.webp 600w, https:\/\/www.purecook.com\/wp-content\/uploads\/2026\/01\/deep-frying-pot-dimension-100x100.webp 100w\" sizes=\"(max-width: 800px) 100vw, 800px\" \/><\/figure>\n<\/div>\n\n\n\n<div class=\"wp-block-column is-layout-flow wp-block-column-is-layout-flow\"><\/div>\n<\/div>\n\n\n\n<div class=\"wp-block-columns is-layout-flex wp-container-core-columns-is-layout-9d6595d7 wp-block-columns-is-layout-flex\">\n<div class=\"wp-block-column is-layout-flow wp-block-column-is-layout-flow\">\n<figure class=\"wp-block-image size-full\"><img decoding=\"async\" width=\"800\" height=\"800\" src=\"https:\/\/www.purecook.com\/wp-content\/uploads\/2026\/01\/wholesale-deep-frying-pot-4.3L-4.webp\" alt=\"Gro\u00dfhandel Frittiertopf 4.3L (4)\" class=\"wp-image-5411\" srcset=\"https:\/\/www.purecook.com\/wp-content\/uploads\/2026\/01\/wholesale-deep-frying-pot-4.3L-4.webp 800w, https:\/\/www.purecook.com\/wp-content\/uploads\/2026\/01\/wholesale-deep-frying-pot-4.3L-4-300x300.webp 300w, https:\/\/www.purecook.com\/wp-content\/uploads\/2026\/01\/wholesale-deep-frying-pot-4.3L-4-150x150.webp 150w, https:\/\/www.purecook.com\/wp-content\/uploads\/2026\/01\/wholesale-deep-frying-pot-4.3L-4-768x768.webp 768w, https:\/\/www.purecook.com\/wp-content\/uploads\/2026\/01\/wholesale-deep-frying-pot-4.3L-4-12x12.webp 12w, https:\/\/www.purecook.com\/wp-content\/uploads\/2026\/01\/wholesale-deep-frying-pot-4.3L-4-600x600.webp 600w, https:\/\/www.purecook.com\/wp-content\/uploads\/2026\/01\/wholesale-deep-frying-pot-4.3L-4-100x100.webp 100w\" sizes=\"(max-width: 800px) 100vw, 800px\" \/><\/figure>\n<\/div>\n\n\n\n<div class=\"wp-block-column is-layout-flow wp-block-column-is-layout-flow\">\n<figure class=\"wp-block-image size-full\"><img decoding=\"async\" width=\"1440\" height=\"1440\" src=\"https:\/\/www.purecook.com\/wp-content\/uploads\/2026\/01\/wholesale-deep-frying-pot-4.3L-5.webp\" alt=\"Gro\u00dfhandel Frittiertopf 4.3L (5)\" class=\"wp-image-5412\" srcset=\"https:\/\/www.purecook.com\/wp-content\/uploads\/2026\/01\/wholesale-deep-frying-pot-4.3L-5.webp 1440w, https:\/\/www.purecook.com\/wp-content\/uploads\/2026\/01\/wholesale-deep-frying-pot-4.3L-5-300x300.webp 300w, https:\/\/www.purecook.com\/wp-content\/uploads\/2026\/01\/wholesale-deep-frying-pot-4.3L-5-150x150.webp 150w, https:\/\/www.purecook.com\/wp-content\/uploads\/2026\/01\/wholesale-deep-frying-pot-4.3L-5-768x768.webp 768w, https:\/\/www.purecook.com\/wp-content\/uploads\/2026\/01\/wholesale-deep-frying-pot-4.3L-5-12x12.webp 12w, https:\/\/www.purecook.com\/wp-content\/uploads\/2026\/01\/wholesale-deep-frying-pot-4.3L-5-600x600.webp 600w, https:\/\/www.purecook.com\/wp-content\/uploads\/2026\/01\/wholesale-deep-frying-pot-4.3L-5-100x100.webp 100w\" sizes=\"(max-width: 1440px) 100vw, 1440px\" \/><\/figure>\n<\/div>\n<\/div>","protected":false},"excerpt":{"rendered":"<p>Diese 4,3-Liter-Fritteuse ist mit einem Siebkorb ausgestattet, in dem verschiedene Lebensmittel wie Pommes frites, H\u00e4hnchen und Meeresfr\u00fcchte problemlos frittiert werden k\u00f6nnen. Die Fritteuse kann auch zum Kochen von Oden und Nudeln verwendet werden und bietet so eine gro\u00dfe Vielseitigkeit f\u00fcr unterschiedliche Kochbed\u00fcrfnisse.<\/p>\n<p>Das Fassungsverm\u00f6gen von 4,3 Litern eignet sich f\u00fcr den allt\u00e4glichen Gebrauch in der Familie und kann auch f\u00fcr kleine Essenssituationen genutzt werden.<\/p>\n<p>Als Fachmann <a href=\"https:\/\/www.purecook.com\/de\/produktkategorie\/kochgeschirr\/\" target=\"_blank\" rel=\"noopener\"><strong>Kochgeschirrhersteller<\/strong><\/a>, Wir f\u00fchren eine strenge Qualit\u00e4tskontrolle durch und unterst\u00fctzen den Gro\u00dfhandel und OEM\/ODM-Anpassungsdienste. Bitte kontaktieren Sie uns.<\/p>\n<h2>Eigenschaften von Frittiertopf<\/h2>\n<p><strong>Multifunktionales Kochdesign:<\/strong><\/p>\n<p>Sein hohes, zylindrisches Design macht ihn \u00e4u\u00dferst vielseitig und eignet sich f\u00fcr eine Vielzahl von K\u00fcchenanwendungen.<\/p>\n<ul>\n<li>\n<p>Frittieren: Ideal f\u00fcr Pommes frites, Tempura und Fleischspie\u00dfe.<\/p>\n<\/li>\n<li>\n<p>Kochen und Blanchieren: Ideal f\u00fcr langes Gem\u00fcse (wie Spargel), Nudeln und Teigwaren.<\/p>\n<\/li>\n<li>\n<p>Spezialit\u00e4tenk\u00fcche: Die Tiefe ist perfekt f\u00fcr japanische Oden oder andere aufgespie\u00dfte und geschmorte Gerichte.<\/p>\n<\/li>\n<\/ul>\n<p data-pm-slice=\"0 0 []\"><strong>Eingebauter Siebkorb f\u00fcr einfaches Frittieren:<\/strong> Der mitgelieferte Siebkorb macht das Frittieren sicherer und bequemer. Heben Sie das Frittiergut direkt heraus, ohne das hei\u00dfe \u00d6l zu verspritzen, und lassen Sie das \u00fcbersch\u00fcssige \u00d6l zur\u00fcck in den Topf ablaufen - f\u00fcr eine schnellere Reinigung und knusprigere Ergebnisse!<\/p>\n<p><strong>Leicht zu reinigen:<\/strong> Die glatten Innenw\u00e4nde und der herausnehmbare Siebkorb erm\u00f6glichen eine schnelle Reinigung nach dem Gebrauch. Weniger schrubben, mehr Zeit zum Genie\u00dfen von gutem Essen.<\/p>\n<p>\n<script src=\"chrome-extension:\/\/fpelahbljekknahkcaegamhcndkfpfnc\/iFrame.js\" type=\"text\/javascript\"><\/script><\/p>","protected":false},"featured_media":5408,"comment_status":"closed","ping_status":"closed","template":"","meta":{"_acf_changed":false},"product_brand":[],"product_cat":[24,72],"product_tag":[],"class_list":{"0":"post-5406","1":"product","2":"type-product","3":"status-publish","4":"has-post-thumbnail","6":"product_cat-cookware","7":"product_cat-fryer-pots","9":"first","10":"instock","11":"shipping-taxable","12":"product-type-simple"},"acf":[],"_links":{"self":[{"href":"https:\/\/www.purecook.com\/de\/wp-json\/wp\/v2\/product\/5406","targetHints":{"allow":["GET"]}}],"collection":[{"href":"https:\/\/www.purecook.com\/de\/wp-json\/wp\/v2\/product"}],"about":[{"href":"https:\/\/www.purecook.com\/de\/wp-json\/wp\/v2\/types\/product"}],"replies":[{"embeddable":true,"href":"https:\/\/www.purecook.com\/de\/wp-json\/wp\/v2\/comments?post=5406"}],"wp:featuredmedia":[{"embeddable":true,"href":"https:\/\/www.purecook.com\/de\/wp-json\/wp\/v2\/media\/5408"}],"wp:attachment":[{"href":"https:\/\/www.purecook.com\/de\/wp-json\/wp\/v2\/media?parent=5406"}],"wp:term":[{"taxonomy":"product_brand","embeddable":true,"href":"https:\/\/www.purecook.com\/de\/wp-json\/wp\/v2\/product_brand?post=5406"},{"taxonomy":"product_cat","embeddable":true,"href":"https:\/\/www.purecook.com\/de\/wp-json\/wp\/v2\/product_cat?post=5406"},{"taxonomy":"product_tag","embeddable":true,"href":"https:\/\/www.purecook.com\/de\/wp-json\/wp\/v2\/product_tag?post=5406"}],"curies":[{"name":"wp","href":"https:\/\/api.w.org\/{rel}","templated":true}]}}