{"id":5761,"date":"2026-04-13T16:07:20","date_gmt":"2026-04-13T08:07:20","guid":{"rendered":"https:\/\/www.purecook.com\/?post_type=product&#038;p=5761"},"modified":"2026-04-13T16:47:09","modified_gmt":"2026-04-13T08:47:09","slug":"wholesale-retro-textured-metal-serving-plates","status":"publish","type":"product","link":"https:\/\/www.purecook.com\/de\/product\/wholesale-retro-textured-metal-serving-plates\/","title":{"rendered":"Gro\u00dfhandel texturierte Metall Servierplatten, High-End-Retro-Stil Edelstahl-Geschirr"},"content":{"rendered":"<div class=\"wp-block-columns is-layout-flex wp-container-core-columns-is-layout-9d6595d7 wp-block-columns-is-layout-flex\">\n<div class=\"wp-block-column is-layout-flow wp-block-column-is-layout-flow\">\n<h3 class=\"wp-block-heading\">Parameter f\u00fcr Servierplatten aus Metall <\/h3>\n\n\n\n<p><strong>Material:<\/strong> 304 Edelstahl<br><strong>Normale Dicke:<\/strong> 0,55 \/ 1,1 mm<br><strong>Gr\u00f6\u00dfe: <\/strong>23 \/ 26 \/ 30 \/ 34 \/ 38cm <br><strong>Bruttogewicht:<\/strong> Weniger als 1,2 kg<br><strong>Logo:<\/strong> Siebdruck \/ Lasergravur \/ Pr\u00e4gestempel<\/p>\n<\/div>\n\n\n\n<div class=\"wp-block-column is-layout-flow wp-block-column-is-layout-flow\">\n<h3 class=\"wp-block-heading\">Kundenspezifische Optionen f\u00fcr K\u00fcchengeschirr<\/h3>\n\n\n\n<p><strong>Logo:<\/strong> Anpassbar mit Ihrem Markenlogo<br><strong>Verpackung:<\/strong>\u00a0Farbige Schachtel\/Karton, etc.<\/p>\n<\/div>\n<\/div>\n\n\n\n<div class=\"wp-block-columns is-layout-flex wp-container-core-columns-is-layout-9d6595d7 wp-block-columns-is-layout-flex\">\n<div class=\"wp-block-column is-layout-flow wp-block-column-is-layout-flow\">\n<figure class=\"wp-block-image size-full\"><img decoding=\"async\" width=\"800\" height=\"800\" src=\"https:\/\/www.purecook.com\/wp-content\/uploads\/2026\/04\/wholesale-textured-metal-serving-plates-1.webp\" alt=\"Gro\u00dfhandel texturierte Metall Servierplatten (1)\" class=\"wp-image-5762\" srcset=\"https:\/\/www.purecook.com\/wp-content\/uploads\/2026\/04\/wholesale-textured-metal-serving-plates-1.webp 800w, https:\/\/www.purecook.com\/wp-content\/uploads\/2026\/04\/wholesale-textured-metal-serving-plates-1-300x300.webp 300w, https:\/\/www.purecook.com\/wp-content\/uploads\/2026\/04\/wholesale-textured-metal-serving-plates-1-150x150.webp 150w, https:\/\/www.purecook.com\/wp-content\/uploads\/2026\/04\/wholesale-textured-metal-serving-plates-1-768x768.webp 768w, https:\/\/www.purecook.com\/wp-content\/uploads\/2026\/04\/wholesale-textured-metal-serving-plates-1-12x12.webp 12w, https:\/\/www.purecook.com\/wp-content\/uploads\/2026\/04\/wholesale-textured-metal-serving-plates-1-600x600.webp 600w, https:\/\/www.purecook.com\/wp-content\/uploads\/2026\/04\/wholesale-textured-metal-serving-plates-1-100x100.webp 100w\" sizes=\"(max-width: 800px) 100vw, 800px\" \/><\/figure>\n<\/div>\n\n\n\n<div class=\"wp-block-column is-layout-flow wp-block-column-is-layout-flow\">\n<figure class=\"wp-block-image size-full\"><img decoding=\"async\" width=\"800\" height=\"800\" src=\"https:\/\/www.purecook.com\/wp-content\/uploads\/2026\/04\/wholesale-textured-metal-serving-plates-2.webp\" alt=\"Gro\u00dfhandel texturierte Metall Servierplatten (2)\" class=\"wp-image-5763\" srcset=\"https:\/\/www.purecook.com\/wp-content\/uploads\/2026\/04\/wholesale-textured-metal-serving-plates-2.webp 800w, https:\/\/www.purecook.com\/wp-content\/uploads\/2026\/04\/wholesale-textured-metal-serving-plates-2-300x300.webp 300w, https:\/\/www.purecook.com\/wp-content\/uploads\/2026\/04\/wholesale-textured-metal-serving-plates-2-150x150.webp 150w, https:\/\/www.purecook.com\/wp-content\/uploads\/2026\/04\/wholesale-textured-metal-serving-plates-2-768x768.webp 768w, https:\/\/www.purecook.com\/wp-content\/uploads\/2026\/04\/wholesale-textured-metal-serving-plates-2-12x12.webp 12w, https:\/\/www.purecook.com\/wp-content\/uploads\/2026\/04\/wholesale-textured-metal-serving-plates-2-600x600.webp 600w, https:\/\/www.purecook.com\/wp-content\/uploads\/2026\/04\/wholesale-textured-metal-serving-plates-2-100x100.webp 100w\" sizes=\"(max-width: 800px) 100vw, 800px\" \/><\/figure>\n<\/div>\n<\/div>\n\n\n\n<div class=\"wp-block-columns is-layout-flex wp-container-core-columns-is-layout-9d6595d7 wp-block-columns-is-layout-flex\">\n<div class=\"wp-block-column is-layout-flow wp-block-column-is-layout-flow\"><\/div>\n\n\n\n<div class=\"wp-block-column is-layout-flow wp-block-column-is-layout-flow\"><\/div>\n<\/div>","protected":false},"excerpt":{"rendered":"<p>Die Gro\u00dfhandelsservierplatten aus strukturiertem Metall wurden f\u00fcr die gehobene Gastronomie und das Gastgewerbe entwickelt und kombinieren einen Retro-Look mit langlebiger Edelstahlverarbeitung. Die strukturierte Oberfl\u00e4che erh\u00f6ht die visuelle Attraktivit\u00e4t und verleiht ihnen einen raffinierten Vintage-Stil, wodurch sie ideal f\u00fcr Restaurants, Hotels, Catering-Services und Boutique-Dining-Marken sind.<\/p>\n<p>Als Fachmann <a href=\"https:\/\/www.purecook.com\/de\/\" target=\"_blank\" rel=\"noopener\"><strong>K\u00fcchenartikelhersteller<\/strong><\/a>, bieten wir Gro\u00dfh\u00e4ndlern, Distributoren, Importeuren und Einzelhandelspartnern weltweit eine stabile Versorgung mit hochwertigem K\u00fcchengeschirr.<\/p>\n<h2>Eigenschaften von Serviertellern aus Metall<\/h2>\n<p><strong>Exquisite Retro-Textur:<\/strong> Diese strukturierten Servierplatten aus Metall verf\u00fcgen \u00fcber ein raffiniertes Metallfinish, das die Pr\u00e4sentation von Speisen unterstreicht. Ideal f\u00fcr Themenrestaurants und Hotels.<\/p>\n<p><strong>Vielseitige Gr\u00f6\u00dfen f\u00fcr einen umfassenden Service:<\/strong> Die Gro\u00dfhandelsserie der Servierplatten aus Metall ist in verschiedenen Durchmessern erh\u00e4ltlich und deckt eine breite Palette von Optionen ab, von kleinen Desserts und Beilagen bis hin zu ger\u00e4umigen Platten f\u00fcr Hauptgerichte.<\/p>\n<p><strong>Funktionale Servieranwendung:<\/strong> Entwickelt f\u00fcr die praktische Pr\u00e4sentation und Ausgabe von Speisen in Restaurants, Hotels und Cateringservices, die Benutzerfreundlichkeit mit elegantem Design verbinden.<\/p>\n<p><strong>B2B-Lieferf\u00e4higkeit f\u00fcr Masseng\u00fcter:<\/strong> Als Hersteller von K\u00fcchenutensilien eignen sich unsere Produkte f\u00fcr Gro\u00dfh\u00e4ndler, Distributoren und Importeure und erf\u00fcllen damit die Anforderungen von Unternehmen, die eine stabile, gro\u00dfvolumige Beschaffung und gleichbleibende Produktqualit\u00e4t ben\u00f6tigen.<\/p>\n<p><strong>Unterst\u00fctzung von OEM\/ODM-Anpassungen:<\/strong> Die werkseitige Anpassung erm\u00f6glicht die Anpassung von Marken, Verpackungen und Design an unterschiedliche Markt- und Gesch\u00e4ftsanforderungen.<\/p>\n<p>\n<script src=\"chrome-extension:\/\/fpelahbljekknahkcaegamhcndkfpfnc\/iFrame.js\" type=\"text\/javascript\"><\/script><\/p>","protected":false},"featured_media":5762,"comment_status":"closed","ping_status":"closed","template":"","meta":{"_acf_changed":false},"product_brand":[],"product_cat":[51,55],"product_tag":[],"class_list":{"0":"post-5761","1":"product","2":"type-product","3":"status-publish","4":"has-post-thumbnail","6":"product_cat-dinnerware","7":"product_cat-dish-and-plate","9":"first","10":"instock","11":"shipping-taxable","12":"product-type-simple"},"acf":[],"_links":{"self":[{"href":"https:\/\/www.purecook.com\/de\/wp-json\/wp\/v2\/product\/5761","targetHints":{"allow":["GET"]}}],"collection":[{"href":"https:\/\/www.purecook.com\/de\/wp-json\/wp\/v2\/product"}],"about":[{"href":"https:\/\/www.purecook.com\/de\/wp-json\/wp\/v2\/types\/product"}],"replies":[{"embeddable":true,"href":"https:\/\/www.purecook.com\/de\/wp-json\/wp\/v2\/comments?post=5761"}],"wp:featuredmedia":[{"embeddable":true,"href":"https:\/\/www.purecook.com\/de\/wp-json\/wp\/v2\/media\/5762"}],"wp:attachment":[{"href":"https:\/\/www.purecook.com\/de\/wp-json\/wp\/v2\/media?parent=5761"}],"wp:term":[{"taxonomy":"product_brand","embeddable":true,"href":"https:\/\/www.purecook.com\/de\/wp-json\/wp\/v2\/product_brand?post=5761"},{"taxonomy":"product_cat","embeddable":true,"href":"https:\/\/www.purecook.com\/de\/wp-json\/wp\/v2\/product_cat?post=5761"},{"taxonomy":"product_tag","embeddable":true,"href":"https:\/\/www.purecook.com\/de\/wp-json\/wp\/v2\/product_tag?post=5761"}],"curies":[{"name":"wp","href":"https:\/\/api.w.org\/{rel}","templated":true}]}}