{"id":5768,"date":"2026-04-13T16:51:01","date_gmt":"2026-04-13T08:51:01","guid":{"rendered":"https:\/\/www.purecook.com\/?post_type=product&#038;p=5768"},"modified":"2026-04-13T17:15:56","modified_gmt":"2026-04-13T09:15:56","slug":"factory-wholesale-retro-style-stainless-steel-plates","status":"publish","type":"product","link":"https:\/\/www.purecook.com\/de\/product\/factory-wholesale-retro-style-stainless-steel-plates\/","title":{"rendered":"Fabrik Gro\u00dfhandel Retro-Stil Edelstahl-Platten - Ideal f\u00fcr Hotels, Restaurants und Outdoor-Camping"},"content":{"rendered":"<div class=\"wp-block-columns is-layout-flex wp-container-core-columns-is-layout-9d6595d7 wp-block-columns-is-layout-flex\">\n<div class=\"wp-block-column is-layout-flow wp-block-column-is-layout-flow\">\n<h3 class=\"wp-block-heading\">Retro-Style-Edelstahlplatte Parameter<\/h3>\n\n\n\n<p><strong>Material:<\/strong> Rostfreier Stahl<br><strong>Normale Dicke<\/strong>: 0,9 \/ 1 \/ 1,2mm<br><strong>Logo: <\/strong>Siebdruck \/ Lasergravur \/ Pr\u00e4gestempel<br><strong>Gr\u00f6\u00dfe: <\/strong>13\/17\/21\/25cm<br><strong>Bruttogewicht: <\/strong>Weniger als 0,5 kg<\/p>\n<\/div>\n\n\n\n<div class=\"wp-block-column is-layout-flow wp-block-column-is-layout-flow\">\n<h3 class=\"wp-block-heading\">Kundenspezifische Optionen f\u00fcr K\u00fcchengeschirr<\/h3>\n\n\n\n<p><strong>Logo:<\/strong> Anpassbar mit Ihrem Markenlogo<br><strong>Verpackung:<\/strong>\u00a0Farbige Schachtel\/Karton, etc<\/p>\n<\/div>\n<\/div>\n\n\n\n<div class=\"wp-block-columns is-layout-flex wp-container-core-columns-is-layout-9d6595d7 wp-block-columns-is-layout-flex\">\n<div class=\"wp-block-column is-layout-flow wp-block-column-is-layout-flow\">\n<figure class=\"wp-block-image size-full\"><img decoding=\"async\" width=\"800\" height=\"800\" src=\"https:\/\/www.purecook.com\/wp-content\/uploads\/2026\/04\/wholesale-retro-style-stainless-steel-plates-ideal-for-hotels-restaurants-3.webp\" alt=\"Gro\u00dfhandel Retro-Stil Edelstahlplatten ideal f\u00fcr Hotels Restaurants (3)\" class=\"wp-image-5771\" srcset=\"https:\/\/www.purecook.com\/wp-content\/uploads\/2026\/04\/wholesale-retro-style-stainless-steel-plates-ideal-for-hotels-restaurants-3.webp 800w, https:\/\/www.purecook.com\/wp-content\/uploads\/2026\/04\/wholesale-retro-style-stainless-steel-plates-ideal-for-hotels-restaurants-3-300x300.webp 300w, https:\/\/www.purecook.com\/wp-content\/uploads\/2026\/04\/wholesale-retro-style-stainless-steel-plates-ideal-for-hotels-restaurants-3-150x150.webp 150w, https:\/\/www.purecook.com\/wp-content\/uploads\/2026\/04\/wholesale-retro-style-stainless-steel-plates-ideal-for-hotels-restaurants-3-768x768.webp 768w, https:\/\/www.purecook.com\/wp-content\/uploads\/2026\/04\/wholesale-retro-style-stainless-steel-plates-ideal-for-hotels-restaurants-3-12x12.webp 12w, https:\/\/www.purecook.com\/wp-content\/uploads\/2026\/04\/wholesale-retro-style-stainless-steel-plates-ideal-for-hotels-restaurants-3-600x600.webp 600w, https:\/\/www.purecook.com\/wp-content\/uploads\/2026\/04\/wholesale-retro-style-stainless-steel-plates-ideal-for-hotels-restaurants-3-100x100.webp 100w\" sizes=\"(max-width: 800px) 100vw, 800px\" \/><\/figure>\n<\/div>\n\n\n\n<div class=\"wp-block-column is-layout-flow wp-block-column-is-layout-flow\">\n<figure class=\"wp-block-image size-full\"><img decoding=\"async\" width=\"800\" height=\"800\" src=\"https:\/\/www.purecook.com\/wp-content\/uploads\/2026\/04\/wholesale-retro-style-stainless-steel-plates-ideal-for-hotels-restaurants-4.webp\" alt=\"Gro\u00dfhandel Retro-Stil Edelstahlplatten ideal f\u00fcr Hotels Restaurants (4)\" class=\"wp-image-5772\" srcset=\"https:\/\/www.purecook.com\/wp-content\/uploads\/2026\/04\/wholesale-retro-style-stainless-steel-plates-ideal-for-hotels-restaurants-4.webp 800w, https:\/\/www.purecook.com\/wp-content\/uploads\/2026\/04\/wholesale-retro-style-stainless-steel-plates-ideal-for-hotels-restaurants-4-300x300.webp 300w, https:\/\/www.purecook.com\/wp-content\/uploads\/2026\/04\/wholesale-retro-style-stainless-steel-plates-ideal-for-hotels-restaurants-4-150x150.webp 150w, https:\/\/www.purecook.com\/wp-content\/uploads\/2026\/04\/wholesale-retro-style-stainless-steel-plates-ideal-for-hotels-restaurants-4-768x768.webp 768w, https:\/\/www.purecook.com\/wp-content\/uploads\/2026\/04\/wholesale-retro-style-stainless-steel-plates-ideal-for-hotels-restaurants-4-12x12.webp 12w, https:\/\/www.purecook.com\/wp-content\/uploads\/2026\/04\/wholesale-retro-style-stainless-steel-plates-ideal-for-hotels-restaurants-4-600x600.webp 600w, https:\/\/www.purecook.com\/wp-content\/uploads\/2026\/04\/wholesale-retro-style-stainless-steel-plates-ideal-for-hotels-restaurants-4-100x100.webp 100w\" sizes=\"(max-width: 800px) 100vw, 800px\" \/><\/figure>\n<\/div>\n<\/div>","protected":false},"excerpt":{"rendered":"<p>Fabrik-Gro\u00dfhandels-Edelstahlteller im Retro-Stil sind f\u00fcr die gewerbliche Gastronomie und den Au\u00dfenbereich konzipiert und verbinden klassische Retro-\u00c4sthetik mit der Haltbarkeit von Edelstahl. Das schlichte, aber elegante Design macht sie geeignet f\u00fcr eine breite Palette von Anwendungen, einschlie\u00dflich Hotels, Restaurants, Catering-Service und Outdoor-Camping-Umgebungen.<\/p>\n<h2>Retro-Style-Edelstahlteller Merkmale<\/h2>\n<p><strong>Langlebiges Material aus rostfreiem Stahl:<\/strong> Dieses Material ist f\u00fcr den langfristigen kommerziellen Einsatz und f\u00fcr den Au\u00dfenbereich geeignet und gew\u00e4hrleistet eine hohe Widerstandsf\u00e4higkeit gegen Abnutzung, Korrosion und h\u00e4ufige Handhabung in stark frequentierten Gastronomiebetrieben wie Hotels und Restaurants.<\/p>\n<p><strong>Retro-Design:<\/strong> Die Edelstahlteller f\u00fcr den Gro\u00dfhandel zeichnen sich durch eine klassische Textur und einen Retro-Stil aus, der den gedeckten Tisch aufwertet und eine raffinierte und gehobene Atmosph\u00e4re beim Essen schafft.<\/p>\n<p><strong>Breite Anwendungsszenarien:<\/strong> Perfekt geeignet f\u00fcr Hotels, Restaurants, Cateringservices und Campingpl\u00e4tze im Freien und bietet vielseitige Einsatzm\u00f6glichkeiten in der professionellen Gastronomie und in der Freizeitgastronomie.<\/p>\n<p><strong>M\u00f6glichkeit der Lieferung gro\u00dfer Mengen:<\/strong> Als Fabrik f\u00fcr K\u00fcchenartikel k\u00f6nnen wir gro\u00dfe Auftragsvolumina bew\u00e4ltigen und eine stabile Produktionskapazit\u00e4t aufrechterhalten. Unsere Produkte sind ideal f\u00fcr H\u00e4ndler, Importeure und langfristige B2B-Partnerschaften geeignet.<\/p>\n<p>\n<script src=\"chrome-extension:\/\/fpelahbljekknahkcaegamhcndkfpfnc\/iFrame.js\" type=\"text\/javascript\"><\/script><\/p>","protected":false},"featured_media":5769,"comment_status":"closed","ping_status":"closed","template":"","meta":{"_acf_changed":false},"product_brand":[],"product_cat":[51,55],"product_tag":[],"class_list":{"0":"post-5768","1":"product","2":"type-product","3":"status-publish","4":"has-post-thumbnail","6":"product_cat-dinnerware","7":"product_cat-dish-and-plate","9":"first","10":"instock","11":"shipping-taxable","12":"product-type-simple"},"acf":[],"_links":{"self":[{"href":"https:\/\/www.purecook.com\/de\/wp-json\/wp\/v2\/product\/5768","targetHints":{"allow":["GET"]}}],"collection":[{"href":"https:\/\/www.purecook.com\/de\/wp-json\/wp\/v2\/product"}],"about":[{"href":"https:\/\/www.purecook.com\/de\/wp-json\/wp\/v2\/types\/product"}],"replies":[{"embeddable":true,"href":"https:\/\/www.purecook.com\/de\/wp-json\/wp\/v2\/comments?post=5768"}],"wp:featuredmedia":[{"embeddable":true,"href":"https:\/\/www.purecook.com\/de\/wp-json\/wp\/v2\/media\/5769"}],"wp:attachment":[{"href":"https:\/\/www.purecook.com\/de\/wp-json\/wp\/v2\/media?parent=5768"}],"wp:term":[{"taxonomy":"product_brand","embeddable":true,"href":"https:\/\/www.purecook.com\/de\/wp-json\/wp\/v2\/product_brand?post=5768"},{"taxonomy":"product_cat","embeddable":true,"href":"https:\/\/www.purecook.com\/de\/wp-json\/wp\/v2\/product_cat?post=5768"},{"taxonomy":"product_tag","embeddable":true,"href":"https:\/\/www.purecook.com\/de\/wp-json\/wp\/v2\/product_tag?post=5768"}],"curies":[{"name":"wp","href":"https:\/\/api.w.org\/{rel}","templated":true}]}}