{"id":5777,"date":"2026-04-13T17:23:50","date_gmt":"2026-04-13T09:23:50","guid":{"rendered":"https:\/\/www.purecook.com\/?post_type=product&#038;p=5777"},"modified":"2026-04-13T17:44:12","modified_gmt":"2026-04-13T09:44:12","slug":"bulk-stainless-steel-dessert-plates-bone-dishes","status":"publish","type":"product","link":"https:\/\/www.purecook.com\/de\/product\/bulk-stainless-steel-dessert-plates-bone-dishes\/","title":{"rendered":"Gro\u00dfhandel Retro Industrial Style Edelstahl Dessertteller, Knochen Gerichte - unsere Metallgeschirr Factory Supply"},"content":{"rendered":"<div class=\"wp-block-columns is-layout-flex wp-container-core-columns-is-layout-9d6595d7 wp-block-columns-is-layout-flex\">\n<div class=\"wp-block-column is-layout-flow wp-block-column-is-layout-flow\">\n<h3 class=\"wp-block-heading\">Retro-Style-Edelstahlplatte Parameter<\/h3>\n\n\n\n<p><strong>Material:<\/strong> Rostfreier Stahl<br><strong>Normale Dicke<\/strong>: 0,8 mm<br><strong>Logo: <\/strong>Siebdruck \/ Lasergravur \/ Pr\u00e4gestempel<br><strong>Gr\u00f6\u00dfe: <\/strong>13 \/ 15 \/ 17cm<br><strong>Bruttogewicht: <\/strong>Weniger als 0,5 kg<\/p>\n<\/div>\n\n\n\n<div class=\"wp-block-column is-layout-flow wp-block-column-is-layout-flow\">\n<h3 class=\"wp-block-heading\">Kundenspezifische Optionen f\u00fcr K\u00fcchengeschirr<\/h3>\n\n\n\n<p><strong>Logo:<\/strong> Anpassbar mit Ihrem Markenlogo<br><strong>Verpackung:<\/strong>&nbsp;Farbige Schachtel\/Karton, etc<\/p>\n<\/div>\n<\/div>\n\n\n\n<div class=\"wp-block-columns is-layout-flex wp-container-core-columns-is-layout-9d6595d7 wp-block-columns-is-layout-flex\">\n<div class=\"wp-block-column is-layout-flow wp-block-column-is-layout-flow\">\n<figure class=\"wp-block-image size-full\"><img decoding=\"async\" width=\"800\" height=\"800\" src=\"https:\/\/www.purecook.com\/wp-content\/uploads\/2026\/04\/wholesale-retro-industrial-style-stainless-steel-dessert-plates-3.webp\" alt=\"Gro\u00dfhandel retro industriellen Stil Edelstahl Dessertteller (3)\" class=\"wp-image-5780\" srcset=\"https:\/\/www.purecook.com\/wp-content\/uploads\/2026\/04\/wholesale-retro-industrial-style-stainless-steel-dessert-plates-3.webp 800w, https:\/\/www.purecook.com\/wp-content\/uploads\/2026\/04\/wholesale-retro-industrial-style-stainless-steel-dessert-plates-3-300x300.webp 300w, https:\/\/www.purecook.com\/wp-content\/uploads\/2026\/04\/wholesale-retro-industrial-style-stainless-steel-dessert-plates-3-150x150.webp 150w, https:\/\/www.purecook.com\/wp-content\/uploads\/2026\/04\/wholesale-retro-industrial-style-stainless-steel-dessert-plates-3-768x768.webp 768w, https:\/\/www.purecook.com\/wp-content\/uploads\/2026\/04\/wholesale-retro-industrial-style-stainless-steel-dessert-plates-3-12x12.webp 12w, https:\/\/www.purecook.com\/wp-content\/uploads\/2026\/04\/wholesale-retro-industrial-style-stainless-steel-dessert-plates-3-600x600.webp 600w, https:\/\/www.purecook.com\/wp-content\/uploads\/2026\/04\/wholesale-retro-industrial-style-stainless-steel-dessert-plates-3-100x100.webp 100w\" sizes=\"(max-width: 800px) 100vw, 800px\" \/><\/figure>\n<\/div>\n\n\n\n<div class=\"wp-block-column is-layout-flow wp-block-column-is-layout-flow\">\n<figure class=\"wp-block-image size-full\"><img decoding=\"async\" width=\"800\" height=\"800\" src=\"https:\/\/www.purecook.com\/wp-content\/uploads\/2026\/04\/wholesale-retro-industrial-style-stainless-steel-dessert-plates-4.webp\" alt=\"Gro\u00dfhandel retro industriellen Stil Edelstahl Dessertteller (4)\" class=\"wp-image-5781\" srcset=\"https:\/\/www.purecook.com\/wp-content\/uploads\/2026\/04\/wholesale-retro-industrial-style-stainless-steel-dessert-plates-4.webp 800w, https:\/\/www.purecook.com\/wp-content\/uploads\/2026\/04\/wholesale-retro-industrial-style-stainless-steel-dessert-plates-4-300x300.webp 300w, https:\/\/www.purecook.com\/wp-content\/uploads\/2026\/04\/wholesale-retro-industrial-style-stainless-steel-dessert-plates-4-150x150.webp 150w, https:\/\/www.purecook.com\/wp-content\/uploads\/2026\/04\/wholesale-retro-industrial-style-stainless-steel-dessert-plates-4-768x768.webp 768w, https:\/\/www.purecook.com\/wp-content\/uploads\/2026\/04\/wholesale-retro-industrial-style-stainless-steel-dessert-plates-4-12x12.webp 12w, https:\/\/www.purecook.com\/wp-content\/uploads\/2026\/04\/wholesale-retro-industrial-style-stainless-steel-dessert-plates-4-600x600.webp 600w, https:\/\/www.purecook.com\/wp-content\/uploads\/2026\/04\/wholesale-retro-industrial-style-stainless-steel-dessert-plates-4-100x100.webp 100w\" sizes=\"(max-width: 800px) 100vw, 800px\" \/><\/figure>\n<\/div>\n<\/div>","protected":false},"excerpt":{"rendered":"<p>Unsere Edelstahl-Dessertteller f\u00fcr den Gro\u00dfhandel sind ideal zum Servieren von Kuchen, Geb\u00e4ck, Desserts und kleinen Portionen. Sie wurden speziell f\u00fcr Restaurants, Hotels, Caf\u00e9s und Cateringservices entwickelt und verbinden au\u00dfergew\u00f6hnliche Haltbarkeit mit einer vom Vintage-Stil inspirierten \u00c4sthetik, wodurch sie sich perfekt f\u00fcr den h\u00e4ufigen gewerblichen Einsatz eignen.<\/p>\n<p>Als Hersteller von K\u00fcchen- und Essgeschirr bieten wir einen umfassenden OEM\/ODM-Kundenservice an, der es B2B-K\u00e4ufern weltweit erm\u00f6glicht, ihre eigenen individuellen Markenkollektionen zu erstellen.<\/p>\n<h2>Retro-Style-Edelstahlteller Merkmale<\/h2>\n<p><strong>Premium-Edelstahl Material:<\/strong> Unsere Dessertteller f\u00fcr den Gro\u00dfhandel sind aus hochwertigem 304er Edelstahl gefertigt, der eine au\u00dfergew\u00f6hnliche Haltbarkeit, Korrosionsbest\u00e4ndigkeit und eine lange Lebensdauer gew\u00e4hrleistet. Damit sind sie ideal f\u00fcr den Einsatz in Restaurants, Hotels und Caf\u00e9s geeignet.<\/p>\n<p><strong>Retro-Industriedesign Stil:<\/strong> Durch die Kombination von Vintage- und Industrie\u00e4sthetik schaffen diese Teller einen unverwechselbaren Look, der die Tischpr\u00e4sentation aufwertet und Ihrem Dessertservice eine hochwertige visuelle Identit\u00e4t verleiht.<\/p>\n<p><strong>Optimiert f\u00fcr den Dessert-Service:<\/strong> Speziell f\u00fcr das Servieren von Desserts entwickelt, eignen sich diese Teller perfekt f\u00fcr die elegante Pr\u00e4sentation von Kuchen, Geb\u00e4ck, S\u00fc\u00dfigkeiten und kleinen Portionen, wodurch die Speisenpr\u00e4sentation aufgewertet wird und das gesamte Esserlebnis der Kunden verbessert wird.<\/p>\n<p><strong>OEM\/ODM-Anpassungsunterst\u00fctzung:<\/strong> Als Hersteller von Metallgeschirr bieten wir flexible Anpassungsm\u00f6glichkeiten - einschlie\u00dflich Logo-Branding, Oberfl\u00e4chenbeschaffenheit und Verpackung - und bieten so eine umfassende, auf Ihre speziellen Bed\u00fcrfnisse zugeschnittene L\u00f6sung aus einer Hand.<\/p>\n<p>\n<script src=\"chrome-extension:\/\/fpelahbljekknahkcaegamhcndkfpfnc\/iFrame.js\" type=\"text\/javascript\"><\/script><\/p>","protected":false},"featured_media":5778,"comment_status":"closed","ping_status":"closed","template":"","meta":{"_acf_changed":false},"product_brand":[],"product_cat":[51,55],"product_tag":[],"class_list":{"0":"post-5777","1":"product","2":"type-product","3":"status-publish","4":"has-post-thumbnail","6":"product_cat-dinnerware","7":"product_cat-dish-and-plate","9":"first","10":"instock","11":"shipping-taxable","12":"product-type-simple"},"acf":[],"_links":{"self":[{"href":"https:\/\/www.purecook.com\/de\/wp-json\/wp\/v2\/product\/5777","targetHints":{"allow":["GET"]}}],"collection":[{"href":"https:\/\/www.purecook.com\/de\/wp-json\/wp\/v2\/product"}],"about":[{"href":"https:\/\/www.purecook.com\/de\/wp-json\/wp\/v2\/types\/product"}],"replies":[{"embeddable":true,"href":"https:\/\/www.purecook.com\/de\/wp-json\/wp\/v2\/comments?post=5777"}],"wp:featuredmedia":[{"embeddable":true,"href":"https:\/\/www.purecook.com\/de\/wp-json\/wp\/v2\/media\/5778"}],"wp:attachment":[{"href":"https:\/\/www.purecook.com\/de\/wp-json\/wp\/v2\/media?parent=5777"}],"wp:term":[{"taxonomy":"product_brand","embeddable":true,"href":"https:\/\/www.purecook.com\/de\/wp-json\/wp\/v2\/product_brand?post=5777"},{"taxonomy":"product_cat","embeddable":true,"href":"https:\/\/www.purecook.com\/de\/wp-json\/wp\/v2\/product_cat?post=5777"},{"taxonomy":"product_tag","embeddable":true,"href":"https:\/\/www.purecook.com\/de\/wp-json\/wp\/v2\/product_tag?post=5777"}],"curies":[{"name":"wp","href":"https:\/\/api.w.org\/{rel}","templated":true}]}}