{"id":5895,"date":"2026-05-12T14:07:11","date_gmt":"2026-05-12T06:07:11","guid":{"rendered":"https:\/\/www.purecook.com\/?post_type=product&#038;p=5895"},"modified":"2026-05-12T14:32:44","modified_gmt":"2026-05-12T06:32:44","slug":"wholesale-ceramic-non-stick-cookware-set","status":"publish","type":"product","link":"https:\/\/www.purecook.com\/de\/product\/wholesale-ceramic-non-stick-cookware-set\/","title":{"rendered":"Gro\u00dfhandel Keramik Non-Stick Kochgeschirr Set mit Holz-Look Griffe, Substrat: Aluminium"},"content":{"rendered":"<div class=\"wp-block-columns is-layout-flex wp-container-core-columns-is-layout-9d6595d7 wp-block-columns-is-layout-flex\">\n<div class=\"wp-block-column is-layout-flow wp-block-column-is-layout-flow\">\n<h3 class=\"wp-block-heading\">Parameter des Keramik-Kochgeschirrsets mit Antihaftbeschichtung <\/h3>\n\n\n\n<p><strong>Material:<\/strong> Aluminium<br><strong>Enth\u00e4lt:<\/strong><\/p>\n\n\n\n<ul class=\"wp-block-list\">\n<li>16cm Milchtopf mit Deckel<\/li>\n\n\n\n<li>28cm Brat- und Wokpfanne mit Deckel<\/li>\n\n\n\n<li>24cm Br\u00fche Topf mit Deckel &amp; Dampfgarer Rack<\/li>\n\n\n\n<li>24cm Bratpfanne<\/li>\n\n\n\n<li>28cm Bratpfanne<\/li>\n\n\n\n<li>Steakzange: Silikonkopf mit Holzgriff<\/li>\n\n\n\n<li>Spatel: Silikonkopf mit Holzgriff<\/li>\n\n\n\n<li>Suppensch\u00f6pfer: Silikonkopf mit Holzgriff<\/li>\n<\/ul>\n<\/div>\n\n\n\n<div class=\"wp-block-column is-layout-flow wp-block-column-is-layout-flow\">\n<h3 class=\"wp-block-heading\">Individuelle Kochgeschirr-Optionen<\/h3>\n\n\n\n<p><strong>Logo:<\/strong> Anpassbar mit Ihrem Markenlogo<br><strong>Verpackung:<\/strong>\u00a0Farbige Schachtel\/Karton, etc.<br><strong>Handgriff: <\/strong>Griffe f\u00fcr Ihren Stil<\/p>\n<\/div>\n<\/div>\n\n\n\n<div class=\"wp-block-columns is-layout-flex wp-container-core-columns-is-layout-9d6595d7 wp-block-columns-is-layout-flex\">\n<div class=\"wp-block-column is-layout-flow wp-block-column-is-layout-flow\">\n<figure class=\"wp-block-image size-full\"><img decoding=\"async\" width=\"800\" height=\"800\" src=\"https:\/\/www.purecook.com\/wp-content\/uploads\/2026\/05\/wholesale-ceramic-non-stick-cookware-set-2.webp\" alt=\"Gro\u00dfhandel Keramik Antihaft-Kochgeschirr Set\" class=\"wp-image-5897\" srcset=\"https:\/\/www.purecook.com\/wp-content\/uploads\/2026\/05\/wholesale-ceramic-non-stick-cookware-set-2.webp 800w, https:\/\/www.purecook.com\/wp-content\/uploads\/2026\/05\/wholesale-ceramic-non-stick-cookware-set-2-300x300.webp 300w, https:\/\/www.purecook.com\/wp-content\/uploads\/2026\/05\/wholesale-ceramic-non-stick-cookware-set-2-150x150.webp 150w, https:\/\/www.purecook.com\/wp-content\/uploads\/2026\/05\/wholesale-ceramic-non-stick-cookware-set-2-768x768.webp 768w, https:\/\/www.purecook.com\/wp-content\/uploads\/2026\/05\/wholesale-ceramic-non-stick-cookware-set-2-12x12.webp 12w, https:\/\/www.purecook.com\/wp-content\/uploads\/2026\/05\/wholesale-ceramic-non-stick-cookware-set-2-600x600.webp 600w, https:\/\/www.purecook.com\/wp-content\/uploads\/2026\/05\/wholesale-ceramic-non-stick-cookware-set-2-100x100.webp 100w\" sizes=\"(max-width: 800px) 100vw, 800px\" \/><\/figure>\n<\/div>\n\n\n\n<div class=\"wp-block-column is-layout-flow wp-block-column-is-layout-flow\">\n<figure class=\"wp-block-image size-full\"><img decoding=\"async\" width=\"800\" height=\"800\" src=\"https:\/\/www.purecook.com\/wp-content\/uploads\/2026\/05\/wholesale-ceramic-non-stick-cookware-set-5.webp\" alt=\"Gro\u00dfhandel Keramik Antihaft-Kochgeschirr Set\" class=\"wp-image-5900\" srcset=\"https:\/\/www.purecook.com\/wp-content\/uploads\/2026\/05\/wholesale-ceramic-non-stick-cookware-set-5.webp 800w, https:\/\/www.purecook.com\/wp-content\/uploads\/2026\/05\/wholesale-ceramic-non-stick-cookware-set-5-300x300.webp 300w, https:\/\/www.purecook.com\/wp-content\/uploads\/2026\/05\/wholesale-ceramic-non-stick-cookware-set-5-150x150.webp 150w, https:\/\/www.purecook.com\/wp-content\/uploads\/2026\/05\/wholesale-ceramic-non-stick-cookware-set-5-768x768.webp 768w, https:\/\/www.purecook.com\/wp-content\/uploads\/2026\/05\/wholesale-ceramic-non-stick-cookware-set-5-12x12.webp 12w, https:\/\/www.purecook.com\/wp-content\/uploads\/2026\/05\/wholesale-ceramic-non-stick-cookware-set-5-600x600.webp 600w, https:\/\/www.purecook.com\/wp-content\/uploads\/2026\/05\/wholesale-ceramic-non-stick-cookware-set-5-100x100.webp 100w\" sizes=\"(max-width: 800px) 100vw, 800px\" \/><\/figure>\n<\/div>\n<\/div>","protected":false},"excerpt":{"rendered":"<p>Gro\u00dfhandel Keramik Antihaft-Kochgeschirr Set. Dieses Gro\u00dfhandels-Keramik-Antihaft-Kochgeschirr-Set ist f\u00fcr moderne K\u00fcchen konzipiert, die sowohl Leistung als auch \u00c4sthetik verlangen. Das Kochgeschirr besteht aus einem langlebigen Aluminiumsubstrat und sorgt f\u00fcr eine schnelle und gleichm\u00e4\u00dfige W\u00e4rmeverteilung, wodurch das t\u00e4gliche Kochen effizienter und gleichm\u00e4\u00dfiger wird. Die keramische Antihaftbeschichtung tr\u00e4gt dazu bei, den \u00d6lverbrauch zu reduzieren und unterst\u00fctzt ges\u00fcnderes Kochen, w\u00e4hrend sie die Reinigung f\u00fcr den Endverbraucher erleichtert.<\/p>\n<h2>Keramisches Antihaft-Kochgeschirr-Set Eigenschaften<\/h2>\n<p><strong>Langlebige Aluminiumkonstruktion:<\/strong> Das Kochgeschirr besteht aus einem Aluminiumboden, der eine schnelle und gleichm\u00e4\u00dfige W\u00e4rmeverteilung f\u00fcr eine effiziente Kochleistung bei allen Pfannentypen gew\u00e4hrleistet.<\/p>\n<p><strong>Hochentwickelte keramische Antihaft-Beschichtung:<\/strong> Die keramische Oberfl\u00e4che wurde entwickelt, um das Anhaften von Lebensmitteln und den \u00d6lverbrauch zu reduzieren. Sie unterst\u00fctzt ges\u00fcnderes Kochen und vereinfacht die Reinigung nach dem t\u00e4glichen Gebrauch.<\/p>\n<p><strong>Komplettes Mehrzweck-Set:<\/strong> Enth\u00e4lt mehrere T\u00f6pfe, Bratpfannen, einen Suppentopf mit D\u00e4mpfeinsatz und wichtige K\u00fcchenutensilien f\u00fcr eine breite Palette von Kochanforderungen.<\/p>\n<p><strong>Griffdesign in Holzoptik:<\/strong> Ergonomische Griffe in Holzoptik sorgen f\u00fcr einen angenehmen Griff und unterstreichen die hochwertige Optik des Kochgeschirrs.<\/p>\n<p><strong>B2B Factory Supply Vorteil:<\/strong> Als professioneller Hersteller und Lieferant von Kochgeschirr unterst\u00fctzen wir stabile Gro\u00dfbestellungen mit konsequenter Qualit\u00e4tskontrolle und effizienter Produktionskapazit\u00e4t.<\/p>\n<p>\n<script src=\"chrome-extension:\/\/fpelahbljekknahkcaegamhcndkfpfnc\/iFrame.js\" type=\"text\/javascript\"><\/script><\/p>","protected":false},"featured_media":5896,"comment_status":"closed","ping_status":"closed","template":"","meta":{"_acf_changed":false},"product_brand":[],"product_cat":[24,69],"product_tag":[],"class_list":{"0":"post-5895","1":"product","2":"type-product","3":"status-publish","4":"has-post-thumbnail","6":"product_cat-cookware","7":"product_cat-cookware-sets","9":"first","10":"instock","11":"shipping-taxable","12":"product-type-simple"},"acf":[],"_links":{"self":[{"href":"https:\/\/www.purecook.com\/de\/wp-json\/wp\/v2\/product\/5895","targetHints":{"allow":["GET"]}}],"collection":[{"href":"https:\/\/www.purecook.com\/de\/wp-json\/wp\/v2\/product"}],"about":[{"href":"https:\/\/www.purecook.com\/de\/wp-json\/wp\/v2\/types\/product"}],"replies":[{"embeddable":true,"href":"https:\/\/www.purecook.com\/de\/wp-json\/wp\/v2\/comments?post=5895"}],"wp:featuredmedia":[{"embeddable":true,"href":"https:\/\/www.purecook.com\/de\/wp-json\/wp\/v2\/media\/5896"}],"wp:attachment":[{"href":"https:\/\/www.purecook.com\/de\/wp-json\/wp\/v2\/media?parent=5895"}],"wp:term":[{"taxonomy":"product_brand","embeddable":true,"href":"https:\/\/www.purecook.com\/de\/wp-json\/wp\/v2\/product_brand?post=5895"},{"taxonomy":"product_cat","embeddable":true,"href":"https:\/\/www.purecook.com\/de\/wp-json\/wp\/v2\/product_cat?post=5895"},{"taxonomy":"product_tag","embeddable":true,"href":"https:\/\/www.purecook.com\/de\/wp-json\/wp\/v2\/product_tag?post=5895"}],"curies":[{"name":"wp","href":"https:\/\/api.w.org\/{rel}","templated":true}]}}