{"id":5902,"date":"2026-05-12T14:34:08","date_gmt":"2026-05-12T06:34:08","guid":{"rendered":"https:\/\/www.purecook.com\/?post_type=product&#038;p=5902"},"modified":"2026-05-12T14:48:54","modified_gmt":"2026-05-12T06:48:54","slug":"wholesale-stainless-steel-hot-pot-manufacturer","status":"publish","type":"product","link":"https:\/\/www.purecook.com\/de\/product\/wholesale-stainless-steel-hot-pot-manufacturer\/","title":{"rendered":"Gro\u00dfhandel Edelstahl Hot Pot mit hitzebest\u00e4ndigen Griffen - Hot Pot Hersteller"},"content":{"rendered":"<div class=\"wp-block-columns is-layout-flex wp-container-core-columns-is-layout-9d6595d7 wp-block-columns-is-layout-flex\">\n<div class=\"wp-block-column is-layout-flow wp-block-column-is-layout-flow\">\n<h3 class=\"wp-block-heading\">Edelstahl Hot Pot Parameter <\/h3>\n\n\n\n<p><strong>Material:<\/strong> Rostfreier Stahl<br><strong>Normale Dicke:<\/strong> 0,4 mm<br><strong>Unten:<\/strong> Induktion Sandwichboden (SUS+1mm Alu+SUS)<br><strong>\u00c4u\u00dfere Gr\u00f6\u00dfe: <\/strong>27,4 cm<\/p>\n<\/div>\n\n\n\n<div class=\"wp-block-column is-layout-flow wp-block-column-is-layout-flow\">\n<h3 class=\"wp-block-heading\">Individuelle Kochgeschirr-Optionen<\/h3>\n\n\n\n<p><strong>Logo:<\/strong> Anpassbar mit Ihrem Markenlogo<br><strong>Verpackung:<\/strong>&nbsp;Farbige Schachtel\/Karton, etc<br><strong>Handgriff: <\/strong>Griffe f\u00fcr Ihren Stil<\/p>\n<\/div>\n<\/div>\n\n\n\n<div class=\"wp-block-columns is-layout-flex wp-container-core-columns-is-layout-9d6595d7 wp-block-columns-is-layout-flex\">\n<div class=\"wp-block-column is-layout-flow wp-block-column-is-layout-flow\">\n<figure class=\"wp-block-image size-full\"><img decoding=\"async\" width=\"800\" height=\"800\" src=\"https:\/\/www.purecook.com\/wp-content\/uploads\/2026\/05\/wholesale-stainless-steel-hot-pot-1.webp\" alt=\"Gro\u00dfhandel Edelstahl Hot Pot \" class=\"wp-image-5904\" srcset=\"https:\/\/www.purecook.com\/wp-content\/uploads\/2026\/05\/wholesale-stainless-steel-hot-pot-1.webp 800w, https:\/\/www.purecook.com\/wp-content\/uploads\/2026\/05\/wholesale-stainless-steel-hot-pot-1-300x300.webp 300w, https:\/\/www.purecook.com\/wp-content\/uploads\/2026\/05\/wholesale-stainless-steel-hot-pot-1-150x150.webp 150w, https:\/\/www.purecook.com\/wp-content\/uploads\/2026\/05\/wholesale-stainless-steel-hot-pot-1-768x768.webp 768w, https:\/\/www.purecook.com\/wp-content\/uploads\/2026\/05\/wholesale-stainless-steel-hot-pot-1-12x12.webp 12w, https:\/\/www.purecook.com\/wp-content\/uploads\/2026\/05\/wholesale-stainless-steel-hot-pot-1-600x600.webp 600w, https:\/\/www.purecook.com\/wp-content\/uploads\/2026\/05\/wholesale-stainless-steel-hot-pot-1-100x100.webp 100w\" sizes=\"(max-width: 800px) 100vw, 800px\" \/><\/figure>\n<\/div>\n\n\n\n<div class=\"wp-block-column is-layout-flow wp-block-column-is-layout-flow\">\n<figure class=\"wp-block-image size-full\"><img decoding=\"async\" width=\"800\" height=\"800\" src=\"https:\/\/www.purecook.com\/wp-content\/uploads\/2026\/05\/wholesale-stainless-steel-hot-pot-5.webp\" alt=\"Gro\u00dfhandel Edelstahl Hot Pot\" class=\"wp-image-5908\" srcset=\"https:\/\/www.purecook.com\/wp-content\/uploads\/2026\/05\/wholesale-stainless-steel-hot-pot-5.webp 800w, https:\/\/www.purecook.com\/wp-content\/uploads\/2026\/05\/wholesale-stainless-steel-hot-pot-5-300x300.webp 300w, https:\/\/www.purecook.com\/wp-content\/uploads\/2026\/05\/wholesale-stainless-steel-hot-pot-5-150x150.webp 150w, https:\/\/www.purecook.com\/wp-content\/uploads\/2026\/05\/wholesale-stainless-steel-hot-pot-5-768x768.webp 768w, https:\/\/www.purecook.com\/wp-content\/uploads\/2026\/05\/wholesale-stainless-steel-hot-pot-5-12x12.webp 12w, https:\/\/www.purecook.com\/wp-content\/uploads\/2026\/05\/wholesale-stainless-steel-hot-pot-5-600x600.webp 600w, https:\/\/www.purecook.com\/wp-content\/uploads\/2026\/05\/wholesale-stainless-steel-hot-pot-5-100x100.webp 100w\" sizes=\"(max-width: 800px) 100vw, 800px\" \/><\/figure>\n<\/div>\n<\/div>\n\n\n\n<div class=\"wp-block-columns is-layout-flex wp-container-core-columns-is-layout-9d6595d7 wp-block-columns-is-layout-flex\">\n<div class=\"wp-block-column is-layout-flow wp-block-column-is-layout-flow\"><\/div>\n\n\n\n<div class=\"wp-block-column is-layout-flow wp-block-column-is-layout-flow\"><\/div>\n<\/div>\n\n\n\n<div class=\"wp-block-columns is-layout-flex wp-container-core-columns-is-layout-9d6595d7 wp-block-columns-is-layout-flex\">\n<div class=\"wp-block-column is-layout-flow wp-block-column-is-layout-flow\"><\/div>\n\n\n\n<div class=\"wp-block-column is-layout-flow wp-block-column-is-layout-flow\"><\/div>\n<\/div>","protected":false},"excerpt":{"rendered":"<p>Gro\u00dfhandel Edelstahl Kocht\u00f6pfe. Erweitern Sie Ihr Kochgeschirr-Sortiment mit unserem Gro\u00dfhandels-Edelstahlkochtopf, der sowohl f\u00fcr gewerbliche als auch f\u00fcr private Anwendungen in der Gastronomie geeignet ist. Hergestellt aus hochwertigem Edelstahl, kombiniert dieser Kochtopf Haltbarkeit, praktische Funktionalit\u00e4t und ein sauberes, modernes Aussehen.<\/p>\n<h2>Edelstahl Hot Pot Eigenschaften\u00a0<\/h2>\n<p><strong>Langlebige Konstruktion aus rostfreiem Stahl:<\/strong> Dieser aus hochwertigem Edelstahl gefertigte Kochtopf bietet eine hervorragende Haltbarkeit und Widerstandsf\u00e4higkeit gegen die t\u00e4gliche Abnutzung und ist daher sowohl f\u00fcr den privaten als auch f\u00fcr den gewerblichen Gebrauch geeignet.<\/p>\n<p><strong>Hitzebest\u00e4ndiges Griffdesign:<\/strong> Ausgestattet mit hitzebest\u00e4ndigen Griffen f\u00fcr eine sicherere Handhabung beim Kochen und Servieren. Das ergonomische Design verbessert den Benutzerkomfort und die Bequemlichkeit.<\/p>\n<p><strong>Induktion Sandwich-Boden:<\/strong> Die Bodenstruktur aus SUS + Aluminium + SUS f\u00f6rdert die gleichm\u00e4\u00dfige W\u00e4rmeverteilung und unterst\u00fctzt die Kompatibilit\u00e4t mit Induktionskochfeldern und anderen g\u00e4ngigen W\u00e4rmequellen.<\/p>\n<p><strong>Unterst\u00fctzung f\u00fcr OEM- und ODM-Anpassungen:<\/strong> Als professioneller Kochgeschirrhersteller unterst\u00fctzen wir Gro\u00dfh\u00e4ndler und Distributoren beim Aufbau einzigartiger Produktlinien durch kundenspezifisches Branding, Verpackung und Produktanpassungen.<\/p>\n<p>\n<script src=\"chrome-extension:\/\/fpelahbljekknahkcaegamhcndkfpfnc\/iFrame.js\" type=\"text\/javascript\"><\/script><\/p>","protected":false},"featured_media":5910,"comment_status":"closed","ping_status":"closed","template":"","meta":{"_acf_changed":false},"product_brand":[],"product_cat":[24,77],"product_tag":[],"class_list":{"0":"post-5902","1":"product","2":"type-product","3":"status-publish","4":"has-post-thumbnail","6":"product_cat-cookware","7":"product_cat-hotpot","9":"first","10":"instock","11":"shipping-taxable","12":"product-type-simple"},"acf":[],"_links":{"self":[{"href":"https:\/\/www.purecook.com\/de\/wp-json\/wp\/v2\/product\/5902","targetHints":{"allow":["GET"]}}],"collection":[{"href":"https:\/\/www.purecook.com\/de\/wp-json\/wp\/v2\/product"}],"about":[{"href":"https:\/\/www.purecook.com\/de\/wp-json\/wp\/v2\/types\/product"}],"replies":[{"embeddable":true,"href":"https:\/\/www.purecook.com\/de\/wp-json\/wp\/v2\/comments?post=5902"}],"wp:featuredmedia":[{"embeddable":true,"href":"https:\/\/www.purecook.com\/de\/wp-json\/wp\/v2\/media\/5910"}],"wp:attachment":[{"href":"https:\/\/www.purecook.com\/de\/wp-json\/wp\/v2\/media?parent=5902"}],"wp:term":[{"taxonomy":"product_brand","embeddable":true,"href":"https:\/\/www.purecook.com\/de\/wp-json\/wp\/v2\/product_brand?post=5902"},{"taxonomy":"product_cat","embeddable":true,"href":"https:\/\/www.purecook.com\/de\/wp-json\/wp\/v2\/product_cat?post=5902"},{"taxonomy":"product_tag","embeddable":true,"href":"https:\/\/www.purecook.com\/de\/wp-json\/wp\/v2\/product_tag?post=5902"}],"curies":[{"name":"wp","href":"https:\/\/api.w.org\/{rel}","templated":true}]}}