{"id":5911,"date":"2026-05-12T14:57:01","date_gmt":"2026-05-12T06:57:01","guid":{"rendered":"https:\/\/www.purecook.com\/?post_type=product&#038;p=5911"},"modified":"2026-05-12T15:17:56","modified_gmt":"2026-05-12T07:17:56","slug":"wholesale-premium-stainless-steel-hanging-snack-trays","status":"publish","type":"product","link":"https:\/\/www.purecook.com\/de\/product\/wholesale-premium-stainless-steel-hanging-snack-trays\/","title":{"rendered":"Gro\u00dfhandel Premium-Edelstahl h\u00e4ngenden Snack Tabletts, rechteckige Lebensmittel Schalen"},"content":{"rendered":"<div class=\"wp-block-columns is-layout-flex wp-container-core-columns-is-layout-9d6595d7 wp-block-columns-is-layout-flex\">\n<div class=\"wp-block-column is-layout-flow wp-block-column-is-layout-flow\">\n<h3 class=\"wp-block-heading\">Parameter f\u00fcr h\u00e4ngende Snackschalen<\/h3>\n\n\n\n<p><strong>Material:<\/strong> 304 Edelstahl<br><strong>Gr\u00f6\u00dfe: <\/strong>20,6 \u00d7 10,7 \u00d7 2,3 cm<br><strong>Bruttogewicht: <\/strong>185g<\/p>\n<\/div>\n\n\n\n<div class=\"wp-block-column is-layout-flow wp-block-column-is-layout-flow\">\n<h3 class=\"wp-block-heading\">Individuelle Kochgeschirr-Optionen<\/h3>\n\n\n\n<p><strong>Logo:<\/strong> Anpassbar mit Ihrem Markenlogo<br><strong>Verpackung:<\/strong>\u00a0Farbige Schachtel\/Karton, etc.<\/p>\n<\/div>\n<\/div>\n\n\n\n<div class=\"wp-block-columns is-layout-flex wp-container-core-columns-is-layout-9d6595d7 wp-block-columns-is-layout-flex\">\n<div class=\"wp-block-column is-layout-flow wp-block-column-is-layout-flow\">\n<figure class=\"wp-block-image size-full\"><img decoding=\"async\" width=\"800\" height=\"800\" src=\"https:\/\/www.purecook.com\/wp-content\/uploads\/2026\/05\/wholesale-stainless-steel-hanging-snack-tray-1.webp\" alt=\"Gro\u00dfhandel Edelstahl h\u00e4ngende Snack-Tablett (1)\" class=\"wp-image-5912\" srcset=\"https:\/\/www.purecook.com\/wp-content\/uploads\/2026\/05\/wholesale-stainless-steel-hanging-snack-tray-1.webp 800w, https:\/\/www.purecook.com\/wp-content\/uploads\/2026\/05\/wholesale-stainless-steel-hanging-snack-tray-1-300x300.webp 300w, https:\/\/www.purecook.com\/wp-content\/uploads\/2026\/05\/wholesale-stainless-steel-hanging-snack-tray-1-150x150.webp 150w, https:\/\/www.purecook.com\/wp-content\/uploads\/2026\/05\/wholesale-stainless-steel-hanging-snack-tray-1-768x768.webp 768w, https:\/\/www.purecook.com\/wp-content\/uploads\/2026\/05\/wholesale-stainless-steel-hanging-snack-tray-1-12x12.webp 12w, https:\/\/www.purecook.com\/wp-content\/uploads\/2026\/05\/wholesale-stainless-steel-hanging-snack-tray-1-600x600.webp 600w, https:\/\/www.purecook.com\/wp-content\/uploads\/2026\/05\/wholesale-stainless-steel-hanging-snack-tray-1-100x100.webp 100w\" sizes=\"(max-width: 800px) 100vw, 800px\" \/><\/figure>\n<\/div>\n\n\n\n<div class=\"wp-block-column is-layout-flow wp-block-column-is-layout-flow\">\n<figure class=\"wp-block-image size-full\"><img decoding=\"async\" width=\"800\" height=\"800\" src=\"https:\/\/www.purecook.com\/wp-content\/uploads\/2026\/05\/wholesale-stainless-steel-hanging-snack-tray-3.webp\" alt=\"Gro\u00dfhandel Edelstahl h\u00e4ngende Snack-Tablett (3)\" class=\"wp-image-5914\" srcset=\"https:\/\/www.purecook.com\/wp-content\/uploads\/2026\/05\/wholesale-stainless-steel-hanging-snack-tray-3.webp 800w, https:\/\/www.purecook.com\/wp-content\/uploads\/2026\/05\/wholesale-stainless-steel-hanging-snack-tray-3-300x300.webp 300w, https:\/\/www.purecook.com\/wp-content\/uploads\/2026\/05\/wholesale-stainless-steel-hanging-snack-tray-3-150x150.webp 150w, https:\/\/www.purecook.com\/wp-content\/uploads\/2026\/05\/wholesale-stainless-steel-hanging-snack-tray-3-768x768.webp 768w, https:\/\/www.purecook.com\/wp-content\/uploads\/2026\/05\/wholesale-stainless-steel-hanging-snack-tray-3-12x12.webp 12w, https:\/\/www.purecook.com\/wp-content\/uploads\/2026\/05\/wholesale-stainless-steel-hanging-snack-tray-3-600x600.webp 600w, https:\/\/www.purecook.com\/wp-content\/uploads\/2026\/05\/wholesale-stainless-steel-hanging-snack-tray-3-100x100.webp 100w\" sizes=\"(max-width: 800px) 100vw, 800px\" \/><\/figure>\n<\/div>\n<\/div>","protected":false},"excerpt":{"rendered":"<p>Snackschalen aus Edelstahl f\u00fcr den Gro\u00dfhandel. Mit ihrem schlanken, rechteckigen Profil und dem praktischen H\u00e4ngedesign vereinen diese Tabletts minimalistische \u00c4sthetik mit praktischer Alltagsfunktionalit\u00e4t, was sie zur idealen Wahl f\u00fcr Einzelh\u00e4ndler, Distributoren und K\u00fcchenartikelimporteure macht. Sie eignen sich perfekt f\u00fcr das Servieren in K\u00fcchen, Caf\u00e9s, Snackbars und in der heimischen K\u00fcche.<\/p>\n<h2>H\u00e4ngendes Snack-Tablett aus Edelstahl Merkmale<\/h2>\n<p><strong>Innovatives Design zum Aufh\u00e4ngen:<\/strong> Dank der integrierten Aufh\u00e4ngung k\u00f6nnen die Tabletts bequem an Stangen oder Regalen aufbewahrt werden. Das spart Platz in der K\u00fcche und setzt gleichzeitig einen modernen dekorativen Akzent.<\/p>\n<p><strong>Glatt geb\u00fcrstet Oberfl\u00e4che:<\/strong> Die geb\u00fcrstete Edelstahloberfl\u00e4che verbessert die \u00c4sthetik des Produkts und tr\u00e4gt dazu bei, sichtbare Kratzer und Fingerabdr\u00fccke zu reduzieren, was zu einem hochwertigen Erscheinungsbild f\u00fchrt.<\/p>\n<p><strong>Geeignet f\u00fcr mehrere Lebensmittelanwendungen:<\/strong> Ideal zum Servieren von Snacks, Obst, Desserts, Vorspeisen und Beilagen zu Hause, in Caf\u00e9s, Restaurants und im Gastgewerbe.<\/p>\n<p><strong>Unterst\u00fctzung f\u00fcr OEM- und ODM-Anpassungen:<\/strong> Unsere K\u00fcchenger\u00e4tefabrik bietet flexible Anpassungsdienste, einschlie\u00dflich Logodruck, Verpackung, Oberfl\u00e4chenbehandlung und Eigenmarkenl\u00f6sungen f\u00fcr Gro\u00dfabnehmer und H\u00e4ndler.<\/p>\n<p>\n<script src=\"chrome-extension:\/\/fpelahbljekknahkcaegamhcndkfpfnc\/iFrame.js\" type=\"text\/javascript\"><\/script><\/p>","protected":false},"featured_media":5913,"comment_status":"closed","ping_status":"closed","template":"","meta":{"_acf_changed":false},"product_brand":[],"product_cat":[51,55],"product_tag":[],"class_list":{"0":"post-5911","1":"product","2":"type-product","3":"status-publish","4":"has-post-thumbnail","6":"product_cat-dinnerware","7":"product_cat-dish-and-plate","9":"first","10":"instock","11":"shipping-taxable","12":"product-type-simple"},"acf":[],"_links":{"self":[{"href":"https:\/\/www.purecook.com\/de\/wp-json\/wp\/v2\/product\/5911","targetHints":{"allow":["GET"]}}],"collection":[{"href":"https:\/\/www.purecook.com\/de\/wp-json\/wp\/v2\/product"}],"about":[{"href":"https:\/\/www.purecook.com\/de\/wp-json\/wp\/v2\/types\/product"}],"replies":[{"embeddable":true,"href":"https:\/\/www.purecook.com\/de\/wp-json\/wp\/v2\/comments?post=5911"}],"wp:featuredmedia":[{"embeddable":true,"href":"https:\/\/www.purecook.com\/de\/wp-json\/wp\/v2\/media\/5913"}],"wp:attachment":[{"href":"https:\/\/www.purecook.com\/de\/wp-json\/wp\/v2\/media?parent=5911"}],"wp:term":[{"taxonomy":"product_brand","embeddable":true,"href":"https:\/\/www.purecook.com\/de\/wp-json\/wp\/v2\/product_brand?post=5911"},{"taxonomy":"product_cat","embeddable":true,"href":"https:\/\/www.purecook.com\/de\/wp-json\/wp\/v2\/product_cat?post=5911"},{"taxonomy":"product_tag","embeddable":true,"href":"https:\/\/www.purecook.com\/de\/wp-json\/wp\/v2\/product_tag?post=5911"}],"curies":[{"name":"wp","href":"https:\/\/api.w.org\/{rel}","templated":true}]}}