{"id":5918,"date":"2026-05-12T15:32:02","date_gmt":"2026-05-12T07:32:02","guid":{"rendered":"https:\/\/www.purecook.com\/?post_type=product&#038;p=5918"},"modified":"2026-05-12T15:54:29","modified_gmt":"2026-05-12T07:54:29","slug":"wholesale-premium-stainless-steel-colander-set","status":"publish","type":"product","link":"https:\/\/www.purecook.com\/de\/product\/wholesale-premium-stainless-steel-colander-set\/","title":{"rendered":"Gro\u00dfhandel Premium-Edelstahl-Siebe Set"},"content":{"rendered":"<div class=\"wp-block-columns is-layout-flex wp-container-core-columns-is-layout-9d6595d7 wp-block-columns-is-layout-flex\">\n<div class=\"wp-block-column is-layout-flow wp-block-column-is-layout-flow\">\n<h3 class=\"wp-block-heading\">Gro\u00dfhandel Premium-Edelstahl-Sieb-Set Parameter<\/h3>\n\n\n\n<p><strong>Material:<\/strong> Rostfreier Stahl<br><strong>Normale Dicke:<\/strong> 0,35 mm<br><strong>Dia: <\/strong>40cm<\/p>\n<\/div>\n\n\n\n<div class=\"wp-block-column is-layout-flow wp-block-column-is-layout-flow\">\n<h3 class=\"wp-block-heading\">Kundenspezifische Optionen f\u00fcr K\u00fcchengeschirr<\/h3>\n\n\n\n<p><strong>Logo:<\/strong> Anpassbar mit Ihrem Markenlogo<br><strong>Verpackung:<\/strong>\u00a0Farbige Schachtel\/Karton, etc<\/p>\n<\/div>\n<\/div>\n\n\n\n<div class=\"wp-block-columns is-layout-flex wp-container-core-columns-is-layout-9d6595d7 wp-block-columns-is-layout-flex\">\n<div class=\"wp-block-column is-layout-flow wp-block-column-is-layout-flow\">\n<figure class=\"wp-block-image size-full\"><img decoding=\"async\" width=\"800\" height=\"800\" src=\"https:\/\/www.purecook.com\/wp-content\/uploads\/2026\/05\/wholesale-premium-stainless-steel-colander-set3.webp\" alt=\"Gro\u00dfhandel Premium-Edelstahl-Siebsatz(3)\" class=\"wp-image-5921\" srcset=\"https:\/\/www.purecook.com\/wp-content\/uploads\/2026\/05\/wholesale-premium-stainless-steel-colander-set3.webp 800w, https:\/\/www.purecook.com\/wp-content\/uploads\/2026\/05\/wholesale-premium-stainless-steel-colander-set3-300x300.webp 300w, https:\/\/www.purecook.com\/wp-content\/uploads\/2026\/05\/wholesale-premium-stainless-steel-colander-set3-150x150.webp 150w, https:\/\/www.purecook.com\/wp-content\/uploads\/2026\/05\/wholesale-premium-stainless-steel-colander-set3-768x768.webp 768w, https:\/\/www.purecook.com\/wp-content\/uploads\/2026\/05\/wholesale-premium-stainless-steel-colander-set3-12x12.webp 12w, https:\/\/www.purecook.com\/wp-content\/uploads\/2026\/05\/wholesale-premium-stainless-steel-colander-set3-600x600.webp 600w, https:\/\/www.purecook.com\/wp-content\/uploads\/2026\/05\/wholesale-premium-stainless-steel-colander-set3-100x100.webp 100w\" sizes=\"(max-width: 800px) 100vw, 800px\" \/><\/figure>\n<\/div>\n\n\n\n<div class=\"wp-block-column is-layout-flow wp-block-column-is-layout-flow\">\n<figure class=\"wp-block-image size-full\"><img decoding=\"async\" width=\"800\" height=\"800\" src=\"https:\/\/www.purecook.com\/wp-content\/uploads\/2026\/05\/wholesale-premium-stainless-steel-colander-set5.webp\" alt=\"Gro\u00dfhandel Premium-Edelstahl-Siebsatz(5)\" class=\"wp-image-5923\" srcset=\"https:\/\/www.purecook.com\/wp-content\/uploads\/2026\/05\/wholesale-premium-stainless-steel-colander-set5.webp 800w, https:\/\/www.purecook.com\/wp-content\/uploads\/2026\/05\/wholesale-premium-stainless-steel-colander-set5-300x300.webp 300w, https:\/\/www.purecook.com\/wp-content\/uploads\/2026\/05\/wholesale-premium-stainless-steel-colander-set5-150x150.webp 150w, https:\/\/www.purecook.com\/wp-content\/uploads\/2026\/05\/wholesale-premium-stainless-steel-colander-set5-768x768.webp 768w, https:\/\/www.purecook.com\/wp-content\/uploads\/2026\/05\/wholesale-premium-stainless-steel-colander-set5-12x12.webp 12w, https:\/\/www.purecook.com\/wp-content\/uploads\/2026\/05\/wholesale-premium-stainless-steel-colander-set5-600x600.webp 600w, https:\/\/www.purecook.com\/wp-content\/uploads\/2026\/05\/wholesale-premium-stainless-steel-colander-set5-100x100.webp 100w\" sizes=\"(max-width: 800px) 100vw, 800px\" \/><\/figure>\n<\/div>\n<\/div>\n\n\n\n<div class=\"wp-block-columns is-layout-flex wp-container-core-columns-is-layout-9d6595d7 wp-block-columns-is-layout-flex\">\n<div class=\"wp-block-column is-layout-flow wp-block-column-is-layout-flow\"><\/div>\n\n\n\n<div class=\"wp-block-column is-layout-flow wp-block-column-is-layout-flow\"><\/div>\n<\/div>","protected":false},"excerpt":{"rendered":"<p data-pm-slice=\"0 0 []\">Gro\u00dfhandelsset f\u00fcr Edelstahlsiebe. Mit seiner praktischen Kombination aus Sieb und passender Sch\u00fcssel unterst\u00fctzt es die allt\u00e4glichen Aufgaben des Waschens, Abtropfens und Mischens sowohl in der privaten als auch in der gewerblichen K\u00fcche.<\/p>\n<h2>Edelstahl-Siebset Merkmale<\/h2>\n<p><strong>Effizientes Pr\u00e4zisionsentw\u00e4sserungssystem:<\/strong> Das Sieb ist mit gleichm\u00e4\u00dfig verteilten Perforationen f\u00fcr schnelles und effizientes Abtropfen ausgestattet. In Kombination mit der passenden Sch\u00fcssel unterst\u00fctzt das Nesting-Design praktische Arbeitsabl\u00e4ufe beim Waschen, Einweichen und Abtropfen.<\/p>\n<p><strong>Verschachtelung und platzsparendes Design:<\/strong> Das Sieb passt perfekt in die R\u00fchrsch\u00fcssel und l\u00e4sst sich kompakt aufbewahren und leicht transportieren. Die stapelbare Struktur hilft, wertvollen Platz in K\u00fcche und Lager zu sparen.<\/p>\n<p><strong>Mehrzweck-K\u00fcchenfunktionalit\u00e4t:<\/strong> Geeignet zum Waschen von Gem\u00fcse, Abgie\u00dfen von Nudeln, Mischen von Salaten, Zubereiten von Obst, Einweichen von Zutaten und Servieren von Speisen. Das vielseitige Design erf\u00fcllt die Anforderungen sowohl in der heimischen K\u00fcche als auch in der Gastronomie.<\/p>\n<p data-pm-slice=\"0 0 []\"><strong>Factory Direct Wettbewerbsvorteil:<\/strong> Durch den Bezug direkt vom Hersteller profitieren die K\u00e4ufer von wettbewerbsf\u00e4higen Fabrikpreisen, gleichbleibender Produktqualit\u00e4t und professioneller Exportunterst\u00fctzung.<\/p>\n<p>\n<script src=\"chrome-extension:\/\/fpelahbljekknahkcaegamhcndkfpfnc\/iFrame.js\" type=\"text\/javascript\"><\/script><\/p>","protected":false},"featured_media":5919,"comment_status":"closed","ping_status":"closed","template":"","meta":{"_acf_changed":false},"product_brand":[],"product_cat":[52,65],"product_tag":[],"class_list":{"0":"post-5918","1":"product","2":"type-product","3":"status-publish","4":"has-post-thumbnail","6":"product_cat-kitchen-utensils","7":"product_cat-kitchen-strainer-and-colander","9":"first","10":"instock","11":"shipping-taxable","12":"product-type-simple"},"acf":[],"_links":{"self":[{"href":"https:\/\/www.purecook.com\/de\/wp-json\/wp\/v2\/product\/5918","targetHints":{"allow":["GET"]}}],"collection":[{"href":"https:\/\/www.purecook.com\/de\/wp-json\/wp\/v2\/product"}],"about":[{"href":"https:\/\/www.purecook.com\/de\/wp-json\/wp\/v2\/types\/product"}],"replies":[{"embeddable":true,"href":"https:\/\/www.purecook.com\/de\/wp-json\/wp\/v2\/comments?post=5918"}],"wp:featuredmedia":[{"embeddable":true,"href":"https:\/\/www.purecook.com\/de\/wp-json\/wp\/v2\/media\/5919"}],"wp:attachment":[{"href":"https:\/\/www.purecook.com\/de\/wp-json\/wp\/v2\/media?parent=5918"}],"wp:term":[{"taxonomy":"product_brand","embeddable":true,"href":"https:\/\/www.purecook.com\/de\/wp-json\/wp\/v2\/product_brand?post=5918"},{"taxonomy":"product_cat","embeddable":true,"href":"https:\/\/www.purecook.com\/de\/wp-json\/wp\/v2\/product_cat?post=5918"},{"taxonomy":"product_tag","embeddable":true,"href":"https:\/\/www.purecook.com\/de\/wp-json\/wp\/v2\/product_tag?post=5918"}],"curies":[{"name":"wp","href":"https:\/\/api.w.org\/{rel}","templated":true}]}}