{"id":5925,"date":"2026-05-12T16:08:08","date_gmt":"2026-05-12T08:08:08","guid":{"rendered":"https:\/\/www.purecook.com\/?post_type=product&#038;p=5925"},"modified":"2026-05-12T16:42:48","modified_gmt":"2026-05-12T08:42:48","slug":"wholesale-3-in-1-stainless-steel-vegetable-grater-colander-set","status":"publish","type":"product","link":"https:\/\/www.purecook.com\/de\/product\/wholesale-3-in-1-stainless-steel-vegetable-grater-colander-set\/","title":{"rendered":"Gro\u00dfhandel 3-in-1-Edelstahl-Gem\u00fcsereibe &amp; Siebtr\u00e4ger-Set"},"content":{"rendered":"<div class=\"wp-block-columns is-layout-flex wp-container-core-columns-is-layout-9d6595d7 wp-block-columns-is-layout-flex\">\n<div class=\"wp-block-column is-layout-flow wp-block-column-is-layout-flow\">\n<h3 class=\"wp-block-heading\">Parameter des Sets Gem\u00fcsereibe und Sieb<\/h3>\n\n\n\n<p><strong>Material:<\/strong> 201 Rostfreier Stahl<br><strong>Normale Dicke:<\/strong> 0,5 mm<br><strong>Dia:<\/strong> 26cm<\/p>\n<\/div>\n\n\n\n<div class=\"wp-block-column is-layout-flow wp-block-column-is-layout-flow\">\n<h3 class=\"wp-block-heading\">Kundenspezifische Optionen f\u00fcr K\u00fcchengeschirr<\/h3>\n\n\n\n<p><strong>Logo:<\/strong> Anpassbar mit Ihrem Markenlogo<br><strong>Verpackung:<\/strong>\u00a0Farbige Schachtel\/Karton, etc<\/p>\n<\/div>\n<\/div>\n\n\n\n<div class=\"wp-block-columns is-layout-flex wp-container-core-columns-is-layout-9d6595d7 wp-block-columns-is-layout-flex\">\n<div class=\"wp-block-column is-layout-flow wp-block-column-is-layout-flow\">\n<figure class=\"wp-block-image size-full\"><img decoding=\"async\" width=\"800\" height=\"800\" src=\"https:\/\/www.purecook.com\/wp-content\/uploads\/2026\/05\/Wholesale-3-in-1-Stainless-Steel-Vegetable-Grater-and-Colander-Set-1.webp\" alt=\"Gro\u00dfhandel 3-in-1-Edelstahl-Gem\u00fcsereibe und Sieb-Set (1)\" class=\"wp-image-5926\" srcset=\"https:\/\/www.purecook.com\/wp-content\/uploads\/2026\/05\/Wholesale-3-in-1-Stainless-Steel-Vegetable-Grater-and-Colander-Set-1.webp 800w, https:\/\/www.purecook.com\/wp-content\/uploads\/2026\/05\/Wholesale-3-in-1-Stainless-Steel-Vegetable-Grater-and-Colander-Set-1-300x300.webp 300w, https:\/\/www.purecook.com\/wp-content\/uploads\/2026\/05\/Wholesale-3-in-1-Stainless-Steel-Vegetable-Grater-and-Colander-Set-1-150x150.webp 150w, https:\/\/www.purecook.com\/wp-content\/uploads\/2026\/05\/Wholesale-3-in-1-Stainless-Steel-Vegetable-Grater-and-Colander-Set-1-768x768.webp 768w, https:\/\/www.purecook.com\/wp-content\/uploads\/2026\/05\/Wholesale-3-in-1-Stainless-Steel-Vegetable-Grater-and-Colander-Set-1-12x12.webp 12w, https:\/\/www.purecook.com\/wp-content\/uploads\/2026\/05\/Wholesale-3-in-1-Stainless-Steel-Vegetable-Grater-and-Colander-Set-1-600x600.webp 600w, https:\/\/www.purecook.com\/wp-content\/uploads\/2026\/05\/Wholesale-3-in-1-Stainless-Steel-Vegetable-Grater-and-Colander-Set-1-100x100.webp 100w\" sizes=\"(max-width: 800px) 100vw, 800px\" \/><\/figure>\n<\/div>\n\n\n\n<div class=\"wp-block-column is-layout-flow wp-block-column-is-layout-flow\">\n<figure class=\"wp-block-image size-full\"><img decoding=\"async\" width=\"800\" height=\"800\" src=\"https:\/\/www.purecook.com\/wp-content\/uploads\/2026\/05\/Wholesale-3-in-1-Stainless-Steel-Vegetable-Grater-and-Colander-Set-2.webp\" alt=\"Gro\u00dfhandel 3-in-1-Edelstahl-Gem\u00fcsereibe und Sieb-Set (2)\" class=\"wp-image-5927\" srcset=\"https:\/\/www.purecook.com\/wp-content\/uploads\/2026\/05\/Wholesale-3-in-1-Stainless-Steel-Vegetable-Grater-and-Colander-Set-2.webp 800w, https:\/\/www.purecook.com\/wp-content\/uploads\/2026\/05\/Wholesale-3-in-1-Stainless-Steel-Vegetable-Grater-and-Colander-Set-2-300x300.webp 300w, https:\/\/www.purecook.com\/wp-content\/uploads\/2026\/05\/Wholesale-3-in-1-Stainless-Steel-Vegetable-Grater-and-Colander-Set-2-150x150.webp 150w, https:\/\/www.purecook.com\/wp-content\/uploads\/2026\/05\/Wholesale-3-in-1-Stainless-Steel-Vegetable-Grater-and-Colander-Set-2-768x768.webp 768w, https:\/\/www.purecook.com\/wp-content\/uploads\/2026\/05\/Wholesale-3-in-1-Stainless-Steel-Vegetable-Grater-and-Colander-Set-2-12x12.webp 12w, https:\/\/www.purecook.com\/wp-content\/uploads\/2026\/05\/Wholesale-3-in-1-Stainless-Steel-Vegetable-Grater-and-Colander-Set-2-600x600.webp 600w, https:\/\/www.purecook.com\/wp-content\/uploads\/2026\/05\/Wholesale-3-in-1-Stainless-Steel-Vegetable-Grater-and-Colander-Set-2-100x100.webp 100w\" sizes=\"(max-width: 800px) 100vw, 800px\" \/><\/figure>\n<\/div>\n<\/div>\n\n\n\n<div class=\"wp-block-columns is-layout-flex wp-container-core-columns-is-layout-9d6595d7 wp-block-columns-is-layout-flex\">\n<div class=\"wp-block-column is-layout-flow wp-block-column-is-layout-flow\"><\/div>\n\n\n\n<div class=\"wp-block-column is-layout-flow wp-block-column-is-layout-flow\"><\/div>\n<\/div>","protected":false},"excerpt":{"rendered":"<p>Gro\u00dfhandel Edelstahl-Gem\u00fcsereibe &amp; Siebset. Das 3-in-1-Edelstahl-Gem\u00fcsereiben- und -siebset ist eine vielseitige und praktische K\u00fcchenl\u00f6sung, die f\u00fcr die modernen Anforderungen der Lebensmittelzubereitung entwickelt wurde. Durch die Kombination von Reibe-, Wasch- und Abtropffunktionen in einem integrierten Design hilft dieses Mehrzweck-K\u00fcchenwerkzeug, die t\u00e4glichen Kochaufgaben in Haushalts- und Gro\u00dfk\u00fcchen zu rationalisieren.<\/p>\n<h2>Set aus Edelstahl-Gem\u00fcsereibe und -sieb Eigenschaften\u00a0<\/h2>\n<p data-pm-slice=\"0 0 []\"><strong>Premium-Edelstahlkonstruktion:<\/strong> Hergestellt aus langlebigem Edelstahl, der eine hohe Widerstandsf\u00e4higkeit gegen Rost, Verformung und t\u00e4gliche Abnutzung gew\u00e4hrleistet und sich f\u00fcr den langfristigen Einsatz in der K\u00fcche eignet.<\/p>\n<p><strong>3-in-1-Multifunktionsdesign:<\/strong> Integriert die Funktionen Reiben, Waschen und Abtropfen in einem Ger\u00e4t, was die Effizienz in der K\u00fcche erh\u00f6ht und den Bedarf an mehreren Utensilien reduziert.<\/p>\n<p><strong>Ergonomische und praktische Struktur:<\/strong> Das Ger\u00e4t ist f\u00fcr die t\u00e4gliche Zubereitung von Lebensmitteln konzipiert und eignet sich daher sowohl f\u00fcr die K\u00fcche zu Hause als auch f\u00fcr den professionellen Einsatz in der Gastronomie.<\/p>\n<p><strong>OEM\/ODM-Anpassung verf\u00fcgbar:<\/strong> Als direkter Werkslieferant bieten wir umfassende Anpassungsm\u00f6glichkeiten, einschlie\u00dflich Branding, Verpackung und Produktdesign\u00e4nderungen.<\/p>\n<p>\n<script src=\"chrome-extension:\/\/fpelahbljekknahkcaegamhcndkfpfnc\/iFrame.js\" type=\"text\/javascript\"><\/script><\/p>","protected":false},"featured_media":5926,"comment_status":"closed","ping_status":"closed","template":"","meta":{"_acf_changed":false},"product_brand":[],"product_cat":[52,65],"product_tag":[],"class_list":{"0":"post-5925","1":"product","2":"type-product","3":"status-publish","4":"has-post-thumbnail","6":"product_cat-kitchen-utensils","7":"product_cat-kitchen-strainer-and-colander","9":"first","10":"instock","11":"shipping-taxable","12":"product-type-simple"},"acf":[],"_links":{"self":[{"href":"https:\/\/www.purecook.com\/de\/wp-json\/wp\/v2\/product\/5925","targetHints":{"allow":["GET"]}}],"collection":[{"href":"https:\/\/www.purecook.com\/de\/wp-json\/wp\/v2\/product"}],"about":[{"href":"https:\/\/www.purecook.com\/de\/wp-json\/wp\/v2\/types\/product"}],"replies":[{"embeddable":true,"href":"https:\/\/www.purecook.com\/de\/wp-json\/wp\/v2\/comments?post=5925"}],"wp:featuredmedia":[{"embeddable":true,"href":"https:\/\/www.purecook.com\/de\/wp-json\/wp\/v2\/media\/5926"}],"wp:attachment":[{"href":"https:\/\/www.purecook.com\/de\/wp-json\/wp\/v2\/media?parent=5925"}],"wp:term":[{"taxonomy":"product_brand","embeddable":true,"href":"https:\/\/www.purecook.com\/de\/wp-json\/wp\/v2\/product_brand?post=5925"},{"taxonomy":"product_cat","embeddable":true,"href":"https:\/\/www.purecook.com\/de\/wp-json\/wp\/v2\/product_cat?post=5925"},{"taxonomy":"product_tag","embeddable":true,"href":"https:\/\/www.purecook.com\/de\/wp-json\/wp\/v2\/product_tag?post=5925"}],"curies":[{"name":"wp","href":"https:\/\/api.w.org\/{rel}","templated":true}]}}