{"id":624,"date":"2024-04-09T09:08:31","date_gmt":"2024-04-09T01:08:31","guid":{"rendered":"https:\/\/purecook.com\/?post_type=product&#038;p=624"},"modified":"2025-04-27T17:44:14","modified_gmt":"2025-04-27T09:44:14","slug":"wholesale-cooking-pots-set","status":"publish","type":"product","link":"https:\/\/www.purecook.com\/de\/product\/wholesale-cooking-pots-set\/","title":{"rendered":"Benutzerdefinierte Edelstahl-Keramik-Spr\u00fchbeschichtung Kocht\u00f6pfe Set Gro\u00dfhandel"},"content":{"rendered":"<div class=\"wp-block-columns is-layout-flex wp-container-core-columns-is-layout-9d6595d7 wp-block-columns-is-layout-flex\">\n<div class=\"wp-block-column is-layout-flow wp-block-column-is-layout-flow\">\n<h3 class=\"wp-block-heading\">Parameter des Kochtopfsets<\/h3>\n\n\n\n<p>-Modellnummer:C1C1<br>-Werkstoff:rostfreier Stahl<br>-Normale Dicke: 0,5 mm<br>-Deckel:Glasdeckel mit Silikonring<br>Boden: Induktions-Sandwichboden (SUS+2mm Alu+SUS)<br>-Logo: Siebdruck\/Lasergravur\/Pr\u00e4gestempel<br>-Griff &amp; Deckelknauf: Edelstahl<br>-Enth\u00e4lt: So\u00dfenpfanne, Suppentopf mit Dampfgarer, Kasserolle, Suppentopf<br>-Gr\u00f6\u00dfe der So\u00dfenpfanne:15,5*<em>9,5 cm <\/em><br><em>-Suppentopf mit Dampfgarer:19.2<\/em>*10,5 cm<br>-Kasserolle:21,5*<em>8,5 cm <\/em><br><em>-Suppentopf:23.8<\/em>*13,5 cm<br>-MOQ:1000S\u00e4tze<\/p>\n<\/div>\n\n\n\n<div class=\"wp-block-column is-layout-flow wp-block-column-is-layout-flow\">\n<h3 class=\"wp-block-heading\">Individuelles Kochtopfset aus Edelstahl<\/h3>\n\n\n\n<p>Werten Sie Ihr Catering-Gesch\u00e4ft mit unseren unbegrenzten Anpassungsm\u00f6glichkeiten und innovativen Designs auf.<\/p>\n\n\n\n<p>-Farbe:Beige\/Gr\u00fcn\/Rosa<br>-Material:Edelstahl SUS#201\/304\/410\/430<br>-Griff, der zu Ihrem Stil passt<br>-Gr\u00f6\u00dfe der So\u00dfenpfanne:16cm\/18cm<br>-Kasserolle Gr\u00f6\u00dfe\uff1a22cm\/24cm<br>-Logo: Ihr eigenes Markenlogo<br>-Verpackung: Farbkarton\/Briefkasten usw.<br><a href=\"https:\/\/www.purecook.com\/de\/custom-solution\/\" target=\"_blank\" rel=\"noreferrer noopener\"><strong><a href=\"https:\/\/www.purecook.com\/de\/custom-solution\/\" target=\"_blank\" rel=\"noreferrer noopener\">-OEM &amp; ODM Kundenspezifische L\u00f6sungen<\/a><\/strong><\/a><\/p>\n<\/div>\n<\/div>\n\n\n\n<div class=\"wp-block-columns is-layout-flex wp-container-core-columns-is-layout-9d6595d7 wp-block-columns-is-layout-flex\">\n<div class=\"wp-block-column is-layout-flow wp-block-column-is-layout-flow\">\n<figure class=\"wp-block-image size-full\"><img decoding=\"async\" width=\"800\" height=\"800\" src=\"https:\/\/purecook.com\/wp-content\/uploads\/2024\/04\/customize-cookware.webp\" alt=\"Kochgeschirr anpassen\" class=\"wp-image-635\" srcset=\"https:\/\/www.purecook.com\/wp-content\/uploads\/2024\/04\/customize-cookware.webp 800w, https:\/\/www.purecook.com\/wp-content\/uploads\/2024\/04\/customize-cookware-300x300.webp 300w, https:\/\/www.purecook.com\/wp-content\/uploads\/2024\/04\/customize-cookware-150x150.webp 150w, https:\/\/www.purecook.com\/wp-content\/uploads\/2024\/04\/customize-cookware-768x768.webp 768w, https:\/\/www.purecook.com\/wp-content\/uploads\/2024\/04\/customize-cookware-600x600.webp 600w, https:\/\/www.purecook.com\/wp-content\/uploads\/2024\/04\/customize-cookware-100x100.webp 100w\" sizes=\"(max-width: 800px) 100vw, 800px\" \/><\/figure>\n\n\n\n<figure class=\"wp-block-image size-full\"><img decoding=\"async\" width=\"800\" height=\"800\" src=\"https:\/\/purecook.com\/wp-content\/uploads\/2024\/04\/custom-cookware-1.webp\" alt=\"ma\u00dfgeschneidertes Kochgeschirr\" class=\"wp-image-634\" srcset=\"https:\/\/www.purecook.com\/wp-content\/uploads\/2024\/04\/custom-cookware-1.webp 800w, https:\/\/www.purecook.com\/wp-content\/uploads\/2024\/04\/custom-cookware-1-300x300.webp 300w, https:\/\/www.purecook.com\/wp-content\/uploads\/2024\/04\/custom-cookware-1-150x150.webp 150w, https:\/\/www.purecook.com\/wp-content\/uploads\/2024\/04\/custom-cookware-1-768x768.webp 768w, https:\/\/www.purecook.com\/wp-content\/uploads\/2024\/04\/custom-cookware-1-600x600.webp 600w, https:\/\/www.purecook.com\/wp-content\/uploads\/2024\/04\/custom-cookware-1-100x100.webp 100w\" sizes=\"(max-width: 800px) 100vw, 800px\" \/><\/figure>\n<\/div>\n\n\n\n<div class=\"wp-block-column is-layout-flow wp-block-column-is-layout-flow\">\n<figure class=\"wp-block-image size-full\"><img decoding=\"async\" width=\"750\" height=\"1279\" src=\"https:\/\/purecook.com\/wp-content\/uploads\/2024\/04\/cookware-custom-solution.webp\" alt=\"Kochgeschirr individuelle L\u00f6sung\" class=\"wp-image-633\" srcset=\"https:\/\/www.purecook.com\/wp-content\/uploads\/2024\/04\/cookware-custom-solution.webp 750w, https:\/\/www.purecook.com\/wp-content\/uploads\/2024\/04\/cookware-custom-solution-176x300.webp 176w, https:\/\/www.purecook.com\/wp-content\/uploads\/2024\/04\/cookware-custom-solution-600x1023.webp 600w\" sizes=\"(max-width: 750px) 100vw, 750px\" \/><\/figure>\n<\/div>\n<\/div>","protected":false},"excerpt":{"rendered":"<p>Gro\u00dfhandel Kocht\u00f6pfe Set, Dieses Kochgeschirr Set ist aus umweltfreundlichen und sicheren ungiftigen Materialien mit ausgezeichneter W\u00e4rmeleitf\u00e4higkeit, sch\u00f6ne und dauerhafte Aussehen, und ist sehr geeignet f\u00fcr den Heimgebrauch.<\/p>\n<h3>Eigenschaften und Vorteile des Kochtopfsets:<\/h3>\n<p>1) Umweltfreundliche und sichere ungiftige Materialien<\/p>\n<p>2) Hervorragende W\u00e4rmeleitf\u00e4higkeit f\u00fcr perfektes Garen<\/p>\n<p>3) M\u00fchelose Reinigung und Wartung<\/p>\n<p>4) Fortschrittliche Korrosionsbest\u00e4ndigkeit f\u00fcr hygienisches Garen<\/p>\n<p>5) Revolution\u00e4re Hochtemperatur-Keramik-Spr\u00fchbeschichtung, \u00e4sthetisch ansprechend und langlebig<\/p>\n<p>6) Anpassbare Farben\/Materialien\/Gr\u00f6\u00dfen\/Handgriff an Ihren Stil<\/p>\n<p>7) PFOA-frei<\/p>","protected":false},"featured_media":627,"comment_status":"closed","ping_status":"closed","template":"","meta":{"_acf_changed":false},"product_brand":[],"product_cat":[24,69],"product_tag":[98],"class_list":{"0":"post-624","1":"product","2":"type-product","3":"status-publish","4":"has-post-thumbnail","6":"product_cat-cookware","7":"product_cat-cookware-sets","8":"product_tag-wholesale-home-cookware","10":"first","11":"instock","12":"shipping-taxable","13":"product-type-simple"},"acf":[],"_links":{"self":[{"href":"https:\/\/www.purecook.com\/de\/wp-json\/wp\/v2\/product\/624","targetHints":{"allow":["GET"]}}],"collection":[{"href":"https:\/\/www.purecook.com\/de\/wp-json\/wp\/v2\/product"}],"about":[{"href":"https:\/\/www.purecook.com\/de\/wp-json\/wp\/v2\/types\/product"}],"replies":[{"embeddable":true,"href":"https:\/\/www.purecook.com\/de\/wp-json\/wp\/v2\/comments?post=624"}],"wp:featuredmedia":[{"embeddable":true,"href":"https:\/\/www.purecook.com\/de\/wp-json\/wp\/v2\/media\/627"}],"wp:attachment":[{"href":"https:\/\/www.purecook.com\/de\/wp-json\/wp\/v2\/media?parent=624"}],"wp:term":[{"taxonomy":"product_brand","embeddable":true,"href":"https:\/\/www.purecook.com\/de\/wp-json\/wp\/v2\/product_brand?post=624"},{"taxonomy":"product_cat","embeddable":true,"href":"https:\/\/www.purecook.com\/de\/wp-json\/wp\/v2\/product_cat?post=624"},{"taxonomy":"product_tag","embeddable":true,"href":"https:\/\/www.purecook.com\/de\/wp-json\/wp\/v2\/product_tag?post=624"}],"curies":[{"name":"wp","href":"https:\/\/api.w.org\/{rel}","templated":true}]}}