{"id":820,"date":"2024-04-12T16:34:55","date_gmt":"2024-04-12T08:34:55","guid":{"rendered":"https:\/\/purecook.com\/?post_type=product&#038;p=820"},"modified":"2026-02-27T18:02:57","modified_gmt":"2026-02-27T10:02:57","slug":"ceramic-coated-cookware-set-wholesale","status":"publish","type":"product","link":"https:\/\/www.purecook.com\/de\/product\/ceramic-coated-cookware-set-wholesale\/","title":{"rendered":"Gro\u00dfhandel Umweltfreundliches keramikbeschichtetes Kochgeschirr Set"},"content":{"rendered":"<div class=\"wp-block-columns is-layout-flex wp-container-core-columns-is-layout-9d6595d7 wp-block-columns-is-layout-flex\">\n<div class=\"wp-block-column is-layout-flow wp-block-column-is-layout-flow\">\n<h3 class=\"wp-block-heading\">Parameter des Kochgeschirrsets<\/h3>\n\n\n\n<p>-<strong>Modellnummer: Marina<\/strong><br>-Material: rostfreier Stahl<br>-Normale Dicke: 0,5 mm<br>-Deckel: Glas-Deckel<br>-Unterteil: Induktions-Sandwichboden (SUS+1mm Alu+SUS)<br>-Logo: Siebdruck\/Lasergravur\/Pr\u00e4gestempel<br>-Griff &amp; Deckelknauf: Buchenholz<br>-Inklusive: So\u00dfenpfanne(1.5L),Suppentopf(5L),Suppentopf(2.5L),Suppentopf(2L),Kochtopf(2.5L)<br>-So\u00dfenpfanne (1.5L) Gr\u00f6\u00dfe: 16*9cm<br>-Suppentopf (5L) Gr\u00f6\u00dfe: 24*13cm<br>-Suppentopf (2.5L) Gr\u00f6\u00dfe: 20*11cm<br>-Suppentopf (2L) Gr\u00f6\u00dfe: 18*10cm<br>-Hot Pot (2,5 L) Gr\u00f6\u00dfe: 24*8cm<br>-MOQ: 1000Sets<\/p>\n<\/div>\n\n\n\n<div class=\"wp-block-column is-layout-flow wp-block-column-is-layout-flow\">\n<h3 class=\"wp-block-heading\">Anpassungsm\u00f6glichkeiten des Kochgeschirrsets<\/h3>\n\n\n\n<p>Werten Sie Ihr Catering-Gesch\u00e4ft mit unseren unbegrenzten Anpassungsm\u00f6glichkeiten und innovativen Designs auf.<\/p>\n\n\n\n<p>-Farbe: Beige\/andere benutzerdefinierte Farbe<br>-Werkstoff: SUS#201\/304\/410\/430<br>-Griff, der zu Ihrem Stil passt.<br>-Logo: Individuelles Logo Ihrer Marke.<br>-Verpackung: Farbkarton\/Karton, etc.<br><strong><a href=\"https:\/\/www.purecook.com\/de\/custom-solution\/\" target=\"_blank\" rel=\"noreferrer noopener\">-OEM &amp; ODM Kundenspezifische L\u00f6sungen <\/a><\/strong><\/p>\n\n\n\n<div class=\"wp-block-columns is-layout-flex wp-container-core-columns-is-layout-9d6595d7 wp-block-columns-is-layout-flex\">\n<div class=\"wp-block-column is-layout-flow wp-block-column-is-layout-flow\">\n<div class=\"wp-block-columns is-layout-flex wp-container-core-columns-is-layout-9d6595d7 wp-block-columns-is-layout-flex\">\n<div class=\"wp-block-column is-layout-flow wp-block-column-is-layout-flow\"><\/div>\n<\/div>\n<\/div>\n<\/div>\n\n\n\n<p><\/p>\n\n\n\n<p><\/p>\n\n\n\n<p><\/p>\n<\/div>\n<\/div>\n\n\n\n<div class=\"wp-block-columns is-layout-flex wp-container-core-columns-is-layout-9d6595d7 wp-block-columns-is-layout-flex\">\n<div class=\"wp-block-column is-layout-flow wp-block-column-is-layout-flow\">\n<figure class=\"wp-block-image size-full is-resized\"><img decoding=\"async\" width=\"800\" height=\"800\" src=\"https:\/\/purecook.com\/wp-content\/uploads\/2024\/04\/bulk-cookware-set.webp\" alt=\"Gro\u00dfkochgeschirr-Set\" class=\"wp-image-822\" style=\"width:416px;height:auto\" srcset=\"https:\/\/www.purecook.com\/wp-content\/uploads\/2024\/04\/bulk-cookware-set.webp 800w, https:\/\/www.purecook.com\/wp-content\/uploads\/2024\/04\/bulk-cookware-set-300x300.webp 300w, https:\/\/www.purecook.com\/wp-content\/uploads\/2024\/04\/bulk-cookware-set-150x150.webp 150w, https:\/\/www.purecook.com\/wp-content\/uploads\/2024\/04\/bulk-cookware-set-768x768.webp 768w, https:\/\/www.purecook.com\/wp-content\/uploads\/2024\/04\/bulk-cookware-set-600x600.webp 600w, https:\/\/www.purecook.com\/wp-content\/uploads\/2024\/04\/bulk-cookware-set-100x100.webp 100w\" sizes=\"(max-width: 800px) 100vw, 800px\" \/><\/figure>\n\n\n\n<figure class=\"wp-block-image size-full is-resized\"><img decoding=\"async\" width=\"800\" height=\"800\" src=\"https:\/\/purecook.com\/wp-content\/uploads\/2024\/04\/wholesale-custom-cookware.webp\" alt=\"gro\u00dfhandel-kochgeschirr\" class=\"wp-image-823\" style=\"width:417px;height:auto\" srcset=\"https:\/\/www.purecook.com\/wp-content\/uploads\/2024\/04\/wholesale-custom-cookware.webp 800w, https:\/\/www.purecook.com\/wp-content\/uploads\/2024\/04\/wholesale-custom-cookware-300x300.webp 300w, https:\/\/www.purecook.com\/wp-content\/uploads\/2024\/04\/wholesale-custom-cookware-150x150.webp 150w, https:\/\/www.purecook.com\/wp-content\/uploads\/2024\/04\/wholesale-custom-cookware-768x768.webp 768w, https:\/\/www.purecook.com\/wp-content\/uploads\/2024\/04\/wholesale-custom-cookware-600x600.webp 600w, https:\/\/www.purecook.com\/wp-content\/uploads\/2024\/04\/wholesale-custom-cookware-100x100.webp 100w\" sizes=\"(max-width: 800px) 100vw, 800px\" \/><\/figure>\n<\/div>\n\n\n\n<div class=\"wp-block-column is-layout-flow wp-block-column-is-layout-flow\">\n<figure class=\"wp-block-image size-full\"><img decoding=\"async\" width=\"750\" height=\"1368\" src=\"https:\/\/purecook.com\/wp-content\/uploads\/2024\/04\/cookware-design-detail-1.webp\" alt=\"\" class=\"wp-image-825\" srcset=\"https:\/\/www.purecook.com\/wp-content\/uploads\/2024\/04\/cookware-design-detail-1.webp 750w, https:\/\/www.purecook.com\/wp-content\/uploads\/2024\/04\/cookware-design-detail-1-164x300.webp 164w, https:\/\/www.purecook.com\/wp-content\/uploads\/2024\/04\/cookware-design-detail-1-600x1094.webp 600w\" sizes=\"(max-width: 750px) 100vw, 750px\" \/><\/figure>\n<\/div>\n<\/div>","protected":false},"excerpt":{"rendered":"<p>Das Kochgeschirr ist aus hochwertigem Edelstahl gefertigt, der eine ausgezeichnete Korrosionsbest\u00e4ndigkeit und Hitzebest\u00e4ndigkeit aufweist. Mit Keramik-Beschichtung, sch\u00f6n und nicht leicht zu kleben, um Lebensmittel.<\/p>\n<h3>Merkmale und Vorteile des Kochgeschirrsets<\/h3>\n<p>1) Umweltfreundliches Material: Die Verwendung von Buchenholz f\u00fcr die Griffe ist nicht nur nachhaltig und langlebig, sondern bietet auch einen angenehmen Griff und reduziert die W\u00e4rmeleitung f\u00fcr eine sicherere Nutzung.<\/p>\n<p>2) Hochwertiger rostfreier Stahl: Das Kochgeschirr ist aus hochwertigem Edelstahl gefertigt, der Lebensmittelsicherheit, hervorragende Korrosionsbest\u00e4ndigkeit und Hitzebest\u00e4ndigkeit gew\u00e4hrleistet.<\/p>\n<p>3) Vielseitiges Design: Das Set enth\u00e4lt Kochgeschirr in verschiedenen Gr\u00f6\u00dfen und Formen f\u00fcr unterschiedliche Kochbed\u00fcrfnisse, wie Braten, Kochen und Schmoren.<\/p>\n<p>4) Energieeffizient: Hochwertige Materialien und Design gew\u00e4hrleisten eine gleichm\u00e4\u00dfige W\u00e4rmeverteilung f\u00fcr energieeffizientes Kochen.<\/p>\n<p>5) Energieeffizient: Hochwertige Materialien und Design gew\u00e4hrleisten eine gleichm\u00e4\u00dfige W\u00e4rmeverteilung f\u00fcr energieeffizientes Kochen.<\/p>\n<p>6) Anpassbare Farben\/Material\/Gr\u00f6\u00dfen f\u00fcr Ihren Stil.<\/p>\n<p>7) PFOA-frei.<\/p>\n<p>\n<script src=\"chrome-extension:\/\/fpelahbljekknahkcaegamhcndkfpfnc\/iFrame.js\" type=\"text\/javascript\"><\/script><\/p>","protected":false},"featured_media":834,"comment_status":"open","ping_status":"closed","template":"","meta":{"_acf_changed":false},"product_brand":[],"product_cat":[24,69],"product_tag":[98],"class_list":{"0":"post-820","1":"product","2":"type-product","3":"status-publish","4":"has-post-thumbnail","6":"product_cat-cookware","7":"product_cat-cookware-sets","8":"product_tag-wholesale-home-cookware","10":"first","11":"instock","12":"shipping-taxable","13":"product-type-simple"},"acf":[],"_links":{"self":[{"href":"https:\/\/www.purecook.com\/de\/wp-json\/wp\/v2\/product\/820","targetHints":{"allow":["GET"]}}],"collection":[{"href":"https:\/\/www.purecook.com\/de\/wp-json\/wp\/v2\/product"}],"about":[{"href":"https:\/\/www.purecook.com\/de\/wp-json\/wp\/v2\/types\/product"}],"replies":[{"embeddable":true,"href":"https:\/\/www.purecook.com\/de\/wp-json\/wp\/v2\/comments?post=820"}],"wp:featuredmedia":[{"embeddable":true,"href":"https:\/\/www.purecook.com\/de\/wp-json\/wp\/v2\/media\/834"}],"wp:attachment":[{"href":"https:\/\/www.purecook.com\/de\/wp-json\/wp\/v2\/media?parent=820"}],"wp:term":[{"taxonomy":"product_brand","embeddable":true,"href":"https:\/\/www.purecook.com\/de\/wp-json\/wp\/v2\/product_brand?post=820"},{"taxonomy":"product_cat","embeddable":true,"href":"https:\/\/www.purecook.com\/de\/wp-json\/wp\/v2\/product_cat?post=820"},{"taxonomy":"product_tag","embeddable":true,"href":"https:\/\/www.purecook.com\/de\/wp-json\/wp\/v2\/product_tag?post=820"}],"curies":[{"name":"wp","href":"https:\/\/api.w.org\/{rel}","templated":true}]}}