{"id":856,"date":"2024-04-12T17:09:20","date_gmt":"2024-04-12T09:09:20","guid":{"rendered":"https:\/\/purecook.com\/?post_type=product&#038;p=856"},"modified":"2025-04-27T17:42:32","modified_gmt":"2025-04-27T09:42:32","slug":"custom-stainless-steel-cookware-set","status":"publish","type":"product","link":"https:\/\/www.purecook.com\/de\/product\/custom-stainless-steel-cookware-set\/","title":{"rendered":"Benutzerdefinierte Vielseitigkeit Edelstahl Kochgeschirr Set Gro\u00dfhandel"},"content":{"rendered":"<div class=\"wp-block-columns is-layout-flex wp-container-core-columns-is-layout-9d6595d7 wp-block-columns-is-layout-flex\">\n<div class=\"wp-block-column is-layout-flow wp-block-column-is-layout-flow\">\n<h3 class=\"wp-block-heading\">Parameter des Kochgeschirrsets aus Edelstahl<\/h3>\n\n\n\n<p>-Modellnummer: Pure<br>-Material: Magnetischer Edelstahl <br>-Au\u00dfenspiegelpolieren <br>-St\u00e4rke: 0,5 mm<br>-Gekapselte Basis: SS201\/304 + 1mm Alu + SS 430 <br>-Deckel: Deckel aus geh\u00e4rtetem Glas<br>-Gr\u00f6\u00dfe: 20\/24cm<br>-F\u00e4higkeit: 2L\/5L<\/p>\n<\/div>\n\n\n\n<div class=\"wp-block-column is-layout-flow wp-block-column-is-layout-flow\">\n<h3 class=\"wp-block-heading\">Individuelles Kochgeschirr-Set<\/h3>\n\n\n\n<p>\u00b7Material:SUS#201\/304\/410\/430\/<br>-Verpackung:Farbkarton\/Karton, etc<br><strong><strong><a href=\"https:\/\/www.purecook.com\/de\/custom-solution\/\" target=\"_blank\" rel=\"noreferrer noopener\">-OEM &amp; ODM Kundenspezifische L\u00f6sungen<\/a><\/strong><\/strong><\/p>\n<\/div>\n<\/div>\n\n\n\n<div class=\"wp-block-columns is-layout-flex wp-container-core-columns-is-layout-9d6595d7 wp-block-columns-is-layout-flex\">\n<div class=\"wp-block-column is-layout-flow wp-block-column-is-layout-flow\">\n<figure class=\"wp-block-image size-full\"><img decoding=\"async\" width=\"591\" height=\"571\" src=\"https:\/\/purecook.com\/wp-content\/uploads\/2024\/04\/stainless-steel-cookware.webp\" alt=\"Kochgeschirr aus rostfreiem Stahl\" class=\"wp-image-965\" srcset=\"https:\/\/www.purecook.com\/wp-content\/uploads\/2024\/04\/stainless-steel-cookware.webp 591w, https:\/\/www.purecook.com\/wp-content\/uploads\/2024\/04\/stainless-steel-cookware-300x290.webp 300w\" sizes=\"(max-width: 591px) 100vw, 591px\" \/><\/figure>\n<\/div>\n\n\n\n<div class=\"wp-block-column is-layout-flow wp-block-column-is-layout-flow\">\n<figure class=\"wp-block-image size-full\"><img decoding=\"async\" width=\"586\" height=\"591\" src=\"https:\/\/purecook.com\/wp-content\/uploads\/2024\/04\/kitchenware-manufacturer-wholesale-custom-stainless-steel-cookware-.webp\" alt=\"K\u00fcchenger\u00e4te Hersteller Gro\u00dfhandel benutzerdefinierte Edelstahl Kochgeschirr\" class=\"wp-image-963\" srcset=\"https:\/\/www.purecook.com\/wp-content\/uploads\/2024\/04\/kitchenware-manufacturer-wholesale-custom-stainless-steel-cookware-.webp 586w, https:\/\/www.purecook.com\/wp-content\/uploads\/2024\/04\/kitchenware-manufacturer-wholesale-custom-stainless-steel-cookware--297x300.webp 297w, https:\/\/www.purecook.com\/wp-content\/uploads\/2024\/04\/kitchenware-manufacturer-wholesale-custom-stainless-steel-cookware--150x150.webp 150w, https:\/\/www.purecook.com\/wp-content\/uploads\/2024\/04\/kitchenware-manufacturer-wholesale-custom-stainless-steel-cookware--100x100.webp 100w\" sizes=\"(max-width: 586px) 100vw, 586px\" \/><\/figure>\n<\/div>\n<\/div>","protected":false},"excerpt":{"rendered":"<p>Purecook Gro\u00dfhandel vielseitige Edelstahl-Kochgeschirr-Set. Das Kochgeschirr ist langlebig und vielseitig. Es ist leicht zu reinigen und verteilt die Hitze gleichm\u00e4\u00dfig f\u00fcr optimale Ergebnisse. Noch wichtiger ist, dass es mit allen Herdarten kompatibel ist, ein klassisches und zeitloses Design hat und einen bequemen und sicheren Griff. Das verwendete Material ist nicht nur ungiftig, sondern bewahrt auch perfekt den Geschmack der Speisen. Es ist definitiv ein guter Kochhelfer f\u00fcr den Stand in Ihrer K\u00fcche.<\/p>\n<h3>Merkmal des Edelstahl-Kochgeschirrsets<\/h3>\n<p>1) Langlebige Haltbarkeit.<\/p>\n<p>2) Vielseitigkeit beim Kochen.<\/p>\n<p>3) Leicht zu reinigende Oberfl\u00e4che.<\/p>\n<p>4) Gleichm\u00e4\u00dfige W\u00e4rmeverteilung.<\/p>\n<p>5) Kompatibilit\u00e4t mit dem Herd.<\/p>\n<p>6) Zeitloses Design.<\/p>\n<p>7) Bequeme und sichere Griffe.<\/p>\n<p>8) Ungiftiges, geschmackserhaltendes Material.<\/p>","protected":false},"featured_media":961,"comment_status":"open","ping_status":"closed","template":"","meta":{"_acf_changed":false},"product_brand":[],"product_cat":[24,69],"product_tag":[98],"class_list":{"0":"post-856","1":"product","2":"type-product","3":"status-publish","4":"has-post-thumbnail","6":"product_cat-cookware","7":"product_cat-cookware-sets","8":"product_tag-wholesale-home-cookware","10":"first","11":"instock","12":"shipping-taxable","13":"product-type-simple"},"acf":[],"_links":{"self":[{"href":"https:\/\/www.purecook.com\/de\/wp-json\/wp\/v2\/product\/856","targetHints":{"allow":["GET"]}}],"collection":[{"href":"https:\/\/www.purecook.com\/de\/wp-json\/wp\/v2\/product"}],"about":[{"href":"https:\/\/www.purecook.com\/de\/wp-json\/wp\/v2\/types\/product"}],"replies":[{"embeddable":true,"href":"https:\/\/www.purecook.com\/de\/wp-json\/wp\/v2\/comments?post=856"}],"wp:featuredmedia":[{"embeddable":true,"href":"https:\/\/www.purecook.com\/de\/wp-json\/wp\/v2\/media\/961"}],"wp:attachment":[{"href":"https:\/\/www.purecook.com\/de\/wp-json\/wp\/v2\/media?parent=856"}],"wp:term":[{"taxonomy":"product_brand","embeddable":true,"href":"https:\/\/www.purecook.com\/de\/wp-json\/wp\/v2\/product_brand?post=856"},{"taxonomy":"product_cat","embeddable":true,"href":"https:\/\/www.purecook.com\/de\/wp-json\/wp\/v2\/product_cat?post=856"},{"taxonomy":"product_tag","embeddable":true,"href":"https:\/\/www.purecook.com\/de\/wp-json\/wp\/v2\/product_tag?post=856"}],"curies":[{"name":"wp","href":"https:\/\/api.w.org\/{rel}","templated":true}]}}