{"id":866,"date":"2024-04-12T09:23:11","date_gmt":"2024-04-12T01:23:11","guid":{"rendered":"https:\/\/purecook.com\/?post_type=product&#038;p=866"},"modified":"2025-04-27T17:43:24","modified_gmt":"2025-04-27T09:43:24","slug":"customizable-fryer-pot-wholesale","status":"publish","type":"product","link":"https:\/\/www.purecook.com\/de\/product\/customizable-fryer-pot-wholesale\/","title":{"rendered":"Anpassbare Antihaft-Fritteuse Topf mit Thermometer Gro\u00dfhandel"},"content":{"rendered":"<div class=\"wp-block-columns is-layout-flex wp-container-core-columns-is-layout-9d6595d7 wp-block-columns-is-layout-flex\">\n<div class=\"wp-block-column is-layout-flow wp-block-column-is-layout-flow\">\n<h2 class=\"wp-block-heading\">Parameter des Frittiertopfes<\/h2>\n\n\n\n<p>Geh\u00e4usematerial:0,5 mm SS201\/SS304<br>Material des Deckelrings: 0,5 mm SS201<br>Deckelabdeckung:0,7mm SS201<br>Boden:SS201\/SS304+1mm Alu.+0,5mm SS430 Hochglanzpoliert innen und hochglanzpoliert au\u00dfen.<br>Untere matte Politur.<br>Kundenlogo auf dem K\u00f6rper und dem Boden.<br>Mit \u00d6lthermometer<br><strong>Typ1:<\/strong><br>Gr\u00f6\u00dfe:20 cm,2.2l<br>Farbe Box Gr\u00f6\u00dfe:25\u00d710,8\u00d721,7 cm<br>N.W.:800g <br>Gewicht:1000g<br><strong>Typ2:<\/strong><br>Gr\u00f6\u00dfe:24 cm,3.4L<br>Farbe Box Gr\u00f6\u00dfe:26.8\u00d711.8\u00d725.8 cm<br>N.W.:1040g <br>Gewicht:1300g<br><strong>Typ3:<\/strong><br>Gr\u00f6\u00dfe:28 cm, 4.2L<br>Farbe Box Gr\u00f6\u00dfe: 29,3\u00d711,9\u00d729,4 cm<br>N.W.:1380g <br>Gewicht:1600g<br><br><\/p>\n<\/div>\n\n\n\n<div class=\"wp-block-column is-layout-flow wp-block-column-is-layout-flow\">\n<h2 class=\"wp-block-heading\">Kundenspezifischer Frittiertopf<\/h2>\n\n\n\n<p>Werten Sie Ihr Catering-Gesch\u00e4ft mit unseren unbegrenzten Anpassungsm\u00f6glichkeiten und innovativen Designs auf.<\/p>\n\n\n\n<p>Materials:SUS#201\/304<br>Typ:Typ1\/Typ2\/Typ3<br>Verpackung: Karton\/Farbkarton<br><strong><a href=\"https:\/\/www.purecook.com\/de\/custom-solution\/\" target=\"_blank\" rel=\"noreferrer noopener\">-OEM &amp; ODM Kundenspezifische L\u00f6sungen<\/a><\/strong><br><\/p>\n<\/div>\n<\/div>\n\n\n\n<div class=\"wp-block-columns is-layout-flex wp-container-core-columns-is-layout-9d6595d7 wp-block-columns-is-layout-flex\">\n<div class=\"wp-block-column is-layout-flow wp-block-column-is-layout-flow\">\n<figure class=\"wp-block-image size-full\"><img decoding=\"async\" width=\"800\" height=\"800\" src=\"https:\/\/purecook.com\/wp-content\/uploads\/2024\/04\/wholesale-custom-Fryer-cookware-manufacturer-.webp\" alt=\"Gro\u00dfhandel benutzerdefinierte Fryer Kochgeschirr Hersteller\" class=\"wp-image-873\" srcset=\"https:\/\/www.purecook.com\/wp-content\/uploads\/2024\/04\/wholesale-custom-Fryer-cookware-manufacturer-.webp 800w, https:\/\/www.purecook.com\/wp-content\/uploads\/2024\/04\/wholesale-custom-Fryer-cookware-manufacturer--300x300.webp 300w, https:\/\/www.purecook.com\/wp-content\/uploads\/2024\/04\/wholesale-custom-Fryer-cookware-manufacturer--150x150.webp 150w, https:\/\/www.purecook.com\/wp-content\/uploads\/2024\/04\/wholesale-custom-Fryer-cookware-manufacturer--768x768.webp 768w, https:\/\/www.purecook.com\/wp-content\/uploads\/2024\/04\/wholesale-custom-Fryer-cookware-manufacturer--600x600.webp 600w, https:\/\/www.purecook.com\/wp-content\/uploads\/2024\/04\/wholesale-custom-Fryer-cookware-manufacturer--100x100.webp 100w\" sizes=\"(max-width: 800px) 100vw, 800px\" \/><\/figure>\n\n\n\n<figure class=\"wp-block-image size-full\"><img decoding=\"async\" width=\"750\" height=\"1381\" src=\"https:\/\/purecook.com\/wp-content\/uploads\/2024\/04\/cookware-wholesaler-bulk-fryer-supplies.webp\" alt=\"Kochgeschirr Gro\u00dfh\u00e4ndler Bulk Friteuse Lieferungen\" class=\"wp-image-871\" srcset=\"https:\/\/www.purecook.com\/wp-content\/uploads\/2024\/04\/cookware-wholesaler-bulk-fryer-supplies.webp 750w, https:\/\/www.purecook.com\/wp-content\/uploads\/2024\/04\/cookware-wholesaler-bulk-fryer-supplies-163x300.webp 163w, https:\/\/www.purecook.com\/wp-content\/uploads\/2024\/04\/cookware-wholesaler-bulk-fryer-supplies-600x1105.webp 600w\" sizes=\"(max-width: 750px) 100vw, 750px\" \/><\/figure>\n<\/div>\n\n\n\n<div class=\"wp-block-column is-layout-flow wp-block-column-is-layout-flow\">\n<figure class=\"wp-block-image size-full\"><img decoding=\"async\" width=\"800\" height=\"800\" src=\"https:\/\/purecook.com\/wp-content\/uploads\/2024\/04\/cookware-manufacturer-wholesale-custom-Fryer-supplies.webp\" alt=\"Kochgeschirr Hersteller Gro\u00dfhandel benutzerdefinierte Fryer liefert\" class=\"wp-image-870\" srcset=\"https:\/\/www.purecook.com\/wp-content\/uploads\/2024\/04\/cookware-manufacturer-wholesale-custom-Fryer-supplies.webp 800w, https:\/\/www.purecook.com\/wp-content\/uploads\/2024\/04\/cookware-manufacturer-wholesale-custom-Fryer-supplies-300x300.webp 300w, https:\/\/www.purecook.com\/wp-content\/uploads\/2024\/04\/cookware-manufacturer-wholesale-custom-Fryer-supplies-150x150.webp 150w, https:\/\/www.purecook.com\/wp-content\/uploads\/2024\/04\/cookware-manufacturer-wholesale-custom-Fryer-supplies-768x768.webp 768w, https:\/\/www.purecook.com\/wp-content\/uploads\/2024\/04\/cookware-manufacturer-wholesale-custom-Fryer-supplies-600x600.webp 600w, https:\/\/www.purecook.com\/wp-content\/uploads\/2024\/04\/cookware-manufacturer-wholesale-custom-Fryer-supplies-100x100.webp 100w\" sizes=\"(max-width: 800px) 100vw, 800px\" \/><\/figure>\n\n\n\n<figure class=\"wp-block-image size-full\"><img decoding=\"async\" width=\"750\" height=\"1250\" src=\"https:\/\/purecook.com\/wp-content\/uploads\/2024\/04\/bulk-custom-Fryer-wholesale-.webp\" alt=\"bulk benutzerdefinierte Fryer Gro\u00dfhandel\" class=\"wp-image-868\" srcset=\"https:\/\/www.purecook.com\/wp-content\/uploads\/2024\/04\/bulk-custom-Fryer-wholesale-.webp 750w, https:\/\/www.purecook.com\/wp-content\/uploads\/2024\/04\/bulk-custom-Fryer-wholesale--180x300.webp 180w, https:\/\/www.purecook.com\/wp-content\/uploads\/2024\/04\/bulk-custom-Fryer-wholesale--600x1000.webp 600w\" sizes=\"(max-width: 750px) 100vw, 750px\" \/><\/figure>\n<\/div>\n<\/div>\n\n\n\n<p><\/p>","protected":false},"excerpt":{"rendered":"<p>Der Frittiertopf verf\u00fcgt \u00fcber ein effizientes Heizsystem, das eine gleichm\u00e4\u00dfige W\u00e4rmeverteilung und eine schnellere Kochgeschwindigkeit gew\u00e4hrleistet. Filter k\u00f6nnen \u00fcbersch\u00fcssiges \u00d6l abtropfen lassen, wodurch das Essen leckerer und ges\u00fcnder wird.<\/p>\n<h3>Merkmale und Vorteile der Friteuse<\/h3>\n<p>1) Innovative Dual-Topf-Funktionalit\u00e4t: Erleben Sie den Komfort des gleichzeitigen Bratens und Grillens mit unserem Zwei-Kammer-Design, perfekt f\u00fcr die Zubereitung verschiedener kulinarischer K\u00f6stlichkeiten in einem Arbeitsgang.<\/p>\n<p>2) Anpassbare Antihaft-Beschichtung: Passen Sie die Antihaftbeschichtung Ihren W\u00fcnschen an und sorgen Sie daf\u00fcr, dass sich die Speisen m\u00fchelos l\u00f6sen und nach jedem Gebrauch leicht zu reinigen sind.<\/p>\n<p>3) Option f\u00fcr gesundes Kochen: Das integrierte \u00d6lsieb l\u00e4sst \u00fcbersch\u00fcssiges \u00d6l von den Lebensmitteln abtropfen und f\u00f6rdert so ges\u00fcndere Kochmethoden.<\/p>\n<p>4) Premium-Edelstahl: Diese Fritteuse ist aus hochwertigem Edelstahl gefertigt und zeichnet sich durch au\u00dfergew\u00f6hnliche Haltbarkeit und Verschlei\u00dffestigkeit aus, was sie zu einem langlebigen K\u00fcchenbegleiter macht.<\/p>\n<p>5) Effizientes Heizsystem: Entwickelt f\u00fcr eine schnelle und gleichm\u00e4\u00dfige W\u00e4rmeverteilung, die die Garzeit verk\u00fcrzt und die Geschmacksentfaltung f\u00f6rdert.<\/p>\n<p>6) Vielseitige Kochmodi: Ob Sie nun Lust auf knusprig gebratenes H\u00e4hnchen oder angebratenes Gem\u00fcse haben, unsere Fritteuse bietet mit ihren anpassungsf\u00e4higen Kochmodi f\u00fcr jeden Geschmack das Richtige.<\/p>\n<p>7) Elegantes Design: Mit seiner eleganten Edelstahloptik ist dieses Ger\u00e4t nicht nur ein Kraftpaket in der K\u00fcche, sondern verleiht Ihrer Arbeitsplatte auch einen Hauch von Eleganz.<\/p>\n<p>8) Perfekt f\u00fcr den Hausgebrauch und den professionellen Einsatz: Diese Fritteuse eignet sich sowohl f\u00fcr Hobbyk\u00f6che als auch f\u00fcr K\u00fcchenprofis und ist so konzipiert, dass sie den Anforderungen jeder Kochumgebung gerecht wird.<\/p>\n<p><a href=\"https:\/\/www.purecook.com\/de\/produktkategorie\/kitchen-utensils\/oil-pot\/\" target=\"_blank\" rel=\"noopener\"><strong>Entdecken Sie verwandte Produkte f\u00fcr Frittiert\u00f6pfe - filtrierbare \u00d6lt\u00f6pfe<\/strong><\/a><\/p>","protected":false},"featured_media":872,"comment_status":"open","ping_status":"closed","template":"","meta":{"_acf_changed":false},"product_brand":[],"product_cat":[24,72],"product_tag":[98],"class_list":{"0":"post-866","1":"product","2":"type-product","3":"status-publish","4":"has-post-thumbnail","6":"product_cat-cookware","7":"product_cat-fryer-pots","8":"product_tag-wholesale-home-cookware","10":"first","11":"instock","12":"shipping-taxable","13":"product-type-simple"},"acf":[],"_links":{"self":[{"href":"https:\/\/www.purecook.com\/de\/wp-json\/wp\/v2\/product\/866","targetHints":{"allow":["GET"]}}],"collection":[{"href":"https:\/\/www.purecook.com\/de\/wp-json\/wp\/v2\/product"}],"about":[{"href":"https:\/\/www.purecook.com\/de\/wp-json\/wp\/v2\/types\/product"}],"replies":[{"embeddable":true,"href":"https:\/\/www.purecook.com\/de\/wp-json\/wp\/v2\/comments?post=866"}],"wp:featuredmedia":[{"embeddable":true,"href":"https:\/\/www.purecook.com\/de\/wp-json\/wp\/v2\/media\/872"}],"wp:attachment":[{"href":"https:\/\/www.purecook.com\/de\/wp-json\/wp\/v2\/media?parent=866"}],"wp:term":[{"taxonomy":"product_brand","embeddable":true,"href":"https:\/\/www.purecook.com\/de\/wp-json\/wp\/v2\/product_brand?post=866"},{"taxonomy":"product_cat","embeddable":true,"href":"https:\/\/www.purecook.com\/de\/wp-json\/wp\/v2\/product_cat?post=866"},{"taxonomy":"product_tag","embeddable":true,"href":"https:\/\/www.purecook.com\/de\/wp-json\/wp\/v2\/product_tag?post=866"}],"curies":[{"name":"wp","href":"https:\/\/api.w.org\/{rel}","templated":true}]}}