{"id":874,"date":"2024-04-12T10:13:32","date_gmt":"2024-04-12T02:13:32","guid":{"rendered":"https:\/\/purecook.com\/?post_type=product&#038;p=874"},"modified":"2024-06-03T18:19:58","modified_gmt":"2024-06-03T10:19:58","slug":"versatile-filter-kettle-wholesale","status":"publish","type":"product","link":"https:\/\/www.purecook.com\/de\/product\/versatile-filter-kettle-wholesale\/","title":{"rendered":"Benutzerdefinierte Vielseitigkeit Edelstahl Filter Kettle Gro\u00dfhandel"},"content":{"rendered":"<div class=\"wp-block-columns is-layout-flex wp-container-core-columns-is-layout-9d6595d7 wp-block-columns-is-layout-flex\">\n<div class=\"wp-block-column is-layout-flow wp-block-column-is-layout-flow\">\n<h2 class=\"wp-block-heading\">Parameter des Filterkessels<\/h2>\n\n\n\n<p>-Farbe: Silber K\u00f6rper <br>-Material: 0,9mm ss304<br>-K\u00f6rpergewicht: 0,77 kg<br>-Lebensmittel Gitter: 0.08kg <br>-Durchmesser des Deckels: 2,8 cm <br>Boden-Durchmesser: 12cm <br>-K\u00f6rpergr\u00f6\u00dfe: 16,2 cm <br>-Korpus und Deckelh\u00f6he: 18cm <br>-Gewicht: 0,85 kg <br>-Gewicht:0.95kg<\/p>\n<\/div>\n\n\n\n<div class=\"wp-block-column is-layout-flow wp-block-column-is-layout-flow\">\n<h2 class=\"wp-block-heading\">Kundenspezifischer Filterkessel<\/h2>\n\n\n\n<p>Werten Sie Ihr Catering-Gesch\u00e4ft mit unseren unbegrenzten Anpassungsm\u00f6glichkeiten und innovativen Designs auf.<\/p>\n\n\n\n<p>-Anpassen der Griffe.<br>Laser-Logo verf\u00fcgbar.<br>-Anpassen der Farben.<br><strong><a href=\"https:\/\/www.purecook.com\/de\/custom-solution\/\" target=\"_blank\" rel=\"noreferrer noopener\">-OEM &amp; ODM Kundenspezifische L\u00f6sungen<\/a><\/strong><br><\/p>\n<\/div>\n<\/div>\n\n\n\n<div class=\"wp-block-columns is-layout-flex wp-container-core-columns-is-layout-9d6595d7 wp-block-columns-is-layout-flex\">\n<div class=\"wp-block-column is-layout-flow wp-block-column-is-layout-flow\">\n<figure class=\"wp-block-image size-full\"><img decoding=\"async\" width=\"800\" height=\"800\" src=\"https:\/\/purecook.com\/wp-content\/uploads\/2024\/04\/Kettle-Manufacturer-wholesale-custom-Strainer-kettle-supplies-2.webp\" alt=\"Kettle Hersteller Gro\u00dfhandel benutzerdefinierte Strainer Kettle liefert (2)\" class=\"wp-image-881\" srcset=\"https:\/\/www.purecook.com\/wp-content\/uploads\/2024\/04\/Kettle-Manufacturer-wholesale-custom-Strainer-kettle-supplies-2.webp 800w, https:\/\/www.purecook.com\/wp-content\/uploads\/2024\/04\/Kettle-Manufacturer-wholesale-custom-Strainer-kettle-supplies-2-300x300.webp 300w, https:\/\/www.purecook.com\/wp-content\/uploads\/2024\/04\/Kettle-Manufacturer-wholesale-custom-Strainer-kettle-supplies-2-150x150.webp 150w, https:\/\/www.purecook.com\/wp-content\/uploads\/2024\/04\/Kettle-Manufacturer-wholesale-custom-Strainer-kettle-supplies-2-768x768.webp 768w, https:\/\/www.purecook.com\/wp-content\/uploads\/2024\/04\/Kettle-Manufacturer-wholesale-custom-Strainer-kettle-supplies-2-600x600.webp 600w, https:\/\/www.purecook.com\/wp-content\/uploads\/2024\/04\/Kettle-Manufacturer-wholesale-custom-Strainer-kettle-supplies-2-100x100.webp 100w\" sizes=\"(max-width: 800px) 100vw, 800px\" \/><\/figure>\n\n\n\n<figure class=\"wp-block-image size-full\"><img decoding=\"async\" width=\"800\" height=\"800\" src=\"https:\/\/purecook.com\/wp-content\/uploads\/2024\/04\/Kettle-wholesaler-bulk-custom-Strainer-kettle-supplies-1-1.webp\" alt=\"\" class=\"wp-image-884\" srcset=\"https:\/\/www.purecook.com\/wp-content\/uploads\/2024\/04\/Kettle-wholesaler-bulk-custom-Strainer-kettle-supplies-1-1.webp 800w, https:\/\/www.purecook.com\/wp-content\/uploads\/2024\/04\/Kettle-wholesaler-bulk-custom-Strainer-kettle-supplies-1-1-300x300.webp 300w, https:\/\/www.purecook.com\/wp-content\/uploads\/2024\/04\/Kettle-wholesaler-bulk-custom-Strainer-kettle-supplies-1-1-150x150.webp 150w, https:\/\/www.purecook.com\/wp-content\/uploads\/2024\/04\/Kettle-wholesaler-bulk-custom-Strainer-kettle-supplies-1-1-768x768.webp 768w, https:\/\/www.purecook.com\/wp-content\/uploads\/2024\/04\/Kettle-wholesaler-bulk-custom-Strainer-kettle-supplies-1-1-600x600.webp 600w, https:\/\/www.purecook.com\/wp-content\/uploads\/2024\/04\/Kettle-wholesaler-bulk-custom-Strainer-kettle-supplies-1-1-100x100.webp 100w\" sizes=\"(max-width: 800px) 100vw, 800px\" \/><\/figure>\n<\/div>\n\n\n\n<div class=\"wp-block-column is-layout-flow wp-block-column-is-layout-flow\">\n<figure class=\"wp-block-image size-full\"><img decoding=\"async\" width=\"750\" height=\"1361\" src=\"https:\/\/purecook.com\/wp-content\/uploads\/2024\/04\/Kettle-Factory-bulk-custom-Strainer-kettle-supplies-.webp\" alt=\"Kettle Factory Bulk benutzerdefinierte Sieb Kettle Lieferungen\" class=\"wp-image-879\" srcset=\"https:\/\/www.purecook.com\/wp-content\/uploads\/2024\/04\/Kettle-Factory-bulk-custom-Strainer-kettle-supplies-.webp 750w, https:\/\/www.purecook.com\/wp-content\/uploads\/2024\/04\/Kettle-Factory-bulk-custom-Strainer-kettle-supplies--165x300.webp 165w, https:\/\/www.purecook.com\/wp-content\/uploads\/2024\/04\/Kettle-Factory-bulk-custom-Strainer-kettle-supplies--600x1089.webp 600w\" sizes=\"(max-width: 750px) 100vw, 750px\" \/><\/figure>\n<\/div>\n<\/div>","protected":false},"excerpt":{"rendered":"<p>Gro\u00dfhandel von beliebten fliter Wasserkocher. Der Fliter-Wasserkocher ist aus kochfestem Edelstahl gefertigt, mit einem abnehmbaren Filter und Korb, langlebig, leicht zu reinigen und geeignet f\u00fcr professionelle K\u00fcchenumgebungen und Haushalt.<\/p>\n<h3>Merkmale und Vorteile des Filterkessels<\/h3>\n<p>1) Mehrzweck-Design: Dieser Siebtopf dient als \u00d6lfilter, als Wasserkocher f\u00fcr kochendes Wasser oder Tee und als Kochtopf f\u00fcr eine Vielzahl von Lebensmitteln, was ihn zu einem Multitalent in der K\u00fcche macht.<\/p>\n<p>2) Abnehmbares Sieb und Korb: Ein feinmaschiges Sieb f\u00fcr die \u00d6lfilterung und ein Frittierkorb sind im Lieferumfang enthalten. Beide sind zur einfachen Verwendung und Reinigung abnehmbar.<\/p>\n<p>3) Premium-Edelstahl: Hergestellt aus kulinarischem Edelstahl, ist es langlebig, leicht zu reinigen und geeignet f\u00fcr eine professionelle K\u00fcchenumgebung.<\/p>\n<p>4) Bequemer Ausgie\u00dfer: Der Ausgie\u00dfer erleichtert das Ausgie\u00dfen, reduziert das Versch\u00fctten von Fl\u00fcssigkeiten und eignet sich perfekt zum Umf\u00fcllen von hei\u00dfen Fl\u00fcssigkeiten oder \u00d6l.<\/p>\n<p>5) Ergonomischer Griff: Der hitzebest\u00e4ndige Griff bietet einen sicheren und bequemen Halt und gew\u00e4hrleistet eine sichere Handhabung beim Kochen, Ausgie\u00dfen oder Umf\u00fcllen des Topfes.<\/p>\n<p>6) Induktionskompatibel: Kompatibel mit allen Herdarten, einschlie\u00dflich Induktion, und somit vielseitig und bequem f\u00fcr alle Kochmethoden.<\/p>\n<p>7) Gro\u00dfes Fassungsverm\u00f6gen: Mit seinem gro\u00dfz\u00fcgigen Fassungsverm\u00f6gen ist dieser Topf ideal f\u00fcr die Zubereitung von Mahlzeiten f\u00fcr die Familie oder die Bewirtung von G\u00e4sten.<\/p>","protected":false},"featured_media":883,"comment_status":"open","ping_status":"closed","template":"","meta":{"_acf_changed":false},"product_brand":[],"product_cat":[26,52,64],"product_tag":[],"class_list":{"0":"post-874","1":"product","2":"type-product","3":"status-publish","4":"has-post-thumbnail","6":"product_cat-kettle","7":"product_cat-kitchen-utensils","8":"product_cat-oil-pot","10":"first","11":"instock","12":"shipping-taxable","13":"product-type-simple"},"acf":[],"_links":{"self":[{"href":"https:\/\/www.purecook.com\/de\/wp-json\/wp\/v2\/product\/874","targetHints":{"allow":["GET"]}}],"collection":[{"href":"https:\/\/www.purecook.com\/de\/wp-json\/wp\/v2\/product"}],"about":[{"href":"https:\/\/www.purecook.com\/de\/wp-json\/wp\/v2\/types\/product"}],"replies":[{"embeddable":true,"href":"https:\/\/www.purecook.com\/de\/wp-json\/wp\/v2\/comments?post=874"}],"wp:featuredmedia":[{"embeddable":true,"href":"https:\/\/www.purecook.com\/de\/wp-json\/wp\/v2\/media\/883"}],"wp:attachment":[{"href":"https:\/\/www.purecook.com\/de\/wp-json\/wp\/v2\/media?parent=874"}],"wp:term":[{"taxonomy":"product_brand","embeddable":true,"href":"https:\/\/www.purecook.com\/de\/wp-json\/wp\/v2\/product_brand?post=874"},{"taxonomy":"product_cat","embeddable":true,"href":"https:\/\/www.purecook.com\/de\/wp-json\/wp\/v2\/product_cat?post=874"},{"taxonomy":"product_tag","embeddable":true,"href":"https:\/\/www.purecook.com\/de\/wp-json\/wp\/v2\/product_tag?post=874"}],"curies":[{"name":"wp","href":"https:\/\/api.w.org\/{rel}","templated":true}]}}