{"id":887,"date":"2024-04-12T11:11:50","date_gmt":"2024-04-12T03:11:50","guid":{"rendered":"https:\/\/purecook.com\/?post_type=product&#038;p=887"},"modified":"2025-12-04T15:16:16","modified_gmt":"2025-12-04T07:16:16","slug":"stainless-steel-food-storage-container-wholesale","status":"publish","type":"product","link":"https:\/\/www.purecook.com\/de\/product\/stainless-steel-food-storage-container-wholesale\/","title":{"rendered":"Mikrowelle Sicherheit Exquisite Lebensmittel Lagerung Container Gro\u00dfhandel"},"content":{"rendered":"<div class=\"wp-block-columns is-layout-flex wp-container-core-columns-is-layout-9d6595d7 wp-block-columns-is-layout-flex\">\n<div class=\"wp-block-column is-layout-flow wp-block-column-is-layout-flow\">\n<h2 class=\"wp-block-heading\">Parameter des Lebensmittelbeh\u00e4lters<\/h2>\n\n\n\n<p>Werkstoffe:ss304\/ss201 <br>Dicke:06mm\uff1b<br>mit Silikon-Glasdeckel\uff1b<br>Au\u00dfenhandwerk: Innen- und Au\u00dfenelektrolyse<br>SKU:700\/1200\/1900\/1000\/1800\/3000ml<br>700ML:15.9x<em>12<\/em>x4,6cm<br>1200ML:19.5x<em>14.8<\/em>x5,1cm<br>1900ML:23.6x<em>18.2<\/em>x5,5cm<br>1000ML:15.9x<em>12<\/em>x7cm<br>1800ML:19.5x<em>14.8<\/em>x8cm<br>3000ML:23.6<em>1\u00d78.4<\/em>x90cm<\/p>\n<\/div>\n\n\n\n<div class=\"wp-block-column is-layout-flow wp-block-column-is-layout-flow\">\n<h2 class=\"wp-block-heading\">Kundenspezifischer Lebensmittelbeh\u00e4lter<\/h2>\n\n\n\n<p>Werten Sie Ihr Catering-Gesch\u00e4ft mit unseren unbegrenzten Anpassungsm\u00f6glichkeiten und innovativen Designs auf.<\/p>\n\n\n\n<p>Werkstoffe: ss304\/ss201 <br>Verpackung: Karton\/Farbkarton<br><a href=\"https:\/\/www.purecook.com\/de\/custom-solution\/\" data-type=\"link\" data-id=\"https:\/\/purecook.com\/custom-solution\/\" target=\"_blank\" rel=\"noopener\"><\/a><strong><strong><a href=\"https:\/\/www.purecook.com\/de\/custom-solution\/\" target=\"_blank\" rel=\"noreferrer noopener\">Kundenspezifische L\u00f6sungen f\u00fcr Lebensmittelbeh\u00e4lter (OEM &amp; ODM) <\/a><\/strong><\/strong><\/p>\n<\/div>\n<\/div>\n\n\n\n<div class=\"wp-block-columns is-layout-flex wp-container-core-columns-is-layout-9d6595d7 wp-block-columns-is-layout-flex\">\n<div class=\"wp-block-column is-layout-flow wp-block-column-is-layout-flow\">\n<figure class=\"wp-block-image size-full\"><img decoding=\"async\" width=\"800\" height=\"800\" src=\"https:\/\/purecook.com\/wp-content\/uploads\/2024\/04\/kitchenware-manufacturer-wholesale-food-storage-container.webp\" alt=\"K\u00fcchenartikel Hersteller Gro\u00dfhandel Lebensmittel Lagerung Container\" class=\"wp-image-894\" srcset=\"https:\/\/www.purecook.com\/wp-content\/uploads\/2024\/04\/kitchenware-manufacturer-wholesale-food-storage-container.webp 800w, https:\/\/www.purecook.com\/wp-content\/uploads\/2024\/04\/kitchenware-manufacturer-wholesale-food-storage-container-300x300.webp 300w, https:\/\/www.purecook.com\/wp-content\/uploads\/2024\/04\/kitchenware-manufacturer-wholesale-food-storage-container-150x150.webp 150w, https:\/\/www.purecook.com\/wp-content\/uploads\/2024\/04\/kitchenware-manufacturer-wholesale-food-storage-container-768x768.webp 768w, https:\/\/www.purecook.com\/wp-content\/uploads\/2024\/04\/kitchenware-manufacturer-wholesale-food-storage-container-600x600.webp 600w, https:\/\/www.purecook.com\/wp-content\/uploads\/2024\/04\/kitchenware-manufacturer-wholesale-food-storage-container-100x100.webp 100w\" sizes=\"(max-width: 800px) 100vw, 800px\" \/><\/figure>\n\n\n\n<figure class=\"wp-block-image size-full\"><img decoding=\"async\" width=\"800\" height=\"800\" src=\"https:\/\/purecook.com\/wp-content\/uploads\/2024\/04\/kitchenware-manufacturer-wholesale-food-storage-container-supplies.webp\" alt=\"Hersteller von K\u00fcchenger\u00e4ten Gro\u00dfhandel Lebensmittel Lagerung Container liefert\" class=\"wp-image-893\" srcset=\"https:\/\/www.purecook.com\/wp-content\/uploads\/2024\/04\/kitchenware-manufacturer-wholesale-food-storage-container-supplies.webp 800w, https:\/\/www.purecook.com\/wp-content\/uploads\/2024\/04\/kitchenware-manufacturer-wholesale-food-storage-container-supplies-300x300.webp 300w, https:\/\/www.purecook.com\/wp-content\/uploads\/2024\/04\/kitchenware-manufacturer-wholesale-food-storage-container-supplies-150x150.webp 150w, https:\/\/www.purecook.com\/wp-content\/uploads\/2024\/04\/kitchenware-manufacturer-wholesale-food-storage-container-supplies-768x768.webp 768w, https:\/\/www.purecook.com\/wp-content\/uploads\/2024\/04\/kitchenware-manufacturer-wholesale-food-storage-container-supplies-600x600.webp 600w, https:\/\/www.purecook.com\/wp-content\/uploads\/2024\/04\/kitchenware-manufacturer-wholesale-food-storage-container-supplies-100x100.webp 100w\" sizes=\"(max-width: 800px) 100vw, 800px\" \/><\/figure>\n<\/div>\n\n\n\n<div class=\"wp-block-column is-layout-flow wp-block-column-is-layout-flow\">\n<figure class=\"wp-block-image size-full\"><img decoding=\"async\" width=\"800\" height=\"800\" src=\"https:\/\/purecook.com\/wp-content\/uploads\/2024\/04\/kitchenware-factory-custom-food-storage-container-supplies.webp\" alt=\"k\u00fcchenartikel fabrik benutzerdefinierte lebensmittel-vorratsbeh\u00e4lter liefert\" class=\"wp-image-890\" srcset=\"https:\/\/www.purecook.com\/wp-content\/uploads\/2024\/04\/kitchenware-factory-custom-food-storage-container-supplies.webp 800w, https:\/\/www.purecook.com\/wp-content\/uploads\/2024\/04\/kitchenware-factory-custom-food-storage-container-supplies-300x300.webp 300w, https:\/\/www.purecook.com\/wp-content\/uploads\/2024\/04\/kitchenware-factory-custom-food-storage-container-supplies-150x150.webp 150w, https:\/\/www.purecook.com\/wp-content\/uploads\/2024\/04\/kitchenware-factory-custom-food-storage-container-supplies-768x768.webp 768w, https:\/\/www.purecook.com\/wp-content\/uploads\/2024\/04\/kitchenware-factory-custom-food-storage-container-supplies-600x600.webp 600w, https:\/\/www.purecook.com\/wp-content\/uploads\/2024\/04\/kitchenware-factory-custom-food-storage-container-supplies-100x100.webp 100w\" sizes=\"(max-width: 800px) 100vw, 800px\" \/><\/figure>\n\n\n\n<figure class=\"wp-block-image size-full\"><img decoding=\"async\" width=\"800\" height=\"800\" src=\"https:\/\/purecook.com\/wp-content\/uploads\/2024\/04\/kitchenware-manufacturer-wholesale-food-storage-container-3.webp\" alt=\"K\u00fcchenartikel Hersteller Gro\u00dfhandel Lebensmittel Lagerung Container (3)\" class=\"wp-image-892\" srcset=\"https:\/\/www.purecook.com\/wp-content\/uploads\/2024\/04\/kitchenware-manufacturer-wholesale-food-storage-container-3.webp 800w, https:\/\/www.purecook.com\/wp-content\/uploads\/2024\/04\/kitchenware-manufacturer-wholesale-food-storage-container-3-300x300.webp 300w, https:\/\/www.purecook.com\/wp-content\/uploads\/2024\/04\/kitchenware-manufacturer-wholesale-food-storage-container-3-150x150.webp 150w, https:\/\/www.purecook.com\/wp-content\/uploads\/2024\/04\/kitchenware-manufacturer-wholesale-food-storage-container-3-768x768.webp 768w, https:\/\/www.purecook.com\/wp-content\/uploads\/2024\/04\/kitchenware-manufacturer-wholesale-food-storage-container-3-600x600.webp 600w, https:\/\/www.purecook.com\/wp-content\/uploads\/2024\/04\/kitchenware-manufacturer-wholesale-food-storage-container-3-100x100.webp 100w\" sizes=\"(max-width: 800px) 100vw, 800px\" \/><\/figure>\n<\/div>\n<\/div>","protected":false},"excerpt":{"rendered":"<p>Purecook Gro\u00dfhandel Edelstahl Lebensmittelbeh\u00e4lter. Der Lebensmittelbeh\u00e4lter ist weit verbreitet und eignet sich f\u00fcr die Aufbewahrung von Mahlzeiten, Resten und anderen Lebensmitteln. Mit fortschrittlicher Versiegelungstechnologie kann er die Frische von Lebensmitteln f\u00fcr eine lange Zeit aufrechterhalten und kann in Mikrowellen zum bequemen Erhitzen von Lebensmitteln verwendet werden.<\/p>\n<h2>Eigenschaften von Lebensmittelbeh\u00e4ltern<\/h2>\n<p>1) Fortschrittliche Dichtungstechnologie: Mit einem anpassbaren Silikon-Dichtring bietet dieser Beh\u00e4lter eine luftdichte Versiegelung, um die Frische, den Geschmack und den N\u00e4hrwert Ihrer Lebensmittel zu erhalten.<\/p>\n<p>2) Mikrowellengeeignet: Diese Dose ist mikrowellengeeignet (ohne Deckel) und erm\u00f6glicht das bequeme Aufw\u00e4rmen von Lebensmitteln, was Ihre Aufbewahrungs- und Zubereitungsroutine vielseitiger macht.<\/p>\n<p>3) Vielseitige Verwendung: Dieser Beh\u00e4lter eignet sich perfekt f\u00fcr eine Vielzahl von Aufbewahrungsbed\u00fcrfnissen, vom K\u00fchlen von Resten bis zum Marinieren von Lebensmitteln oder zum Verpacken von Mahlzeiten f\u00fcr unterwegs.<\/p>\n<p>4) Temperaturbest\u00e4ndigkeit: Sie halten einem breiten Temperaturspektrum stand und k\u00f6nnen in K\u00fchlschr\u00e4nken, Gefrierschr\u00e4nken und sogar in Back\u00f6fen (ohne Deckel) verwendet werden, was einen unvergleichlichen Komfort bietet.<\/p>\n<p>5) Leicht zu reinigen: Die sp\u00fclmaschinenfesten Komponenten sorgen f\u00fcr eine problemlose Reinigung und halten die Hygiene aufrecht. Sowohl der Edelstahlbeh\u00e4lter als auch der Glasdeckel sind leicht zu reinigen.<\/p>\n<p>6) Stilvoll und funktionell: Das moderne Design und der transparente Deckel werten nicht nur die \u00c4sthetik Ihrer K\u00fcche auf, sondern erm\u00f6glichen es Ihnen auch, den Inhalt schnell zu erkennen, ohne die Box zu \u00f6ffnen.<\/p>","protected":false},"featured_media":894,"comment_status":"open","ping_status":"closed","template":"","meta":{"_acf_changed":false},"product_brand":[],"product_cat":[25,51],"product_tag":[],"class_list":{"0":"post-887","1":"product","2":"type-product","3":"status-publish","4":"has-post-thumbnail","6":"product_cat-food-storage","7":"product_cat-dinnerware","9":"first","10":"instock","11":"shipping-taxable","12":"product-type-simple"},"acf":[],"_links":{"self":[{"href":"https:\/\/www.purecook.com\/de\/wp-json\/wp\/v2\/product\/887","targetHints":{"allow":["GET"]}}],"collection":[{"href":"https:\/\/www.purecook.com\/de\/wp-json\/wp\/v2\/product"}],"about":[{"href":"https:\/\/www.purecook.com\/de\/wp-json\/wp\/v2\/types\/product"}],"replies":[{"embeddable":true,"href":"https:\/\/www.purecook.com\/de\/wp-json\/wp\/v2\/comments?post=887"}],"wp:featuredmedia":[{"embeddable":true,"href":"https:\/\/www.purecook.com\/de\/wp-json\/wp\/v2\/media\/894"}],"wp:attachment":[{"href":"https:\/\/www.purecook.com\/de\/wp-json\/wp\/v2\/media?parent=887"}],"wp:term":[{"taxonomy":"product_brand","embeddable":true,"href":"https:\/\/www.purecook.com\/de\/wp-json\/wp\/v2\/product_brand?post=887"},{"taxonomy":"product_cat","embeddable":true,"href":"https:\/\/www.purecook.com\/de\/wp-json\/wp\/v2\/product_cat?post=887"},{"taxonomy":"product_tag","embeddable":true,"href":"https:\/\/www.purecook.com\/de\/wp-json\/wp\/v2\/product_tag?post=887"}],"curies":[{"name":"wp","href":"https:\/\/api.w.org\/{rel}","templated":true}]}}