{"id":896,"date":"2024-04-12T16:29:23","date_gmt":"2024-04-12T08:29:23","guid":{"rendered":"https:\/\/purecook.com\/?post_type=product&#038;p=896"},"modified":"2024-06-03T18:18:59","modified_gmt":"2024-06-03T10:18:59","slug":"wholesale-stainless-steel-kettle","status":"publish","type":"product","link":"https:\/\/www.purecook.com\/de\/product\/wholesale-stainless-steel-kettle\/","title":{"rendered":"Gro\u00dfhandel hohe Qualit\u00e4t Edelstahl-Wasserkocher geeignet f\u00fcr verschiedene Herdarten"},"content":{"rendered":"<div class=\"wp-block-columns is-layout-flex wp-container-core-columns-is-layout-9d6595d7 wp-block-columns-is-layout-flex\">\n<div class=\"wp-block-column is-layout-flow wp-block-column-is-layout-flow\">\n<h2 class=\"wp-block-heading\">Parameter des Edelstahlkessels<\/h2>\n\n\n\n<p>Material:Edelstahl 304<\/p>\n<\/div>\n\n\n\n<div class=\"wp-block-column is-layout-flow wp-block-column-is-layout-flow\">\n<h2 class=\"wp-block-heading\">Kundenspezifischer Kessel aus rostfreiem Stahl<\/h2>\n\n\n\n<p>Werten Sie Ihr Catering-Gesch\u00e4ft mit unseren unbegrenzten Anpassungsm\u00f6glichkeiten und innovativen Designs auf.<\/p>\n\n\n\n<p>Verpackung: Farbkasten\/Karton<br><a href=\"https:\/\/www.purecook.com\/de\/custom-solution\/\" data-type=\"link\" data-id=\"https:\/\/purecook.com\/custom-solution\/\" target=\"_blank\" rel=\"noopener\"><strong><strong><a href=\"https:\/\/www.purecook.com\/de\/custom-solution\/\" target=\"_blank\" rel=\"noreferrer noopener\">-OEM &amp; ODM Kundenspezifische L\u00f6sungen <\/a><\/strong><\/strong><\/a><br><\/p>\n<\/div>\n<\/div>\n\n\n\n<div class=\"wp-block-columns is-layout-flex wp-container-core-columns-is-layout-9d6595d7 wp-block-columns-is-layout-flex\">\n<div class=\"wp-block-column is-layout-flow wp-block-column-is-layout-flow\">\n<figure class=\"wp-block-image size-full\"><img decoding=\"async\" width=\"750\" height=\"1237\" src=\"https:\/\/purecook.com\/wp-content\/uploads\/2024\/04\/bulk-kettle-supplies-kettle-factory.webp\" alt=\"bulk kettle supplies kettle factory\" class=\"wp-image-897\" srcset=\"https:\/\/www.purecook.com\/wp-content\/uploads\/2024\/04\/bulk-kettle-supplies-kettle-factory.webp 750w, https:\/\/www.purecook.com\/wp-content\/uploads\/2024\/04\/bulk-kettle-supplies-kettle-factory-182x300.webp 182w, https:\/\/www.purecook.com\/wp-content\/uploads\/2024\/04\/bulk-kettle-supplies-kettle-factory-600x990.webp 600w\" sizes=\"(max-width: 750px) 100vw, 750px\" \/><\/figure>\n<\/div>\n\n\n\n<div class=\"wp-block-column is-layout-flow wp-block-column-is-layout-flow\">\n<figure class=\"wp-block-image size-full\"><img decoding=\"async\" width=\"750\" height=\"980\" src=\"https:\/\/purecook.com\/wp-content\/uploads\/2024\/04\/wholesale-custom-kettle-kettle-manufacturer.webp\" alt=\"Gro\u00dfhandel benutzerdefinierte Wasserkocher-Wasserkocher Hersteller\" class=\"wp-image-902\" srcset=\"https:\/\/www.purecook.com\/wp-content\/uploads\/2024\/04\/wholesale-custom-kettle-kettle-manufacturer.webp 750w, https:\/\/www.purecook.com\/wp-content\/uploads\/2024\/04\/wholesale-custom-kettle-kettle-manufacturer-230x300.webp 230w, https:\/\/www.purecook.com\/wp-content\/uploads\/2024\/04\/wholesale-custom-kettle-kettle-manufacturer-600x784.webp 600w\" sizes=\"(max-width: 750px) 100vw, 750px\" \/><\/figure>\n<\/div>\n<\/div>","protected":false},"excerpt":{"rendered":"<p>Der Boden des Wasserkochers besteht aus einem Verbundwerkstoff, der sich an verschiedene Herde anpassen kann, und ist mit einem Filtersieb zum Filtern der Teebl\u00e4tter ausgestattet.<\/p>\n<h2>Merkmale und Vorteile des Wasserkochers aus Edelstahl<\/h2>\n<p>1) 304 Edelstahl Material: Hergestellt aus 304 Edelstahl, hat es eine ausgezeichnete Korrosionsbest\u00e4ndigkeit und Haltbarkeit, um sicherzustellen, dass das Produkt nicht rosten oder korrodieren f\u00fcr den langfristigen Einsatz.<\/p>\n<p>2) Zusammengesetztes Design des Ofenbodens: Der Ofenboden ist aus einem Verbundwerkstoff gefertigt, der sich an verschiedene Ofenwerkzeuge anpassen l\u00e4sst, ohne dass man bei der Wahl des Ofenwerkzeugs w\u00e4hlerisch sein muss, wodurch der Kessel vielseitiger wird.<\/p>\n<p>3) Lebensmittelechter, verdickter rostfreier Stahl: Hergestellt aus lebensmittelechtem, verdicktem Edelstahl, sicher und hygienisch, robust und langlebig, wird es keinen Geruch oder sch\u00e4dliche Substanzen nach langfristigem Gebrauch zu produzieren.<\/p>\n<p>4) Ausgestattet mit einem Teefiltersieb: Entworfen mit einem speziellen Tee-Filter-Sieb, kann es leicht filtern Tee und andere Verunreinigungen.<\/p>\n<p>5) Nicht leicht verformbar: Es hat eine gute Stabilit\u00e4t und Verformungswiderstand, und auch unter hoher Temperatur oder Druck, wird es nicht verformen, die Beibehaltung der Form und Leistung des Kessels.<\/p>\n<p>6) Hochwertiger rostfreier Stahl: Hergestellt aus hochwertigem Edelstahl Materialien, mit zarten Textur, exquisite Handwerkskunst, sch\u00f6nes Aussehen und Haltbarkeit.<\/p>\n<p>7) Leicht zu reinigen: Die glatte Oberfl\u00e4che und das Material aus rostfreiem Stahl erleichtern die Reinigung und sorgen daf\u00fcr, dass der Wasserkocher schnell und einfach hygienisch und sauber ist.<\/p>","protected":false},"featured_media":898,"comment_status":"open","ping_status":"closed","template":"","meta":{"_acf_changed":false},"product_brand":[],"product_cat":[26,52],"product_tag":[],"class_list":{"0":"post-896","1":"product","2":"type-product","3":"status-publish","4":"has-post-thumbnail","6":"product_cat-kettle","7":"product_cat-kitchen-utensils","9":"first","10":"instock","11":"shipping-taxable","12":"product-type-simple"},"acf":[],"_links":{"self":[{"href":"https:\/\/www.purecook.com\/de\/wp-json\/wp\/v2\/product\/896","targetHints":{"allow":["GET"]}}],"collection":[{"href":"https:\/\/www.purecook.com\/de\/wp-json\/wp\/v2\/product"}],"about":[{"href":"https:\/\/www.purecook.com\/de\/wp-json\/wp\/v2\/types\/product"}],"replies":[{"embeddable":true,"href":"https:\/\/www.purecook.com\/de\/wp-json\/wp\/v2\/comments?post=896"}],"wp:featuredmedia":[{"embeddable":true,"href":"https:\/\/www.purecook.com\/de\/wp-json\/wp\/v2\/media\/898"}],"wp:attachment":[{"href":"https:\/\/www.purecook.com\/de\/wp-json\/wp\/v2\/media?parent=896"}],"wp:term":[{"taxonomy":"product_brand","embeddable":true,"href":"https:\/\/www.purecook.com\/de\/wp-json\/wp\/v2\/product_brand?post=896"},{"taxonomy":"product_cat","embeddable":true,"href":"https:\/\/www.purecook.com\/de\/wp-json\/wp\/v2\/product_cat?post=896"},{"taxonomy":"product_tag","embeddable":true,"href":"https:\/\/www.purecook.com\/de\/wp-json\/wp\/v2\/product_tag?post=896"}],"curies":[{"name":"wp","href":"https:\/\/api.w.org\/{rel}","templated":true}]}}