{"id":1980,"date":"2024-05-16T09:06:58","date_gmt":"2024-05-16T01:06:58","guid":{"rendered":"https:\/\/purecook.com\/?post_type=product&#038;p=1980"},"modified":"2025-08-14T16:56:15","modified_gmt":"2025-08-14T08:56:15","slug":"wholesale-food-storage-containers-with-lid","status":"publish","type":"product","link":"https:\/\/www.purecook.com\/es\/product\/wholesale-food-storage-containers-with-lid\/","title":{"rendered":"Mayorista Recipientes para Conservar Alimentos con Tapa Aspecto Elegante y Dise\u00f1o Pr\u00e1ctico"},"content":{"rendered":"<div class=\"wp-block-columns is-layout-flex wp-container-core-columns-is-layout-9d6595d7 wp-block-columns-is-layout-flex\">\n<div class=\"wp-block-column is-layout-flow wp-block-column-is-layout-flow\">\n<h3 class=\"wp-block-heading\">Par\u00e1metros de los recipientes para alimentos<\/h3>\n\n\n\n<p><strong>Modelo: ch2<\/strong><br>Material del producto: Acero inoxidable 304 + material PP + silicona<br>Color: plata, beige, marr\u00f3n<br>Especificaciones: 2200 \/ 3800 \/ 6000 ml <br>Tratamiento superficial: pulido<br>MOQ:120 juegos<br>Peso bruto: 20 kg\/unidad<br>Tama\u00f1o\uff1a<br>2200ml\uff1a34.5\u00d718.5\u00d75.5cm<br>3800ml\uff1a34.5\u00d718.5\u00d79cm<br>6000ml\uff1a34.5\u00d718.5\u00d714cm<\/p>\n<\/div>\n\n\n\n<div class=\"wp-block-column is-layout-flow wp-block-column-is-layout-flow\">\n<h3 class=\"wp-block-heading\">Recipientes personalizados para alimentos<\/h3>\n\n\n\n<p>Logotipo:personalice el logotipo de su marca.<br>Embalaje:caja de color\/cart\u00f3n,etc.<br><strong><a href=\"https:\/\/www.purecook.com\/es\/custom-solution\/\" target=\"_blank\" rel=\"noreferrer noopener\">Soluciones personalizadas OEM y ODM<\/a><\/strong><\/p>\n<\/div>\n<\/div>\n\n\n\n<div class=\"wp-block-columns is-layout-flex wp-container-core-columns-is-layout-9d6595d7 wp-block-columns-is-layout-flex\">\n<div class=\"wp-block-column is-layout-flow wp-block-column-is-layout-flow\">\n<figure class=\"wp-block-image size-full\"><img decoding=\"async\" width=\"800\" height=\"800\" src=\"https:\/\/purecook.com\/wp-content\/uploads\/2024\/05\/wholesale-food-storage-container-with-Lid-set-4.webp\" alt=\"mayorista recipiente de almacenamiento de alimentos con tapa juego (4)\" class=\"wp-image-1988\" srcset=\"https:\/\/www.purecook.com\/wp-content\/uploads\/2024\/05\/wholesale-food-storage-container-with-Lid-set-4.webp 800w, https:\/\/www.purecook.com\/wp-content\/uploads\/2024\/05\/wholesale-food-storage-container-with-Lid-set-4-300x300.webp 300w, https:\/\/www.purecook.com\/wp-content\/uploads\/2024\/05\/wholesale-food-storage-container-with-Lid-set-4-150x150.webp 150w, https:\/\/www.purecook.com\/wp-content\/uploads\/2024\/05\/wholesale-food-storage-container-with-Lid-set-4-768x768.webp 768w, https:\/\/www.purecook.com\/wp-content\/uploads\/2024\/05\/wholesale-food-storage-container-with-Lid-set-4-600x600.webp 600w, https:\/\/www.purecook.com\/wp-content\/uploads\/2024\/05\/wholesale-food-storage-container-with-Lid-set-4-100x100.webp 100w\" sizes=\"(max-width: 800px) 100vw, 800px\" \/><\/figure>\n<\/div>\n\n\n\n<div class=\"wp-block-column is-layout-flow wp-block-column-is-layout-flow\">\n<figure class=\"wp-block-image size-full\"><img decoding=\"async\" width=\"800\" height=\"800\" src=\"https:\/\/purecook.com\/wp-content\/uploads\/2024\/05\/wholesale-food-storage-container-with-Lid-set-2.webp\" alt=\"mayorista recipiente de almacenamiento de alimentos con tapa juego (2)\" class=\"wp-image-1986\" srcset=\"https:\/\/www.purecook.com\/wp-content\/uploads\/2024\/05\/wholesale-food-storage-container-with-Lid-set-2.webp 800w, https:\/\/www.purecook.com\/wp-content\/uploads\/2024\/05\/wholesale-food-storage-container-with-Lid-set-2-300x300.webp 300w, https:\/\/www.purecook.com\/wp-content\/uploads\/2024\/05\/wholesale-food-storage-container-with-Lid-set-2-150x150.webp 150w, https:\/\/www.purecook.com\/wp-content\/uploads\/2024\/05\/wholesale-food-storage-container-with-Lid-set-2-768x768.webp 768w, https:\/\/www.purecook.com\/wp-content\/uploads\/2024\/05\/wholesale-food-storage-container-with-Lid-set-2-600x600.webp 600w, https:\/\/www.purecook.com\/wp-content\/uploads\/2024\/05\/wholesale-food-storage-container-with-Lid-set-2-100x100.webp 100w\" sizes=\"(max-width: 800px) 100vw, 800px\" \/><\/figure>\n<\/div>\n<\/div>","protected":false},"excerpt":{"rendered":"<p>Contenedores de almacenamiento de alimentos al por mayor con tapa.aspecto exquisito combinado con un dise\u00f1o pr\u00e1ctico.firmemente sujeta todo alrededor, no hay temor de leakage.Equipped con el m\u00f3dulo de registro de tiempo para recordar a los usuarios cuando la comida se stored.Provide m\u00faltiples opciones de capacidad y color.better satisfacer las necesidades del usuario.<\/p>\n<h2>Caracter\u00edsticas y ventajas de los recipientes para alimentos<\/h2>\n<p>Doble sellado, no t\u00f3xico, sin bpa: \u00a1reduzca el tiempo de limpieza de la cocina, prepare comidas sanas con antelaci\u00f3n y mantenga un estilo de vida saludable!<\/p>\n<p>M\u00faltiples escenarios: \u00a1perfecto para fiambreras, neveras o fiestas de picnic!<\/p>\n<p>Dise\u00f1o de registro de tiempo: el m\u00f3dulo de registro de tiempo de dise\u00f1o innovador registra claramente la fecha de almacenamiento, en l\u00ednea con los conceptos de vida saludable.<\/p>\n<p>F\u00e1cil de limpiar - apto para lavavajillas - resistente a los olores gracias a su acero inoxidable a prueba de \u00f3xido, cabe f\u00e1cilmente en la parte superior del lavavajillas. la tecnolog\u00eda antiolor y antiolor significa que cuando abra el carrito para guardar alimentos, oler\u00e1 tan fresco como cuando lo abri\u00f3.<\/p>\n<p>Perfectos para reuniones familiares y de amigos. tambi\u00e9n puedes usarlos para picnics, sobras y cuando viajes. \u00a1porque puedes ponerlos en cualquier sitio!<\/p>","protected":false},"featured_media":1985,"comment_status":"closed","ping_status":"closed","template":"","meta":{"_acf_changed":false},"product_brand":[],"product_cat":[25,51],"product_tag":[],"class_list":{"0":"post-1980","1":"product","2":"type-product","3":"status-publish","4":"has-post-thumbnail","6":"product_cat-food-storage","7":"product_cat-dinnerware","9":"first","10":"instock","11":"shipping-taxable","12":"product-type-simple"},"acf":[],"_links":{"self":[{"href":"https:\/\/www.purecook.com\/es\/wp-json\/wp\/v2\/product\/1980","targetHints":{"allow":["GET"]}}],"collection":[{"href":"https:\/\/www.purecook.com\/es\/wp-json\/wp\/v2\/product"}],"about":[{"href":"https:\/\/www.purecook.com\/es\/wp-json\/wp\/v2\/types\/product"}],"replies":[{"embeddable":true,"href":"https:\/\/www.purecook.com\/es\/wp-json\/wp\/v2\/comments?post=1980"}],"wp:featuredmedia":[{"embeddable":true,"href":"https:\/\/www.purecook.com\/es\/wp-json\/wp\/v2\/media\/1985"}],"wp:attachment":[{"href":"https:\/\/www.purecook.com\/es\/wp-json\/wp\/v2\/media?parent=1980"}],"wp:term":[{"taxonomy":"product_brand","embeddable":true,"href":"https:\/\/www.purecook.com\/es\/wp-json\/wp\/v2\/product_brand?post=1980"},{"taxonomy":"product_cat","embeddable":true,"href":"https:\/\/www.purecook.com\/es\/wp-json\/wp\/v2\/product_cat?post=1980"},{"taxonomy":"product_tag","embeddable":true,"href":"https:\/\/www.purecook.com\/es\/wp-json\/wp\/v2\/product_tag?post=1980"}],"curies":[{"name":"wp","href":"https:\/\/api.w.org\/{rel}","templated":true}]}}