{"id":1994,"date":"2024-05-16T11:40:31","date_gmt":"2024-05-16T03:40:31","guid":{"rendered":"https:\/\/purecook.com\/?post_type=product&#038;p=1994"},"modified":"2025-04-27T17:41:35","modified_gmt":"2025-04-27T09:41:35","slug":"wholesale-non-stick-honeycomb-frying-pan-non-toxic-and-easy-to-clean","status":"publish","type":"product","link":"https:\/\/www.purecook.com\/es\/product\/wholesale-non-stick-honeycomb-frying-pan-non-toxic-and-easy-to-clean\/","title":{"rendered":"Mayorista Sart\u00e9n antiadherente de nido de abeja No t\u00f3xica y f\u00e1cil de limpiar"},"content":{"rendered":"<div class=\"wp-block-columns is-layout-flex wp-container-core-columns-is-layout-9d6595d7 wp-block-columns-is-layout-flex\">\n<div class=\"wp-block-column is-layout-flow wp-block-column-is-layout-flow\">\n<h3 class=\"wp-block-heading\">Par\u00e1metros de la sart\u00e9n de nido de abeja<\/h3>\n\n\n\n<p><strong>N\u00famero de modelo: tcjg1<\/strong><br>Material: acero de triple capa (SUS304+ ALU+SUS430)<br>Cubierta: sin cubierta<br>Grosor normal: 2,3 mm<br>Especificaci\u00f3n: 22cm\/24cm\/26cm\/28cm\/30cm<br>Logotipo:serigraf\u00eda\/grabado l\u00e1ser\/sello en relieve<br>MOQ:120sets<\/p>\n<\/div>\n\n\n\n<div class=\"wp-block-column is-layout-flow wp-block-column-is-layout-flow\">\n<h3 class=\"wp-block-heading\">Sart\u00e9n de nido de abeja personalizada<\/h3>\n\n\n\n<p>Logotipo:personalice el logotipo de su marca<br>Paquete: caja de color\/cart\u00f3n, etc.<br>Las sartenes suelen venderse sin tapa. Si necesita a\u00f1adir una tapa, puede personalizarla. <br>Las cajas de color personalizadas deben ser superiores a 1000 cada modelo.<br><strong><a href=\"https:\/\/www.purecook.com\/es\/custom-solution\/\" target=\"_blank\" rel=\"noreferrer noopener\">Soluciones personalizadas OEM y ODM<\/a><\/strong><\/p>\n<\/div>\n<\/div>\n\n\n\n<div class=\"wp-block-columns is-layout-flex wp-container-core-columns-is-layout-9d6595d7 wp-block-columns-is-layout-flex\">\n<div class=\"wp-block-column is-layout-flow wp-block-column-is-layout-flow\">\n<figure class=\"wp-block-image size-full\"><img decoding=\"async\" width=\"800\" height=\"800\" src=\"https:\/\/purecook.com\/wp-content\/uploads\/2024\/05\/honeycomb-frying-Pan-7.webp\" alt=\"Sart\u00e9n panal (7)\" class=\"wp-image-2000\" srcset=\"https:\/\/www.purecook.com\/wp-content\/uploads\/2024\/05\/honeycomb-frying-Pan-7.webp 800w, https:\/\/www.purecook.com\/wp-content\/uploads\/2024\/05\/honeycomb-frying-Pan-7-300x300.webp 300w, https:\/\/www.purecook.com\/wp-content\/uploads\/2024\/05\/honeycomb-frying-Pan-7-150x150.webp 150w, https:\/\/www.purecook.com\/wp-content\/uploads\/2024\/05\/honeycomb-frying-Pan-7-768x768.webp 768w, https:\/\/www.purecook.com\/wp-content\/uploads\/2024\/05\/honeycomb-frying-Pan-7-600x600.webp 600w, https:\/\/www.purecook.com\/wp-content\/uploads\/2024\/05\/honeycomb-frying-Pan-7-100x100.webp 100w\" sizes=\"(max-width: 800px) 100vw, 800px\" \/><\/figure>\n<\/div>\n\n\n\n<div class=\"wp-block-column is-layout-flow wp-block-column-is-layout-flow\">\n<figure class=\"wp-block-image size-full\"><img decoding=\"async\" width=\"800\" height=\"800\" src=\"https:\/\/purecook.com\/wp-content\/uploads\/2024\/05\/honeycomb-frying-Pan-2.webp\" alt=\"Sart\u00e9n panal (2)\" class=\"wp-image-1996\" srcset=\"https:\/\/www.purecook.com\/wp-content\/uploads\/2024\/05\/honeycomb-frying-Pan-2.webp 800w, https:\/\/www.purecook.com\/wp-content\/uploads\/2024\/05\/honeycomb-frying-Pan-2-300x300.webp 300w, https:\/\/www.purecook.com\/wp-content\/uploads\/2024\/05\/honeycomb-frying-Pan-2-150x150.webp 150w, https:\/\/www.purecook.com\/wp-content\/uploads\/2024\/05\/honeycomb-frying-Pan-2-768x768.webp 768w, https:\/\/www.purecook.com\/wp-content\/uploads\/2024\/05\/honeycomb-frying-Pan-2-600x600.webp 600w, https:\/\/www.purecook.com\/wp-content\/uploads\/2024\/05\/honeycomb-frying-Pan-2-100x100.webp 100w\" sizes=\"(max-width: 800px) 100vw, 800px\" \/><\/figure>\n<\/div>\n<\/div>","protected":false},"excerpt":{"rendered":"<p>Sart\u00e9n de panal antiadherente al por mayor. Fabricada con tres capas de acero inoxidable, tiene una buena conductividad t\u00e9rmica y un calentamiento uniforme, lo que le permite cocinar deliciosos platos. No se pega a los alimentos, f\u00e1cil de limpiar, adecuado para su uso en hogares, restaurantes y otros lugares.<\/p>\n<h2>Caracter\u00edsticas de la sart\u00e9n Honeycomb<\/h2>\n<p>acero inoxidable de primera calidad: la sart\u00e9n est\u00e1 fabricada con material multicapa (sus304+ alu+sus430) para garantizar la durabilidad, la resistencia a la corrosi\u00f3n y una excelente transferencia del calor para un calentamiento r\u00e1pido y unos resultados de cocci\u00f3n uniformes.<\/p>\n<p>comodidad antiadherente: fabricado con revestimiento antiadherente de alta calidad, respetuoso con el medio ambiente y no t\u00f3xico, se cocina y limpia sin esfuerzo, evita que los alimentos se peguen y garantiza una superficie de cocci\u00f3n impecable cada vez que cocine.<\/p>\n<p>Mango reforzado: el mango est\u00e1 fijado con remaches, c\u00f3modo y seguro, resistente y duradero, no es f\u00e1cil de aflojar.<\/p>\n<p>adecuada para m\u00faltiples escenarios: con una variedad de tama\u00f1os para elegir, esta sart\u00e9n es perfecta tanto para restaurantes como para uso dom\u00e9stico, ideal para cocinar platos gourmet, tanto si est\u00e1 disfrutando de una acogedora comida en casa como cocinando en una cocina comercial, satisfar\u00e1 sus necesidades.<\/p>\n<p>multifuncional y f\u00e1cil de transportar: este hornillo es ligero y port\u00e1til, adecuado para una gran variedad de entornos, desde cocinas de interior hasta campings al aire libre, lo que le permite cocinar comida gourmet en cualquier momento, en cualquier lugar y de cualquier forma.<\/p>","protected":false},"featured_media":1998,"comment_status":"closed","ping_status":"closed","template":"","meta":{"_acf_changed":false},"product_brand":[],"product_cat":[24,71],"product_tag":[98],"class_list":{"0":"post-1994","1":"product","2":"type-product","3":"status-publish","4":"has-post-thumbnail","6":"product_cat-cookware","7":"product_cat-frying-pan","8":"product_tag-wholesale-home-cookware","10":"first","11":"instock","12":"shipping-taxable","13":"product-type-simple"},"acf":[],"_links":{"self":[{"href":"https:\/\/www.purecook.com\/es\/wp-json\/wp\/v2\/product\/1994","targetHints":{"allow":["GET"]}}],"collection":[{"href":"https:\/\/www.purecook.com\/es\/wp-json\/wp\/v2\/product"}],"about":[{"href":"https:\/\/www.purecook.com\/es\/wp-json\/wp\/v2\/types\/product"}],"replies":[{"embeddable":true,"href":"https:\/\/www.purecook.com\/es\/wp-json\/wp\/v2\/comments?post=1994"}],"wp:featuredmedia":[{"embeddable":true,"href":"https:\/\/www.purecook.com\/es\/wp-json\/wp\/v2\/media\/1998"}],"wp:attachment":[{"href":"https:\/\/www.purecook.com\/es\/wp-json\/wp\/v2\/media?parent=1994"}],"wp:term":[{"taxonomy":"product_brand","embeddable":true,"href":"https:\/\/www.purecook.com\/es\/wp-json\/wp\/v2\/product_brand?post=1994"},{"taxonomy":"product_cat","embeddable":true,"href":"https:\/\/www.purecook.com\/es\/wp-json\/wp\/v2\/product_cat?post=1994"},{"taxonomy":"product_tag","embeddable":true,"href":"https:\/\/www.purecook.com\/es\/wp-json\/wp\/v2\/product_tag?post=1994"}],"curies":[{"name":"wp","href":"https:\/\/api.w.org\/{rel}","templated":true}]}}