{"id":2024,"date":"2024-05-16T15:38:15","date_gmt":"2024-05-16T07:38:15","guid":{"rendered":"https:\/\/purecook.com\/?post_type=product&#038;p=2024"},"modified":"2025-11-24T15:38:04","modified_gmt":"2025-11-24T07:38:04","slug":"wholesale-griddle-pan","status":"publish","type":"product","link":"https:\/\/www.purecook.com\/es\/product\/wholesale-griddle-pan\/","title":{"rendered":"Mayorista Sart\u00e9n cuadrada antiadherente"},"content":{"rendered":"<div class=\"wp-block-columns is-layout-flex wp-container-core-columns-is-layout-9d6595d7 wp-block-columns-is-layout-flex\">\n<div class=\"wp-block-column is-layout-flow wp-block-column-is-layout-flow\">\n<h3 class=\"wp-block-heading\">Par\u00e1metros de la plancha <\/h3>\n\n\n\n<p><strong>N\u00famero de modelo: GR-1036<\/strong><br>Material: Acero inoxidable trilaminado<br>Revestimiento: WhitFord xylan plus<br>Color: Pulido espejo<br>Uso y cuidado: Apto para lavavajillas\/lavado a mano<br>Umbral de temperatura del horno: 430\u00b0F\/220\u00b0C<br>Grosor: 2 mm<br>N.W:985g<br>Tama\u00f1o:29\u00d746,5\u00d79cm<\/p>\n<\/div>\n\n\n\n<div class=\"wp-block-column is-layout-flow wp-block-column-is-layout-flow\">\n<h3 class=\"wp-block-heading\">Sart\u00e9n a medida <\/h3>\n\n\n\n<p>Logotipo:personalice el logotipo de su marca.<br>Embalaje:caja de color\/cart\u00f3n,etc.<br><strong><a href=\"https:\/\/www.purecook.com\/es\/custom-solution\/\" target=\"_blank\" rel=\"noreferrer noopener\">Soluciones personalizadas OEM y ODM<\/a><\/strong><\/p>\n<\/div>\n<\/div>\n\n\n\n<div class=\"wp-block-columns is-layout-flex wp-container-core-columns-is-layout-9d6595d7 wp-block-columns-is-layout-flex\">\n<div class=\"wp-block-column is-layout-flow wp-block-column-is-layout-flow\">\n<figure class=\"wp-block-image size-full\"><img decoding=\"async\" width=\"649\" height=\"671\" src=\"https:\/\/purecook.com\/wp-content\/uploads\/2024\/05\/wholesale-griddle-Pan-1.webp\" alt=\"mayorista plancha Pan\" class=\"wp-image-2025\" srcset=\"https:\/\/www.purecook.com\/wp-content\/uploads\/2024\/05\/wholesale-griddle-Pan-1.webp 649w, https:\/\/www.purecook.com\/wp-content\/uploads\/2024\/05\/wholesale-griddle-Pan-1-290x300.webp 290w, https:\/\/www.purecook.com\/wp-content\/uploads\/2024\/05\/wholesale-griddle-Pan-1-600x620.webp 600w\" sizes=\"(max-width: 649px) 100vw, 649px\" \/><\/figure>\n<\/div>\n\n\n\n<div class=\"wp-block-column is-layout-flow wp-block-column-is-layout-flow\">\n<figure class=\"wp-block-image size-full\"><img decoding=\"async\" width=\"661\" height=\"649\" src=\"https:\/\/purecook.com\/wp-content\/uploads\/2024\/05\/wholesale-griddle-Pan-4.webp\" alt=\"mayorista plancha Pan\" class=\"wp-image-2028\" srcset=\"https:\/\/www.purecook.com\/wp-content\/uploads\/2024\/05\/wholesale-griddle-Pan-4.webp 661w, https:\/\/www.purecook.com\/wp-content\/uploads\/2024\/05\/wholesale-griddle-Pan-4-300x295.webp 300w, https:\/\/www.purecook.com\/wp-content\/uploads\/2024\/05\/wholesale-griddle-Pan-4-600x589.webp 600w\" sizes=\"(max-width: 661px) 100vw, 661px\" \/><\/figure>\n<\/div>\n<\/div>","protected":false},"excerpt":{"rendered":"<p>Sart\u00e9n cuadrada antiadherente profesional al por mayor.La Sart\u00e9n est\u00e1 fabricada con materiales de alta calidad que pueden soportar altas temperaturas y mantener su rendimiento durante mucho tiempo. Es compatible con la mayor\u00eda de las estufas, por lo que es una excelente opci\u00f3n para las cocinas dom\u00e9sticas y comerciales.<\/p>\n<h2>Caracter\u00edsticas y ventajas de la plancha<\/h2>\n<p>Revestimiento antiadherente de tres capas, sin PFOA, dise\u00f1ado en Alemania para ofrecer a\u00f1os de rendimiento con menos aceite.<\/p>\n<p>C\u00f3modas asas de acero inoxidable.<br \/>Las paredes bajas aumentan el espacio de cocci\u00f3n y facilitan dar la vuelta a los alimentos.<\/p>\n<p>Apto para horno hasta 430\u00b0F\/220\u00b0C.<\/p>\n<p>Apto para lavavajillas.<\/p>\n<p>Bordes enrollados para un vertido sin goteos.<\/p>\n<p>Compatible con la mayor\u00eda de cocinas, excepto inducci\u00f3n.<\/p>","protected":false},"featured_media":2029,"comment_status":"closed","ping_status":"closed","template":"","meta":{"_acf_changed":false},"product_brand":[],"product_cat":[27,93],"product_tag":[],"class_list":{"0":"post-2024","1":"product","2":"type-product","3":"status-publish","4":"has-post-thumbnail","6":"product_cat-bakeware","7":"product_cat-griddle-pan","9":"first","10":"instock","11":"shipping-taxable","12":"product-type-simple"},"acf":[],"_links":{"self":[{"href":"https:\/\/www.purecook.com\/es\/wp-json\/wp\/v2\/product\/2024","targetHints":{"allow":["GET"]}}],"collection":[{"href":"https:\/\/www.purecook.com\/es\/wp-json\/wp\/v2\/product"}],"about":[{"href":"https:\/\/www.purecook.com\/es\/wp-json\/wp\/v2\/types\/product"}],"replies":[{"embeddable":true,"href":"https:\/\/www.purecook.com\/es\/wp-json\/wp\/v2\/comments?post=2024"}],"wp:featuredmedia":[{"embeddable":true,"href":"https:\/\/www.purecook.com\/es\/wp-json\/wp\/v2\/media\/2029"}],"wp:attachment":[{"href":"https:\/\/www.purecook.com\/es\/wp-json\/wp\/v2\/media?parent=2024"}],"wp:term":[{"taxonomy":"product_brand","embeddable":true,"href":"https:\/\/www.purecook.com\/es\/wp-json\/wp\/v2\/product_brand?post=2024"},{"taxonomy":"product_cat","embeddable":true,"href":"https:\/\/www.purecook.com\/es\/wp-json\/wp\/v2\/product_cat?post=2024"},{"taxonomy":"product_tag","embeddable":true,"href":"https:\/\/www.purecook.com\/es\/wp-json\/wp\/v2\/product_tag?post=2024"}],"curies":[{"name":"wp","href":"https:\/\/api.w.org\/{rel}","templated":true}]}}