{"id":2030,"date":"2024-05-16T16:40:56","date_gmt":"2024-05-16T08:40:56","guid":{"rendered":"https:\/\/purecook.com\/?post_type=product&#038;p=2030"},"modified":"2025-04-27T17:40:00","modified_gmt":"2025-04-27T09:40:00","slug":"wholesale-milk-pot-petal-shaped","status":"publish","type":"product","link":"https:\/\/www.purecook.com\/es\/product\/wholesale-milk-pot-petal-shaped\/","title":{"rendered":"Mayorista Lechera en forma de p\u00e9talo de acero inoxidable personalizable con asa impresa"},"content":{"rendered":"<div class=\"wp-block-columns is-layout-flex wp-container-core-columns-is-layout-9d6595d7 wp-block-columns-is-layout-flex\">\n<div class=\"wp-block-column is-layout-flow wp-block-column-is-layout-flow\">\n<h3 class=\"wp-block-heading\">Par\u00e1metros del tarro de leche<\/h3>\n\n\n\n<p><strong>N\u00famero de modelo:HH-191018<\/strong><br>Material:Acero inoxidable<br>Cuerpo:SS304<br>Tapa de vidrio templado:SUS201+vidrio de 3,8 mm<br>Accesorios de asa y tapa: baquelita (impresi\u00f3n por transferencia de agua)<br>Grosor del cuerpo:0,5 mm<br>Superficie: Pulido mate o pulido espejo (depende de usted)<br>Medida:interior del cuerpo<br>Tama\u00f1o: 17,5\u00d716\u00d78,5<br>Peso bruto: 2 kg\/unidad<br>OEM&amp;ODM:Disponible<\/p>\n<\/div>\n\n\n\n<div class=\"wp-block-column is-layout-flow wp-block-column-is-layout-flow\">\n<h3 class=\"wp-block-heading\">Tarro de leche personalizado<\/h3>\n\n\n\n<p>Logotipo:personalice el logotipo de su marca<br>Paquete: caja de color\/cart\u00f3n, etc.<br>Asa: el dise\u00f1o del asa se puede personalizar<br>Acabado: Mate\/Espejo<br>MOQ:120sets<br><strong><a href=\"https:\/\/www.purecook.com\/es\/custom-solution\/\" target=\"_blank\" rel=\"noreferrer noopener\">Soluciones personalizadas OEM y ODM<\/a><\/strong><\/p>\n<\/div>\n<\/div>\n\n\n\n<div class=\"wp-block-columns is-layout-flex wp-container-core-columns-is-layout-9d6595d7 wp-block-columns-is-layout-flex\">\n<div class=\"wp-block-column is-layout-flow wp-block-column-is-layout-flow\">\n<figure class=\"wp-block-image size-full\"><img decoding=\"async\" width=\"800\" height=\"800\" src=\"https:\/\/purecook.com\/wp-content\/uploads\/2024\/05\/custom-milk-pot-wholesale-6.webp\" alt=\"tarro de leche personalizado al por mayor\" class=\"wp-image-2037\" srcset=\"https:\/\/www.purecook.com\/wp-content\/uploads\/2024\/05\/custom-milk-pot-wholesale-6.webp 800w, https:\/\/www.purecook.com\/wp-content\/uploads\/2024\/05\/custom-milk-pot-wholesale-6-300x300.webp 300w, https:\/\/www.purecook.com\/wp-content\/uploads\/2024\/05\/custom-milk-pot-wholesale-6-150x150.webp 150w, https:\/\/www.purecook.com\/wp-content\/uploads\/2024\/05\/custom-milk-pot-wholesale-6-768x768.webp 768w, https:\/\/www.purecook.com\/wp-content\/uploads\/2024\/05\/custom-milk-pot-wholesale-6-600x600.webp 600w, https:\/\/www.purecook.com\/wp-content\/uploads\/2024\/05\/custom-milk-pot-wholesale-6-100x100.webp 100w\" sizes=\"(max-width: 800px) 100vw, 800px\" \/><\/figure>\n<\/div>\n\n\n\n<div class=\"wp-block-column is-layout-flow wp-block-column-is-layout-flow\">\n<figure class=\"wp-block-image size-full\"><img decoding=\"async\" width=\"800\" height=\"800\" src=\"https:\/\/purecook.com\/wp-content\/uploads\/2024\/05\/custom-milk-pot-wholesale-3.webp\" alt=\"tarro de leche personalizado al por mayor\" class=\"wp-image-2034\" srcset=\"https:\/\/www.purecook.com\/wp-content\/uploads\/2024\/05\/custom-milk-pot-wholesale-3.webp 800w, https:\/\/www.purecook.com\/wp-content\/uploads\/2024\/05\/custom-milk-pot-wholesale-3-300x300.webp 300w, https:\/\/www.purecook.com\/wp-content\/uploads\/2024\/05\/custom-milk-pot-wholesale-3-150x150.webp 150w, https:\/\/www.purecook.com\/wp-content\/uploads\/2024\/05\/custom-milk-pot-wholesale-3-768x768.webp 768w, https:\/\/www.purecook.com\/wp-content\/uploads\/2024\/05\/custom-milk-pot-wholesale-3-600x600.webp 600w, https:\/\/www.purecook.com\/wp-content\/uploads\/2024\/05\/custom-milk-pot-wholesale-3-100x100.webp 100w\" sizes=\"(max-width: 800px) 100vw, 800px\" \/><\/figure>\n<\/div>\n<\/div>","protected":false},"excerpt":{"rendered":"<p>Olla de leche personalizada al por mayor, esta olla de leche utiliza un fondo compuesto de tres capas, que se calienta m\u00e1s r\u00e1pido y m\u00e1s uniformemente. El dise\u00f1o \u00fanico borde en forma de p\u00e9talo hace verter la leche m\u00e1s convenient.Support manejar patr\u00f3n de personalizaci\u00f3n y superficie personalizada es mate o espejo.<\/p>\n<h2>Caracter\u00edsticas y ventajas del tarro de leche<\/h2>\n<p><strong>Material saludable<\/strong>: Acero inoxidable 304 sin revestimiento, de uso seguro.<\/p>\n<p><strong>Tapa de cristal visible<\/strong>Atenci\u00f3n en tiempo real al progreso de la cocci\u00f3n.<\/p>\n<p><strong>Excelente conducci\u00f3n del calor<\/strong>Fondo de la olla compuesto de tres capas, conducci\u00f3n uniforme del calor, ahorro de energ\u00eda.<\/p>\n<p><strong>Aspecto pr\u00e1ctico<\/strong>: Bordes de cacerola en forma de p\u00e9talo, vertido suave de la abertura de la cacerola polyflow.<\/p>\n<p><strong>Asa antiquemaduras<\/strong>: Mango de baquelita, se niegan a quemar las manos, hacer la cocina m\u00e1s relajado.<\/p>","protected":false},"featured_media":2032,"comment_status":"closed","ping_status":"closed","template":"","meta":{"_acf_changed":false},"product_brand":[],"product_cat":[24,80],"product_tag":[98],"class_list":{"0":"post-2030","1":"product","2":"type-product","3":"status-publish","4":"has-post-thumbnail","6":"product_cat-cookware","7":"product_cat-milk-pot","8":"product_tag-wholesale-home-cookware","10":"first","11":"instock","12":"shipping-taxable","13":"product-type-simple"},"acf":[],"_links":{"self":[{"href":"https:\/\/www.purecook.com\/es\/wp-json\/wp\/v2\/product\/2030","targetHints":{"allow":["GET"]}}],"collection":[{"href":"https:\/\/www.purecook.com\/es\/wp-json\/wp\/v2\/product"}],"about":[{"href":"https:\/\/www.purecook.com\/es\/wp-json\/wp\/v2\/types\/product"}],"replies":[{"embeddable":true,"href":"https:\/\/www.purecook.com\/es\/wp-json\/wp\/v2\/comments?post=2030"}],"wp:featuredmedia":[{"embeddable":true,"href":"https:\/\/www.purecook.com\/es\/wp-json\/wp\/v2\/media\/2032"}],"wp:attachment":[{"href":"https:\/\/www.purecook.com\/es\/wp-json\/wp\/v2\/media?parent=2030"}],"wp:term":[{"taxonomy":"product_brand","embeddable":true,"href":"https:\/\/www.purecook.com\/es\/wp-json\/wp\/v2\/product_brand?post=2030"},{"taxonomy":"product_cat","embeddable":true,"href":"https:\/\/www.purecook.com\/es\/wp-json\/wp\/v2\/product_cat?post=2030"},{"taxonomy":"product_tag","embeddable":true,"href":"https:\/\/www.purecook.com\/es\/wp-json\/wp\/v2\/product_tag?post=2030"}],"curies":[{"name":"wp","href":"https:\/\/api.w.org\/{rel}","templated":true}]}}