{"id":2040,"date":"2024-05-16T17:38:14","date_gmt":"2024-05-16T09:38:14","guid":{"rendered":"https:\/\/purecook.com\/?post_type=product&#038;p=2040"},"modified":"2025-11-24T15:39:18","modified_gmt":"2025-11-24T07:39:18","slug":"wholesale-hot-dog-pan","status":"publish","type":"product","link":"https:\/\/www.purecook.com\/es\/product\/wholesale-hot-dog-pan\/","title":{"rendered":"Mayorista Sart\u00e9n de Acero Inoxidable para Perritos Calientes Apta para la Elaboraci\u00f3n de Alimentos DIY"},"content":{"rendered":"<div class=\"wp-block-columns is-layout-flex wp-container-core-columns-is-layout-9d6595d7 wp-block-columns-is-layout-flex\">\n<div class=\"wp-block-column is-layout-flow wp-block-column-is-layout-flow\">\n<h3 class=\"wp-block-heading\">Par\u00e1metros de la sart\u00e9n para perritos calientes<\/h3>\n\n\n\n<p>Modelo: Sart\u00e9n Hot Dog<br>Material: acero inoxidable (SUS#304)<br>Tama\u00f1o del producto: 19\u00d711 cm <br>Tama\u00f1o del paquete: 19,5\u00d711,5\u00d73,5 cm<br>Acabado: Mate<br>Peso: 154 g\/unidad<br>Embalaje: caja de color<br>MOQ: 120 piezas<\/p>\n<\/div>\n\n\n\n<div class=\"wp-block-column is-layout-flow wp-block-column-is-layout-flow\">\n<h3 class=\"wp-block-heading\">Sart\u00e9n personalizada para perritos calientes<\/h3>\n\n\n\n<p>Logotipo:personalice el logotipo de su marca.<br><strong><a href=\"https:\/\/www.purecook.com\/es\/custom-solution\/\" target=\"_blank\" rel=\"noreferrer noopener\">Soluciones personalizadas OEM y ODM<\/a><\/strong><\/p>\n<\/div>\n<\/div>\n\n\n\n<div class=\"wp-block-columns is-layout-flex wp-container-core-columns-is-layout-9d6595d7 wp-block-columns-is-layout-flex\">\n<div class=\"wp-block-column is-layout-flow wp-block-column-is-layout-flow\">\n<figure class=\"wp-block-image size-full\"><img decoding=\"async\" width=\"800\" height=\"800\" src=\"https:\/\/purecook.com\/wp-content\/uploads\/2024\/05\/wholesale-hot-dog-pan-5.webp\" alt=\"venta al por mayor sarten para perritos calientes\" class=\"wp-image-2045\" srcset=\"https:\/\/www.purecook.com\/wp-content\/uploads\/2024\/05\/wholesale-hot-dog-pan-5.webp 800w, https:\/\/www.purecook.com\/wp-content\/uploads\/2024\/05\/wholesale-hot-dog-pan-5-300x300.webp 300w, https:\/\/www.purecook.com\/wp-content\/uploads\/2024\/05\/wholesale-hot-dog-pan-5-150x150.webp 150w, https:\/\/www.purecook.com\/wp-content\/uploads\/2024\/05\/wholesale-hot-dog-pan-5-768x768.webp 768w, https:\/\/www.purecook.com\/wp-content\/uploads\/2024\/05\/wholesale-hot-dog-pan-5-600x600.webp 600w, https:\/\/www.purecook.com\/wp-content\/uploads\/2024\/05\/wholesale-hot-dog-pan-5-100x100.webp 100w\" sizes=\"(max-width: 800px) 100vw, 800px\" \/><\/figure>\n<\/div>\n\n\n\n<div class=\"wp-block-column is-layout-flow wp-block-column-is-layout-flow\">\n<figure class=\"wp-block-image size-full\"><img decoding=\"async\" width=\"800\" height=\"800\" src=\"https:\/\/purecook.com\/wp-content\/uploads\/2024\/05\/wholesale-hot-dog-pan-2.webp\" alt=\"venta al por mayor sarten para perritos calientes\" class=\"wp-image-2042\" srcset=\"https:\/\/www.purecook.com\/wp-content\/uploads\/2024\/05\/wholesale-hot-dog-pan-2.webp 800w, https:\/\/www.purecook.com\/wp-content\/uploads\/2024\/05\/wholesale-hot-dog-pan-2-300x300.webp 300w, https:\/\/www.purecook.com\/wp-content\/uploads\/2024\/05\/wholesale-hot-dog-pan-2-150x150.webp 150w, https:\/\/www.purecook.com\/wp-content\/uploads\/2024\/05\/wholesale-hot-dog-pan-2-768x768.webp 768w, https:\/\/www.purecook.com\/wp-content\/uploads\/2024\/05\/wholesale-hot-dog-pan-2-600x600.webp 600w, https:\/\/www.purecook.com\/wp-content\/uploads\/2024\/05\/wholesale-hot-dog-pan-2-100x100.webp 100w\" sizes=\"(max-width: 800px) 100vw, 800px\" \/><\/figure>\n<\/div>\n<\/div>","protected":false},"excerpt":{"rendered":"<p>Sart\u00e9n para perritos calientes al por mayor.Esta sart\u00e9n para perritos calientes de uso dom\u00e9stico est\u00e1 fabricada en acero inoxidable de calidad alimentaria y es adecuada para hacer pasteles al vapor y perritos calientes. El dise\u00f1o de doble capa hace que sea m\u00e1s f\u00e1cil para la tapa y el fondo para encajar juntos para dar forma a los alimentos m\u00e1s f\u00e1cil.<\/p>\n<h2>Caracter\u00edsticas y ventajas de la sart\u00e9n para perritos calientes<\/h2>\n<p>Material de alta calidad: Hecho de acero inoxidable de alta calidad, duradero y resistente a la corrosi\u00f3n.<\/p>\n<p>Dise\u00f1o de doble capa: El molde para hornear adopta un dise\u00f1o de doble capa, y las partes superior e inferior son m\u00e1s f\u00e1ciles de encajar, lo que es beneficioso para dar forma a los alimentos y mejora la eficiencia de la producci\u00f3n.<\/p>\n<p>Uso multifuncional: adecuado para hornear pasteles, perritos calientes y otros alimentos.<\/p>\n<p>F\u00e1cil de usar: La pared interior est\u00e1 pulida y la comida no se romper\u00e1 al salir del molde, por lo que es f\u00e1cil de usar.<\/p>","protected":false},"featured_media":2044,"comment_status":"closed","ping_status":"closed","template":"","meta":{"_acf_changed":false},"product_brand":[],"product_cat":[27,107],"product_tag":[],"class_list":{"0":"post-2040","1":"product","2":"type-product","3":"status-publish","4":"has-post-thumbnail","6":"product_cat-bakeware","7":"product_cat-baking-sheet","9":"first","10":"instock","11":"shipping-taxable","12":"product-type-simple"},"acf":[],"_links":{"self":[{"href":"https:\/\/www.purecook.com\/es\/wp-json\/wp\/v2\/product\/2040","targetHints":{"allow":["GET"]}}],"collection":[{"href":"https:\/\/www.purecook.com\/es\/wp-json\/wp\/v2\/product"}],"about":[{"href":"https:\/\/www.purecook.com\/es\/wp-json\/wp\/v2\/types\/product"}],"replies":[{"embeddable":true,"href":"https:\/\/www.purecook.com\/es\/wp-json\/wp\/v2\/comments?post=2040"}],"wp:featuredmedia":[{"embeddable":true,"href":"https:\/\/www.purecook.com\/es\/wp-json\/wp\/v2\/media\/2044"}],"wp:attachment":[{"href":"https:\/\/www.purecook.com\/es\/wp-json\/wp\/v2\/media?parent=2040"}],"wp:term":[{"taxonomy":"product_brand","embeddable":true,"href":"https:\/\/www.purecook.com\/es\/wp-json\/wp\/v2\/product_brand?post=2040"},{"taxonomy":"product_cat","embeddable":true,"href":"https:\/\/www.purecook.com\/es\/wp-json\/wp\/v2\/product_cat?post=2040"},{"taxonomy":"product_tag","embeddable":true,"href":"https:\/\/www.purecook.com\/es\/wp-json\/wp\/v2\/product_tag?post=2040"}],"curies":[{"name":"wp","href":"https:\/\/api.w.org\/{rel}","templated":true}]}}