{"id":2047,"date":"2024-05-16T21:46:07","date_gmt":"2024-05-16T13:46:07","guid":{"rendered":"https:\/\/purecook.com\/?post_type=product&#038;p=2047"},"modified":"2026-03-12T09:39:21","modified_gmt":"2026-03-12T01:39:21","slug":"wholesale-baking-pan","status":"publish","type":"product","link":"https:\/\/www.purecook.com\/es\/product\/wholesale-baking-pan\/","title":{"rendered":"Sartenes para asar, sartenes para hornear al por mayor para cocinas de gas y de inducci\u00f3n"},"content":{"rendered":"<div class=\"wp-block-columns is-layout-flex wp-container-core-columns-is-layout-9d6595d7 wp-block-columns-is-layout-flex\">\n<div class=\"wp-block-column is-layout-flow wp-block-column-is-layout-flow\">\n<h3 class=\"wp-block-heading\">Par\u00e1metros de los moldes<\/h3>\n\n\n\n<p><strong>Nombre del modelo: Sart\u00e9n de acero de tres capas<\/strong><br>Utilizar estufa: Universal<br>Interior: Sin revestimiento<br>Material: Acero de triple capa (SUS304+ ALU+SUS430)<br>Tama\u00f1o: 45\u00d724,5\u00d75,5 cm<br>Color: Acero<br>Capacidad: 5L<br>Peso: 3,0 kg\/unidad<br>Grosor: 2,0 mm<br>Embalaje: Caja de color + Cart\u00f3n<br>Cantidad m\u00ednima: 500 unidades<\/p>\n<\/div>\n\n\n\n<div class=\"wp-block-column is-layout-flow wp-block-column-is-layout-flow\">\n<h3 class=\"wp-block-heading\">moldes personalizados<\/h3>\n\n\n\n<p>Logotipo: personalice el logotipo de su marca<br>Embalaje: caja de color\/cart\u00f3n, etc.<br>Patr\u00f3n: Personaliza tu patr\u00f3n<br><strong><a href=\"https:\/\/www.purecook.com\/es\/custom-solution\/\" target=\"_blank\" rel=\"noreferrer noopener\">Soluciones personalizadas OEM y ODM<\/a><\/strong><\/p>\n<\/div>\n<\/div>\n\n\n\n<div class=\"wp-block-columns is-layout-flex wp-container-core-columns-is-layout-9d6595d7 wp-block-columns-is-layout-flex\">\n<div class=\"wp-block-column is-layout-flow wp-block-column-is-layout-flow\">\n<figure class=\"wp-block-image size-full\"><img decoding=\"async\" width=\"800\" height=\"800\" src=\"https:\/\/purecook.com\/wp-content\/uploads\/2024\/05\/custom-baking-pans-wholesale-5.webp\" alt=\"moldes personalizados al por mayor\" class=\"wp-image-2052\" srcset=\"https:\/\/www.purecook.com\/wp-content\/uploads\/2024\/05\/custom-baking-pans-wholesale-5.webp 800w, https:\/\/www.purecook.com\/wp-content\/uploads\/2024\/05\/custom-baking-pans-wholesale-5-300x300.webp 300w, https:\/\/www.purecook.com\/wp-content\/uploads\/2024\/05\/custom-baking-pans-wholesale-5-150x150.webp 150w, https:\/\/www.purecook.com\/wp-content\/uploads\/2024\/05\/custom-baking-pans-wholesale-5-768x768.webp 768w, https:\/\/www.purecook.com\/wp-content\/uploads\/2024\/05\/custom-baking-pans-wholesale-5-600x600.webp 600w, https:\/\/www.purecook.com\/wp-content\/uploads\/2024\/05\/custom-baking-pans-wholesale-5-100x100.webp 100w\" sizes=\"(max-width: 800px) 100vw, 800px\" \/><\/figure>\n<\/div>\n\n\n\n<div class=\"wp-block-column is-layout-flow wp-block-column-is-layout-flow\">\n<figure class=\"wp-block-image size-full\"><img decoding=\"async\" width=\"800\" height=\"800\" src=\"https:\/\/purecook.com\/wp-content\/uploads\/2024\/05\/custom-baking-pans-wholesale-1.webp\" alt=\"moldes personalizados al por mayor\" class=\"wp-image-2048\" srcset=\"https:\/\/www.purecook.com\/wp-content\/uploads\/2024\/05\/custom-baking-pans-wholesale-1.webp 800w, https:\/\/www.purecook.com\/wp-content\/uploads\/2024\/05\/custom-baking-pans-wholesale-1-300x300.webp 300w, https:\/\/www.purecook.com\/wp-content\/uploads\/2024\/05\/custom-baking-pans-wholesale-1-150x150.webp 150w, https:\/\/www.purecook.com\/wp-content\/uploads\/2024\/05\/custom-baking-pans-wholesale-1-768x768.webp 768w, https:\/\/www.purecook.com\/wp-content\/uploads\/2024\/05\/custom-baking-pans-wholesale-1-600x600.webp 600w, https:\/\/www.purecook.com\/wp-content\/uploads\/2024\/05\/custom-baking-pans-wholesale-1-100x100.webp 100w\" sizes=\"(max-width: 800px) 100vw, 800px\" \/><\/figure>\n<\/div>\n<\/div>","protected":false},"excerpt":{"rendered":"<p>La bandeja para hornear est\u00e1 fabricada en acero tricapa de alta calidad, que puede calentar los alimentos de forma r\u00e1pida y uniforme. Y tiene las ventajas de la durabilidad y la resistencia a la corrosi\u00f3n, satisfaciendo las necesidades de las cocinas dom\u00e9sticas y los restaurantes comerciales profesionales.\u00a0<\/p>\n<h2>Caracter\u00edsticas y ventajas del molde<\/h2>\n<p><strong>Acero inoxidable de primera calidad<\/strong>: La sart\u00e9n est\u00e1 fabricada con material multicapa (sus304+ alu+sus430) para garantizar su durabilidad, resistencia a la corrosi\u00f3n y excelente transferencia de calor para un calentamiento r\u00e1pido y unos resultados de cocci\u00f3n uniformes.<\/p>\n<p><strong>Asa reforzada<\/strong>: El mango est\u00e1 fijado con remaches para mayor comodidad y seguridad, resistente y duradero, no es f\u00e1cil de aflojar.<\/p>\n<p><strong>Adecuado para m\u00faltiples escenarios<\/strong>: Esta plancha est\u00e1 hecha de tres capas de material engrosado, perfecto para restaurantes y uso dom\u00e9stico, ideal para cocinar comida gourmet, si usted est\u00e1 disfrutando de una comida acogedora en casa o cocinar en una cocina comercial, puede satisfacer sus necesidades.<\/p>\n<p><strong>Gran capacidad<\/strong>: Con una capacidad de hasta 5l, esta sart\u00e9n grill es adecuada para una gran variedad de escenarios de fiesta, desde interiores hasta campings al aire libre, permiti\u00e9ndole cocinar su comida en cualquier momento, en cualquier lugar y de cualquier manera.<\/p>\n<p>\n<script src=\"chrome-extension:\/\/fpelahbljekknahkcaegamhcndkfpfnc\/iFrame.js\" type=\"text\/javascript\"><\/script><\/p>","protected":false},"featured_media":2048,"comment_status":"closed","ping_status":"closed","template":"","meta":{"_acf_changed":false},"product_brand":[],"product_cat":[27,106],"product_tag":[],"class_list":{"0":"post-2047","1":"product","2":"type-product","3":"status-publish","4":"has-post-thumbnail","6":"product_cat-bakeware","7":"product_cat-roasting-pan","9":"first","10":"instock","11":"shipping-taxable","12":"product-type-simple"},"acf":[],"_links":{"self":[{"href":"https:\/\/www.purecook.com\/es\/wp-json\/wp\/v2\/product\/2047","targetHints":{"allow":["GET"]}}],"collection":[{"href":"https:\/\/www.purecook.com\/es\/wp-json\/wp\/v2\/product"}],"about":[{"href":"https:\/\/www.purecook.com\/es\/wp-json\/wp\/v2\/types\/product"}],"replies":[{"embeddable":true,"href":"https:\/\/www.purecook.com\/es\/wp-json\/wp\/v2\/comments?post=2047"}],"wp:featuredmedia":[{"embeddable":true,"href":"https:\/\/www.purecook.com\/es\/wp-json\/wp\/v2\/media\/2048"}],"wp:attachment":[{"href":"https:\/\/www.purecook.com\/es\/wp-json\/wp\/v2\/media?parent=2047"}],"wp:term":[{"taxonomy":"product_brand","embeddable":true,"href":"https:\/\/www.purecook.com\/es\/wp-json\/wp\/v2\/product_brand?post=2047"},{"taxonomy":"product_cat","embeddable":true,"href":"https:\/\/www.purecook.com\/es\/wp-json\/wp\/v2\/product_cat?post=2047"},{"taxonomy":"product_tag","embeddable":true,"href":"https:\/\/www.purecook.com\/es\/wp-json\/wp\/v2\/product_tag?post=2047"}],"curies":[{"name":"wp","href":"https:\/\/api.w.org\/{rel}","templated":true}]}}