{"id":2054,"date":"2024-05-16T23:23:35","date_gmt":"2024-05-16T15:23:35","guid":{"rendered":"https:\/\/purecook.com\/?post_type=product&#038;p=2054"},"modified":"2025-08-14T16:55:53","modified_gmt":"2025-08-14T08:55:53","slug":"wholesale-lunch-box-multi-compartment","status":"publish","type":"product","link":"https:\/\/www.purecook.com\/es\/product\/wholesale-lunch-box-multi-compartment\/","title":{"rendered":"Fiambrera personalizada al por mayor con aspecto colorido y dise\u00f1o de varios compartimentos"},"content":{"rendered":"<div class=\"wp-block-columns is-layout-flex wp-container-core-columns-is-layout-9d6595d7 wp-block-columns-is-layout-flex\">\n<div class=\"wp-block-column is-layout-flow wp-block-column-is-layout-flow\">\n<h3 class=\"wp-block-heading\">Par\u00e1metros de la fiambrera<\/h3>\n\n\n\n<p>N\u00famero de modelo: 6639 &amp; 6641<br>Material: Acero inoxidable 304 + pp \/ cuchara: sus401 \/ palillos: sus201<br>Color: azul\/verde\/rosa<br>Especificaci\u00f3n: 1500ml\/2000ml<br>Tama\u00f1o del paquete: 27,8\u00d77,8\u00d720,5 cm \/ 31,8\u00d723,8\u00d78,3 cm<br>Peso: 1 kg\/unidad<br>MOQ: 1000pcs<\/p>\n<\/div>\n\n\n\n<div class=\"wp-block-column is-layout-flow wp-block-column-is-layout-flow\">\n<h3 class=\"wp-block-heading\">Fiambrera personalizada<\/h3>\n\n\n\n<p>Embalaje: caja de color\/cart\u00f3n, etc.<br>MOQ: 1000 piezas<br><strong><a href=\"https:\/\/www.purecook.com\/es\/custom-solution\/\" target=\"_blank\" rel=\"noreferrer noopener\">Soluciones personalizadas OEM y ODM<\/a><\/strong><\/p>\n<\/div>\n<\/div>\n\n\n\n<div class=\"wp-block-columns is-layout-flex wp-container-core-columns-is-layout-9d6595d7 wp-block-columns-is-layout-flex\">\n<div class=\"wp-block-column is-layout-flow wp-block-column-is-layout-flow\">\n<figure class=\"wp-block-image size-full\"><img decoding=\"async\" width=\"800\" height=\"800\" src=\"https:\/\/purecook.com\/wp-content\/uploads\/2024\/05\/custom-lunch-box-wholesale-4.webp\" alt=\"fiambreras personalizadas al por mayor\" class=\"wp-image-2058\" srcset=\"https:\/\/www.purecook.com\/wp-content\/uploads\/2024\/05\/custom-lunch-box-wholesale-4.webp 800w, https:\/\/www.purecook.com\/wp-content\/uploads\/2024\/05\/custom-lunch-box-wholesale-4-300x300.webp 300w, https:\/\/www.purecook.com\/wp-content\/uploads\/2024\/05\/custom-lunch-box-wholesale-4-150x150.webp 150w, https:\/\/www.purecook.com\/wp-content\/uploads\/2024\/05\/custom-lunch-box-wholesale-4-768x768.webp 768w, https:\/\/www.purecook.com\/wp-content\/uploads\/2024\/05\/custom-lunch-box-wholesale-4-600x600.webp 600w, https:\/\/www.purecook.com\/wp-content\/uploads\/2024\/05\/custom-lunch-box-wholesale-4-100x100.webp 100w\" sizes=\"(max-width: 800px) 100vw, 800px\" \/><\/figure>\n<\/div>\n\n\n\n<div class=\"wp-block-column is-layout-flow wp-block-column-is-layout-flow\">\n<figure class=\"wp-block-image size-full\"><img decoding=\"async\" width=\"800\" height=\"800\" src=\"https:\/\/purecook.com\/wp-content\/uploads\/2024\/05\/custom-lunch-box-wholesale-6.webp\" alt=\"fiambreras personalizadas al por mayor\" class=\"wp-image-2060\" srcset=\"https:\/\/www.purecook.com\/wp-content\/uploads\/2024\/05\/custom-lunch-box-wholesale-6.webp 800w, https:\/\/www.purecook.com\/wp-content\/uploads\/2024\/05\/custom-lunch-box-wholesale-6-300x300.webp 300w, https:\/\/www.purecook.com\/wp-content\/uploads\/2024\/05\/custom-lunch-box-wholesale-6-150x150.webp 150w, https:\/\/www.purecook.com\/wp-content\/uploads\/2024\/05\/custom-lunch-box-wholesale-6-768x768.webp 768w, https:\/\/www.purecook.com\/wp-content\/uploads\/2024\/05\/custom-lunch-box-wholesale-6-600x600.webp 600w, https:\/\/www.purecook.com\/wp-content\/uploads\/2024\/05\/custom-lunch-box-wholesale-6-100x100.webp 100w\" sizes=\"(max-width: 800px) 100vw, 800px\" \/><\/figure>\n<\/div>\n<\/div>","protected":false},"excerpt":{"rendered":"<p>La fiambrera est\u00e1 fabricada con acero inoxidable de alta calidad apto para uso alimentario y carcasa de pp respetuosa con el medio ambiente, por lo que su uso es m\u00e1s seguro, saludable e higi\u00e9nico. El dise\u00f1o de m\u00faltiples compartimentos le permite distribuir perfectamente sus comidas, y la parte superior e inferior est\u00e1n bien cerradas para que no tenga que preocuparse por las fugas.<\/p>\n<h2>Caracter\u00edsticas y ventajas de la fiambrera<\/h2>\n<p><strong>Dise\u00f1o colorido<\/strong>: una variedad de colores a elegir para mostrar tu personalidad.<\/p>\n<p><strong>Materiales de alta calidad<\/strong>: Material de acero inoxidable 304, anticorrosi\u00f3n y \u00f3xido, c\u00e1scara de pp de protecci\u00f3n alimentaria\/medioambiental, buen rendimiento de aislamiento.<\/p>\n<p><strong>Varias escenas<\/strong>aplicable a estudiantes, oficinistas y otras personas, gran capacidad, sin preocupaciones, la vida ya no es casual.<\/p>\n<p><strong>Dise\u00f1o con varios compartimentos<\/strong>Compartimentos m\u00faltiples, la comida deliciosa ya no se entrecruza, con una caja de sopa sellada independiente, el arroz y la sopa separados de lo molesto.<\/p>\n<p><strong>Traiga su propia vajilla<\/strong>: vajilla a juego, un escal\u00f3n, compartimento de almacenamiento independiente<\/p>","protected":false},"featured_media":2057,"comment_status":"closed","ping_status":"closed","template":"","meta":{"_acf_changed":false},"product_brand":[],"product_cat":[102],"product_tag":[],"class_list":{"0":"post-2054","1":"product","2":"type-product","3":"status-publish","4":"has-post-thumbnail","6":"product_cat-lunch-boxes","8":"first","9":"instock","10":"shipping-taxable","11":"product-type-simple"},"acf":[],"_links":{"self":[{"href":"https:\/\/www.purecook.com\/es\/wp-json\/wp\/v2\/product\/2054","targetHints":{"allow":["GET"]}}],"collection":[{"href":"https:\/\/www.purecook.com\/es\/wp-json\/wp\/v2\/product"}],"about":[{"href":"https:\/\/www.purecook.com\/es\/wp-json\/wp\/v2\/types\/product"}],"replies":[{"embeddable":true,"href":"https:\/\/www.purecook.com\/es\/wp-json\/wp\/v2\/comments?post=2054"}],"wp:featuredmedia":[{"embeddable":true,"href":"https:\/\/www.purecook.com\/es\/wp-json\/wp\/v2\/media\/2057"}],"wp:attachment":[{"href":"https:\/\/www.purecook.com\/es\/wp-json\/wp\/v2\/media?parent=2054"}],"wp:term":[{"taxonomy":"product_brand","embeddable":true,"href":"https:\/\/www.purecook.com\/es\/wp-json\/wp\/v2\/product_brand?post=2054"},{"taxonomy":"product_cat","embeddable":true,"href":"https:\/\/www.purecook.com\/es\/wp-json\/wp\/v2\/product_cat?post=2054"},{"taxonomy":"product_tag","embeddable":true,"href":"https:\/\/www.purecook.com\/es\/wp-json\/wp\/v2\/product_tag?post=2054"}],"curies":[{"name":"wp","href":"https:\/\/api.w.org\/{rel}","templated":true}]}}