{"id":2080,"date":"2024-05-17T11:21:45","date_gmt":"2024-05-17T03:21:45","guid":{"rendered":"https:\/\/purecook.com\/?post_type=product&#038;p=2080"},"modified":"2025-04-27T17:39:33","modified_gmt":"2025-04-27T09:39:33","slug":"wholesale-cooking-pot-set","status":"publish","type":"product","link":"https:\/\/www.purecook.com\/es\/product\/wholesale-cooking-pot-set\/","title":{"rendered":"Mayorista Juego de 3 Ollas de Acero Inoxidable sin Revestimiento para Cocinar 1.8L+2.4L+3.8L"},"content":{"rendered":"<div class=\"wp-block-columns is-layout-flex wp-container-core-columns-is-layout-9d6595d7 wp-block-columns-is-layout-flex\">\n<div class=\"wp-block-column is-layout-flow wp-block-column-is-layout-flow\">\n<h3 class=\"wp-block-heading\">Par\u00e1metros del juego de ollas<\/h3>\n\n\n\n<p><strong>N\u00famero de modelo: MLTG003P<\/strong><br>Material: acero inoxidable<br>Cubierta: cubierta de cristal<br>Asa y pomo de la tapa: acero inoxidable pintado<br>Tama\u00f1o\uff1a1,8L+2,4L+3,8L<br>Especificaciones: Crock pot de 16\u00d79 cm + olla de leche de 18\u00d710 cm + cazuela de 24\u00d78 cm<br>Peso: 1,52-1,84 kg\/unidad.<br>Base Base compuesta inductiva (SUS + 2 mm aluminio + SUS)<br>peso: 2kg\/unidad 6kg\/set<br>Logotipo: Logotipo personalizado<br>Embalaje: caja de color<br>Cantidad m\u00ednima: 500 unidades<\/p>\n<\/div>\n\n\n\n<div class=\"wp-block-column is-layout-flow wp-block-column-is-layout-flow\">\n<h3 class=\"wp-block-heading\">Juego de ollas personalizadas<\/h3>\n\n\n\n<p>Logotipo: logotipo personalizado<br>Embalaje: caja de color\/cart\u00f3n, etc.<br>Color: personalizable<br>Material: personalizable<br>MOQ: 1000 piezas<br><strong><a href=\"https:\/\/www.purecook.com\/es\/custom-solution\/\" target=\"_blank\" rel=\"noreferrer noopener\">Soluciones personalizadas OEM y ODM<\/a><\/strong><\/p>\n<\/div>\n<\/div>\n\n\n\n<div class=\"wp-block-columns is-layout-flex wp-container-core-columns-is-layout-9d6595d7 wp-block-columns-is-layout-flex\">\n<div class=\"wp-block-column is-layout-flow wp-block-column-is-layout-flow\">\n<figure class=\"wp-block-image size-full\"><img decoding=\"async\" width=\"1000\" height=\"1000\" src=\"https:\/\/purecook.com\/wp-content\/uploads\/2024\/05\/wholesale-cooking-pots-set-3.webp\" alt=\"venta al por mayor juego de ollas\" class=\"wp-image-2083\" srcset=\"https:\/\/www.purecook.com\/wp-content\/uploads\/2024\/05\/wholesale-cooking-pots-set-3.webp 1000w, https:\/\/www.purecook.com\/wp-content\/uploads\/2024\/05\/wholesale-cooking-pots-set-3-300x300.webp 300w, https:\/\/www.purecook.com\/wp-content\/uploads\/2024\/05\/wholesale-cooking-pots-set-3-150x150.webp 150w, https:\/\/www.purecook.com\/wp-content\/uploads\/2024\/05\/wholesale-cooking-pots-set-3-768x768.webp 768w, https:\/\/www.purecook.com\/wp-content\/uploads\/2024\/05\/wholesale-cooking-pots-set-3-600x600.webp 600w, https:\/\/www.purecook.com\/wp-content\/uploads\/2024\/05\/wholesale-cooking-pots-set-3-100x100.webp 100w\" sizes=\"(max-width: 1000px) 100vw, 1000px\" \/><\/figure>\n<\/div>\n\n\n\n<div class=\"wp-block-column is-layout-flow wp-block-column-is-layout-flow\">\n<figure class=\"wp-block-image size-full\"><img decoding=\"async\" width=\"1000\" height=\"1000\" src=\"https:\/\/purecook.com\/wp-content\/uploads\/2024\/05\/wholesale-cooking-pots-set-4.webp\" alt=\"venta al por mayor juego de ollas\" class=\"wp-image-2084\" srcset=\"https:\/\/www.purecook.com\/wp-content\/uploads\/2024\/05\/wholesale-cooking-pots-set-4.webp 1000w, https:\/\/www.purecook.com\/wp-content\/uploads\/2024\/05\/wholesale-cooking-pots-set-4-300x300.webp 300w, https:\/\/www.purecook.com\/wp-content\/uploads\/2024\/05\/wholesale-cooking-pots-set-4-150x150.webp 150w, https:\/\/www.purecook.com\/wp-content\/uploads\/2024\/05\/wholesale-cooking-pots-set-4-768x768.webp 768w, https:\/\/www.purecook.com\/wp-content\/uploads\/2024\/05\/wholesale-cooking-pots-set-4-600x600.webp 600w, https:\/\/www.purecook.com\/wp-content\/uploads\/2024\/05\/wholesale-cooking-pots-set-4-100x100.webp 100w\" sizes=\"(max-width: 1000px) 100vw, 1000px\" \/><\/figure>\n<\/div>\n<\/div>","protected":false},"excerpt":{"rendered":"<p>Juego de ollas al por mayor.Tiene un excelente rendimiento, el fondo adherido de triple impacto de dise\u00f1o \u00fanico garantiza la uniformidad y la eficiencia de la cocci\u00f3n, y el mango ergon\u00f3mico de los utensilios de cocina hace que sea m\u00e1s c\u00f3modo de sostener. Apto para todo tipo de cocinas.<\/p>\n<h2>Caracter\u00edsticas y ventajas del juego de ollas<\/h2>\n<p>Los utensilios de cocina del fabricante PURECOOK est\u00e1n disponibles en una variedad de colores moteados para a\u00f1adir un poco de calidez a su cocina.<\/p>\n<p><strong>F\u00e1cil de manejar<\/strong>Las c\u00f3modas y resistentes asas de colores a juego y las tapas de cristal facilitan el desplazamiento por la cocina.<\/p>\n<p><strong>Acero inoxidable duradero<\/strong>:Las ollas y sartenes de acero inoxidable tienen una superficie de cocci\u00f3n pulida a espejo con un acabado en forma de estrella que es antiadherente y f\u00e1cil de mantener y no reacciona con los alimentos.<\/p>\n<p><strong>Fondo adherido de triple impacto<\/strong>:La bater\u00eda de cocina de acero inoxidable lleva una infusi\u00f3n de aluminio ultra resistente entre dos capas de acero inoxidable para garantizar una cocci\u00f3n uniforme.Garantiza una cocci\u00f3n o disipaci\u00f3n del calor r\u00e1pida y uniforme.<\/p>\n<p><strong>Mangos ergon\u00f3micos<\/strong>:Las asas de dise\u00f1o ergon\u00f3mico presentan un acabado satinado antideslizante con remaches de acero inoxidable y una funci\u00f3n antiquemaduras para un agarre c\u00f3modo y una tapa herm\u00e9tica.<\/p>\n<p><strong>Compatible con todas las fuentes de calor<\/strong>Apto para todas las fuentes de calor, incluyendo inducci\u00f3n, gas, el\u00e9ctrico, vidrio y cer\u00e1mica; apto para lavavajillas.<\/p>","protected":false},"featured_media":2082,"comment_status":"closed","ping_status":"closed","template":"","meta":{"_acf_changed":false},"product_brand":[],"product_cat":[24,69],"product_tag":[98],"class_list":{"0":"post-2080","1":"product","2":"type-product","3":"status-publish","4":"has-post-thumbnail","6":"product_cat-cookware","7":"product_cat-cookware-sets","8":"product_tag-wholesale-home-cookware","10":"first","11":"instock","12":"shipping-taxable","13":"product-type-simple"},"acf":[],"_links":{"self":[{"href":"https:\/\/www.purecook.com\/es\/wp-json\/wp\/v2\/product\/2080","targetHints":{"allow":["GET"]}}],"collection":[{"href":"https:\/\/www.purecook.com\/es\/wp-json\/wp\/v2\/product"}],"about":[{"href":"https:\/\/www.purecook.com\/es\/wp-json\/wp\/v2\/types\/product"}],"replies":[{"embeddable":true,"href":"https:\/\/www.purecook.com\/es\/wp-json\/wp\/v2\/comments?post=2080"}],"wp:featuredmedia":[{"embeddable":true,"href":"https:\/\/www.purecook.com\/es\/wp-json\/wp\/v2\/media\/2082"}],"wp:attachment":[{"href":"https:\/\/www.purecook.com\/es\/wp-json\/wp\/v2\/media?parent=2080"}],"wp:term":[{"taxonomy":"product_brand","embeddable":true,"href":"https:\/\/www.purecook.com\/es\/wp-json\/wp\/v2\/product_brand?post=2080"},{"taxonomy":"product_cat","embeddable":true,"href":"https:\/\/www.purecook.com\/es\/wp-json\/wp\/v2\/product_cat?post=2080"},{"taxonomy":"product_tag","embeddable":true,"href":"https:\/\/www.purecook.com\/es\/wp-json\/wp\/v2\/product_tag?post=2080"}],"curies":[{"name":"wp","href":"https:\/\/api.w.org\/{rel}","templated":true}]}}