{"id":2087,"date":"2024-05-17T12:01:11","date_gmt":"2024-05-17T04:01:11","guid":{"rendered":"https:\/\/purecook.com\/?post_type=product&#038;p=2087"},"modified":"2024-11-04T09:37:10","modified_gmt":"2024-11-04T01:37:10","slug":"wholesale-coffee-pots-with-thermometer","status":"publish","type":"product","link":"https:\/\/www.purecook.com\/es\/product\/wholesale-coffee-pots-with-thermometer\/","title":{"rendered":"Mayorista Cafeteras Cuello de cisne largo con term\u00f3metro"},"content":{"rendered":"<div class=\"wp-block-columns is-layout-flex wp-container-core-columns-is-layout-9d6595d7 wp-block-columns-is-layout-flex\">\n<div class=\"wp-block-column is-layout-flow wp-block-column-is-layout-flow\">\n<h3 class=\"wp-block-heading\">Par\u00e1metros de las cafeteras<\/h3>\n\n\n\n<p><strong>Nombre del modelo: Cafetera-02<\/strong><br>Material: acero inoxidable 201<br>Capacidad:1-1,2L<br>Caracter\u00edsticas: con term\u00f3metro, ca\u00f1o de cuello de cisne<br>Color: plata\/negro<br>Embalaje: caja de color<br>Tama\u00f1o: 81\u00d758\u00d761cm<br>Peso: 26 kg\/caja<br>MOQ: 48 cajas<\/p>\n<\/div>\n\n\n\n<div class=\"wp-block-column is-layout-flow wp-block-column-is-layout-flow\">\n<h3 class=\"wp-block-heading\">Cafeteras personalizadas<\/h3>\n\n\n\n<p>Logotipo:personalice el logotipo de su marca<br>Paquete: caja de color\/cart\u00f3n, etc.<br>Patr\u00f3n: Personaliza tu patr\u00f3n<br>MOQ: 2000 piezas<br><strong><a href=\"https:\/\/www.purecook.com\/es\/custom-solution\/\" target=\"_blank\" rel=\"noreferrer noopener\">Soluciones personalizadas OEM y ODM<\/a><\/strong><\/p>\n<\/div>\n<\/div>\n\n\n\n<div class=\"wp-block-columns is-layout-flex wp-container-core-columns-is-layout-9d6595d7 wp-block-columns-is-layout-flex\">\n<div class=\"wp-block-column is-layout-flow wp-block-column-is-layout-flow\">\n<figure class=\"wp-block-image size-full\"><img decoding=\"async\" width=\"800\" height=\"800\" src=\"https:\/\/purecook.com\/wp-content\/uploads\/2024\/05\/wholesale-coffee-pots-with-thermometer-2.webp\" alt=\"venta al por mayor cafeteras con termometro\" class=\"wp-image-2089\" srcset=\"https:\/\/www.purecook.com\/wp-content\/uploads\/2024\/05\/wholesale-coffee-pots-with-thermometer-2.webp 800w, https:\/\/www.purecook.com\/wp-content\/uploads\/2024\/05\/wholesale-coffee-pots-with-thermometer-2-300x300.webp 300w, https:\/\/www.purecook.com\/wp-content\/uploads\/2024\/05\/wholesale-coffee-pots-with-thermometer-2-150x150.webp 150w, https:\/\/www.purecook.com\/wp-content\/uploads\/2024\/05\/wholesale-coffee-pots-with-thermometer-2-768x768.webp 768w, https:\/\/www.purecook.com\/wp-content\/uploads\/2024\/05\/wholesale-coffee-pots-with-thermometer-2-600x600.webp 600w, https:\/\/www.purecook.com\/wp-content\/uploads\/2024\/05\/wholesale-coffee-pots-with-thermometer-2-100x100.webp 100w\" sizes=\"(max-width: 800px) 100vw, 800px\" \/><\/figure>\n<\/div>\n\n\n\n<div class=\"wp-block-column is-layout-flow wp-block-column-is-layout-flow\">\n<figure class=\"wp-block-image size-full\"><img decoding=\"async\" width=\"800\" height=\"800\" src=\"https:\/\/purecook.com\/wp-content\/uploads\/2024\/05\/wholesale-coffee-pots-with-thermometer-3.webp\" alt=\"\" class=\"wp-image-2090\" srcset=\"https:\/\/www.purecook.com\/wp-content\/uploads\/2024\/05\/wholesale-coffee-pots-with-thermometer-3.webp 800w, https:\/\/www.purecook.com\/wp-content\/uploads\/2024\/05\/wholesale-coffee-pots-with-thermometer-3-300x300.webp 300w, https:\/\/www.purecook.com\/wp-content\/uploads\/2024\/05\/wholesale-coffee-pots-with-thermometer-3-150x150.webp 150w, https:\/\/www.purecook.com\/wp-content\/uploads\/2024\/05\/wholesale-coffee-pots-with-thermometer-3-768x768.webp 768w, https:\/\/www.purecook.com\/wp-content\/uploads\/2024\/05\/wholesale-coffee-pots-with-thermometer-3-600x600.webp 600w, https:\/\/www.purecook.com\/wp-content\/uploads\/2024\/05\/wholesale-coffee-pots-with-thermometer-3-100x100.webp 100w\" sizes=\"(max-width: 800px) 100vw, 800px\" \/><\/figure>\n<\/div>\n<\/div>","protected":false},"excerpt":{"rendered":"<p>Un term\u00f3metro muestra la temperatura, garantizando que los usuarios puedan preparar un caf\u00e9 perfecto con la temperatura correcta del agua en todo momento. Dise\u00f1o de aspecto elegante, adecuado para su uso en cafeter\u00edas, restaurantes, reuniones familiares y otros lugares.<\/p>\n<h2>Caracter\u00edsticas y ventajas de las cafeteras<\/h2>\n<p><strong>Prepare el caf\u00e9 perfecto en casa<\/strong>: Equipa a tu barista interior con esta cafetera. Con este hervidor de cuello de cisne, podr\u00e1s preparar un delicioso caf\u00e9 con leche en casa como un profesional.<br \/>Tenga en cuenta que este hervidor tiene una capacidad de 1,2 litros, pero recomendamos hervir 1 litro cada vez para evitar derrames durante la ebullici\u00f3n.<\/p>\n<p><strong>Term\u00f3metro incorporado<\/strong>: Proporciona la temperatura perfecta. El agua demasiado caliente quemar\u00e1 el caf\u00e9. Si el agua est\u00e1 demasiado fr\u00eda, no podr\u00e1 extraer toda la consistencia de los granos de caf\u00e9. Nuestro hervidor de acero inoxidable con term\u00f3metro autom\u00e1tico le permite preparar su caf\u00e9 a la temperatura perfecta (195-205\u00b0f). Prepare siempre la taza de caf\u00e9 perfecta con nuestro term\u00f3metro f\u00e1cil de leer.<\/p>\n<p><strong>Excelente chisporroteo de cuello de cisne<\/strong>: Prepare la taza de caf\u00e9 o t\u00e9 perfecta Un flujo de agua suave es esencial para preparar caf\u00e9 y t\u00e9. Nuestras cafeteras y teteras disponen de una boquilla de cuello de cisne de f\u00e1cil vertido para un flujo de agua preciso. Vierta la cantidad correcta de agua y a la velocidad adecuada para una extracci\u00f3n uniforme del caf\u00e9.<\/p>\n<p><strong>Acero inoxidable 201 de calidad<\/strong>: Este hervidor de agua est\u00e1 fabricado en acero inoxidable quir\u00fargico de alta calidad. Los hervidores de cocina de mala calidad tienden a oxidarse con el tiempo, mientras que este hervidor de agua cuenta con una base met\u00e1lica doble, que garantiza que el hervidor no gotee ni se oxide.<\/p>\n<p><strong>100% satisfacci\u00f3n garantizada<\/strong>: Ofrecemos herramientas de preparaci\u00f3n de caf\u00e9 de primera calidad para baristas dom\u00e9sticos. Estamos orgullosos de la calidad de nuestros productos. Nuestras teteras de caf\u00e9 se adaptan a la mayor\u00eda de calderas o calentadores como estufas de gas, estufas el\u00e9ctricas, estufas de inducci\u00f3n, estufas hal\u00f3genas y estufas radiantes.<\/p>","protected":false},"featured_media":2090,"comment_status":"closed","ping_status":"closed","template":"","meta":{"_acf_changed":false},"product_brand":[],"product_cat":[53,26,52],"product_tag":[],"class_list":{"0":"post-2087","1":"product","2":"type-product","3":"status-publish","4":"has-post-thumbnail","6":"product_cat-retro-kitchenware-series","7":"product_cat-kettle","8":"product_cat-kitchen-utensils","10":"first","11":"instock","12":"shipping-taxable","13":"product-type-simple"},"acf":[],"_links":{"self":[{"href":"https:\/\/www.purecook.com\/es\/wp-json\/wp\/v2\/product\/2087","targetHints":{"allow":["GET"]}}],"collection":[{"href":"https:\/\/www.purecook.com\/es\/wp-json\/wp\/v2\/product"}],"about":[{"href":"https:\/\/www.purecook.com\/es\/wp-json\/wp\/v2\/types\/product"}],"replies":[{"embeddable":true,"href":"https:\/\/www.purecook.com\/es\/wp-json\/wp\/v2\/comments?post=2087"}],"wp:featuredmedia":[{"embeddable":true,"href":"https:\/\/www.purecook.com\/es\/wp-json\/wp\/v2\/media\/2090"}],"wp:attachment":[{"href":"https:\/\/www.purecook.com\/es\/wp-json\/wp\/v2\/media?parent=2087"}],"wp:term":[{"taxonomy":"product_brand","embeddable":true,"href":"https:\/\/www.purecook.com\/es\/wp-json\/wp\/v2\/product_brand?post=2087"},{"taxonomy":"product_cat","embeddable":true,"href":"https:\/\/www.purecook.com\/es\/wp-json\/wp\/v2\/product_cat?post=2087"},{"taxonomy":"product_tag","embeddable":true,"href":"https:\/\/www.purecook.com\/es\/wp-json\/wp\/v2\/product_tag?post=2087"}],"curies":[{"name":"wp","href":"https:\/\/api.w.org\/{rel}","templated":true}]}}