{"id":2092,"date":"2024-05-17T12:34:32","date_gmt":"2024-05-17T04:34:32","guid":{"rendered":"https:\/\/purecook.com\/?post_type=product&#038;p=2092"},"modified":"2025-04-27T17:38:47","modified_gmt":"2025-04-27T09:38:47","slug":"wholesale-cookware-set-stainless-stee","status":"publish","type":"product","link":"https:\/\/www.purecook.com\/es\/product\/wholesale-cookware-set-stainless-stee\/","title":{"rendered":"Juego de utensilios de cocina al por mayor de acero inoxidable de alta calidad ecol\u00f3gico y sin revestimiento"},"content":{"rendered":"<div class=\"wp-block-columns is-layout-flex wp-container-core-columns-is-layout-9d6595d7 wp-block-columns-is-layout-flex\">\n<div class=\"wp-block-column is-layout-flow wp-block-column-is-layout-flow\">\n<h3 class=\"wp-block-heading\">Par\u00e1metros de la bater\u00eda de cocina<\/h3>\n\n\n\n<p><strong>N\u00famero de modelo:HH-191126<\/strong><br><strong>Nombre:olla freidora y sopera<\/strong><br>Tipo: Ollas para sopa<br>Lugar de origen: Guangdong,China<br>Estufa aplicable:Uso general para cocina de gas e inducci\u00f3n<br>Tapa:Tapa de acero inoxidable<br>Peso: 3 kg\/unidad<br>Cantidad m\u00ednima: 500 unidades<br>Material del mango: Acero sin acero<br>Utilizaci\u00f3n: Cocinar alimentos<br>Fondo: Fondo de inducci\u00f3n s\u00e1ndwich<br>Acero inoxidable: 201\/304<br>Logotipo: Personalizar logotipo<\/p>\n<\/div>\n\n\n\n<div class=\"wp-block-column is-layout-flow wp-block-column-is-layout-flow\">\n<h3 class=\"wp-block-heading\">Tama\u00f1o de la bater\u00eda de cocina<\/h3>\n\n\n\n<div class=\"wp-block-columns is-layout-flex wp-container-core-columns-is-layout-9d6595d7 wp-block-columns-is-layout-flex\">\n<div class=\"wp-block-column is-layout-flow wp-block-column-is-layout-flow\">\n<p><strong>di\u00e1metro\u00d7altura<\/strong>            <br>Cacerola 16\u00d79cm   <br>Cazuela 18\u00d710cm<br>Cazuela 20\u00d711cm<br>Cazuela baja 24\u00d78cm<br>Cazuela 24\u00d713cm<br>Cazuela 28\u00d715cm<br>Cacerola 22\u00d712cm<br>Cazuela 26\u00d714cm<br>Cazuela baja 26\u00d78cm<\/p>\n<\/div>\n\n\n\n<div class=\"wp-block-column is-layout-flow wp-block-column-is-layout-flow\">\n<p><strong>tama\u00f1o exterior<\/strong><br>18\u00d79 cm<br>20\u00d710cm<br>22\u00d711cm<br>26\u00d78 cm<br>26\u00d713 cm<br>30\u00d715 cm<br>24\u00d712 cm<br>28\u00d714 cm<br>28\u00d78 cm<\/p>\n<\/div>\n<\/div>\n<\/div>\n<\/div>\n\n\n\n<h3 class=\"wp-block-heading\">Bater\u00eda de cocina personalizada<\/h3>\n\n\n\n<p>Material: acero inoxidable 201\/304<br>Logotipo: personalice el logotipo de su marca<br>Embalaje: caja de color\/cart\u00f3n, etc.<br>Patr\u00f3n: Personaliza tu patr\u00f3n<br>MOQ: 2000 piezas<br><strong><a href=\"https:\/\/www.purecook.com\/es\/custom-solution\/\" target=\"_blank\" rel=\"noreferrer noopener\">Soluciones personalizadas OEM y ODM<\/a><\/strong><\/p>\n\n\n\n<div class=\"wp-block-columns is-layout-flex wp-container-core-columns-is-layout-9d6595d7 wp-block-columns-is-layout-flex\">\n<div class=\"wp-block-column is-layout-flow wp-block-column-is-layout-flow\">\n<figure class=\"wp-block-image size-full\"><img decoding=\"async\" width=\"1000\" height=\"1000\" src=\"https:\/\/purecook.com\/wp-content\/uploads\/2024\/05\/custom-cookware-sets-2.webp\" alt=\"utensilios de cocina al por mayor\" class=\"wp-image-2094\" srcset=\"https:\/\/www.purecook.com\/wp-content\/uploads\/2024\/05\/custom-cookware-sets-2.webp 1000w, https:\/\/www.purecook.com\/wp-content\/uploads\/2024\/05\/custom-cookware-sets-2-300x300.webp 300w, https:\/\/www.purecook.com\/wp-content\/uploads\/2024\/05\/custom-cookware-sets-2-150x150.webp 150w, https:\/\/www.purecook.com\/wp-content\/uploads\/2024\/05\/custom-cookware-sets-2-768x768.webp 768w, https:\/\/www.purecook.com\/wp-content\/uploads\/2024\/05\/custom-cookware-sets-2-600x600.webp 600w, https:\/\/www.purecook.com\/wp-content\/uploads\/2024\/05\/custom-cookware-sets-2-100x100.webp 100w\" sizes=\"(max-width: 1000px) 100vw, 1000px\" \/><\/figure>\n<\/div>\n\n\n\n<div class=\"wp-block-column is-layout-flow wp-block-column-is-layout-flow\">\n<figure class=\"wp-block-image size-full\"><img decoding=\"async\" width=\"1000\" height=\"1000\" src=\"https:\/\/purecook.com\/wp-content\/uploads\/2024\/05\/custom-cookware-sets-5.webp\" alt=\"utensilios de cocina al por mayor\" class=\"wp-image-2097\" srcset=\"https:\/\/www.purecook.com\/wp-content\/uploads\/2024\/05\/custom-cookware-sets-5.webp 1000w, https:\/\/www.purecook.com\/wp-content\/uploads\/2024\/05\/custom-cookware-sets-5-300x300.webp 300w, https:\/\/www.purecook.com\/wp-content\/uploads\/2024\/05\/custom-cookware-sets-5-150x150.webp 150w, https:\/\/www.purecook.com\/wp-content\/uploads\/2024\/05\/custom-cookware-sets-5-768x768.webp 768w, https:\/\/www.purecook.com\/wp-content\/uploads\/2024\/05\/custom-cookware-sets-5-600x600.webp 600w, https:\/\/www.purecook.com\/wp-content\/uploads\/2024\/05\/custom-cookware-sets-5-100x100.webp 100w\" sizes=\"(max-width: 1000px) 100vw, 1000px\" \/><\/figure>\n<\/div>\n<\/div>","protected":false},"excerpt":{"rendered":"<p>Hecho de acero inoxidable de alta calidad, duradero y f\u00e1cil de limpiar, con dise\u00f1os ergon\u00f3micos en m\u00faltiples \u00e1reas, haciendo el proceso de cocci\u00f3n m\u00e1s conveniente. Con un fondo adhesivo de acero de tres capas, es eficiente y se calienta uniformemente al cocinar los alimentos, por lo que es adecuado tanto para cocinas dom\u00e9sticas y restaurantes comerciales.<\/p>\n<h2>Caracter\u00edsticas y ventajas de la bater\u00eda de cocina<\/h2>\n<p>La bater\u00eda de cocina PURECOOK est\u00e1 disponible en una variedad de colores moteados para a\u00f1adir un poco de calidez a su cocina.<\/p>\n<p><strong>F\u00e1cil de manejar<\/strong>Las c\u00f3modas y resistentes asas de colores a juego y las tapas de cristal facilitan el desplazamiento por la cocina.<\/p>\n<p><strong>Acero inoxidable duradero<\/strong>:Las ollas y sartenes de acero inoxidable con superficies de cocci\u00f3n pulidas a espejo con acabado de estrella son antiadherentes y f\u00e1ciles de mantener, y no reaccionan con los alimentos.<\/p>\n<p><strong>Fondo adherido de triple capa resistente a los impactos: <\/strong>La bater\u00eda de cocina de acero inoxidable lleva una infusi\u00f3n de aluminio ultrarresistente entre dos capas de acero inoxidable para garantizar una cocci\u00f3n uniforme.<\/p>","protected":false},"featured_media":2097,"comment_status":"closed","ping_status":"closed","template":"","meta":{"_acf_changed":false},"product_brand":[],"product_cat":[24,69],"product_tag":[98],"class_list":{"0":"post-2092","1":"product","2":"type-product","3":"status-publish","4":"has-post-thumbnail","6":"product_cat-cookware","7":"product_cat-cookware-sets","8":"product_tag-wholesale-home-cookware","10":"first","11":"instock","12":"shipping-taxable","13":"product-type-simple"},"acf":[],"_links":{"self":[{"href":"https:\/\/www.purecook.com\/es\/wp-json\/wp\/v2\/product\/2092","targetHints":{"allow":["GET"]}}],"collection":[{"href":"https:\/\/www.purecook.com\/es\/wp-json\/wp\/v2\/product"}],"about":[{"href":"https:\/\/www.purecook.com\/es\/wp-json\/wp\/v2\/types\/product"}],"replies":[{"embeddable":true,"href":"https:\/\/www.purecook.com\/es\/wp-json\/wp\/v2\/comments?post=2092"}],"wp:featuredmedia":[{"embeddable":true,"href":"https:\/\/www.purecook.com\/es\/wp-json\/wp\/v2\/media\/2097"}],"wp:attachment":[{"href":"https:\/\/www.purecook.com\/es\/wp-json\/wp\/v2\/media?parent=2092"}],"wp:term":[{"taxonomy":"product_brand","embeddable":true,"href":"https:\/\/www.purecook.com\/es\/wp-json\/wp\/v2\/product_brand?post=2092"},{"taxonomy":"product_cat","embeddable":true,"href":"https:\/\/www.purecook.com\/es\/wp-json\/wp\/v2\/product_cat?post=2092"},{"taxonomy":"product_tag","embeddable":true,"href":"https:\/\/www.purecook.com\/es\/wp-json\/wp\/v2\/product_tag?post=2092"}],"curies":[{"name":"wp","href":"https:\/\/api.w.org\/{rel}","templated":true}]}}