{"id":2106,"date":"2024-05-18T09:09:06","date_gmt":"2024-05-18T01:09:06","guid":{"rendered":"https:\/\/purecook.com\/?post_type=product&#038;p=2106"},"modified":"2025-04-27T17:38:18","modified_gmt":"2025-04-27T09:38:18","slug":"custom-deep-fryer-with-thermometer-and-efficient-heating-system-wholesale","status":"publish","type":"product","link":"https:\/\/www.purecook.com\/es\/product\/custom-deep-fryer-with-thermometer-and-efficient-heating-system-wholesale\/","title":{"rendered":"Freidora a medida con term\u00f3metro y sistema de calentamiento eficiente al por mayor"},"content":{"rendered":"<div class=\"wp-block-columns is-layout-flex wp-container-core-columns-is-layout-9d6595d7 wp-block-columns-is-layout-flex\">\n<div class=\"wp-block-column is-layout-flow wp-block-column-is-layout-flow\">\n<h3 class=\"wp-block-heading\">Par\u00e1metros de la freidora<\/h3>\n\n\n\n<p><strong>N\u00famero de modelo: Freidora-002<\/strong><br>Material del cuerpo principal: 0.5mm SS201\/SS304<br>Material del anillo de cubierta: 0,5 mm SS201<br>Tapa:0,7 mm SS201<br>Fondo: SS201\/SS304 + 1mm Alu.+0.5mm SS430 Alto pulido espejo interior, pintado exterior.<br>Fondo pulido mate.<br>Logotipo del cliente en el cuerpo y la parte inferior.<br>Term\u00f3metro de aceite incluido<\/p>\n\n\n\n<h3 class=\"wp-block-heading\">Freidora a medida<\/h3>\n\n\n\n<p>Embalaje: personalice su embalaje<br>MOQ: 1000<br><strong><a href=\"https:\/\/www.purecook.com\/es\/custom-solution\/\" target=\"_blank\" rel=\"noreferrer noopener\">Soluciones personalizadas OEM y ODM<\/a><\/strong><\/p>\n<\/div>\n\n\n\n<div class=\"wp-block-column is-layout-flow wp-block-column-is-layout-flow\">\n<h3 class=\"wp-block-heading\">Tipo de freidora<\/h3>\n\n\n\n<p><strong>Tipo 1:<\/strong><br>Dimensiones: 20 cm, 2,2 litros<br>Tama\u00f1o de la caja en color: 25 x 10,8 x 21,7 cm.<br>Peso neto: 800 g<br>Peso bruto: 1000 g<br><strong>Tipo 2<\/strong><br>Tama\u00f1o: 24 cm, 3,4 litros<br>Tama\u00f1o de la caja de color: 26,8 x 11,8 x 25,8 cm<br>Peso neto:1040g<br>Peso bruto:1300g<br><strong>Tipo 3:<\/strong><br>Tama\u00f1o: 28 cm, 4,2 litros<br>Tama\u00f1o de la caja de color: 29,3\u00d711,9\u00d729,4 cm<br>Peso neto:1380g<br>Peso bruto:1600g<\/p>\n<\/div>\n<\/div>\n\n\n\n<div class=\"wp-block-columns is-layout-flex wp-container-core-columns-is-layout-9d6595d7 wp-block-columns-is-layout-flex\">\n<div class=\"wp-block-column is-layout-flow wp-block-column-is-layout-flow\">\n<figure class=\"wp-block-image size-full\"><img decoding=\"async\" width=\"800\" height=\"800\" src=\"https:\/\/purecook.com\/wp-content\/uploads\/2024\/05\/custom-deep-fryer-wholesale-4.webp\" alt=\"freidora personalizada al por mayor\" class=\"wp-image-2110\" srcset=\"https:\/\/www.purecook.com\/wp-content\/uploads\/2024\/05\/custom-deep-fryer-wholesale-4.webp 800w, https:\/\/www.purecook.com\/wp-content\/uploads\/2024\/05\/custom-deep-fryer-wholesale-4-300x300.webp 300w, https:\/\/www.purecook.com\/wp-content\/uploads\/2024\/05\/custom-deep-fryer-wholesale-4-150x150.webp 150w, https:\/\/www.purecook.com\/wp-content\/uploads\/2024\/05\/custom-deep-fryer-wholesale-4-768x768.webp 768w, https:\/\/www.purecook.com\/wp-content\/uploads\/2024\/05\/custom-deep-fryer-wholesale-4-600x600.webp 600w, https:\/\/www.purecook.com\/wp-content\/uploads\/2024\/05\/custom-deep-fryer-wholesale-4-100x100.webp 100w\" sizes=\"(max-width: 800px) 100vw, 800px\" \/><\/figure>\n<\/div>\n\n\n\n<div class=\"wp-block-column is-layout-flow wp-block-column-is-layout-flow\">\n<figure class=\"wp-block-image size-full\"><img decoding=\"async\" width=\"800\" height=\"800\" src=\"https:\/\/purecook.com\/wp-content\/uploads\/2024\/05\/custom-deep-fryer-wholesale-3.webp\" alt=\"freidora personalizada al por mayor\" class=\"wp-image-2109\" srcset=\"https:\/\/www.purecook.com\/wp-content\/uploads\/2024\/05\/custom-deep-fryer-wholesale-3.webp 800w, https:\/\/www.purecook.com\/wp-content\/uploads\/2024\/05\/custom-deep-fryer-wholesale-3-300x300.webp 300w, https:\/\/www.purecook.com\/wp-content\/uploads\/2024\/05\/custom-deep-fryer-wholesale-3-150x150.webp 150w, https:\/\/www.purecook.com\/wp-content\/uploads\/2024\/05\/custom-deep-fryer-wholesale-3-768x768.webp 768w, https:\/\/www.purecook.com\/wp-content\/uploads\/2024\/05\/custom-deep-fryer-wholesale-3-600x600.webp 600w, https:\/\/www.purecook.com\/wp-content\/uploads\/2024\/05\/custom-deep-fryer-wholesale-3-100x100.webp 100w\" sizes=\"(max-width: 800px) 100vw, 800px\" \/><\/figure>\n<\/div>\n<\/div>","protected":false},"excerpt":{"rendered":"<p>Nuestras freidoras combinan caracter\u00edsticas de primera calidad. Con un filtro de grasa integrado para drenar el exceso de grasa para comidas m\u00e1s saludables. Cuenta con un sistema de calefacci\u00f3n eficiente que calienta los alimentos de forma r\u00e1pida y uniforme. Satisface las necesidades de cocci\u00f3n de los cocineros caseros y profesionales por igual.<\/p>\n<h2>Caracter\u00edsticas y ventajas de la freidora<\/h2>\n<p>1) Opci\u00f3n de cocina saludable: El fregadero con filtro de aceite integrado drena el exceso de aceite de los alimentos y promueve h\u00e1bitos de cocina saludables.<\/p>\n<p>2) Revestimiento antiadherente personalizable: La superficie antiadherente se puede personalizar a su gusto, lo que garantiza una f\u00e1cil liberaci\u00f3n de los alimentos y una limpieza sencilla despu\u00e9s de cada uso.<\/p>\n<p>3) Construcci\u00f3n de acero inoxidable de primera calidad: La freidora est\u00e1 hecha de acero inoxidable de alta calidad para una excelente durabilidad y resistencia al desgaste, lo que garantiza un compa\u00f1ero de cocina duradero.<\/p>\n<p>4) Sistema de calentamiento eficiente: Dise\u00f1ado para un calentamiento r\u00e1pido y uniforme que reduce el tiempo de cocci\u00f3n y realza el sabor.<\/p>\n<p>5) M\u00faltiples modos de cocci\u00f3n: Tanto si le apetece pollo frito crujiente como verduras asadas, nuestra freidora satisfar\u00e1 todos sus gustos.<\/p>\n<p>6) Dise\u00f1o elegante: Con su aspecto elegante y colorido, esta sart\u00e9n no s\u00f3lo es una gran adici\u00f3n a su cocina, sino que tambi\u00e9n a\u00f1ade un toque de sofisticaci\u00f3n a su encimera.<\/p>\n<p>7) Apta para uso dom\u00e9stico y profesional: Esta freidora es adecuada tanto para cocineros dom\u00e9sticos como para profesionales culinarios y est\u00e1 dise\u00f1ada para satisfacer las necesidades de cualquier entorno de cocina.<\/p>\n<p><strong><a href=\"https:\/\/www.purecook.com\/es\/categoria-de-productos\/kitchen-utensils\/oil-pot\/\" target=\"_blank\" rel=\"noopener\">Descubra productos relacionados para freidoras - ollas de aceite filtrables<\/a><\/strong><\/p>","protected":false},"featured_media":2107,"comment_status":"closed","ping_status":"closed","template":"","meta":{"_acf_changed":false},"product_brand":[],"product_cat":[24,72],"product_tag":[98],"class_list":{"0":"post-2106","1":"product","2":"type-product","3":"status-publish","4":"has-post-thumbnail","6":"product_cat-cookware","7":"product_cat-fryer-pots","8":"product_tag-wholesale-home-cookware","10":"first","11":"instock","12":"shipping-taxable","13":"product-type-simple"},"acf":[],"_links":{"self":[{"href":"https:\/\/www.purecook.com\/es\/wp-json\/wp\/v2\/product\/2106","targetHints":{"allow":["GET"]}}],"collection":[{"href":"https:\/\/www.purecook.com\/es\/wp-json\/wp\/v2\/product"}],"about":[{"href":"https:\/\/www.purecook.com\/es\/wp-json\/wp\/v2\/types\/product"}],"replies":[{"embeddable":true,"href":"https:\/\/www.purecook.com\/es\/wp-json\/wp\/v2\/comments?post=2106"}],"wp:featuredmedia":[{"embeddable":true,"href":"https:\/\/www.purecook.com\/es\/wp-json\/wp\/v2\/media\/2107"}],"wp:attachment":[{"href":"https:\/\/www.purecook.com\/es\/wp-json\/wp\/v2\/media?parent=2106"}],"wp:term":[{"taxonomy":"product_brand","embeddable":true,"href":"https:\/\/www.purecook.com\/es\/wp-json\/wp\/v2\/product_brand?post=2106"},{"taxonomy":"product_cat","embeddable":true,"href":"https:\/\/www.purecook.com\/es\/wp-json\/wp\/v2\/product_cat?post=2106"},{"taxonomy":"product_tag","embeddable":true,"href":"https:\/\/www.purecook.com\/es\/wp-json\/wp\/v2\/product_tag?post=2106"}],"curies":[{"name":"wp","href":"https:\/\/api.w.org\/{rel}","templated":true}]}}