{"id":2114,"date":"2024-05-18T09:56:47","date_gmt":"2024-05-18T01:56:47","guid":{"rendered":"https:\/\/purecook.com\/?post_type=product&#038;p=2114"},"modified":"2025-04-27T17:37:30","modified_gmt":"2025-04-27T09:37:30","slug":"wholesale-cooking-pots-pink","status":"publish","type":"product","link":"https:\/\/www.purecook.com\/es\/product\/wholesale-cooking-pots-pink\/","title":{"rendered":"Mayorista Ollas al por mayor respetuosas con el medio ambiente y duraderas"},"content":{"rendered":"<div class=\"wp-block-columns is-layout-flex wp-container-core-columns-is-layout-9d6595d7 wp-block-columns-is-layout-flex\">\n<div class=\"wp-block-column is-layout-flow wp-block-column-is-layout-flow\">\n<h3 class=\"wp-block-heading\">Par\u00e1metros de las ollas<\/h3>\n\n\n\n<p>-N\u00famero de modelo: C1C1-rosa<br>-Material: acero inoxidable<br>-Grosor normal: 0,5 mm.<br>-Tapa:Tapas de cristal con anillo de silicona<br>-Fondo:Fondo s\u00e1ndwich de inducci\u00f3n (SUS+2mm Alu+SUS)<br>-Logotipo:serigraf\u00eda\/grabado l\u00e1ser\/sello en relieve<br>-Asa y pomo de la tapa: acero inoxidable<br><\/p>\n<\/div>\n\n\n\n<div class=\"wp-block-column is-layout-flow wp-block-column-is-layout-flow\">\n<h3 class=\"wp-block-heading\">Ollas a medida<\/h3>\n\n\n\n<p>-Color:Beige\/Verde\/Rosa<br>-Material:Acero inoxidable SUS#201\/304\/410\/430<br>-Mango a su estilo<br>-Logotipo: personalice el logotipo de su marca<br>-Embalaje: caja de color\/cart\u00f3n, etc.<br><strong><a href=\"https:\/\/www.purecook.com\/es\/custom-solution\/\" target=\"_blank\" rel=\"noreferrer noopener\">Soluciones personalizadas OEM y ODM<\/a><\/strong><\/p>\n<\/div>\n<\/div>\n\n\n\n<div class=\"wp-block-columns is-layout-flex wp-container-core-columns-is-layout-9d6595d7 wp-block-columns-is-layout-flex\">\n<div class=\"wp-block-column is-layout-flow wp-block-column-is-layout-flow\">\n<figure class=\"wp-block-image size-full\"><img decoding=\"async\" width=\"790\" height=\"1149\" src=\"https:\/\/purecook.com\/wp-content\/uploads\/2024\/05\/wholesale-cooking-pots-4.webp\" alt=\"venta al por mayor de ollas\" class=\"wp-image-2118\" srcset=\"https:\/\/www.purecook.com\/wp-content\/uploads\/2024\/05\/wholesale-cooking-pots-4.webp 790w, https:\/\/www.purecook.com\/wp-content\/uploads\/2024\/05\/wholesale-cooking-pots-4-206x300.webp 206w, https:\/\/www.purecook.com\/wp-content\/uploads\/2024\/05\/wholesale-cooking-pots-4-768x1117.webp 768w, https:\/\/www.purecook.com\/wp-content\/uploads\/2024\/05\/wholesale-cooking-pots-4-600x873.webp 600w\" sizes=\"(max-width: 790px) 100vw, 790px\" \/><\/figure>\n<\/div>\n\n\n\n<div class=\"wp-block-column is-layout-flow wp-block-column-is-layout-flow\">\n<figure class=\"wp-block-image size-full is-resized\"><img decoding=\"async\" width=\"790\" height=\"1404\" src=\"https:\/\/purecook.com\/wp-content\/uploads\/2024\/05\/wholesale-cooking-pots-5-edited.webp\" alt=\"venta al por mayor de ollas\" class=\"wp-image-2124\" style=\"width:451px;height:auto\" srcset=\"https:\/\/www.purecook.com\/wp-content\/uploads\/2024\/05\/wholesale-cooking-pots-5-edited.webp 790w, https:\/\/www.purecook.com\/wp-content\/uploads\/2024\/05\/wholesale-cooking-pots-5-edited-169x300.webp 169w, https:\/\/www.purecook.com\/wp-content\/uploads\/2024\/05\/wholesale-cooking-pots-5-edited-768x1365.webp 768w, https:\/\/www.purecook.com\/wp-content\/uploads\/2024\/05\/wholesale-cooking-pots-5-edited-600x1066.webp 600w\" sizes=\"(max-width: 790px) 100vw, 790px\" \/><\/figure>\n<\/div>\n<\/div>","protected":false},"excerpt":{"rendered":"<p>Revolucionario revestimiento exterior de cer\u00e1mica de alta temperatura, sano, bonito y duradero. Apariencia exquisita, a\u00f1ade color a la cocina. Soporta una rica personalizaci\u00f3n dimensional, incluyendo materiales, colores, tama\u00f1os, asas, etc. Somos un fabricante profesional de utensilios de cocina, ollas de cocina al por mayor a granel, bienvenido a la orden.<\/p>\n<h2>Caracter\u00edsticas y ventajas de las ollas<\/h2>\n<p>1)Materiales no t\u00f3xicos, seguros y respetuosos con el medio ambiente<\/p>\n<p>2)Conductividad t\u00e9rmica superior para una cocci\u00f3n perfecta<\/p>\n<p>3)Limpieza y mantenimiento sin esfuerzo<\/p>\n<p>4)Avanzada resistencia a la corrosi\u00f3n para una cocci\u00f3n higi\u00e9nica<\/p>\n<p>5)Revolucionario revestimiento cer\u00e1mico por pulverizaci\u00f3n a alta temperatura, est\u00e9tico y duradero<\/p>\n<p>6)Colores\/materiales\/tama\u00f1os\/mangos personalizables para adaptarlos a tu estilo<\/p>\n<p>7)Sin PFOA<\/p>\n<p>Oferta ollas al por mayor<\/p>\n<p><strong><a href=\"https:\/\/www.purecook.com\/es\/custom-solution\/\" target=\"_blank\" rel=\"noopener\">Soporte OEM&amp;ODM<\/a><\/strong><\/p>\n<p><\/p>","protected":false},"featured_media":2115,"comment_status":"closed","ping_status":"closed","template":"","meta":{"_acf_changed":false},"product_brand":[],"product_cat":[24,69],"product_tag":[98],"class_list":{"0":"post-2114","1":"product","2":"type-product","3":"status-publish","4":"has-post-thumbnail","6":"product_cat-cookware","7":"product_cat-cookware-sets","8":"product_tag-wholesale-home-cookware","10":"first","11":"instock","12":"shipping-taxable","13":"product-type-simple"},"acf":[],"_links":{"self":[{"href":"https:\/\/www.purecook.com\/es\/wp-json\/wp\/v2\/product\/2114","targetHints":{"allow":["GET"]}}],"collection":[{"href":"https:\/\/www.purecook.com\/es\/wp-json\/wp\/v2\/product"}],"about":[{"href":"https:\/\/www.purecook.com\/es\/wp-json\/wp\/v2\/types\/product"}],"replies":[{"embeddable":true,"href":"https:\/\/www.purecook.com\/es\/wp-json\/wp\/v2\/comments?post=2114"}],"wp:featuredmedia":[{"embeddable":true,"href":"https:\/\/www.purecook.com\/es\/wp-json\/wp\/v2\/media\/2115"}],"wp:attachment":[{"href":"https:\/\/www.purecook.com\/es\/wp-json\/wp\/v2\/media?parent=2114"}],"wp:term":[{"taxonomy":"product_brand","embeddable":true,"href":"https:\/\/www.purecook.com\/es\/wp-json\/wp\/v2\/product_brand?post=2114"},{"taxonomy":"product_cat","embeddable":true,"href":"https:\/\/www.purecook.com\/es\/wp-json\/wp\/v2\/product_cat?post=2114"},{"taxonomy":"product_tag","embeddable":true,"href":"https:\/\/www.purecook.com\/es\/wp-json\/wp\/v2\/product_tag?post=2114"}],"curies":[{"name":"wp","href":"https:\/\/api.w.org\/{rel}","templated":true}]}}