{"id":2153,"date":"2024-05-18T16:37:19","date_gmt":"2024-05-18T08:37:19","guid":{"rendered":"https:\/\/purecook.com\/?post_type=product&#038;p=2153"},"modified":"2024-06-03T17:50:12","modified_gmt":"2024-06-03T09:50:12","slug":"multifunctional-oil-filter-pot-wholesale-a-new-choice-for-healthy-cooking","status":"publish","type":"product","link":"https:\/\/www.purecook.com\/es\/product\/multifunctional-oil-filter-pot-wholesale-a-new-choice-for-healthy-cooking\/","title":{"rendered":"Olla Multifuncional con Filtro de Aceite al por Mayor--Una Nueva Opci\u00f3n para una Cocina Saludable"},"content":{"rendered":"<div class=\"wp-block-columns is-layout-flex wp-container-core-columns-is-layout-9d6595d7 wp-block-columns-is-layout-flex\">\n<div class=\"wp-block-column is-layout-flow wp-block-column-is-layout-flow\">\n<h3 class=\"wp-block-heading\">Par\u00e1metros del recipiente del filtro de aceite<\/h3>\n\n\n\n<p><strong>-N\u00famero de modelo SSDLOI<\/strong><br>-Color: Cuerpo plateado<br>-Material: 0.9mm ss304<br>-Peso corporal: 0,77 kg<br>-Red alimentaria: 0,08kg<br>-Di\u00e1metro de la tapa: 2,8 cm<br>-Di\u00e1metro inferior: 12 cm<br>-Altura del cuerpo: 16,2 cm<br>-Altura del cuerpo y la tapa: 18 cm<br>-N.W. : 0.85kg<br>-Peso: 0,95 kg.<br>MOQ:1000 unidades<\/p>\n<\/div>\n\n\n\n<div class=\"wp-block-column is-layout-flow wp-block-column-is-layout-flow\">\n<h3 class=\"wp-block-heading\">Filtro de aceite a medida<\/h3>\n\n\n\n<p>-Logotipo: personalice el logotipo de su marca<br>-Embalaje: caja de color\/cart\u00f3n, etc.<br>-CANTIDAD M\u00c1XIMA: 1000<br><strong><a href=\"https:\/\/www.purecook.com\/es\/custom-solution\/\" target=\"_blank\" rel=\"noreferrer noopener\">Soluciones personalizadas OEM y ODM<\/a><\/strong><\/p>\n<\/div>\n<\/div>\n\n\n\n<div class=\"wp-block-columns is-layout-flex wp-container-core-columns-is-layout-9d6595d7 wp-block-columns-is-layout-flex\">\n<div class=\"wp-block-column is-layout-flow wp-block-column-is-layout-flow\">\n<figure class=\"wp-block-image size-full\"><img decoding=\"async\" width=\"800\" height=\"800\" src=\"https:\/\/purecook.com\/wp-content\/uploads\/2024\/05\/wholesale-oil-filter-pot2.webp\" alt=\"venta al por mayor olla filtro de aceite\" class=\"wp-image-2155\" srcset=\"https:\/\/www.purecook.com\/wp-content\/uploads\/2024\/05\/wholesale-oil-filter-pot2.webp 800w, https:\/\/www.purecook.com\/wp-content\/uploads\/2024\/05\/wholesale-oil-filter-pot2-300x300.webp 300w, https:\/\/www.purecook.com\/wp-content\/uploads\/2024\/05\/wholesale-oil-filter-pot2-150x150.webp 150w, https:\/\/www.purecook.com\/wp-content\/uploads\/2024\/05\/wholesale-oil-filter-pot2-768x768.webp 768w, https:\/\/www.purecook.com\/wp-content\/uploads\/2024\/05\/wholesale-oil-filter-pot2-600x600.webp 600w, https:\/\/www.purecook.com\/wp-content\/uploads\/2024\/05\/wholesale-oil-filter-pot2-100x100.webp 100w\" sizes=\"(max-width: 800px) 100vw, 800px\" \/><\/figure>\n<\/div>\n\n\n\n<div class=\"wp-block-column is-layout-flow wp-block-column-is-layout-flow\">\n<figure class=\"wp-block-image size-full\"><img decoding=\"async\" width=\"800\" height=\"800\" src=\"https:\/\/purecook.com\/wp-content\/uploads\/2024\/05\/wholesale-oil-filter-pot1.webp\" alt=\"venta al por mayor olla filtro de aceite\" class=\"wp-image-2154\" srcset=\"https:\/\/www.purecook.com\/wp-content\/uploads\/2024\/05\/wholesale-oil-filter-pot1.webp 800w, https:\/\/www.purecook.com\/wp-content\/uploads\/2024\/05\/wholesale-oil-filter-pot1-300x300.webp 300w, https:\/\/www.purecook.com\/wp-content\/uploads\/2024\/05\/wholesale-oil-filter-pot1-150x150.webp 150w, https:\/\/www.purecook.com\/wp-content\/uploads\/2024\/05\/wholesale-oil-filter-pot1-768x768.webp 768w, https:\/\/www.purecook.com\/wp-content\/uploads\/2024\/05\/wholesale-oil-filter-pot1-600x600.webp 600w, https:\/\/www.purecook.com\/wp-content\/uploads\/2024\/05\/wholesale-oil-filter-pot1-100x100.webp 100w\" sizes=\"(max-width: 800px) 100vw, 800px\" \/><\/figure>\n<\/div>\n<\/div>","protected":false},"excerpt":{"rendered":"<p>Filtro y cesta extra\u00edbles para facilitar su uso y limpieza. Compatible con varias estufas y se puede utilizar en diferentes entornos de cocina. Hecho de acero inoxidable de alta calidad, adecuado para cocinas comerciales y chefs caseros.<\/p>\n<h2>Caracter\u00edsticas y ventajas del recipiente para filtro de aceite<\/h2>\n<p>1)Dise\u00f1o Multiusos: Esta olla colador sirve como un filtro de aceite, una tetera para hervir agua o t\u00e9, y una olla para cocinar una variedad de alimentos, por lo que es un multitarea de cocina.<\/p>\n<p>2)Colador y cesta desmontables: Viene con un colador de malla fina para filtrar el aceite y una cesta para fre\u00edr, ambos desmontables para facilitar su uso y limpieza.<\/p>\n<p>3)Acero inoxidable de primera calidad: Fabricado con acero inoxidable de grado culinario, es duradero, f\u00e1cil de limpiar y adecuado para un entorno de cocina profesional.<\/p>\n<p>4)C\u00f3modo pico vertedor: Dise\u00f1ado con un pico para verter f\u00e1cilmente, reduciendo los derrames y haci\u00e9ndolo perfecto para transferir l\u00edquidos calientes o aceite.<\/p>\n<p>5)Asa ergon\u00f3mica: El mango resistente al calor proporciona un agarre seguro y c\u00f3modo, garantizando un manejo seguro mientras cocina, vierte o transfiere la olla.<\/p>\n<p>6)Compatible con inducci\u00f3n: Compatible con todas las placas de cocina, incluida la inducci\u00f3n, proporcionando versatilidad y comodidad para todos los m\u00e9todos de cocci\u00f3n.<\/p>\n<p>7)Gran capacidad: Con un amplio espacio, esta olla es ideal para preparar comidas para la familia o entretener a los invitados, asegur\u00e1ndose de que puede cocinar a granel con facilidad.<\/p>\n<p><a href=\"https:\/\/www.purecook.com\/es\/custom-solution\/\">Soporte OEM&amp;ODM<\/a><\/p>","protected":false},"featured_media":2159,"comment_status":"closed","ping_status":"closed","template":"","meta":{"_acf_changed":false},"product_brand":[],"product_cat":[64],"product_tag":[],"class_list":{"0":"post-2153","1":"product","2":"type-product","3":"status-publish","4":"has-post-thumbnail","6":"product_cat-oil-pot","8":"first","9":"instock","10":"shipping-taxable","11":"product-type-simple"},"acf":[],"_links":{"self":[{"href":"https:\/\/www.purecook.com\/es\/wp-json\/wp\/v2\/product\/2153","targetHints":{"allow":["GET"]}}],"collection":[{"href":"https:\/\/www.purecook.com\/es\/wp-json\/wp\/v2\/product"}],"about":[{"href":"https:\/\/www.purecook.com\/es\/wp-json\/wp\/v2\/types\/product"}],"replies":[{"embeddable":true,"href":"https:\/\/www.purecook.com\/es\/wp-json\/wp\/v2\/comments?post=2153"}],"wp:featuredmedia":[{"embeddable":true,"href":"https:\/\/www.purecook.com\/es\/wp-json\/wp\/v2\/media\/2159"}],"wp:attachment":[{"href":"https:\/\/www.purecook.com\/es\/wp-json\/wp\/v2\/media?parent=2153"}],"wp:term":[{"taxonomy":"product_brand","embeddable":true,"href":"https:\/\/www.purecook.com\/es\/wp-json\/wp\/v2\/product_brand?post=2153"},{"taxonomy":"product_cat","embeddable":true,"href":"https:\/\/www.purecook.com\/es\/wp-json\/wp\/v2\/product_cat?post=2153"},{"taxonomy":"product_tag","embeddable":true,"href":"https:\/\/www.purecook.com\/es\/wp-json\/wp\/v2\/product_tag?post=2153"}],"curies":[{"name":"wp","href":"https:\/\/api.w.org\/{rel}","templated":true}]}}