{"id":2160,"date":"2025-07-26T18:29:43","date_gmt":"2024-05-18T09:22:09","guid":{"rendered":"https:\/\/purecook.com\/?post_type=product&#038;p=2160"},"modified":"2025-11-24T15:03:47","modified_gmt":"2025-11-24T07:03:47","slug":"wholesale-baking-trays-with-grill-rack","status":"publish","type":"product","link":"https:\/\/www.purecook.com\/es\/product\/wholesale-baking-trays-with-grill-rack\/","title":{"rendered":"Venta al por mayor bandejas apilables con rejilla para asar en varios tama\u00f1os, bandejas para asar a granel Venta directa de f\u00e1brica"},"content":{"rendered":"<div class=\"wp-block-columns is-layout-flex wp-container-core-columns-is-layout-9d6595d7 wp-block-columns-is-layout-flex\">\n<div class=\"wp-block-column is-layout-flow wp-block-column-is-layout-flow\">\n<h3 class=\"wp-block-heading\">Par\u00e1metros de las bandejas de horno<\/h3>\n\n\n\n<p><strong>N\u00famero de modelo: bandeja de horno-01<\/strong><br><strong>Tipo: <\/strong>Bandeja de horno<br><strong>Nombre del producto:<\/strong> Fuente de horno con rejilla<br><strong>Material:<\/strong> Acero inoxidable 201<br><strong>Grosor: <\/strong>50\/70 mm<br>Uso en el hogar Hotel Restaurante<br><strong>MOQ: <\/strong>100 unidades<br><strong>tipo1 tama\u00f1o: <\/strong>270 x 200 x 50 mm<br><strong>tipo2 tama\u00f1o:<\/strong> 270\u00d7200\u00d770mm<br><strong>tama\u00f1o tipo3:<\/strong> 320\u00d7220\u00d750mm<br><strong>tama\u00f1o type4:<\/strong> 320\u00d7220\u00d770mm<br><strong>tama\u00f1o tipo5:<\/strong> 355 x 265 x 50 mm<br><strong>tama\u00f1o tipo6:<\/strong> 355\u00d7265\u00d770mm<br><strong>tama\u00f1o tipo7:<\/strong> 395\u00d7295\u00d750mm<br><strong>tipo8 tama\u00f1o:<\/strong> 395 x 295 x 70 mm<\/p>\n<\/div>\n\n\n\n<div class=\"wp-block-column is-layout-flow wp-block-column-is-layout-flow\">\n<h3 class=\"wp-block-heading\">Soluciones de reposter\u00eda a medida<\/h3>\n\n\n\n<p><strong>Logotipo: <\/strong>Personalizable con el logotipo de su marca<br><strong>Embalaje: <\/strong>caja\/cart\u00f3n de color, etc.<br><strong>Patrones:<\/strong> Patr\u00f3n personalizable<br><strong>MOQ:<\/strong> 1000<br><strong><a href=\"https:\/\/www.purecook.com\/es\/custom-solution\/\" target=\"_blank\" rel=\"noreferrer noopener\">Soluciones de reposter\u00eda personalizadas OEM y ODM<\/a><\/strong><\/p>\n<\/div>\n<\/div>\n\n\n\n<div class=\"wp-block-columns is-layout-flex wp-container-core-columns-is-layout-9d6595d7 wp-block-columns-is-layout-flex\">\n<div class=\"wp-block-column is-layout-flow wp-block-column-is-layout-flow\">\n<figure class=\"wp-block-image size-full\"><img decoding=\"async\" width=\"492\" height=\"492\" src=\"https:\/\/purecook.com\/wp-content\/uploads\/2024\/05\/custom-baking-trays-with-rack-7.webp\" alt=\"bandejas de horno personalizadas con rejilla\" class=\"wp-image-2163\" srcset=\"https:\/\/www.purecook.com\/wp-content\/uploads\/2024\/05\/custom-baking-trays-with-rack-7.webp 492w, https:\/\/www.purecook.com\/wp-content\/uploads\/2024\/05\/custom-baking-trays-with-rack-7-300x300.webp 300w, https:\/\/www.purecook.com\/wp-content\/uploads\/2024\/05\/custom-baking-trays-with-rack-7-150x150.webp 150w, https:\/\/www.purecook.com\/wp-content\/uploads\/2024\/05\/custom-baking-trays-with-rack-7-100x100.webp 100w\" sizes=\"(max-width: 492px) 100vw, 492px\" \/><\/figure>\n<\/div>\n\n\n\n<div class=\"wp-block-column is-layout-flow wp-block-column-is-layout-flow\">\n<figure class=\"wp-block-image size-full\"><img decoding=\"async\" width=\"492\" height=\"492\" src=\"https:\/\/purecook.com\/wp-content\/uploads\/2024\/05\/custom-baking-trays-with-rack-6.webp\" alt=\"bandejas de horno personalizadas con rejilla\" class=\"wp-image-2162\" srcset=\"https:\/\/www.purecook.com\/wp-content\/uploads\/2024\/05\/custom-baking-trays-with-rack-6.webp 492w, https:\/\/www.purecook.com\/wp-content\/uploads\/2024\/05\/custom-baking-trays-with-rack-6-300x300.webp 300w, https:\/\/www.purecook.com\/wp-content\/uploads\/2024\/05\/custom-baking-trays-with-rack-6-150x150.webp 150w, https:\/\/www.purecook.com\/wp-content\/uploads\/2024\/05\/custom-baking-trays-with-rack-6-100x100.webp 100w\" sizes=\"(max-width: 492px) 100vw, 492px\" \/><\/figure>\n<\/div>\n<\/div>","protected":false},"excerpt":{"rendered":"<p>Venta al por mayor de bandejas de horno. Las bandejas para hornear est\u00e1n hechas de acero inoxidable 304 de calidad alimentaria, con un dise\u00f1o modular de tres piezas, que incluye una bandeja poco profunda, una rejilla para hornear y una bandeja profunda, adecuada para tareas de cocina como asar a la parrilla, asar, hornear, etc. Se ofrecen opciones de personalizaci\u00f3n OEM y ODM para pedidos al por mayor. P\u00f3ngase en contacto con Purecook para obtener el mejor presupuesto del profesional del acero inoxidable <a href=\"https:\/\/www.purecook.com\/es\/categoria-de-productos\/utensilios-para-hornear\/\" target=\"_blank\" rel=\"noopener\"><strong>fabricante de utensilios para hornear<\/strong><\/a>.<\/p>\n<h2>Caracter\u00edsticas y ventajas de las bandejas de horno.<\/h2>\n<p><strong>Dise\u00f1o engrosado:<\/strong> Las bandejas para hornear adoptan una estructura engrosada con gran capacidad de carga y alta resistencia. Puede alojar m\u00e1s alimentos y evitar eficazmente el alabeo y la deformaci\u00f3n a altas temperaturas.<\/p>\n<p><strong>Juego de tres piezas con m\u00faltiples funciones:<\/strong> El juego contiene tres piezas multifuncionales, una bandeja poco profunda para asar y fre\u00edr, una rejilla para escurrir el aceite y hacer circular el aire, y una bandeja profunda para hornear o contener l\u00edquidos. Adecuado para fre\u00edr, hornear, asar y cocinar al vapor, le permite cocinar una gran variedad de alimentos con un solo juego de utensilios de cocina.<\/p>\n<p><strong>Dise\u00f1o apilable para ahorrar espacio:<\/strong> Los componentes est\u00e1n dise\u00f1ados para apilarse verticalmente, ocupando menos espacio, por lo que resulta c\u00f3modo de guardar en una cocina peque\u00f1a o cuando se va de acampada.<\/p>\n<p><strong>8 tallas a elegir:<\/strong> Nuestro juego de bandejas de hornear multicapa de acero inoxidable ofrece ocho tama\u00f1os diferentes, adecuados para tareas de cocina espec\u00edficas y para diversas actividades en la cocina o al aire libre.<\/p>\n<p><strong>Soporte de personalizaci\u00f3n OEM y ODM:<\/strong> Como fabricante profesional de utensilios para hornear, apoyamos el tama\u00f1o, el embalaje y el dise\u00f1o funcional de las bandejas de hornear multicapa de acero inoxidable para satisfacer las necesidades de su marca o mercado.<\/p>\n<p><strong><a href=\"https:\/\/www.purecook.com\/es\/custom-solution\/\">Soluciones de reposter\u00eda a medida OEM&amp;ODM \u2192<\/a><\/strong><\/p>","protected":false},"featured_media":4211,"comment_status":"closed","ping_status":"closed","template":"","meta":{"_acf_changed":false},"product_brand":[],"product_cat":[27,107],"product_tag":[],"class_list":{"0":"post-2160","1":"product","2":"type-product","3":"status-publish","4":"has-post-thumbnail","6":"product_cat-bakeware","7":"product_cat-baking-sheet","9":"first","10":"instock","11":"shipping-taxable","12":"product-type-simple"},"acf":[],"_links":{"self":[{"href":"https:\/\/www.purecook.com\/es\/wp-json\/wp\/v2\/product\/2160","targetHints":{"allow":["GET"]}}],"collection":[{"href":"https:\/\/www.purecook.com\/es\/wp-json\/wp\/v2\/product"}],"about":[{"href":"https:\/\/www.purecook.com\/es\/wp-json\/wp\/v2\/types\/product"}],"replies":[{"embeddable":true,"href":"https:\/\/www.purecook.com\/es\/wp-json\/wp\/v2\/comments?post=2160"}],"wp:featuredmedia":[{"embeddable":true,"href":"https:\/\/www.purecook.com\/es\/wp-json\/wp\/v2\/media\/4211"}],"wp:attachment":[{"href":"https:\/\/www.purecook.com\/es\/wp-json\/wp\/v2\/media?parent=2160"}],"wp:term":[{"taxonomy":"product_brand","embeddable":true,"href":"https:\/\/www.purecook.com\/es\/wp-json\/wp\/v2\/product_brand?post=2160"},{"taxonomy":"product_cat","embeddable":true,"href":"https:\/\/www.purecook.com\/es\/wp-json\/wp\/v2\/product_cat?post=2160"},{"taxonomy":"product_tag","embeddable":true,"href":"https:\/\/www.purecook.com\/es\/wp-json\/wp\/v2\/product_tag?post=2160"}],"curies":[{"name":"wp","href":"https:\/\/api.w.org\/{rel}","templated":true}]}}