{"id":2174,"date":"2024-05-19T19:14:33","date_gmt":"2024-05-19T11:14:33","guid":{"rendered":"https:\/\/purecook.com\/?post_type=product&#038;p=2174"},"modified":"2025-04-27T17:36:19","modified_gmt":"2025-04-27T09:36:19","slug":"wholesale-frying-pans","status":"publish","type":"product","link":"https:\/\/www.purecook.com\/es\/product\/wholesale-frying-pans\/","title":{"rendered":"Mayorista Sartenes de acero tricapa"},"content":{"rendered":"<div class=\"wp-block-columns is-layout-flex wp-container-core-columns-is-layout-9d6595d7 wp-block-columns-is-layout-flex\">\n<div class=\"wp-block-column is-layout-flow wp-block-column-is-layout-flow\">\n<h3 class=\"wp-block-heading\">Par\u00e1metros de las sartenes<\/h3>\n\n\n\n<p><strong>N\u00famero de modelo: CG0032<\/strong><br>Material de la olla: tres capas de acero inoxidable (SS304 + ALU + SS430)<br>Material del mango de la olla: SUS201 (remachado\/soldado por puntos)<br>Grosor: 2 mm<br><strong>Talla1:<\/strong><br>con tapa de cristal\/acero 30 cm<br>Di\u00e1metro 30 cm. Altura 8,5 cm.<br>Con tapa de cristal (peso neto: 2,1 kg\/set)<br>con tapa de acero (peso neto: 2 kg\/set)<br>sin tapa de cristal (peso neto: 1,35 kg\/set)<\/p>\n<\/div>\n\n\n\n<div class=\"wp-block-column is-layout-flow wp-block-column-is-layout-flow\">\n<h2 class=\"wp-block-heading\"> <\/h2>\n\n\n\n<p><strong>tama\u00f1o2:<\/strong><br>con tapa de cristal\/forro de acero 32cm<br>Di\u00e1metro 32 cm, altura 9 cm<br>Con tapa de cristal (NW:2,45kg\/set)<br>Con inserto de acero (NW:2,3 kg\/set)<br>Sin tapa (Peso neto: 1,56 kg\/set)<br><strong>tama\u00f1o3:<\/strong><br>con tapa de cristal\/acero 34 cm<br>Di\u00e1metro 34 cm, altura 9,5 cm<br>Con tapa de cristal (peso neto: 2,75 kg\/set)<br>con tapa de acero (peso neto: 2,58 kg\/set)<br>sin tapa (peso neto: 1,75 kg\/set)<br>MOQ 360 piezas<\/p>\n<\/div>\n<\/div>\n\n\n\n<h3 class=\"wp-block-heading\">Sartenes personalizadas<\/h3>\n\n\n\n<p>Embalaje: caja de color\/cart\u00f3n, etc.<br>MOQ: 1000<br><strong><a href=\"https:\/\/www.purecook.com\/es\/custom-solution\/\" target=\"_blank\" rel=\"noreferrer noopener\">Soluciones personalizadas OEM y ODM<\/a><\/strong><\/p>\n\n\n\n<div class=\"wp-block-columns is-layout-flex wp-container-core-columns-is-layout-9d6595d7 wp-block-columns-is-layout-flex\">\n<div class=\"wp-block-column is-layout-flow wp-block-column-is-layout-flow\">\n<figure class=\"wp-block-image size-full\"><img decoding=\"async\" width=\"800\" height=\"800\" src=\"https:\/\/purecook.com\/wp-content\/uploads\/2024\/05\/Wholesale-Frying-Pans-Three-layer-steel-5.webp\" alt=\"Mayorista Sartenes de acero tricapa\" class=\"wp-image-2179\" srcset=\"https:\/\/www.purecook.com\/wp-content\/uploads\/2024\/05\/Wholesale-Frying-Pans-Three-layer-steel-5.webp 800w, https:\/\/www.purecook.com\/wp-content\/uploads\/2024\/05\/Wholesale-Frying-Pans-Three-layer-steel-5-300x300.webp 300w, https:\/\/www.purecook.com\/wp-content\/uploads\/2024\/05\/Wholesale-Frying-Pans-Three-layer-steel-5-150x150.webp 150w, https:\/\/www.purecook.com\/wp-content\/uploads\/2024\/05\/Wholesale-Frying-Pans-Three-layer-steel-5-768x768.webp 768w, https:\/\/www.purecook.com\/wp-content\/uploads\/2024\/05\/Wholesale-Frying-Pans-Three-layer-steel-5-600x600.webp 600w, https:\/\/www.purecook.com\/wp-content\/uploads\/2024\/05\/Wholesale-Frying-Pans-Three-layer-steel-5-100x100.webp 100w\" sizes=\"(max-width: 800px) 100vw, 800px\" \/><\/figure>\n<\/div>\n\n\n\n<div class=\"wp-block-column is-layout-flow wp-block-column-is-layout-flow\">\n<figure class=\"wp-block-image size-full\"><img decoding=\"async\" width=\"800\" height=\"800\" src=\"https:\/\/purecook.com\/wp-content\/uploads\/2024\/05\/Wholesale-Frying-Pans-Three-layer-steel-4.webp\" alt=\"Mayorista Sartenes de acero tricapa\" class=\"wp-image-2178\" srcset=\"https:\/\/www.purecook.com\/wp-content\/uploads\/2024\/05\/Wholesale-Frying-Pans-Three-layer-steel-4.webp 800w, https:\/\/www.purecook.com\/wp-content\/uploads\/2024\/05\/Wholesale-Frying-Pans-Three-layer-steel-4-300x300.webp 300w, https:\/\/www.purecook.com\/wp-content\/uploads\/2024\/05\/Wholesale-Frying-Pans-Three-layer-steel-4-150x150.webp 150w, https:\/\/www.purecook.com\/wp-content\/uploads\/2024\/05\/Wholesale-Frying-Pans-Three-layer-steel-4-768x768.webp 768w, https:\/\/www.purecook.com\/wp-content\/uploads\/2024\/05\/Wholesale-Frying-Pans-Three-layer-steel-4-600x600.webp 600w, https:\/\/www.purecook.com\/wp-content\/uploads\/2024\/05\/Wholesale-Frying-Pans-Three-layer-steel-4-100x100.webp 100w\" sizes=\"(max-width: 800px) 100vw, 800px\" \/><\/figure>\n<\/div>\n<\/div>","protected":false},"excerpt":{"rendered":"<p>Sartenes personalizadas al por mayor.Estructura de acero compuesto de tres capas, la capa intermedia es un n\u00facleo de aluminio, y las capas exterior e interior son de acero inoxidable de alta calidad para garantizar una conducci\u00f3n uniforme del calor y un r\u00e1pido aumento de la temperatura. Se puede utilizar para cocinar, hacer sopas y fre\u00edr. Hay una gran variedad de especificaciones entre las que elegir para satisfacer sus necesidades de compra. Es muy adecuada para uso dom\u00e9stico o para chefs profesionales en restaurantes.<\/p>\n<h2>Caracter\u00edsticas y ventajas de las sartenes<\/h2>\n<p>\u00a1Fre\u00edr r\u00e1pido, fre\u00edr poco, saltear r\u00e1pido! La sart\u00e9n ideal para todo tipo de alimentos.<\/p>\n<p>Dise\u00f1o compuesto multicapa:<\/p>\n<p>1: Revestimiento de acero inoxidable 18\/10(304) apto para uso alimentario<\/p>\n<p>2: Aluminio grueso - Excelente conductividad t\u00e9rmica;<\/p>\n<p>3: Acero inoxidable 18\/0(430) de alta conductividad magn\u00e9tica, compatible con placas de inducci\u00f3n;<\/p>\n<p><\/p>","protected":false},"featured_media":2177,"comment_status":"closed","ping_status":"closed","template":"","meta":{"_acf_changed":false},"product_brand":[],"product_cat":[24,71],"product_tag":[97,98],"class_list":{"0":"post-2174","1":"product","2":"type-product","3":"status-publish","4":"has-post-thumbnail","6":"product_cat-cookware","7":"product_cat-frying-pan","8":"product_tag-wholesale-commercial-cookware","9":"product_tag-wholesale-home-cookware","11":"first","12":"instock","13":"shipping-taxable","14":"product-type-simple"},"acf":[],"_links":{"self":[{"href":"https:\/\/www.purecook.com\/es\/wp-json\/wp\/v2\/product\/2174","targetHints":{"allow":["GET"]}}],"collection":[{"href":"https:\/\/www.purecook.com\/es\/wp-json\/wp\/v2\/product"}],"about":[{"href":"https:\/\/www.purecook.com\/es\/wp-json\/wp\/v2\/types\/product"}],"replies":[{"embeddable":true,"href":"https:\/\/www.purecook.com\/es\/wp-json\/wp\/v2\/comments?post=2174"}],"wp:featuredmedia":[{"embeddable":true,"href":"https:\/\/www.purecook.com\/es\/wp-json\/wp\/v2\/media\/2177"}],"wp:attachment":[{"href":"https:\/\/www.purecook.com\/es\/wp-json\/wp\/v2\/media?parent=2174"}],"wp:term":[{"taxonomy":"product_brand","embeddable":true,"href":"https:\/\/www.purecook.com\/es\/wp-json\/wp\/v2\/product_brand?post=2174"},{"taxonomy":"product_cat","embeddable":true,"href":"https:\/\/www.purecook.com\/es\/wp-json\/wp\/v2\/product_cat?post=2174"},{"taxonomy":"product_tag","embeddable":true,"href":"https:\/\/www.purecook.com\/es\/wp-json\/wp\/v2\/product_tag?post=2174"}],"curies":[{"name":"wp","href":"https:\/\/api.w.org\/{rel}","templated":true}]}}