{"id":2215,"date":"2024-05-23T11:08:02","date_gmt":"2024-05-23T03:08:02","guid":{"rendered":"https:\/\/purecook.com\/?post_type=product&#038;p=2215"},"modified":"2024-06-03T17:41:40","modified_gmt":"2024-06-03T09:41:40","slug":"durable-stainless-steel-dinner-plates-wholesale","status":"publish","type":"product","link":"https:\/\/www.purecook.com\/es\/product\/durable-stainless-steel-dinner-plates-wholesale\/","title":{"rendered":"Platos de acero inoxidable al por mayor"},"content":{"rendered":"<div class=\"wp-block-columns is-layout-flex wp-container-core-columns-is-layout-9d6595d7 wp-block-columns-is-layout-flex\">\n<div class=\"wp-block-column is-layout-flow wp-block-column-is-layout-flow\">\n<h3 class=\"wp-block-heading\">Par\u00e1metros de los platos de acero inoxidable<\/h3>\n\n\n\n<p><strong>N\u00famero de modelo:bowl-007<\/strong><br>Nombre: plato llano cuadrado<br>Material: acero inoxidable 201<br>Color: plata vintage<br>Tama\u00f1o: 21\u00d712,5 cm\/23\u00d723 cm<br>Logotipo: logotipo personalizable<br>Estilo: retro vintage<br>Cantidad del pedido 160 unidades<br>Peso bruto:15 kg\/cajas<\/p>\n<\/div>\n\n\n\n<div class=\"wp-block-column is-layout-flow wp-block-column-is-layout-flow\">\n<h3 class=\"wp-block-heading\">Platos de acero inoxidable personalizados<\/h3>\n\n\n\n<p>Logotipo: personalice el logotipo de su marca<br>Embalaje: caja de color\/cart\u00f3n, etc.<br>Patr\u00f3n: Personaliza el patr\u00f3n que desees<br>Cantidad de pedido 1000 unidades<br><strong><a href=\"https:\/\/www.purecook.com\/es\/custom-solution\/\" target=\"_blank\" rel=\"noreferrer noopener\">Soluciones personalizadas OEM y ODM<\/a><\/strong><\/p>\n<\/div>\n<\/div>\n\n\n\n<div class=\"wp-block-columns is-layout-flex wp-container-core-columns-is-layout-9d6595d7 wp-block-columns-is-layout-flex\">\n<div class=\"wp-block-column is-layout-flow wp-block-column-is-layout-flow\">\n<figure class=\"wp-block-image size-full\"><img decoding=\"async\" width=\"750\" height=\"1122\" src=\"https:\/\/purecook.com\/wp-content\/uploads\/2024\/05\/stainless-steel-dinner-plates-wholesale-4.webp\" alt=\"platos de acero inoxidable al por mayor\" class=\"wp-image-2226\" srcset=\"https:\/\/www.purecook.com\/wp-content\/uploads\/2024\/05\/stainless-steel-dinner-plates-wholesale-4.webp 750w, https:\/\/www.purecook.com\/wp-content\/uploads\/2024\/05\/stainless-steel-dinner-plates-wholesale-4-201x300.webp 201w, https:\/\/www.purecook.com\/wp-content\/uploads\/2024\/05\/stainless-steel-dinner-plates-wholesale-4-600x898.webp 600w\" sizes=\"(max-width: 750px) 100vw, 750px\" \/><\/figure>\n<\/div>\n\n\n\n<div class=\"wp-block-column is-layout-flow wp-block-column-is-layout-flow\">\n<figure class=\"wp-block-image size-full\"><img decoding=\"async\" width=\"750\" height=\"1113\" src=\"https:\/\/purecook.com\/wp-content\/uploads\/2024\/05\/stainless-steel-dinner-plates-wholesale-2.webp\" alt=\"platos de acero inoxidable al por mayor\" class=\"wp-image-2224\" srcset=\"https:\/\/www.purecook.com\/wp-content\/uploads\/2024\/05\/stainless-steel-dinner-plates-wholesale-2.webp 750w, https:\/\/www.purecook.com\/wp-content\/uploads\/2024\/05\/stainless-steel-dinner-plates-wholesale-2-202x300.webp 202w, https:\/\/www.purecook.com\/wp-content\/uploads\/2024\/05\/stainless-steel-dinner-plates-wholesale-2-600x890.webp 600w\" sizes=\"(max-width: 750px) 100vw, 750px\" \/><\/figure>\n<\/div>\n<\/div>","protected":false},"excerpt":{"rendered":"<p>Somos uno de los mejores fabricantes de platos llanos de acero inoxidable de China y ofrecemos un servicio de venta al por mayor de platos llanos de acero inoxidable duraderos de alta calidad. Los platos est\u00e1n hechos de material de acero inoxidable de grado alimentario de alta calidad, con un tratamiento especial de la superficie, que es f\u00e1cil de limpiar y no es f\u00e1cil de retener alimentos y bacterias. Son adecuados como bandejas para fiestas y bandejas para servir en restaurantes. Tambi\u00e9n ofrecemos servicios de personalizaci\u00f3n, y podemos imprimir logotipos de marca y personalizar el embalaje seg\u00fan sus necesidades.<\/p>\n<h2>Caracter\u00edsticas y ventajas de los platos llanos<\/h2>\n<p>Dise\u00f1o cuadrado y rectangular: Los platos de cena cuadrados tienen formas cuadradas y rectangulares para hacer que la comida en el plato sea m\u00e1s atractiva, bandeja de t\u00e9 bandeja de plata bandeja de metal decorativa.<\/p>\n<p>Bandejas de comedor plateadas: Las bandejas de comedor de acero inoxidable est\u00e1n hechas de material de acero inoxidable de alta calidad m\u00e1s un tratamiento especial de la superficie, por lo que nuestras bandejas de comedor son duraderas y tienen una larga vida \u00fatil.<\/p>\n<p>Bandejas para fiestas: Bandejas rectangulares para frutas, aperitivos, pasteles. Esta bandeja de servir es muy utilizada para fiestas, cumplea\u00f1os, celebraciones, banquetes, bodas, graduaciones, etc.<\/p>\n<p>Bandeja cuadrada para servir: Bandeja utilizada para servir alimentos, esta bandeja no es f\u00e1cil de acumular suciedad y f\u00e1cil de limpiar, y esta bandeja de plata se utiliza para servir alimentos con buen soporte de carga y no es f\u00e1cil de deformar.<\/p>\n<p>Bandeja cuadrada para servir: Bandeja de servir decorativa, esta bandeja de acero inoxidable asegura que no se oxida y la bandeja de comida es muy segura al contacto con su comida, haciendo su cena m\u00e1s agradable.<\/p>\n<p>Posibilidad de personalizar el logotipo, el embalaje y los motivos.<\/p>\n<p>Ofrezca platos de cena al por mayor.<\/p>","protected":false},"featured_media":2228,"comment_status":"closed","ping_status":"closed","template":"","meta":{"_acf_changed":false},"product_brand":[],"product_cat":[55,51],"product_tag":[],"class_list":{"0":"post-2215","1":"product","2":"type-product","3":"status-publish","4":"has-post-thumbnail","6":"product_cat-dish-and-plate","7":"product_cat-dinnerware","9":"first","10":"instock","11":"shipping-taxable","12":"product-type-simple"},"acf":[],"_links":{"self":[{"href":"https:\/\/www.purecook.com\/es\/wp-json\/wp\/v2\/product\/2215","targetHints":{"allow":["GET"]}}],"collection":[{"href":"https:\/\/www.purecook.com\/es\/wp-json\/wp\/v2\/product"}],"about":[{"href":"https:\/\/www.purecook.com\/es\/wp-json\/wp\/v2\/types\/product"}],"replies":[{"embeddable":true,"href":"https:\/\/www.purecook.com\/es\/wp-json\/wp\/v2\/comments?post=2215"}],"wp:featuredmedia":[{"embeddable":true,"href":"https:\/\/www.purecook.com\/es\/wp-json\/wp\/v2\/media\/2228"}],"wp:attachment":[{"href":"https:\/\/www.purecook.com\/es\/wp-json\/wp\/v2\/media?parent=2215"}],"wp:term":[{"taxonomy":"product_brand","embeddable":true,"href":"https:\/\/www.purecook.com\/es\/wp-json\/wp\/v2\/product_brand?post=2215"},{"taxonomy":"product_cat","embeddable":true,"href":"https:\/\/www.purecook.com\/es\/wp-json\/wp\/v2\/product_cat?post=2215"},{"taxonomy":"product_tag","embeddable":true,"href":"https:\/\/www.purecook.com\/es\/wp-json\/wp\/v2\/product_tag?post=2215"}],"curies":[{"name":"wp","href":"https:\/\/api.w.org\/{rel}","templated":true}]}}