{"id":2236,"date":"2024-05-23T16:42:24","date_gmt":"2024-05-23T08:42:24","guid":{"rendered":"https:\/\/purecook.com\/?post_type=product&#038;p=2236"},"modified":"2024-06-03T17:39:28","modified_gmt":"2024-06-03T09:39:28","slug":"custom-dinner-plate-wholesale-made-of-high-quality-stainless-steel","status":"publish","type":"product","link":"https:\/\/www.purecook.com\/es\/product\/custom-dinner-plate-wholesale-made-of-high-quality-stainless-steel\/","title":{"rendered":"Plato llano al por mayor de acero inoxidable de alta calidad"},"content":{"rendered":"<div class=\"wp-block-columns is-layout-flex wp-container-core-columns-is-layout-9d6595d7 wp-block-columns-is-layout-flex\">\n<div class=\"wp-block-column is-layout-flow wp-block-column-is-layout-flow\">\n<h3 class=\"wp-block-heading\">Par\u00e1metros del plato llano<\/h3>\n\n\n\n<p><strong>N\u00famero de modelo:bowl-008<\/strong><br>Tipo de placa: Rect\u00e1ngulo con borde curvo<br>Nombre del producto: Plato Cuadrado Vintage<br>Material: Acero inoxidable 304<br>Grosor: 0,8 mm<br>Tama\u00f1o:40\u00d740\u00d730cm<br>Peso neto: 258 g<br>Pedido m\u00ednimo: 60 unidades<br>Marca comercial Acepta logotipos personalizados<br>Caracter\u00edsticas: Port\u00e1til<br>Estilo: Vintage<\/p>\n<\/div>\n\n\n\n<div class=\"wp-block-column is-layout-flow wp-block-column-is-layout-flow\">\n<h3 class=\"wp-block-heading\">Plato llano personalizado<\/h3>\n\n\n\n<p>Logotipo: personalice el logotipo de su marca<br>Embalaje: caja de color\/cart\u00f3n, etc.<br>Patr\u00f3n: Personaliza el patr\u00f3n que desees<br>Cantidad de pedido 1000 unidades<br><strong><a href=\"https:\/\/www.purecook.com\/es\/custom-solution\/\" target=\"_blank\" rel=\"noreferrer noopener\">Soluciones personalizadas OEM y ODM<\/a><\/strong><\/p>\n<\/div>\n<\/div>\n\n\n\n<div class=\"wp-block-columns is-layout-flex wp-container-core-columns-is-layout-9d6595d7 wp-block-columns-is-layout-flex\">\n<div class=\"wp-block-column is-layout-flow wp-block-column-is-layout-flow\">\n<figure class=\"wp-block-image size-full\"><img decoding=\"async\" width=\"800\" height=\"800\" src=\"https:\/\/purecook.com\/wp-content\/uploads\/2024\/05\/stainless-steel-dinner-plates-wholesale-3-1.webp\" alt=\"platos de acero inoxidable al por mayor\" class=\"wp-image-2241\" srcset=\"https:\/\/www.purecook.com\/wp-content\/uploads\/2024\/05\/stainless-steel-dinner-plates-wholesale-3-1.webp 800w, https:\/\/www.purecook.com\/wp-content\/uploads\/2024\/05\/stainless-steel-dinner-plates-wholesale-3-1-300x300.webp 300w, https:\/\/www.purecook.com\/wp-content\/uploads\/2024\/05\/stainless-steel-dinner-plates-wholesale-3-1-150x150.webp 150w, https:\/\/www.purecook.com\/wp-content\/uploads\/2024\/05\/stainless-steel-dinner-plates-wholesale-3-1-768x768.webp 768w, https:\/\/www.purecook.com\/wp-content\/uploads\/2024\/05\/stainless-steel-dinner-plates-wholesale-3-1-600x600.webp 600w, https:\/\/www.purecook.com\/wp-content\/uploads\/2024\/05\/stainless-steel-dinner-plates-wholesale-3-1-100x100.webp 100w\" sizes=\"(max-width: 800px) 100vw, 800px\" \/><\/figure>\n<\/div>\n\n\n\n<div class=\"wp-block-column is-layout-flow wp-block-column-is-layout-flow\">\n<figure class=\"wp-block-image size-full\"><img decoding=\"async\" width=\"800\" height=\"800\" src=\"https:\/\/purecook.com\/wp-content\/uploads\/2024\/05\/stainless-steel-dinner-plates-wholesale-5-1.webp\" alt=\"platos de acero inoxidable al por mayor\" class=\"wp-image-2242\" srcset=\"https:\/\/www.purecook.com\/wp-content\/uploads\/2024\/05\/stainless-steel-dinner-plates-wholesale-5-1.webp 800w, https:\/\/www.purecook.com\/wp-content\/uploads\/2024\/05\/stainless-steel-dinner-plates-wholesale-5-1-300x300.webp 300w, https:\/\/www.purecook.com\/wp-content\/uploads\/2024\/05\/stainless-steel-dinner-plates-wholesale-5-1-150x150.webp 150w, https:\/\/www.purecook.com\/wp-content\/uploads\/2024\/05\/stainless-steel-dinner-plates-wholesale-5-1-768x768.webp 768w, https:\/\/www.purecook.com\/wp-content\/uploads\/2024\/05\/stainless-steel-dinner-plates-wholesale-5-1-600x600.webp 600w, https:\/\/www.purecook.com\/wp-content\/uploads\/2024\/05\/stainless-steel-dinner-plates-wholesale-5-1-100x100.webp 100w\" sizes=\"(max-width: 800px) 100vw, 800px\" \/><\/figure>\n<\/div>\n<\/div>","protected":false},"excerpt":{"rendered":"<p>Cada plato de cena est\u00e1 hecho de material de acero inoxidable de grado alimenticio de alta calidad, f\u00e1cil de limpiar, asegurando la placa es siempre higi\u00e9nico, con excelente resistencia a la corrosi\u00f3n y durabilidad, dise\u00f1o \u00fanico estilo retro, adecuado para diversas ocasiones, que de acuerdo a su Necesidad de imprimir el logotipo de la marca y el patr\u00f3n de embalaje.<\/p>\n<h2>Caracter\u00edsticas y ventajas del plato llano<\/h2>\n<p><strong>Acero inoxidable<\/strong>: Las placas cuadradas de bordes curvos est\u00e1n fabricadas en acero inoxidable para garantizar su resistencia a la corrosi\u00f3n y soportar los rigores del uso diario.<\/p>\n<p><strong>F\u00e1cil de mantener<\/strong>: Con su robusta construcci\u00f3n y su superficie lisa, estos platos de cena no s\u00f3lo son visualmente atractivos, sino tambi\u00e9n f\u00e1ciles de limpiar para su uso en entornos ajetreados.<\/p>\n<p><strong>Estilo industrial<\/strong>: Con su llamativo dise\u00f1o retro, estos platos son un elegante complemento para su colecci\u00f3n de vajillas.<\/p>\n<p><strong>Funciona en cocinas y comedores<\/strong>: Tanto si est\u00e1 emplatando en casa como en una cocina profesional, estos platos satisfar\u00e1n una gran variedad de necesidades culinarias.<\/p>\n<p><strong>Moderno rect\u00e1ngulo redondeado:<\/strong> El dise\u00f1o rectangular redondeado de estos platos tiene un aspecto moderno y \u00fanico, ideal para exponer sus creaciones culinarias y hacer que destaquen.<\/p>","protected":false},"featured_media":2240,"comment_status":"closed","ping_status":"closed","template":"","meta":{"_acf_changed":false},"product_brand":[],"product_cat":[51,55],"product_tag":[],"class_list":{"0":"post-2236","1":"product","2":"type-product","3":"status-publish","4":"has-post-thumbnail","6":"product_cat-dinnerware","7":"product_cat-dish-and-plate","9":"first","10":"instock","11":"shipping-taxable","12":"product-type-simple"},"acf":[],"_links":{"self":[{"href":"https:\/\/www.purecook.com\/es\/wp-json\/wp\/v2\/product\/2236","targetHints":{"allow":["GET"]}}],"collection":[{"href":"https:\/\/www.purecook.com\/es\/wp-json\/wp\/v2\/product"}],"about":[{"href":"https:\/\/www.purecook.com\/es\/wp-json\/wp\/v2\/types\/product"}],"replies":[{"embeddable":true,"href":"https:\/\/www.purecook.com\/es\/wp-json\/wp\/v2\/comments?post=2236"}],"wp:featuredmedia":[{"embeddable":true,"href":"https:\/\/www.purecook.com\/es\/wp-json\/wp\/v2\/media\/2240"}],"wp:attachment":[{"href":"https:\/\/www.purecook.com\/es\/wp-json\/wp\/v2\/media?parent=2236"}],"wp:term":[{"taxonomy":"product_brand","embeddable":true,"href":"https:\/\/www.purecook.com\/es\/wp-json\/wp\/v2\/product_brand?post=2236"},{"taxonomy":"product_cat","embeddable":true,"href":"https:\/\/www.purecook.com\/es\/wp-json\/wp\/v2\/product_cat?post=2236"},{"taxonomy":"product_tag","embeddable":true,"href":"https:\/\/www.purecook.com\/es\/wp-json\/wp\/v2\/product_tag?post=2236"}],"curies":[{"name":"wp","href":"https:\/\/api.w.org\/{rel}","templated":true}]}}