{"id":2252,"date":"2024-05-23T17:19:16","date_gmt":"2024-05-23T09:19:16","guid":{"rendered":"https:\/\/purecook.com\/?post_type=product&#038;p=2252"},"modified":"2024-06-03T17:48:23","modified_gmt":"2024-06-03T09:48:23","slug":"wholesale-non-slip-stainless-steel-oil-strainer-pot","status":"publish","type":"product","link":"https:\/\/www.purecook.com\/es\/product\/wholesale-non-slip-stainless-steel-oil-strainer-pot\/","title":{"rendered":"Mayorista Olla Colador de Aceite de Acero Inoxidable Antideslizante"},"content":{"rendered":"<div class=\"wp-block-columns is-layout-flex wp-container-core-columns-is-layout-9d6595d7 wp-block-columns-is-layout-flex\">\n<div class=\"wp-block-column is-layout-flow wp-block-column-is-layout-flow\">\n<h3 class=\"wp-block-heading\">Par\u00e1metros de la olla coladora de aceite <\/h3>\n\n\n\n<p><strong>N\u00famero de modelo: oil pot-004<\/strong><br>Nombre: Olla coladora de aceite<br>Color: azul\/morado\/plateado<br>Tama\u00f1o 13*12 cm-1,4 litros<br>Material del cuerpo 0,4 mm\/SS304<br>Filtro 0,02 mm\/SS304<br>Color: azul\/morado\/plateado<br>Tapa, plato y borde del colador 0,35 mm\/SS201<br>Mango 06mm\/SS 410<br>Peso: 1 kg\/unidad<br>Se puede personalizar el color de la caja de embalaje 2000pcs.<br>Pulido espejo alto interno, pulido espejo externo.<\/p>\n<\/div>\n\n\n\n<div class=\"wp-block-column is-layout-flow wp-block-column-is-layout-flow\">\n<h3 class=\"wp-block-heading\">Olla coladora de aceite a medida <\/h3>\n\n\n\n<p>Embalaje: caja de color\/cart\u00f3n, etc.<br>Cantidad de pedido 2000 unidades<br><strong><a href=\"https:\/\/www.purecook.com\/es\/custom-solution\/\" target=\"_blank\" rel=\"noreferrer noopener\">Soluciones personalizadas OEM y ODM<\/a><\/strong><\/p>\n<\/div>\n<\/div>\n\n\n\n<div class=\"wp-block-columns is-layout-flex wp-container-core-columns-is-layout-9d6595d7 wp-block-columns-is-layout-flex\">\n<div class=\"wp-block-column is-layout-flow wp-block-column-is-layout-flow\">\n<figure class=\"wp-block-image size-full\"><img decoding=\"async\" width=\"1000\" height=\"1000\" src=\"https:\/\/purecook.com\/wp-content\/uploads\/2024\/05\/oil-strainer-pot-1.webp\" alt=\"mayorista olla coladora de aceite\" class=\"wp-image-2256\" srcset=\"https:\/\/www.purecook.com\/wp-content\/uploads\/2024\/05\/oil-strainer-pot-1.webp 1000w, https:\/\/www.purecook.com\/wp-content\/uploads\/2024\/05\/oil-strainer-pot-1-300x300.webp 300w, https:\/\/www.purecook.com\/wp-content\/uploads\/2024\/05\/oil-strainer-pot-1-150x150.webp 150w, https:\/\/www.purecook.com\/wp-content\/uploads\/2024\/05\/oil-strainer-pot-1-768x768.webp 768w, https:\/\/www.purecook.com\/wp-content\/uploads\/2024\/05\/oil-strainer-pot-1-600x600.webp 600w, https:\/\/www.purecook.com\/wp-content\/uploads\/2024\/05\/oil-strainer-pot-1-100x100.webp 100w\" sizes=\"(max-width: 1000px) 100vw, 1000px\" \/><\/figure>\n<\/div>\n\n\n\n<div class=\"wp-block-column is-layout-flow wp-block-column-is-layout-flow\">\n<figure class=\"wp-block-image size-full\"><img decoding=\"async\" width=\"1000\" height=\"1000\" src=\"https:\/\/purecook.com\/wp-content\/uploads\/2024\/05\/oil-strainer-pot-2.webp\" alt=\"mayorista olla coladora de aceite\" class=\"wp-image-2253\" srcset=\"https:\/\/www.purecook.com\/wp-content\/uploads\/2024\/05\/oil-strainer-pot-2.webp 1000w, https:\/\/www.purecook.com\/wp-content\/uploads\/2024\/05\/oil-strainer-pot-2-300x300.webp 300w, https:\/\/www.purecook.com\/wp-content\/uploads\/2024\/05\/oil-strainer-pot-2-150x150.webp 150w, https:\/\/www.purecook.com\/wp-content\/uploads\/2024\/05\/oil-strainer-pot-2-768x768.webp 768w, https:\/\/www.purecook.com\/wp-content\/uploads\/2024\/05\/oil-strainer-pot-2-600x600.webp 600w, https:\/\/www.purecook.com\/wp-content\/uploads\/2024\/05\/oil-strainer-pot-2-100x100.webp 100w\" sizes=\"(max-width: 1000px) 100vw, 1000px\" \/><\/figure>\n<\/div>\n<\/div>","protected":false},"excerpt":{"rendered":"<p>Ollas coladoras de aceite de acero inoxidable antideslizantes al por mayor, con un filtro en el cuerpo de la olla, que puede filtrar f\u00e1cilmente los residuos de alimentos. Esta olla colador de aceite no s\u00f3lo es adecuado para cocinas caseras, sino tambi\u00e9n una opci\u00f3n ideal para restaurantes, hoteles y otros lugares comerciales. Comprar al por mayor puede ahorrar costes y proporcionar una r\u00e1pida satisfacci\u00f3n. alta demanda. Y ofrecemos soluciones personalizadas de logotipo y embalaje.<\/p>\n<h2>Caracter\u00edsticas y ventajas de la olla coladora de aceite<\/h2>\n<p><strong>Construcci\u00f3n de calidad<\/strong>: Fabricado en acero inoxidable resistente, este recipiente incluye un pico vertedor, una tapa y un colador de malla fina, perfecto para separar la grasa y el tocino.<\/p>\n<p><strong>Pr\u00e1ctico<\/strong>: Reutilice los populares aceites de coco, canola y oliva con nuestro pr\u00e1ctico guardagrasas para fogones.<\/p>\n<p><strong>Mango<\/strong>: El mango es f\u00e1cil de sujetar.<\/p>\n<p>Se puede personalizar con envases personalizados.<\/p>\n<p>Alto acabado superficial, brillante y reluciente.<\/p>\n<p>Un filtro de malla fina extra\u00edble separa los trozos m\u00e1s peque\u00f1os de alimento del aceite de cocina.<\/p>\n<p>Apto para lavavajillas, se recomienda lavar a mano.<\/p>\n<p>Adecuado para uso dom\u00e9stico, en restaurantes y hoteles.<\/p>","protected":false},"featured_media":2255,"comment_status":"closed","ping_status":"closed","template":"","meta":{"_acf_changed":false},"product_brand":[],"product_cat":[52,64],"product_tag":[],"class_list":{"0":"post-2252","1":"product","2":"type-product","3":"status-publish","4":"has-post-thumbnail","6":"product_cat-kitchen-utensils","7":"product_cat-oil-pot","9":"first","10":"instock","11":"shipping-taxable","12":"product-type-simple"},"acf":[],"_links":{"self":[{"href":"https:\/\/www.purecook.com\/es\/wp-json\/wp\/v2\/product\/2252","targetHints":{"allow":["GET"]}}],"collection":[{"href":"https:\/\/www.purecook.com\/es\/wp-json\/wp\/v2\/product"}],"about":[{"href":"https:\/\/www.purecook.com\/es\/wp-json\/wp\/v2\/types\/product"}],"replies":[{"embeddable":true,"href":"https:\/\/www.purecook.com\/es\/wp-json\/wp\/v2\/comments?post=2252"}],"wp:featuredmedia":[{"embeddable":true,"href":"https:\/\/www.purecook.com\/es\/wp-json\/wp\/v2\/media\/2255"}],"wp:attachment":[{"href":"https:\/\/www.purecook.com\/es\/wp-json\/wp\/v2\/media?parent=2252"}],"wp:term":[{"taxonomy":"product_brand","embeddable":true,"href":"https:\/\/www.purecook.com\/es\/wp-json\/wp\/v2\/product_brand?post=2252"},{"taxonomy":"product_cat","embeddable":true,"href":"https:\/\/www.purecook.com\/es\/wp-json\/wp\/v2\/product_cat?post=2252"},{"taxonomy":"product_tag","embeddable":true,"href":"https:\/\/www.purecook.com\/es\/wp-json\/wp\/v2\/product_tag?post=2252"}],"curies":[{"name":"wp","href":"https:\/\/api.w.org\/{rel}","templated":true}]}}