{"id":2265,"date":"2024-05-24T08:52:43","date_gmt":"2024-05-24T00:52:43","guid":{"rendered":"https:\/\/purecook.com\/?post_type=product&#038;p=2265"},"modified":"2024-06-03T17:33:19","modified_gmt":"2024-06-03T09:33:19","slug":"colorful-custom-food-storage-containers-wholesale","status":"publish","type":"product","link":"https:\/\/www.purecook.com\/es\/product\/colorful-custom-food-storage-containers-wholesale\/","title":{"rendered":"Recipientes para alimentos de colores al por mayor con alta resistencia a la temperatura"},"content":{"rendered":"<div class=\"wp-block-columns is-layout-flex wp-container-core-columns-is-layout-9d6595d7 wp-block-columns-is-layout-flex\">\n<div class=\"wp-block-column is-layout-flow wp-block-column-is-layout-flow\">\n<h3 class=\"wp-block-heading\">Par\u00e1metros de los recipientes para alimentos <\/h3>\n\n\n\n<p><strong>N\u00famero de modelo:ch5<\/strong><br>Nombre:Caja de fusibles<br>Estilo: oscuro\/claro<br>Material: acero inoxidable 201\/304<br>Tapa: vidrio+silicona<br>Capacidad: 700ml-3000ml<br>Color: blanco lechoso\/plata<br>Superficie: pulida\/electrol\u00edtica<br>Logotipo: personalizable<br>MOQ\uff1a100pcs<\/p>\n<\/div>\n\n\n\n<div class=\"wp-block-column is-layout-flow wp-block-column-is-layout-flow\">\n<h3 class=\"wp-block-heading\">Recipientes personalizados para alimentos <\/h3>\n\n\n\n<p>Logotipo: personalice el logotipo de su marca<br>Embalaje: caja de color\/cart\u00f3n, etc.<br>Cantidad de pedido 1000 unidades<br><strong><a href=\"https:\/\/www.purecook.com\/es\/custom-solution\/\" target=\"_blank\" rel=\"noreferrer noopener\">Soluciones personalizadas OEM y ODM<\/a><\/strong><\/p>\n<\/div>\n<\/div>\n\n\n\n<figure class=\"wp-block-table\"><table><tbody><tr><td>Talla<\/td><td>Capacidad (L)<\/td><td>Longitud (mm)<\/td><td>Anchura (mm)<\/td><td>Altura (mm)<\/td><\/tr><tr><td>Poco profundo<\/td><td>0.7<\/td><td>161<\/td><td>119<\/td><td>48<\/td><\/tr><tr><td>Peque\u00f1o fondo<\/td><td>1<\/td><td>161<\/td><td>119<\/td><td>72<\/td><\/tr><tr><td>Medio superficial<\/td><td>1.2<\/td><td>196<\/td><td>149<\/td><td>53<\/td><\/tr><tr><td>Profundidad media<\/td><td>1.8<\/td><td>196<\/td><td>149<\/td><td>83<\/td><\/tr><tr><td>Poco profundo<\/td><td>1.9<\/td><td>237<\/td><td>182<\/td><td>58<\/td><\/tr><tr><td>Gran profundidad<\/td><td>3<\/td><td>237<\/td><td>182<\/td><td>93<\/td><\/tr><\/tbody><\/table><\/figure>\n\n\n\n<div class=\"wp-block-columns is-layout-flex wp-container-core-columns-is-layout-9d6595d7 wp-block-columns-is-layout-flex\">\n<div class=\"wp-block-column is-layout-flow wp-block-column-is-layout-flow\">\n<figure class=\"wp-block-image size-full\"><img decoding=\"async\" width=\"750\" height=\"978\" src=\"https:\/\/purecook.com\/wp-content\/uploads\/2024\/05\/custom-food-storage-containers-wholesale-7.webp\" alt=\"recipientes personalizados para alimentos al por mayor\" class=\"wp-image-2272\" srcset=\"https:\/\/www.purecook.com\/wp-content\/uploads\/2024\/05\/custom-food-storage-containers-wholesale-7.webp 750w, https:\/\/www.purecook.com\/wp-content\/uploads\/2024\/05\/custom-food-storage-containers-wholesale-7-230x300.webp 230w, https:\/\/www.purecook.com\/wp-content\/uploads\/2024\/05\/custom-food-storage-containers-wholesale-7-600x782.webp 600w\" sizes=\"(max-width: 750px) 100vw, 750px\" \/><\/figure>\n<\/div>\n\n\n\n<div class=\"wp-block-column is-layout-flow wp-block-column-is-layout-flow\">\n<figure class=\"wp-block-image size-full\"><img decoding=\"async\" width=\"750\" height=\"1054\" src=\"https:\/\/purecook.com\/wp-content\/uploads\/2024\/05\/custom-food-storage-containers-wholesale-1.webp\" alt=\"recipientes personalizados para alimentos al por mayor\" class=\"wp-image-2266\" srcset=\"https:\/\/www.purecook.com\/wp-content\/uploads\/2024\/05\/custom-food-storage-containers-wholesale-1.webp 750w, https:\/\/www.purecook.com\/wp-content\/uploads\/2024\/05\/custom-food-storage-containers-wholesale-1-213x300.webp 213w, https:\/\/www.purecook.com\/wp-content\/uploads\/2024\/05\/custom-food-storage-containers-wholesale-1-600x843.webp 600w\" sizes=\"(max-width: 750px) 100vw, 750px\" \/><\/figure>\n<\/div>\n<\/div>","protected":false},"excerpt":{"rendered":"<p>Somos uno de los mejores fabricantes de contenedores de almacenamiento de alimentos en China, mayoristas de contenedores de almacenamiento de alimentos personalizados. El contenedor de almacenamiento de alimentos est\u00e1 hecho de acero inoxidable 304 de calidad alimentaria, y la capa exterior est\u00e1 cubierta con pintura cer\u00e1mica de alta temperatura. Se puede utilizar directamente en frigor\u00edficos y congeladores, y tambi\u00e9n es adecuado para hornos microondas Calefacci\u00f3n para satisfacer diversas necesidades de almacenamiento, p\u00f3ngase en contacto con nosotros para comprar al por mayor para ahorrar costes, podemos satisfacer r\u00e1pidamente sus grandes necesidades.<\/p>\n<h2>Caracter\u00edsticas y ventajas de los recipientes para alimentos<\/h2>\n<p><strong>Recipiente para alimentos<\/strong> - El contenedor de almacenamiento de alimentos es f\u00e1cil de usar, f\u00e1cil de limpiar y adecuado para almacenar todo tipo de verduras.<\/p>\n<p><strong>Crisper exterior<\/strong> - El crisper es robusto y f\u00e1cil de deformar, buen sellado, puede mantener los alimentos durante mucho tiempo.<\/p>\n<p><strong>Estuche para el almuerzo<\/strong> - la tapa evita que los olores fuertes se filtren a otros alimentos o se propaguen por el espacio.<\/p>\n<p><strong>Tapa de cristal transparente<\/strong> - Fabricado en cristal antideflagrante de alta calidad, puede ver los alimentos calentados de un vistazo.<\/p>\n<p><strong>Proceso de pintura exterior<\/strong>: Tratamiento termorresistente, no se despega f\u00e1cilmente, calentable.<\/p>\n<p><strong>Portafiltros opcional<\/strong>: Drena la grasa y la humedad.<\/p>\n<p><strong>Fiambrera para adultos<\/strong>: Adecuada para almacenar diferentes tipos de alimentos, esta fiambrera con tapa es f\u00e1cil de usar.<\/p>\n<p>Ofrezca recipientes personalizados para almacenar alimentos al por mayor.<\/p>","protected":false},"featured_media":2269,"comment_status":"closed","ping_status":"closed","template":"","meta":{"_acf_changed":false},"product_brand":[],"product_cat":[25,51],"product_tag":[],"class_list":{"0":"post-2265","1":"product","2":"type-product","3":"status-publish","4":"has-post-thumbnail","6":"product_cat-food-storage","7":"product_cat-dinnerware","9":"first","10":"instock","11":"shipping-taxable","12":"product-type-simple"},"acf":[],"_links":{"self":[{"href":"https:\/\/www.purecook.com\/es\/wp-json\/wp\/v2\/product\/2265","targetHints":{"allow":["GET"]}}],"collection":[{"href":"https:\/\/www.purecook.com\/es\/wp-json\/wp\/v2\/product"}],"about":[{"href":"https:\/\/www.purecook.com\/es\/wp-json\/wp\/v2\/types\/product"}],"replies":[{"embeddable":true,"href":"https:\/\/www.purecook.com\/es\/wp-json\/wp\/v2\/comments?post=2265"}],"wp:featuredmedia":[{"embeddable":true,"href":"https:\/\/www.purecook.com\/es\/wp-json\/wp\/v2\/media\/2269"}],"wp:attachment":[{"href":"https:\/\/www.purecook.com\/es\/wp-json\/wp\/v2\/media?parent=2265"}],"wp:term":[{"taxonomy":"product_brand","embeddable":true,"href":"https:\/\/www.purecook.com\/es\/wp-json\/wp\/v2\/product_brand?post=2265"},{"taxonomy":"product_cat","embeddable":true,"href":"https:\/\/www.purecook.com\/es\/wp-json\/wp\/v2\/product_cat?post=2265"},{"taxonomy":"product_tag","embeddable":true,"href":"https:\/\/www.purecook.com\/es\/wp-json\/wp\/v2\/product_tag?post=2265"}],"curies":[{"name":"wp","href":"https:\/\/api.w.org\/{rel}","templated":true}]}}