{"id":2273,"date":"2024-05-24T09:27:22","date_gmt":"2024-05-24T01:27:22","guid":{"rendered":"https:\/\/purecook.com\/?post_type=product&#038;p=2273"},"modified":"2024-06-03T17:26:45","modified_gmt":"2024-06-03T09:26:45","slug":"colorful-ceramic-coating-custom-baking-pans-wholesale","status":"publish","type":"product","link":"https:\/\/www.purecook.com\/es\/product\/colorful-ceramic-coating-custom-baking-pans-wholesale\/","title":{"rendered":"Sartenes personalizados con revestimiento cer\u00e1mico de moda al por mayor"},"content":{"rendered":"<div class=\"wp-block-columns is-layout-flex wp-container-core-columns-is-layout-9d6595d7 wp-block-columns-is-layout-flex\">\n<div class=\"wp-block-column is-layout-flow wp-block-column-is-layout-flow\">\n<h3 class=\"wp-block-heading\">Par\u00e1metros de los moldes<\/h3>\n\n\n\n<p><strong>N\u00famero de modelo:nbt -2<\/strong><br>Material: aluminio fundido a presi\u00f3n<br>Dimensiones: 36cm\u00d736cm<br>Revestimiento: Revestimiento cer\u00e1mico<br>Color: verde\/amarillo\/morado<br>Talla: 36 cm<br>Peso neto: 745 g<br>Grosor: 7 mm<br>Base Base encapsulada<br>Tipo de placa: Gas\/Inducci\u00f3n<br>Logotipo personalizable<br>Embalaje: bolsa + caja<br>Uso y cuidado: apto para lavavajillas\/manos<br>MOQ\uff1a100pcs<\/p>\n<\/div>\n\n\n\n<div class=\"wp-block-column is-layout-flow wp-block-column-is-layout-flow\">\n<h3 class=\"wp-block-heading\">moldes personalizados<\/h3>\n\n\n\n<p>Logotipo: personalice el logotipo de su marca<br>Cantidad de pedido 1000 unidades<br><strong><a href=\"https:\/\/www.purecook.com\/es\/custom-solution\/\" target=\"_blank\" rel=\"noreferrer noopener\">Soluciones personalizadas OEM y ODM<\/a><\/strong><\/p>\n<\/div>\n<\/div>\n\n\n\n<figure class=\"wp-block-table\"><table><tbody><tr><td>Talla<\/td><td>Capacidad (L)<\/td><td>Longitud (mm)<\/td><td>Anchura (mm)<\/td><td>Altura (mm)<\/td><\/tr><tr><td>Poco profundo<\/td><td>0.7<\/td><td>161<\/td><td>119<\/td><td>48<\/td><\/tr><tr><td>Peque\u00f1o fondo<\/td><td>1<\/td><td>161<\/td><td>119<\/td><td>72<\/td><\/tr><tr><td>Medio superficial<\/td><td>1.2<\/td><td>196<\/td><td>149<\/td><td>53<\/td><\/tr><tr><td>Profundidad media<\/td><td>1.8<\/td><td>196<\/td><td>149<\/td><td>83<\/td><\/tr><tr><td>Poco profundo<\/td><td>1.9<\/td><td>237<\/td><td>182<\/td><td>58<\/td><\/tr><tr><td>Gran profundidad<\/td><td>3<\/td><td>237<\/td><td>182<\/td><td>93<\/td><\/tr><\/tbody><\/table><\/figure>\n\n\n\n<div class=\"wp-block-columns is-layout-flex wp-container-core-columns-is-layout-9d6595d7 wp-block-columns-is-layout-flex\">\n<div class=\"wp-block-column is-layout-flow wp-block-column-is-layout-flow\">\n<figure class=\"wp-block-image size-full\"><img decoding=\"async\" width=\"800\" height=\"800\" src=\"https:\/\/purecook.com\/wp-content\/uploads\/2024\/05\/custom-baking-pans-4.webp\" alt=\"moldes personalizados al por mayor\" class=\"wp-image-2277\" srcset=\"https:\/\/www.purecook.com\/wp-content\/uploads\/2024\/05\/custom-baking-pans-4.webp 800w, https:\/\/www.purecook.com\/wp-content\/uploads\/2024\/05\/custom-baking-pans-4-300x300.webp 300w, https:\/\/www.purecook.com\/wp-content\/uploads\/2024\/05\/custom-baking-pans-4-150x150.webp 150w, https:\/\/www.purecook.com\/wp-content\/uploads\/2024\/05\/custom-baking-pans-4-768x768.webp 768w, https:\/\/www.purecook.com\/wp-content\/uploads\/2024\/05\/custom-baking-pans-4-600x600.webp 600w, https:\/\/www.purecook.com\/wp-content\/uploads\/2024\/05\/custom-baking-pans-4-100x100.webp 100w\" sizes=\"(max-width: 800px) 100vw, 800px\" \/><\/figure>\n<\/div>\n\n\n\n<div class=\"wp-block-column is-layout-flow wp-block-column-is-layout-flow\">\n<figure class=\"wp-block-image size-full\"><img decoding=\"async\" width=\"800\" height=\"800\" src=\"https:\/\/purecook.com\/wp-content\/uploads\/2024\/05\/custom-baking-pans-6.webp\" alt=\"moldes personalizados al por mayor\" class=\"wp-image-2279\" srcset=\"https:\/\/www.purecook.com\/wp-content\/uploads\/2024\/05\/custom-baking-pans-6.webp 800w, https:\/\/www.purecook.com\/wp-content\/uploads\/2024\/05\/custom-baking-pans-6-300x300.webp 300w, https:\/\/www.purecook.com\/wp-content\/uploads\/2024\/05\/custom-baking-pans-6-150x150.webp 150w, https:\/\/www.purecook.com\/wp-content\/uploads\/2024\/05\/custom-baking-pans-6-768x768.webp 768w, https:\/\/www.purecook.com\/wp-content\/uploads\/2024\/05\/custom-baking-pans-6-600x600.webp 600w, https:\/\/www.purecook.com\/wp-content\/uploads\/2024\/05\/custom-baking-pans-6-100x100.webp 100w\" sizes=\"(max-width: 800px) 100vw, 800px\" \/><\/figure>\n<\/div>\n<\/div>","protected":false},"excerpt":{"rendered":"<p>La bandeja para hornear personalizada est\u00e1 fabricada en aluminio fundido a presi\u00f3n de alta calidad, que conduce el calor de forma r\u00e1pida y uniforme, facilitando la preparaci\u00f3n de deliciosos alimentos. Tiene un excelente rendimiento antiadherente y es m\u00e1s f\u00e1cil de limpiar. El dise\u00f1o sin humos garantiza un ambiente fresco y saludable para cocinar. Somos fabricantes de moldes para hornear a medida, podemos personalizar colores y dise\u00f1os seg\u00fan sus necesidades. P\u00f3ngase en contacto con nosotros para obtener un presupuesto gratuito.<\/p>\n<h2>Caracter\u00edsticas y ventajas de los moldes<\/h2>\n<p>Excelentes resultados de asado: la construcci\u00f3n del grill ayuda a que la bandeja de asado proporcione una eficiencia t\u00e9rmica uniforme, lo que se traduce en excelentes resultados de asado.<\/p>\n<p>Disfrute con sus invitados de los aut\u00e9nticos y fiables productos coreanos para barbacoa. La magn\u00edfica calidad le sorprender\u00e1. Puede utilizar esta incre\u00edble sart\u00e9n para asar en la cocina o al aire libre (por ejemplo, en acampadas, excursiones, picnics, etc.).<\/p>\n<p>Especializada para asar platos con un lujoso acabado chapado y puede colocarse directamente en la mesa despu\u00e9s de cocinar.<\/p>\n<p>Se trata de piezas de fundici\u00f3n de aluminio no ferroso. El m\u00e9todo de fundici\u00f3n monol\u00edtica no solo cocina r\u00e1pidamente gracias a su alta conductividad t\u00e9rmica, sino que tambi\u00e9n cocina los alimentos de manera uniforme y mantiene el sabor original de los ingredientes.<\/p>\n<p>Funci\u00f3n antiadherente: el tratamiento de revestimiento antiadherente refuerza el revestimiento existente, proporciona una excelente capacidad de limpieza y cocina sin que se pegue.<\/p>\n<p>Ofrezca moldes personalizados al por mayor.<\/p>","protected":false},"featured_media":2278,"comment_status":"closed","ping_status":"closed","template":"","meta":{"_acf_changed":false},"product_brand":[],"product_cat":[27],"product_tag":[],"class_list":{"0":"post-2273","1":"product","2":"type-product","3":"status-publish","4":"has-post-thumbnail","6":"product_cat-bakeware","8":"first","9":"instock","10":"shipping-taxable","11":"product-type-simple"},"acf":[],"_links":{"self":[{"href":"https:\/\/www.purecook.com\/es\/wp-json\/wp\/v2\/product\/2273","targetHints":{"allow":["GET"]}}],"collection":[{"href":"https:\/\/www.purecook.com\/es\/wp-json\/wp\/v2\/product"}],"about":[{"href":"https:\/\/www.purecook.com\/es\/wp-json\/wp\/v2\/types\/product"}],"replies":[{"embeddable":true,"href":"https:\/\/www.purecook.com\/es\/wp-json\/wp\/v2\/comments?post=2273"}],"wp:featuredmedia":[{"embeddable":true,"href":"https:\/\/www.purecook.com\/es\/wp-json\/wp\/v2\/media\/2278"}],"wp:attachment":[{"href":"https:\/\/www.purecook.com\/es\/wp-json\/wp\/v2\/media?parent=2273"}],"wp:term":[{"taxonomy":"product_brand","embeddable":true,"href":"https:\/\/www.purecook.com\/es\/wp-json\/wp\/v2\/product_brand?post=2273"},{"taxonomy":"product_cat","embeddable":true,"href":"https:\/\/www.purecook.com\/es\/wp-json\/wp\/v2\/product_cat?post=2273"},{"taxonomy":"product_tag","embeddable":true,"href":"https:\/\/www.purecook.com\/es\/wp-json\/wp\/v2\/product_tag?post=2273"}],"curies":[{"name":"wp","href":"https:\/\/api.w.org\/{rel}","templated":true}]}}