{"id":2291,"date":"2024-05-24T11:34:47","date_gmt":"2024-05-24T03:34:47","guid":{"rendered":"https:\/\/purecook.com\/?post_type=product&#038;p=2291"},"modified":"2024-11-04T10:27:13","modified_gmt":"2024-11-04T02:27:13","slug":"bulk-mixing-bowls-set-wholesale","status":"publish","type":"product","link":"https:\/\/www.purecook.com\/es\/product\/bulk-mixing-bowls-set-wholesale\/","title":{"rendered":"Juego de cuencos mezcladores estilo coreano al por mayor"},"content":{"rendered":"<div class=\"wp-block-columns is-layout-flex wp-container-core-columns-is-layout-9d6595d7 wp-block-columns-is-layout-flex\">\n<div class=\"wp-block-column is-layout-flow wp-block-column-is-layout-flow\">\n<h3 class=\"wp-block-heading\">Par\u00e1metros de los cuencos mezcladores<\/h3>\n\n\n\n<p><strong>N\u00famero de modelo: Mixing Bowl-02<\/strong><br>Tipo de vajilla: Cuenco<br>Nombre del producto\uff1a Juego de cuencos de acero inoxidable.<br>Logotipo: Logotipo personalizado<br>Tama\u00f1o del cuenco: 17\/19\/22\/25 cm.<br>Peso: 95\/125\/175\/210 gramos<br>Grosor: 0,35 mm<br>Tipo de material: Acero inoxidable 201<br>Color: Oro\/Plata<br>Dise\u00f1o: Estilo coreano<br>MOQ 300 piezas<\/p>\n<\/div>\n\n\n\n<div class=\"wp-block-column is-layout-flow wp-block-column-is-layout-flow\">\n<h3 class=\"wp-block-heading\">Cuencos mezcladores personalizados<\/h3>\n\n\n\n<p>Logotipo:personalice el logotipo de su marca<br>Paquete: caja de color\/cart\u00f3n, etc.<br>Cantidad de pedido 1000 unidades<br><strong><a href=\"https:\/\/www.purecook.com\/es\/custom-solution\/\" target=\"_blank\" rel=\"noreferrer noopener\">Soluciones personalizadas OEM y ODM<\/a><\/strong><\/p>\n<\/div>\n<\/div>\n\n\n\n<figure class=\"wp-block-table\"><table><tbody><tr><td>Especificaciones<\/td><td>Di\u00e1metro exterior<\/td><td>Profundidad<\/td><td>Di\u00e1metro inferior<\/td><td>Peso<\/td><\/tr><tr><td>17 cm<\/td><td>16,5 cm<\/td><td>7 cm<\/td><td>7,5 cm<\/td><td>95g<\/td><\/tr><tr><td>19 cm<\/td><td>19,2 cm<\/td><td>8 cm<\/td><td>8,5 cm<\/td><td>125g<\/td><\/tr><tr><td>22 cm<\/td><td>22,2 cm<\/td><td>9,5 cm<\/td><td>9 cm<\/td><td>175g<\/td><\/tr><tr><td>25 cm<\/td><td>24,8 cm<\/td><td>10,5 cm<\/td><td>10,5 cm<\/td><td>210g<\/td><\/tr><\/tbody><\/table><\/figure>\n\n\n\n<div class=\"wp-block-columns is-layout-flex wp-container-core-columns-is-layout-9d6595d7 wp-block-columns-is-layout-flex\">\n<div class=\"wp-block-column is-layout-flow wp-block-column-is-layout-flow\">\n<figure class=\"wp-block-image size-full\"><img decoding=\"async\" width=\"800\" height=\"800\" src=\"https:\/\/purecook.com\/wp-content\/uploads\/2024\/05\/bulk-mixing-bowl-wholesale-2.webp\" alt=\"taz\u00f3n para mezclar a granel al por mayor\" class=\"wp-image-2294\" srcset=\"https:\/\/www.purecook.com\/wp-content\/uploads\/2024\/05\/bulk-mixing-bowl-wholesale-2.webp 800w, https:\/\/www.purecook.com\/wp-content\/uploads\/2024\/05\/bulk-mixing-bowl-wholesale-2-300x300.webp 300w, https:\/\/www.purecook.com\/wp-content\/uploads\/2024\/05\/bulk-mixing-bowl-wholesale-2-150x150.webp 150w, https:\/\/www.purecook.com\/wp-content\/uploads\/2024\/05\/bulk-mixing-bowl-wholesale-2-768x768.webp 768w, https:\/\/www.purecook.com\/wp-content\/uploads\/2024\/05\/bulk-mixing-bowl-wholesale-2-600x600.webp 600w, https:\/\/www.purecook.com\/wp-content\/uploads\/2024\/05\/bulk-mixing-bowl-wholesale-2-100x100.webp 100w\" sizes=\"(max-width: 800px) 100vw, 800px\" \/><\/figure>\n<\/div>\n\n\n\n<div class=\"wp-block-column is-layout-flow wp-block-column-is-layout-flow\">\n<figure class=\"wp-block-image size-full\"><img decoding=\"async\" width=\"800\" height=\"800\" src=\"https:\/\/purecook.com\/wp-content\/uploads\/2024\/05\/bulk-mixing-bowl-wholesale-4.webp\" alt=\"taz\u00f3n para mezclar a granel al por mayor\" class=\"wp-image-2296\" srcset=\"https:\/\/www.purecook.com\/wp-content\/uploads\/2024\/05\/bulk-mixing-bowl-wholesale-4.webp 800w, https:\/\/www.purecook.com\/wp-content\/uploads\/2024\/05\/bulk-mixing-bowl-wholesale-4-300x300.webp 300w, https:\/\/www.purecook.com\/wp-content\/uploads\/2024\/05\/bulk-mixing-bowl-wholesale-4-150x150.webp 150w, https:\/\/www.purecook.com\/wp-content\/uploads\/2024\/05\/bulk-mixing-bowl-wholesale-4-768x768.webp 768w, https:\/\/www.purecook.com\/wp-content\/uploads\/2024\/05\/bulk-mixing-bowl-wholesale-4-600x600.webp 600w, https:\/\/www.purecook.com\/wp-content\/uploads\/2024\/05\/bulk-mixing-bowl-wholesale-4-100x100.webp 100w\" sizes=\"(max-width: 800px) 100vw, 800px\" \/><\/figure>\n<\/div>\n<\/div>","protected":false},"excerpt":{"rendered":"<p>Cada juego contiene varios tazones de diferentes tama\u00f1os, que son convenientes para que usted pueda combinar y satisfacer diversas necesidades de mezcla para el almacenamiento. Est\u00e1n hechos de acero inoxidable de alta calidad, que es durable y resistente a la corrosi\u00f3n, tiene una superficie lisa y es f\u00e1cil de clean.we son un fabricante de cuencos minxing ofrecen tazones de mezcla a granel al por mayor.<\/p>\n<h2>Caracter\u00edsticas y ventajas del bol mezclador<\/h2>\n<p><strong>Comedero de acero inoxidable<\/strong>: El frutero de acero inoxidable se puede utilizar para servir alimentos como cereales, ensaladas, frutas, arroz y fideos, es un regalo de inauguraci\u00f3n perfecto para sus amigos y compa\u00f1eros de trabajo, les encantar\u00e1.<\/p>\n<p><strong>Frutero dom\u00e9stico<\/strong>: El cuenco es elegante y con estilo, adecuado para cenas, reuniones y encuentros diarios informales.<\/p>\n<p><strong>Cuencos para servir en casa<\/strong>: Cuencos para servir cenas, cuencos para ramen, cuencos para fideos instant\u00e1neos: de forma sencilla, perfectos para compartir frutas, ensaladas, postres o aperitivos.<\/p>\n<p><strong>Frutero multifuncional<\/strong>: El cuenco tiene una forma elegante pero es muy pr\u00e1ctico de usar, le proporcionar\u00e1 una maravillosa experiencia de uso.<\/p>\n<p><strong>Bol de ramen de acero inoxidable<\/strong>: Aspecto exquisito, a\u00f1ade un ambiente elegante y \u00fanico a su cocina. Este producto es una ensaladera y tambi\u00e9n se puede utilizar como frutero.<\/p>\n<p>Oferta de boles al por mayor<\/p>","protected":false},"featured_media":2293,"comment_status":"closed","ping_status":"closed","template":"","meta":{"_acf_changed":false},"product_brand":[],"product_cat":[52,90],"product_tag":[],"class_list":{"0":"post-2291","1":"product","2":"type-product","3":"status-publish","4":"has-post-thumbnail","6":"product_cat-kitchen-utensils","7":"product_cat-mixing-bowl","9":"first","10":"instock","11":"shipping-taxable","12":"product-type-simple"},"acf":[],"_links":{"self":[{"href":"https:\/\/www.purecook.com\/es\/wp-json\/wp\/v2\/product\/2291","targetHints":{"allow":["GET"]}}],"collection":[{"href":"https:\/\/www.purecook.com\/es\/wp-json\/wp\/v2\/product"}],"about":[{"href":"https:\/\/www.purecook.com\/es\/wp-json\/wp\/v2\/types\/product"}],"replies":[{"embeddable":true,"href":"https:\/\/www.purecook.com\/es\/wp-json\/wp\/v2\/comments?post=2291"}],"wp:featuredmedia":[{"embeddable":true,"href":"https:\/\/www.purecook.com\/es\/wp-json\/wp\/v2\/media\/2293"}],"wp:attachment":[{"href":"https:\/\/www.purecook.com\/es\/wp-json\/wp\/v2\/media?parent=2291"}],"wp:term":[{"taxonomy":"product_brand","embeddable":true,"href":"https:\/\/www.purecook.com\/es\/wp-json\/wp\/v2\/product_brand?post=2291"},{"taxonomy":"product_cat","embeddable":true,"href":"https:\/\/www.purecook.com\/es\/wp-json\/wp\/v2\/product_cat?post=2291"},{"taxonomy":"product_tag","embeddable":true,"href":"https:\/\/www.purecook.com\/es\/wp-json\/wp\/v2\/product_tag?post=2291"}],"curies":[{"name":"wp","href":"https:\/\/api.w.org\/{rel}","templated":true}]}}