{"id":2308,"date":"2024-05-24T14:34:35","date_gmt":"2024-05-24T06:34:35","guid":{"rendered":"https:\/\/purecook.com\/?post_type=product&#038;p=2308"},"modified":"2024-11-04T10:26:04","modified_gmt":"2024-11-04T02:26:04","slug":"stackable-colorful-custom-salad-bowl-wholesale","status":"publish","type":"product","link":"https:\/\/www.purecook.com\/es\/product\/stackable-colorful-custom-salad-bowl-wholesale\/","title":{"rendered":"Mayorista de ensaladeras apilables de colores personalizadas"},"content":{"rendered":"<div class=\"wp-block-columns is-layout-flex wp-container-core-columns-is-layout-9d6595d7 wp-block-columns-is-layout-flex\">\n<div class=\"wp-block-column is-layout-flow wp-block-column-is-layout-flow\">\n<h3 class=\"wp-block-heading\">Par\u00e1metros de la ensaladera<\/h3>\n\n\n\n<p><strong>N\u00famero de modelo:Mixing Bowl-03<\/strong><br>Material: acero inoxidable 201\/304<br>Tama\u00f1o del cuenco: 16\/19\/22\/25\/28 cm<br>Tama\u00f1o de la cesta 18\/22\/24\/28 c<br>Capacidad: 800-5500 ml<br>Peso: 130-430 g\/unidad<br>Color de la cubeta: gris\/azul\/verde\/rosa\/amarillo<br>Color de la cesta: plata<br>Logotipo: Personalizable<br>MOQ 160 piezas<\/p>\n<\/div>\n\n\n\n<div class=\"wp-block-column is-layout-flow wp-block-column-is-layout-flow\">\n<h3 class=\"wp-block-heading\">Ensaladera personalizada<\/h3>\n\n\n\n<p>Logotipo: personalice el logotipo de su marca<br>Embalaje: caja de color\/cart\u00f3n, etc.<br>Cantidad de pedido 1000 unidades<br><strong><a href=\"https:\/\/www.purecook.com\/es\/custom-solution\/\" target=\"_blank\" rel=\"noreferrer noopener\">Soluciones personalizadas OEM y ODM<\/a><\/strong><\/p>\n<\/div>\n<\/div>\n\n\n\n<div class=\"wp-block-columns is-layout-flex wp-container-core-columns-is-layout-9d6595d7 wp-block-columns-is-layout-flex\">\n<div class=\"wp-block-column is-layout-flow wp-block-column-is-layout-flow\">\n<figure class=\"wp-block-image size-full\"><img decoding=\"async\" width=\"624\" height=\"748\" src=\"https:\/\/purecook.com\/wp-content\/uploads\/2024\/05\/salad-bowl-szie-2.webp\" alt=\"ensaladera szie\" class=\"wp-image-2315\" srcset=\"https:\/\/www.purecook.com\/wp-content\/uploads\/2024\/05\/salad-bowl-szie-2.webp 624w, https:\/\/www.purecook.com\/wp-content\/uploads\/2024\/05\/salad-bowl-szie-2-250x300.webp 250w, https:\/\/www.purecook.com\/wp-content\/uploads\/2024\/05\/salad-bowl-szie-2-600x719.webp 600w\" sizes=\"(max-width: 624px) 100vw, 624px\" \/><\/figure>\n<\/div>\n\n\n\n<div class=\"wp-block-column is-layout-flow wp-block-column-is-layout-flow\">\n<figure class=\"wp-block-image size-full\"><img decoding=\"async\" width=\"638\" height=\"520\" src=\"https:\/\/purecook.com\/wp-content\/uploads\/2024\/05\/salad-bowl-szie.webp\" alt=\"ensaladera szie\" class=\"wp-image-2316\" srcset=\"https:\/\/www.purecook.com\/wp-content\/uploads\/2024\/05\/salad-bowl-szie.webp 638w, https:\/\/www.purecook.com\/wp-content\/uploads\/2024\/05\/salad-bowl-szie-300x245.webp 300w, https:\/\/www.purecook.com\/wp-content\/uploads\/2024\/05\/salad-bowl-szie-600x489.webp 600w\" sizes=\"(max-width: 638px) 100vw, 638px\" \/><\/figure>\n<\/div>\n<\/div>","protected":false},"excerpt":{"rendered":"<p>Venta al por mayor de ensaladeras personalizadas. Las ensaladeras son ligeras, duraderas y se pueden apilar f\u00e1cilmente. Las ricas opciones de color a\u00f1aden colores vivos a su cocina o restaurante. Tienen muchos usos. Pueden utilizarse para mezclar ensaladas o colocar frutas. Nuestros servicios de personalizaci\u00f3n le permiten ajustar los colores, tama\u00f1os y patrones de impresi\u00f3n a sus necesidades.\u00a0<\/p>\n<h2>Caracter\u00edsticas y ventajas de la ensaladera<\/h2>\n<p><strong>Comedero de acero inoxidable<\/strong>: Taz\u00f3n de acero inoxidable se puede utilizar para servir alimentos como cereales, ensaladas, frutas, arroz y fideos, es un regalo de inauguraci\u00f3n perfecto para sus amigos y compa\u00f1eros de trabajo, les encantar\u00e1.<\/p>\n<p><strong>Cocinable<\/strong>: Puede ser adecuado para cocina de inducci\u00f3n y horno microondas, con m\u00faltiples escenarios de uso.<\/p>\n<p><strong>Frutero dom\u00e9stico<\/strong>: El cuenco es elegante y con estilo, adecuado para cenas, reuniones y encuentros informales diarios.<\/p>\n<p><strong>Aspecto colorido<\/strong>: El proceso de pintado de la superficie es saludable y respetuoso con el medio ambiente, y el exquisito aspecto a\u00f1ade un ambiente elegante y \u00fanico a su cocina.<\/p>\n<p><strong>Cuencos para servir en casa<\/strong>: Cuencos para servir cenas, cuencos para ramen, cuencos para fideos instant\u00e1neos: de forma sencilla, perfectos para compartir frutas, ensaladas, postres o aperitivos.<\/p>\n<p><strong>Frutero multifuncional<\/strong>: Forma elegante, muy pr\u00e1ctico de usar, le traer\u00e1 una maravillosa experiencia de uso.<\/p>\n<p>Este producto es una ensaladera, tambi\u00e9n se puede utilizar como frutero, lavabo, etc., para contener una gran variedad de art\u00edculos y delicias.<\/p>\n<p>Oferta ensaladera personalizada al por mayor.<\/p>\n<p><\/p>","protected":false},"featured_media":2309,"comment_status":"closed","ping_status":"closed","template":"","meta":{"_acf_changed":false},"product_brand":[],"product_cat":[52,90],"product_tag":[],"class_list":{"0":"post-2308","1":"product","2":"type-product","3":"status-publish","4":"has-post-thumbnail","6":"product_cat-kitchen-utensils","7":"product_cat-mixing-bowl","9":"first","10":"instock","11":"shipping-taxable","12":"product-type-simple"},"acf":[],"_links":{"self":[{"href":"https:\/\/www.purecook.com\/es\/wp-json\/wp\/v2\/product\/2308","targetHints":{"allow":["GET"]}}],"collection":[{"href":"https:\/\/www.purecook.com\/es\/wp-json\/wp\/v2\/product"}],"about":[{"href":"https:\/\/www.purecook.com\/es\/wp-json\/wp\/v2\/types\/product"}],"replies":[{"embeddable":true,"href":"https:\/\/www.purecook.com\/es\/wp-json\/wp\/v2\/comments?post=2308"}],"wp:featuredmedia":[{"embeddable":true,"href":"https:\/\/www.purecook.com\/es\/wp-json\/wp\/v2\/media\/2309"}],"wp:attachment":[{"href":"https:\/\/www.purecook.com\/es\/wp-json\/wp\/v2\/media?parent=2308"}],"wp:term":[{"taxonomy":"product_brand","embeddable":true,"href":"https:\/\/www.purecook.com\/es\/wp-json\/wp\/v2\/product_brand?post=2308"},{"taxonomy":"product_cat","embeddable":true,"href":"https:\/\/www.purecook.com\/es\/wp-json\/wp\/v2\/product_cat?post=2308"},{"taxonomy":"product_tag","embeddable":true,"href":"https:\/\/www.purecook.com\/es\/wp-json\/wp\/v2\/product_tag?post=2308"}],"curies":[{"name":"wp","href":"https:\/\/api.w.org\/{rel}","templated":true}]}}