{"id":2314,"date":"2024-05-24T14:54:56","date_gmt":"2024-05-24T06:54:56","guid":{"rendered":"https:\/\/purecook.com\/?post_type=product&#038;p=2314"},"modified":"2025-08-14T16:55:32","modified_gmt":"2025-08-14T08:55:32","slug":"leak-proof-bulk-food-storage-containers-wholesale","status":"publish","type":"product","link":"https:\/\/www.purecook.com\/es\/product\/leak-proof-bulk-food-storage-containers-wholesale\/","title":{"rendered":"Recipientes a prueba de fugas para almacenar alimentos al por mayor"},"content":{"rendered":"<div class=\"wp-block-columns is-layout-flex wp-container-core-columns-is-layout-9d6595d7 wp-block-columns-is-layout-flex\">\n<div class=\"wp-block-column is-layout-flow wp-block-column-is-layout-flow\">\n<h3 class=\"wp-block-heading\">Par\u00e1metros del contenedor de alimentos<\/h3>\n\n\n\n<p><strong>N\u00famero de modelo: ch2<\/strong><br>Material: Acero inoxidable (SUS#304)<br>Tapa: Tap\u00f3n de pl\u00e1stico o tap\u00f3n de pl\u00e1stico con rin de silicona<br>Especificaci\u00f3n: 350\/550\/850\/1800\/2800ml<br>Acabado: Galvanizado mate<br>Tama\u00f1o: 350ml-5\u00d711,5\u00d715cm;<br>        550ml-6\u00d713\u00d717cm;<br>        850ml-6.5\u00d714.5\u00d719.5cm; <br>        1800ml-8\u00d718\u00d723cm; <br>        2800ml-11.5\u00d718\u00d723cm;<br>MOQ 500 piezas<\/p>\n<\/div>\n\n\n\n<div class=\"wp-block-column is-layout-flow wp-block-column-is-layout-flow\">\n<h3 class=\"wp-block-heading\">Recipiente de almacenamiento de alimentos personalizado<\/h3>\n\n\n\n<p>Logotipo: personalice el logotipo de su marca<br>Cantidad de pedido 500 unidades<br><strong><a href=\"https:\/\/www.purecook.com\/es\/custom-solution\/\" target=\"_blank\" rel=\"noreferrer noopener\">Soluciones personalizadas OEM y ODM<\/a><\/strong><\/p>\n<\/div>\n<\/div>\n\n\n\n<div class=\"wp-block-columns is-layout-flex wp-container-core-columns-is-layout-9d6595d7 wp-block-columns-is-layout-flex\">\n<div class=\"wp-block-column is-layout-flow wp-block-column-is-layout-flow\">\n<figure class=\"wp-block-image size-full\"><img decoding=\"async\" width=\"800\" height=\"800\" src=\"https:\/\/purecook.com\/wp-content\/uploads\/2024\/05\/bulk-food-storage-containers-wholesale-3.webp\" alt=\"recipientes para alimentos al por mayor\" class=\"wp-image-2320\" srcset=\"https:\/\/www.purecook.com\/wp-content\/uploads\/2024\/05\/bulk-food-storage-containers-wholesale-3.webp 800w, https:\/\/www.purecook.com\/wp-content\/uploads\/2024\/05\/bulk-food-storage-containers-wholesale-3-300x300.webp 300w, https:\/\/www.purecook.com\/wp-content\/uploads\/2024\/05\/bulk-food-storage-containers-wholesale-3-150x150.webp 150w, https:\/\/www.purecook.com\/wp-content\/uploads\/2024\/05\/bulk-food-storage-containers-wholesale-3-768x768.webp 768w, https:\/\/www.purecook.com\/wp-content\/uploads\/2024\/05\/bulk-food-storage-containers-wholesale-3-600x600.webp 600w, https:\/\/www.purecook.com\/wp-content\/uploads\/2024\/05\/bulk-food-storage-containers-wholesale-3-100x100.webp 100w\" sizes=\"(max-width: 800px) 100vw, 800px\" \/><\/figure>\n<\/div>\n\n\n\n<div class=\"wp-block-column is-layout-flow wp-block-column-is-layout-flow\">\n<figure class=\"wp-block-image size-full\"><img decoding=\"async\" width=\"800\" height=\"800\" src=\"https:\/\/purecook.com\/wp-content\/uploads\/2024\/05\/bulk-food-storage-containers-wholesale-2.webp\" alt=\"recipientes para alimentos al por mayor\" class=\"wp-image-2319\" srcset=\"https:\/\/www.purecook.com\/wp-content\/uploads\/2024\/05\/bulk-food-storage-containers-wholesale-2.webp 800w, https:\/\/www.purecook.com\/wp-content\/uploads\/2024\/05\/bulk-food-storage-containers-wholesale-2-300x300.webp 300w, https:\/\/www.purecook.com\/wp-content\/uploads\/2024\/05\/bulk-food-storage-containers-wholesale-2-150x150.webp 150w, https:\/\/www.purecook.com\/wp-content\/uploads\/2024\/05\/bulk-food-storage-containers-wholesale-2-768x768.webp 768w, https:\/\/www.purecook.com\/wp-content\/uploads\/2024\/05\/bulk-food-storage-containers-wholesale-2-600x600.webp 600w, https:\/\/www.purecook.com\/wp-content\/uploads\/2024\/05\/bulk-food-storage-containers-wholesale-2-100x100.webp 100w\" sizes=\"(max-width: 800px) 100vw, 800px\" \/><\/figure>\n<\/div>\n<\/div>","protected":false},"excerpt":{"rendered":"<p>Los recipientes de almacenamiento de alimentos est\u00e1n disponibles en una variedad de tama\u00f1os para satisfacer las diferentes necesidades de almacenamiento de alimentos. Los cierres y precintos resistentes garantizan que el recipiente evite eficazmente las fugas. Puede almacenar cereales, frutos secos, aperitivos o alimentos l\u00edquidos. Somos fabricantes de recipientes para alimentos que ofrecemos servicios personalizados y recipientes para alimentos al por mayor.<strong>Color<\/strong>, <strong>talla<\/strong> y <strong>patr\u00f3n de impresi\u00f3n<\/strong> puede ajustarse a sus necesidades.<\/p>\n<h2>Caracter\u00edsticas y ventajas del contenedor de alimentos<\/h2>\n<p>Herm\u00e9tico - sin productos qu\u00edmicos - sin bpa - reduzca el tiempo de limpieza de la cocina y mantenga su estilo de vida cetog\u00e9nico preparando comidas saludables con antelaci\u00f3n.<\/p>\n<p>Apilables e inteligentes: Ahorra dinero - ahorra espacio - salva tu cordura - los recipientes de acero inoxidable para el almuerzo te ahorran dinero y espacio a la vez que facilitan a los ni\u00f1os el acceso a los tentempi\u00e9s, el almuerzo y las comidas sobre la marcha. Las cajas bento m\u00e1s peque\u00f1as son ideales como recipientes de fiambrera o para una nevera o un picnic.<\/p>\n<p>F\u00e1ciles de limpiar - aptos para el lavavajillas - repelen olores y sabores. Al estar fabricados en acero inoxidable resistente a la oxidaci\u00f3n, los recipientes se colocan f\u00e1cilmente en la rejilla superior del lavavajillas. La tecnolog\u00eda repelente de olores y sabores hace que los recipientes de almacenamiento de alimentos salgan oliendo tan frescos y limpios como el d\u00eda que abri\u00f3 la caja.<\/p>\n<p>Perfectos para reuniones familiares y de amigos. Para un picnic, las sobras, como recipientes de viaje tambi\u00e9n. \u00a1Ya que los puedes meter en cualquier sitio! En la mochila o en la bolsa del almuerzo.<\/p>\n<p>Ofrecer recipientes de almacenamiento de alimentos a granel al por mayor.<\/p>\n<p>&nbsp;<\/p>","protected":false},"featured_media":2319,"comment_status":"closed","ping_status":"closed","template":"","meta":{"_acf_changed":false},"product_brand":[],"product_cat":[25,51],"product_tag":[],"class_list":{"0":"post-2314","1":"product","2":"type-product","3":"status-publish","4":"has-post-thumbnail","6":"product_cat-food-storage","7":"product_cat-dinnerware","9":"first","10":"instock","11":"shipping-taxable","12":"product-type-simple"},"acf":[],"_links":{"self":[{"href":"https:\/\/www.purecook.com\/es\/wp-json\/wp\/v2\/product\/2314","targetHints":{"allow":["GET"]}}],"collection":[{"href":"https:\/\/www.purecook.com\/es\/wp-json\/wp\/v2\/product"}],"about":[{"href":"https:\/\/www.purecook.com\/es\/wp-json\/wp\/v2\/types\/product"}],"replies":[{"embeddable":true,"href":"https:\/\/www.purecook.com\/es\/wp-json\/wp\/v2\/comments?post=2314"}],"wp:featuredmedia":[{"embeddable":true,"href":"https:\/\/www.purecook.com\/es\/wp-json\/wp\/v2\/media\/2319"}],"wp:attachment":[{"href":"https:\/\/www.purecook.com\/es\/wp-json\/wp\/v2\/media?parent=2314"}],"wp:term":[{"taxonomy":"product_brand","embeddable":true,"href":"https:\/\/www.purecook.com\/es\/wp-json\/wp\/v2\/product_brand?post=2314"},{"taxonomy":"product_cat","embeddable":true,"href":"https:\/\/www.purecook.com\/es\/wp-json\/wp\/v2\/product_cat?post=2314"},{"taxonomy":"product_tag","embeddable":true,"href":"https:\/\/www.purecook.com\/es\/wp-json\/wp\/v2\/product_tag?post=2314"}],"curies":[{"name":"wp","href":"https:\/\/api.w.org\/{rel}","templated":true}]}}