{"id":2328,"date":"2024-05-24T15:48:18","date_gmt":"2024-05-24T07:48:18","guid":{"rendered":"https:\/\/purecook.com\/?post_type=product&#038;p=2328"},"modified":"2024-06-03T11:22:57","modified_gmt":"2024-06-03T03:22:57","slug":"bulk-dessert-plates-wholesale","status":"publish","type":"product","link":"https:\/\/www.purecook.com\/es\/product\/bulk-dessert-plates-wholesale\/","title":{"rendered":"Platos de postre al por mayor de acero inoxidable de alta calidad"},"content":{"rendered":"<div class=\"wp-block-columns is-layout-flex wp-container-core-columns-is-layout-9d6595d7 wp-block-columns-is-layout-flex\">\n<div class=\"wp-block-column is-layout-flow wp-block-column-is-layout-flow\">\n<h3 class=\"wp-block-heading\">Par\u00e1metros de los platos de postre<\/h3>\n\n\n\n<p><strong>N\u00famero de modelo: RSD<\/strong><br>Material del producto Acero inoxidable de alta calidad<br>Materia prima: acero inoxidable 304 de alta calidad<br>Color: plata\/oro<br>Talla: 13\/15\/17 cm<br>Detalles del embalaje Embalaje: Bolsa PP + caja exterior de cart\u00f3n<br>MOQ 2400 piezas<\/p>\n<\/div>\n\n\n\n<div class=\"wp-block-column is-layout-flow wp-block-column-is-layout-flow\">\n<h3 class=\"wp-block-heading\">Platos de postre personalizados<\/h3>\n\n\n\n<p>Logotipo: personalice el logotipo de su marca<br>Cantidad de pedido 1000 unidades<br><a href=\"https:\/\/www.purecook.com\/es\/custom-solution\/\" target=\"_blank\" rel=\"noreferrer noopener\">Soluciones personalizadas OEM y ODM<\/a><\/p>\n<\/div>\n<\/div>\n\n\n\n<figure class=\"wp-block-table\"><table><tbody><tr><td>N.\u00ba de producto<\/td><td>Descripci\u00f3n<\/td><td>Talla<\/td><td>Peso (g)<\/td><td>Cart\u00f3n (cm)<\/td><td>Embalaje (unidades)<\/td><td>MOQ<\/td><\/tr><tr><td>Plato redondo para aperitivos<\/td><td>Material:SS304<br>Color:Plata<\/td><td>13 cm<\/td><td>130<\/td><td>46\u00d730\u00d731<\/td><td>180 unidades<\/td><td>180 unidades<\/td><\/tr><tr><td><\/td><td><\/td><td>15 cm<\/td><td>155<\/td><td>33\u00d733\u00d742<\/td><td>160 unidades<\/td><td>160 unidades<\/td><\/tr><tr><td><\/td><td><\/td><td>17 cm<\/td><td>180<\/td><td>38\u00d734\u00d732<\/td><td>120 unidades<\/td><td>120 unidades<\/td><\/tr><tr><td>Plato redondo para aperitivos<\/td><td>Material:SS304<br>Color:Oro<\/td><td>13 cm<\/td><td>130<\/td><td>46\u00d730\u00d731<\/td><td>180 unidades<\/td><td>180 unidades<\/td><\/tr><tr><td><\/td><td><\/td><td>15 cm<\/td><td>155<\/td><td>33\u00d733\u00d742<\/td><td>160 unidades<\/td><td>160 unidades<\/td><\/tr><tr><td><\/td><td><\/td><td>17 cm<\/td><td>180<\/td><td>38\u00d734\u00d732<\/td><td>120 unidades<\/td><td>120 unidades<\/td><\/tr><\/tbody><\/table><\/figure>\n\n\n\n<div class=\"wp-block-columns is-layout-flex wp-container-core-columns-is-layout-9d6595d7 wp-block-columns-is-layout-flex\">\n<div class=\"wp-block-column is-layout-flow wp-block-column-is-layout-flow\">\n<figure class=\"wp-block-image size-full\"><img decoding=\"async\" width=\"800\" height=\"800\" src=\"https:\/\/purecook.com\/wp-content\/uploads\/2024\/05\/Cutsom-Dessert-Plates-Wholesale-1.webp\" alt=\"Platos de Postre Cutsom al por mayor\" class=\"wp-image-2338\" srcset=\"https:\/\/www.purecook.com\/wp-content\/uploads\/2024\/05\/Cutsom-Dessert-Plates-Wholesale-1.webp 800w, https:\/\/www.purecook.com\/wp-content\/uploads\/2024\/05\/Cutsom-Dessert-Plates-Wholesale-1-300x300.webp 300w, https:\/\/www.purecook.com\/wp-content\/uploads\/2024\/05\/Cutsom-Dessert-Plates-Wholesale-1-150x150.webp 150w, https:\/\/www.purecook.com\/wp-content\/uploads\/2024\/05\/Cutsom-Dessert-Plates-Wholesale-1-768x768.webp 768w, https:\/\/www.purecook.com\/wp-content\/uploads\/2024\/05\/Cutsom-Dessert-Plates-Wholesale-1-600x600.webp 600w, https:\/\/www.purecook.com\/wp-content\/uploads\/2024\/05\/Cutsom-Dessert-Plates-Wholesale-1-100x100.webp 100w\" sizes=\"(max-width: 800px) 100vw, 800px\" \/><\/figure>\n<\/div>\n\n\n\n<div class=\"wp-block-column is-layout-flow wp-block-column-is-layout-flow\">\n<figure class=\"wp-block-image size-full\"><img decoding=\"async\" width=\"800\" height=\"800\" src=\"https:\/\/purecook.com\/wp-content\/uploads\/2024\/05\/Cutsom-Dessert-Plates-Wholesale-3.webp\" alt=\"Platos de Postre Cutsom al por mayor\" class=\"wp-image-2340\" srcset=\"https:\/\/www.purecook.com\/wp-content\/uploads\/2024\/05\/Cutsom-Dessert-Plates-Wholesale-3.webp 800w, https:\/\/www.purecook.com\/wp-content\/uploads\/2024\/05\/Cutsom-Dessert-Plates-Wholesale-3-300x300.webp 300w, https:\/\/www.purecook.com\/wp-content\/uploads\/2024\/05\/Cutsom-Dessert-Plates-Wholesale-3-150x150.webp 150w, https:\/\/www.purecook.com\/wp-content\/uploads\/2024\/05\/Cutsom-Dessert-Plates-Wholesale-3-768x768.webp 768w, https:\/\/www.purecook.com\/wp-content\/uploads\/2024\/05\/Cutsom-Dessert-Plates-Wholesale-3-600x600.webp 600w, https:\/\/www.purecook.com\/wp-content\/uploads\/2024\/05\/Cutsom-Dessert-Plates-Wholesale-3-100x100.webp 100w\" sizes=\"(max-width: 800px) 100vw, 800px\" \/><\/figure>\n<\/div>\n<\/div>","protected":false},"excerpt":{"rendered":"<p>Platos de postre al por mayor. Los platos de postre est\u00e1n hechos de acero inoxidable de alta calidad, que no es f\u00e1cil de deformar a largo plazo. Tienen un pulido espejo suave y son f\u00e1ciles de limpiar. Adecuado para su uso en hoteles, restaurantes, cafeter\u00edas y otros lugares, ofrecemos servicio de platos de postre personalizados para crear los platos de postre personalizados m\u00e1s adecuados para usted.<\/p>\n<h2>Caracter\u00edsticas y ventajas de los platos de postre<\/h2>\n<p>Perfecto para reuniones familiares, fiestas, bodas, bares y restaurantes, tiendas de postres y otras ocasiones.<\/p>\n<p>Esta placa est\u00e1 hecha de material de alta calidad y artesan\u00eda fina, que se puede utilizar durante mucho tiempo.<\/p>\n<p>Puede utilizarse para servir platos, frutas, filetes, desayunos, aperitivos, bocadillos y otros postres.<\/p>\n<p>Dise\u00f1o elegante que le trae un buen estado de \u00e1nimo y disfrutar de deliciosa comida. Adecuado para muchas ocasiones.<\/p>\n<p>Excelente acabado, superficie lisa y brillante, no da\u00f1a las manos.<\/p>\n<p>Ofrezca platos de postre al por mayor.<\/p>","protected":false},"featured_media":2341,"comment_status":"closed","ping_status":"closed","template":"","meta":{"_acf_changed":false},"product_brand":[],"product_cat":[55,51],"product_tag":[],"class_list":{"0":"post-2328","1":"product","2":"type-product","3":"status-publish","4":"has-post-thumbnail","6":"product_cat-dish-and-plate","7":"product_cat-dinnerware","9":"first","10":"instock","11":"shipping-taxable","12":"product-type-simple"},"acf":[],"_links":{"self":[{"href":"https:\/\/www.purecook.com\/es\/wp-json\/wp\/v2\/product\/2328","targetHints":{"allow":["GET"]}}],"collection":[{"href":"https:\/\/www.purecook.com\/es\/wp-json\/wp\/v2\/product"}],"about":[{"href":"https:\/\/www.purecook.com\/es\/wp-json\/wp\/v2\/types\/product"}],"replies":[{"embeddable":true,"href":"https:\/\/www.purecook.com\/es\/wp-json\/wp\/v2\/comments?post=2328"}],"wp:featuredmedia":[{"embeddable":true,"href":"https:\/\/www.purecook.com\/es\/wp-json\/wp\/v2\/media\/2341"}],"wp:attachment":[{"href":"https:\/\/www.purecook.com\/es\/wp-json\/wp\/v2\/media?parent=2328"}],"wp:term":[{"taxonomy":"product_brand","embeddable":true,"href":"https:\/\/www.purecook.com\/es\/wp-json\/wp\/v2\/product_brand?post=2328"},{"taxonomy":"product_cat","embeddable":true,"href":"https:\/\/www.purecook.com\/es\/wp-json\/wp\/v2\/product_cat?post=2328"},{"taxonomy":"product_tag","embeddable":true,"href":"https:\/\/www.purecook.com\/es\/wp-json\/wp\/v2\/product_tag?post=2328"}],"curies":[{"name":"wp","href":"https:\/\/api.w.org\/{rel}","templated":true}]}}