{"id":2345,"date":"2024-05-24T16:57:44","date_gmt":"2024-05-24T08:57:44","guid":{"rendered":"https:\/\/purecook.com\/?post_type=product&#038;p=2345"},"modified":"2024-06-03T11:22:23","modified_gmt":"2024-06-03T03:22:23","slug":"stainless-steel-bowl-wholesale","status":"publish","type":"product","link":"https:\/\/www.purecook.com\/es\/product\/stainless-steel-bowl-wholesale\/","title":{"rendered":"Taz\u00f3n de Acero Inoxidable de Doble Capa de M\u00faltiples Tama\u00f1os al por Mayor"},"content":{"rendered":"<div class=\"wp-block-columns is-layout-flex wp-container-core-columns-is-layout-9d6595d7 wp-block-columns-is-layout-flex\">\n<div class=\"wp-block-column is-layout-flow wp-block-column-is-layout-flow\">\n<h3 class=\"wp-block-heading\">Par\u00e1metros de la cuba de acero inoxidable<\/h3>\n\n\n\n<p><strong>N\u00famero de modelo: <\/strong>bol-D-01<br>Denominaci\u00f3n: Bol de acero inoxidable<br>Material: SUS 201\/SUS 304<br>Caracter\u00edsticas: doble aislamiento<br>Size 16cm\/18cm\/20cm\/22cm\/24cm\/26cm<br>Proceso: brillante \/ mate<br>Uso fideos\/ensalada\/fruta\/sopa\/arroz<br>MOQ 2000 piezas<\/p>\n<\/div>\n\n\n\n<div class=\"wp-block-column is-layout-flow wp-block-column-is-layout-flow\">\n<h3 class=\"wp-block-heading\">Bol de acero inoxidable a medida<\/h3>\n\n\n\n<p>Logotipo: personalice el logotipo de su marca<br>Embalaje: caja de color\/cart\u00f3n, etc.<br>Cantidad de pedido 3000 unidades<br><a href=\"https:\/\/www.purecook.com\/es\/custom-solution\/\" target=\"_blank\" rel=\"noreferrer noopener\">Soluciones personalizadas OEM y ODM<\/a><\/p>\n<\/div>\n<\/div>\n\n\n\n<figure class=\"wp-block-table\"><table><thead><tr><th>TALLA<\/th><th>DI\u00c1METRO<\/th><th>ALTURA<\/th><\/tr><\/thead><tbody><tr><td>16 cm<\/td><td>16 cm<\/td><td>6 cm<\/td><\/tr><tr><td>18 cm<\/td><td>18 cm<\/td><td>6,3 cm<\/td><\/tr><tr><td>20 cm<\/td><td>20 cm<\/td><td>7,2 cm<\/td><\/tr><tr><td>22 cm<\/td><td>22 cm<\/td><td>7,6 cm<\/td><\/tr><tr><td>24 cm<\/td><td>24 cm<\/td><td>8 cm<\/td><\/tr><tr><td>26 cm<\/td><td>26 cm<\/td><td>8,1 cm<\/td><\/tr><\/tbody><\/table><\/figure>\n\n\n\n<div class=\"wp-block-columns is-layout-flex wp-container-core-columns-is-layout-9d6595d7 wp-block-columns-is-layout-flex\">\n<div class=\"wp-block-column is-layout-flow wp-block-column-is-layout-flow\">\n<figure class=\"wp-block-image size-full\"><img decoding=\"async\" width=\"800\" height=\"800\" src=\"https:\/\/purecook.com\/wp-content\/uploads\/2024\/05\/stainless-steel-bowl-wholesale-5.webp\" alt=\"cuenco de acero inoxidable al por mayor\" class=\"wp-image-2350\" srcset=\"https:\/\/www.purecook.com\/wp-content\/uploads\/2024\/05\/stainless-steel-bowl-wholesale-5.webp 800w, https:\/\/www.purecook.com\/wp-content\/uploads\/2024\/05\/stainless-steel-bowl-wholesale-5-300x300.webp 300w, https:\/\/www.purecook.com\/wp-content\/uploads\/2024\/05\/stainless-steel-bowl-wholesale-5-150x150.webp 150w, https:\/\/www.purecook.com\/wp-content\/uploads\/2024\/05\/stainless-steel-bowl-wholesale-5-768x768.webp 768w, https:\/\/www.purecook.com\/wp-content\/uploads\/2024\/05\/stainless-steel-bowl-wholesale-5-600x600.webp 600w, https:\/\/www.purecook.com\/wp-content\/uploads\/2024\/05\/stainless-steel-bowl-wholesale-5-100x100.webp 100w\" sizes=\"(max-width: 800px) 100vw, 800px\" \/><\/figure>\n<\/div>\n\n\n\n<div class=\"wp-block-column is-layout-flow wp-block-column-is-layout-flow\">\n<figure class=\"wp-block-image size-full\"><img decoding=\"async\" width=\"800\" height=\"800\" src=\"https:\/\/purecook.com\/wp-content\/uploads\/2024\/05\/stainless-steel-bowl-wholesale-4.webp\" alt=\"cuenco de acero inoxidable al por mayor\" class=\"wp-image-2349\" srcset=\"https:\/\/www.purecook.com\/wp-content\/uploads\/2024\/05\/stainless-steel-bowl-wholesale-4.webp 800w, https:\/\/www.purecook.com\/wp-content\/uploads\/2024\/05\/stainless-steel-bowl-wholesale-4-300x300.webp 300w, https:\/\/www.purecook.com\/wp-content\/uploads\/2024\/05\/stainless-steel-bowl-wholesale-4-150x150.webp 150w, https:\/\/www.purecook.com\/wp-content\/uploads\/2024\/05\/stainless-steel-bowl-wholesale-4-768x768.webp 768w, https:\/\/www.purecook.com\/wp-content\/uploads\/2024\/05\/stainless-steel-bowl-wholesale-4-600x600.webp 600w, https:\/\/www.purecook.com\/wp-content\/uploads\/2024\/05\/stainless-steel-bowl-wholesale-4-100x100.webp 100w\" sizes=\"(max-width: 800px) 100vw, 800px\" \/><\/figure>\n<\/div>\n<\/div>\n\n\n\n<p><\/p>","protected":false},"excerpt":{"rendered":"<p>Somos fabricantes de cuencos de acero inoxidable en China. El cuenco est\u00e1 hecho de acero inoxidable de alta calidad, duradero y f\u00e1cil de limpiar. El dise\u00f1o de doble capa le da un mayor rendimiento de aislamiento t\u00e9rmico y puede preservar eficazmente la temperatura de los alimentos. Ofrecemos una gran variedad de tama\u00f1os para satisfacer sus necesidades a la hora de servir sopas, mezclar ensaladas o ingredientes, etc. Ofrecemos servicios personalizados y podemos a\u00f1adir logotipos, modificar m\u00e9todos de envasado, tama\u00f1os, etc. seg\u00fan sus necesidades.<\/p>\n<h2>Caracter\u00edsticas y ventajas de la cuba de acero inoxidable<\/h2>\n<p>Se trata de una ensaladera de gran calidad y aspecto, fabricada con material apto para uso alimentario que no se oxida.<\/p>\n<p>Apto para lavavajillas para una limpieza f\u00e1cil. Super durable y se puede utilizar durante mucho tiempo.<\/p>\n<p>Pr\u00e1ctico: Este cuenco se puede utilizar para m\u00faltiples prop\u00f3sitos, aspecto hermoso, se puede colocar directamente sobre la mesa. El centro aislado ayuda a mantener los alimentos a la temperatura adecuada.<\/p>\n<p>Dise\u00f1o muy moderno, \u00a1nunca tendr\u00e1s que preocuparte de que se rompa!<\/p>\n<p>De gran calidad: Ideal para comidas fr\u00edas o calientes, tama\u00f1o perfecto para sopas\/ensaladas\/fideos\/cereales\/pasta\/frutas, etc. Se puede utilizar en diferentes ocasiones.<\/p>","protected":false},"featured_media":2347,"comment_status":"closed","ping_status":"closed","template":"","meta":{"_acf_changed":false},"product_brand":[],"product_cat":[51,54],"product_tag":[],"class_list":{"0":"post-2345","1":"product","2":"type-product","3":"status-publish","4":"has-post-thumbnail","6":"product_cat-dinnerware","7":"product_cat-stainless-steel-bowl","9":"first","10":"instock","11":"shipping-taxable","12":"product-type-simple"},"acf":[],"_links":{"self":[{"href":"https:\/\/www.purecook.com\/es\/wp-json\/wp\/v2\/product\/2345","targetHints":{"allow":["GET"]}}],"collection":[{"href":"https:\/\/www.purecook.com\/es\/wp-json\/wp\/v2\/product"}],"about":[{"href":"https:\/\/www.purecook.com\/es\/wp-json\/wp\/v2\/types\/product"}],"replies":[{"embeddable":true,"href":"https:\/\/www.purecook.com\/es\/wp-json\/wp\/v2\/comments?post=2345"}],"wp:featuredmedia":[{"embeddable":true,"href":"https:\/\/www.purecook.com\/es\/wp-json\/wp\/v2\/media\/2347"}],"wp:attachment":[{"href":"https:\/\/www.purecook.com\/es\/wp-json\/wp\/v2\/media?parent=2345"}],"wp:term":[{"taxonomy":"product_brand","embeddable":true,"href":"https:\/\/www.purecook.com\/es\/wp-json\/wp\/v2\/product_brand?post=2345"},{"taxonomy":"product_cat","embeddable":true,"href":"https:\/\/www.purecook.com\/es\/wp-json\/wp\/v2\/product_cat?post=2345"},{"taxonomy":"product_tag","embeddable":true,"href":"https:\/\/www.purecook.com\/es\/wp-json\/wp\/v2\/product_tag?post=2345"}],"curies":[{"name":"wp","href":"https:\/\/api.w.org\/{rel}","templated":true}]}}